{"id":98,"date":"2020-04-17T22:55:00","date_gmt":"2020-04-17T22:55:00","guid":{"rendered":"http:\/\/toolless.ed-webdesigns.com\/?page_id=98"},"modified":"2025-01-23T18:08:24","modified_gmt":"2025-01-23T18:08:24","slug":"toolless-international","status":"publish","type":"page","link":"https:\/\/toolless.com\/fr\/toolless-international\/","title":{"rendered":"Toolless International"},"content":{"rendered":"<h3 class=\"wp-block-heading\">Nous sommes fiers de servir le Canada<\/h3>\n\n\n\n<p>Les efforts continus de Toolless pour servir nous ont permis d'obtenir davantage de clients \u00e0 l'\u00e9tranger.  Notre \u00e9quipe de r\u00e9f\u00e9rencement ouvre un nombre consid\u00e9rable de nouvelles opportunit\u00e9s au Canada, faisant du Canada notre premier partenaire \u201cout of country\u201d.  Les membres francophones de notre \u00e9quipe assurent une communication efficace qui nous permet d'\u00e9largir notre client\u00e8le au Canada. Nous sommes aujourd'hui fiers de servir plus de 50 clients au Canada.<\/p>\n\n\n\n<h3 class=\"wp-block-heading\">Nous sommes fiers de servir l'Australie<\/h3>\n\n\n\n<p>Avec Toolless Plastic Solutions, la distance n'est pas un probl\u00e8me.  Nous avons n\u00e9goci\u00e9 des tarifs sp\u00e9ciaux pour les exp\u00e9ditions mondiales, ce qui nous ouvre de nouveaux d\u00e9bouch\u00e9s et nous permet de desservir le monde entier.  En particulier, nous connaissons un grand succ\u00e8s sur le continent oc\u00e9anien, y compris l'Australie.  Nous avons actuellement plus de 20 clients en Australie, ce qui se traduit par des exp\u00e9ditions hebdomadaires.  Nos efforts de marketing portent leurs fruits et nous continuons \u00e0 nous d\u00e9velopper sur l'\u00eele de Kangourou.&nbsp;<\/p>\n\n\n\n<p>Nos clients australiens nous ont fait part de leurs commentaires :<\/p>\n\n\n\n<p><em>\u201cHalytech a contact\u00e9 Toolless Plastic Solutions il y a deux ans, alors que nous cherchions un autre fournisseur de bo\u00eetiers pour nos produits. Apr\u00e8s plusieurs commandes, Toolless est devenu notre fournisseur privil\u00e9gi\u00e9. Bien que nous soyons situ\u00e9s en Australie, toutes les livraisons ont \u00e9t\u00e9 rapides et sans probl\u00e8me. Toolless a \u00e9t\u00e9 en mesure de tout organiser, y compris les tarifs tr\u00e8s comp\u00e9titifs du fret a\u00e9rien gr\u00e2ce \u00e0 son partenariat avec Fedex.<\/em><\/p>\n\n\n\n<p><em>L'excellent niveau g\u00e9n\u00e9ral de service s'est manifest\u00e9 dans leurs r\u00e9ponses \u00e0 nos demandes de modifications mineures de la conception et d'ajustements de la production. Celles-ci ont \u00e9t\u00e9 effectu\u00e9es rapidement et de mani\u00e8re professionnelle.<\/em><\/p>\n\n\n\n<p><em>Toolless Plastic Solutions est peut-\u00eatre physiquement situ\u00e9 \u00e0 l'autre bout du monde, mais ses performances le rendent tr\u00e8s \u201clocal\u201d pour nous.<\/em><\/p>\n\n\n\n<p><em>Stevan Palos<\/em><br><em>Directeur<\/em><br><em>Halytech Pty Ltd\u201d<\/em><\/p>","protected":false},"excerpt":{"rendered":"<p>Nous sommes fiers de servir le Canada Les efforts continus de Toolless pour servir nous ont permis d'obtenir plus de clients \u00e0 l'\u00e9tranger.  Notre \u00e9quipe de r\u00e9f\u00e9rencement ouvre un nombre consid\u00e9rable de nouvelles opportunit\u00e9s au Canada, faisant du Canada notre premier partenaire \u201cout of country\u201d.  Les membres francophones de notre \u00e9quipe assurent une communication efficace qui nous permet d'\u00e9largir notre client\u00e8le ... <\/p>\n<p class=\"read-more-container\"><a title=\"Toolless International\" class=\"read-more button\" href=\"https:\/\/toolless.com\/fr\/toolless-international\/#more-98\" aria-label=\"Plus sur Toolless International\">Lire plus<\/a><\/p>","protected":false},"author":1,"featured_media":295,"parent":0,"menu_order":0,"comment_status":"closed","ping_status":"closed","template":"","meta":{"_acf_changed":false,"_seopress_robots_primary_cat":"","_seopress_titles_title":"Toolless Expands: Proudly Serving Canada & Australia","_seopress_titles_desc":"Plastic Enclosures & Custom Plastic Housings","_seopress_robots_index":"","pgc_sgb_lightbox_settings":"","iawp_total_views":0,"footnotes":""},"page_categories":[],"class_list":{"0":"post-98","1":"page","2":"type-page","3":"status-publish","4":"has-post-thumbnail","6":"infinite-scroll-item"},"acf":[],"_links":{"self":[{"href":"https:\/\/toolless.com\/fr\/wp-json\/wp\/v2\/pages\/98","targetHints":{"allow":["GET"]}}],"collection":[{"href":"https:\/\/toolless.com\/fr\/wp-json\/wp\/v2\/pages"}],"about":[{"href":"https:\/\/toolless.com\/fr\/wp-json\/wp\/v2\/types\/page"}],"author":[{"embeddable":true,"href":"https:\/\/toolless.com\/fr\/wp-json\/wp\/v2\/users\/1"}],"replies":[{"embeddable":true,"href":"https:\/\/toolless.com\/fr\/wp-json\/wp\/v2\/comments?post=98"}],"version-history":[{"count":2,"href":"https:\/\/toolless.com\/fr\/wp-json\/wp\/v2\/pages\/98\/revisions"}],"predecessor-version":[{"id":445,"href":"https:\/\/toolless.com\/fr\/wp-json\/wp\/v2\/pages\/98\/revisions\/445"}],"wp:featuredmedia":[{"embeddable":true,"href":"https:\/\/toolless.com\/fr\/wp-json\/wp\/v2\/media\/295"}],"wp:attachment":[{"href":"https:\/\/toolless.com\/fr\/wp-json\/wp\/v2\/media?parent=98"}],"wp:term":[{"taxonomy":"page_categories","embeddable":true,"href":"https:\/\/toolless.com\/fr\/wp-json\/wp\/v2\/page_categories?post=98"}],"curies":[{"name":"wp","href":"https:\/\/api.w.org\/{rel}","templated":true}]}}