{"id":88,"date":"2020-04-17T22:53:57","date_gmt":"2020-04-17T22:53:57","guid":{"rendered":"http:\/\/toolless.ed-webdesigns.com\/?page_id=88"},"modified":"2025-01-23T18:08:04","modified_gmt":"2025-01-23T18:08:04","slug":"faq","status":"publish","type":"page","link":"https:\/\/toolless.com\/fr\/f-a-q\/","title":{"rendered":"Foire aux questions"},"content":{"rendered":"<h3 class=\"wp-block-heading\">Est-ce un processus de prototype ?<\/h3>\n\n\n\n<p>Cela pourrait \u00eatre le cas, bien qu'il y ait certains probl\u00e8mes, dont le moindre est que notre mod\u00e8le \u00e9conomique et notre tarification d'ing\u00e9nierie\/de prototype sont bas\u00e9s sur la production r\u00e9p\u00e9t\u00e9e (la production \u00e0 faible volume est acceptable) et que votre prototype doit simuler votre processus de production, sinon vous n'apprendrez rien sur vos probl\u00e8mes de fabrication.<\/p>\n\n\n\n<h3 class=\"wp-block-heading\">Mais puis-je l'utiliser pour prototyper mon produit quand m\u00eame ?<\/h3>\n\n\n\n<p>Oui, vous pouvez. Nous pouvons g\u00e9n\u00e9ralement simuler la fonction de votre produit, mais la forme et l'ajustement ne seront pas les m\u00eames qu'avec votre technologie de fabrication de production \u2013 vous pourriez donc ne pas trouver d'int\u00e9r\u00eat \u00e0 utiliser le processus sans outils pour le prototypage si votre processus de production est diff\u00e9rent.<\/p>\n\n\n\n<h3 class=\"wp-block-heading\">Est-ce un processus provisoire avant que je passe au moulage par injection ?<\/h3>\n\n\n\n<p>Oui, cela peut \u00eatre utilis\u00e9 \u00e0 cette fin si vous pouvez accepter les diff\u00e9rences identifi\u00e9es ci-dessus. C'est particuli\u00e8rement appropri\u00e9 si la conception n'est pas stable et que vous avez besoin de retours du march\u00e9 ou des clients et de multiples it\u00e9rations de conception avant la production. Nous produisons r\u00e9guli\u00e8rement 500 unit\u00e9s, apportons des modifications, fabriquons 500 unit\u00e9s suppl\u00e9mentaires, apportons d'autres modifications et en fabriquons encore 500 avant que notre client ne lib\u00e8re l'outillage.<\/p>\n\n\n\n<h3 class=\"wp-block-heading\">Quelle est la durabilit\u00e9 des produits sans outils ?<\/h3>\n\n\n\n<p>Nous pouvons concevoir un produit assez r\u00e9sistant \u2013 probablement pas aussi r\u00e9sistant qu'un produit \u00e9quivalent moul\u00e9 par injection. Le poids du produit et vos exigences en mati\u00e8re de chute (que le produit doive survivre sans dommage, sans d\u00e9faillance catastrophique, ou simplement sans cr\u00e9er de danger) affectent notre orientation de conception et sa faisabilit\u00e9. Nous utilisons des mat\u00e9riaux plus \u00e9pais, ajoutons des renforts dans les coins et des nervures de renforcement pour cr\u00e9er un produit plus r\u00e9sistant.<\/p>\n\n\n\n<h3 class=\"wp-block-heading\">Puis-je l'avoir dans ma couleur ?<\/h3>\n\n\n\n<p>Oui, vous le pouvez, il y a des minimums d'achat pour les couleurs personnalis\u00e9es, mais nous pouvons faire correspondre n'importe quelle couleur.<\/p>\n\n\n\n<h3 class=\"wp-block-heading\">Pouvez-vous cacher vos lignes de jointure ?<\/h3>\n\n\n\n<p>Pas sans causer de probl\u00e8mes plus importants, donc nous ne le faisons pas. Nous utilisons les lignes de joint comme un \u00e9l\u00e9ment esth\u00e9tique et nous pouvons contr\u00f4ler o\u00f9 elles tombent sur la pi\u00e8ce pour maintenir la meilleure esth\u00e9tique, optimiser la nettoyabilit\u00e9, etc. Notre designer industriel en personnel est tr\u00e8s bon pour utiliser ces caract\u00e9ristiques \u00e0 votre avantage.<\/p>\n\n\n\n<h3 class=\"wp-block-heading\">Pouvez-vous plier les 4 c\u00f4t\u00e9s comme une t\u00f4le ?<\/h3>\n\n\n\n<p>Non, notre cintreuse \u00e0 chaud CNC ne poss\u00e8de pas de \u201cdoigts\u201d interchangeables ou amovibles comme une presse plieuse, et nous r\u00e9alisons nos entailles de cintrage (rainures en V) \u00e0 l'aide d'une scie de table, nous devons donc faire passer la rainure et le pli jusqu'au bout. Nous envisageons de modifier nos outils actuels pour ajouter cette capacit\u00e9 \u00e0 l'avenir.<\/p>\n\n\n\n<h3 class=\"wp-block-heading\">Quelle quantit\u00e9 Toolless peut produire ?<\/h3>\n\n\n\n<p>Notre proc\u00e9d\u00e9 est id\u00e9al pour des quantit\u00e9s comprises entre 100 et 5000 unit\u00e9s, en fonction de votre application. Nous pouvons facilement produire une ou deux unit\u00e9s, mais nous devons alors facturer les frais d\u2019installation.<\/p>\n\n\n\n<h3 class=\"wp-block-heading\">Pouvez-vous utiliser des mat\u00e9riaux sp\u00e9ciaux ?<\/h3>\n\n\n\n<p>En g\u00e9n\u00e9ral, si le mat\u00e9riau peut \u00eatre thermoform\u00e9, nous pouvons travailler avec, mais les meilleurs mat\u00e9riaux sont l'ABS, le styr\u00e8ne et le polycarbonate. Voir le&nbsp;<a href=\"https:\/\/toolless.com\/fr\/materials.aspx\/\">page des mat\u00e9riaux<\/a>&nbsp;pour plus d'informations. Nous pouvons facilement int\u00e9grer d'autres composants dans votre bo\u00eetier \u2013 par exemple, une pi\u00e8ce en t\u00f4le pour plus de r\u00e9sistance, ou une pi\u00e8ce en bois pour l'esth\u00e9tique.<\/p>\n\n\n\n<h3 class=\"wp-block-heading\">Pouvez-vous faire des courbes complexes ?<\/h3>\n\n\n\n<p>Toolless a investi du temps en recherche pour concevoir une machine \u201crotative\u201d qui rendra votre enceinte unique. La seule limite est que nous ne pouvons cr\u00e9er des surfaces compos\u00e9es que dans une seule direction.<\/p>\n\n\n\n<h3 class=\"wp-block-heading\">Quelle est la facilit\u00e9 de faire des changements ?<\/h3>\n\n\n\n<p>En g\u00e9n\u00e9ral, les modifications sont tr\u00e8s faciles \u00e0 apporter car elles impliquent une programmation informatique, plut\u00f4t que de modifier des outils et des moules physiques. Par cons\u00e9quent, le co\u00fbt des modifications est g\u00e9n\u00e9ralement faible par rapport \u00e0 d'autres processus. Nous pouvons souvent int\u00e9grer des changements \u201c \u00e0 la vol\u00e9e \u201d, surtout s'ils sont simples.<\/p>\n\n\n\n<h3 class=\"wp-block-heading\">Quelle est la r\u00e9sistance des pi\u00e8ces ?<\/h3>\n\n\n\n<p>Aussi solides que les pi\u00e8ces moul\u00e9es par injection, fabriqu\u00e9es \u00e0 partir de mat\u00e9riaux similaires. Nos produits r\u00e9sistent aux tests de chute habituels et pr\u00e9sentent une int\u00e9grit\u00e9 m\u00e9canique similaire \u00e0 celle des pi\u00e8ces moul\u00e9es par injection. Parfois, nous ajoutons un renforcement suppl\u00e9mentaire aux zones de joint de colle pour permettre \u00e0 un bo\u00eetier de r\u00e9ussir un test m\u00e9canique sp\u00e9cifique.<\/p>","protected":false},"excerpt":{"rendered":"<p>Is this a prototype process? It could be, although there are some issues, not the least of which is that our business model and engineering\/proto pricing is based on repeat production (low volume production is fine) and your prototype should simulate your production process or you learn nothing about your manufacturing issues. But can I &#8230; <\/p>\n<p class=\"read-more-container\"><a title=\"Foire aux questions\" class=\"read-more button\" href=\"https:\/\/toolless.com\/fr\/f-a-q\/#more-88\" aria-label=\"Plus sur Frequently Asked Questions\">Lire plus<\/a><\/p>","protected":false},"author":1,"featured_media":389,"parent":0,"menu_order":0,"comment_status":"closed","ping_status":"closed","template":"","meta":{"_acf_changed":false,"_seopress_robots_primary_cat":"","_seopress_titles_title":"Prototyping Your Product with Tool-Less: Key Considerations","_seopress_titles_desc":"Is this a prototype process? It could be, although there are some issues, not the least of which is that our business model and engineering\/proto","_seopress_robots_index":"","pgc_sgb_lightbox_settings":"","iawp_total_views":0,"footnotes":""},"page_categories":[],"class_list":{"0":"post-88","1":"page","2":"type-page","3":"status-publish","4":"has-post-thumbnail","6":"infinite-scroll-item"},"acf":[],"_links":{"self":[{"href":"https:\/\/toolless.com\/fr\/wp-json\/wp\/v2\/pages\/88","targetHints":{"allow":["GET"]}}],"collection":[{"href":"https:\/\/toolless.com\/fr\/wp-json\/wp\/v2\/pages"}],"about":[{"href":"https:\/\/toolless.com\/fr\/wp-json\/wp\/v2\/types\/page"}],"author":[{"embeddable":true,"href":"https:\/\/toolless.com\/fr\/wp-json\/wp\/v2\/users\/1"}],"replies":[{"embeddable":true,"href":"https:\/\/toolless.com\/fr\/wp-json\/wp\/v2\/comments?post=88"}],"version-history":[{"count":2,"href":"https:\/\/toolless.com\/fr\/wp-json\/wp\/v2\/pages\/88\/revisions"}],"predecessor-version":[{"id":390,"href":"https:\/\/toolless.com\/fr\/wp-json\/wp\/v2\/pages\/88\/revisions\/390"}],"wp:featuredmedia":[{"embeddable":true,"href":"https:\/\/toolless.com\/fr\/wp-json\/wp\/v2\/media\/389"}],"wp:attachment":[{"href":"https:\/\/toolless.com\/fr\/wp-json\/wp\/v2\/media?parent=88"}],"wp:term":[{"taxonomy":"page_categories","embeddable":true,"href":"https:\/\/toolless.com\/fr\/wp-json\/wp\/v2\/page_categories?post=88"}],"curies":[{"name":"wp","href":"https:\/\/api.w.org\/{rel}","templated":true}]}}