{"id":86,"date":"2020-04-17T22:53:36","date_gmt":"2020-04-17T22:53:36","guid":{"rendered":"http:\/\/toolless.ed-webdesigns.com\/?page_id=86"},"modified":"2025-01-23T18:08:08","modified_gmt":"2025-01-23T18:08:08","slug":"nos-installations","status":"publish","type":"page","link":"https:\/\/toolless.com\/fr\/our-facility\/","title":{"rendered":"Notre site de production"},"content":{"rendered":"<figure class=\"wp-block-video\"><video height=\"720\" style=\"aspect-ratio: 1280 \/ 720;\" width=\"1280\" autoplay controls loop muted src=\"https:\/\/toolless.com\/wp-content\/uploads\/2023\/07\/2023_07_07_12_50_31.mov\" playsinline><\/video><\/figure>\n\n\n\n<h2 class=\"gb-headline gb-headline-d6870c80 gb-headline-text\">Bo\u00eetiers en plastique sur mesure par Toolless<\/h2>\n\n\n\n<p>Les installations de Toolless Plastic Solutions sont situ\u00e9es \u00e0 Everett, dans l'\u00c9tat de Washington. Il s'agit d'une installation de 13 000 pieds carr\u00e9s qui abrite la fabrication, le soutien \u00e0 la client\u00e8le, l'ing\u00e9nierie logicielle et le personnel administratif. Nos installations sont \u00e9quip\u00e9es d'une vari\u00e9t\u00e9 de machines et d'\u00e9quipements, notamment<\/p>\n\n\n\n<ul class=\"wp-block-list\">\n<li>7 fraiseuses CNC<\/li>\n\n\n\n<li>Scies<\/li>\n\n\n\n<li>Benders<\/li>\n\n\n\n<li>Machines d'assemblage<\/li>\n\n\n\n<li>Imprimantes num\u00e9riques<\/li>\n<\/ul>\n\n\n\n<p>Nos installations sont \u00e9galement \u00e9quip\u00e9es d'un laboratoire de contr\u00f4le de la qualit\u00e9 o\u00f9 tous les produits sont inspect\u00e9s avant d'\u00eatre exp\u00e9di\u00e9s aux clients.<\/p>\n\n\n\n<p>Les installations de Toolless Plastic Solutions sont dot\u00e9es d'une \u00e9quipe de professionnels exp\u00e9riment\u00e9s et comp\u00e9tents qui s'engagent \u00e0 fournir des produits de haute qualit\u00e9 et un excellent service \u00e0 la client\u00e8le. Le site est certifi\u00e9 ISO 9001:2015, ce qui garantit que les processus et proc\u00e9dures de l'entreprise r\u00e9pondent aux normes de qualit\u00e9 les plus \u00e9lev\u00e9es.<\/p>\n\n\n\n<p>Voici quelques-unes des caract\u00e9ristiques de l'installation de Toolless Plastic Solutions :<\/p>\n\n\n\n<ul class=\"wp-block-list\">\n<li>13 000 pieds carr\u00e9s d'espace de production<\/li>\n\n\n\n<li>Vari\u00e9t\u00e9 de machines et d'\u00e9quipements<\/li>\n\n\n\n<li>Laboratoire de contr\u00f4le de la qualit\u00e9<\/li>\n\n\n\n<li>Certifi\u00e9 ISO 9001:2015<\/li>\n\n\n\n<li>Un personnel exp\u00e9riment\u00e9 et comp\u00e9tent<\/li>\n\n\n\n<li>Engagement en faveur de la qualit\u00e9 et du service \u00e0 la client\u00e8le<\/li>\n<\/ul>\n\n\n\n<p>Si vous \u00eates \u00e0 la recherche d'un bo\u00eetier en plastique personnalis\u00e9, Toolless Plastic Solutions peut vous aider. Nous sommes \u00e9quip\u00e9s des machines et \u00e9quipements les plus r\u00e9cents, et notre personnel est exp\u00e9riment\u00e9 et comp\u00e9tent dans la fabrication de bo\u00eetiers en plastique. Contactez Toolless Plastic Solutions d\u00e8s aujourd'hui pour en savoir plus sur leurs services et pour obtenir un devis sur votre projet. <a href=\"https:\/\/toolless.com\/fr\/\">bo\u00eetier en plastique personnalis\u00e9<\/a>.<\/p>\n\n\n\n<figure class=\"wp-block-gallery has-nested-images columns-default is-cropped wp-block-gallery-1 is-layout-flex wp-block-gallery-is-layout-flex\">\n<figure class=\"wp-block-image size-large\"><img loading=\"lazy\" decoding=\"async\" width=\"960\" height=\"720\" data-id=\"2058\" src=\"https:\/\/toolless.com\/wp-content\/uploads\/2023\/07\/IMG_2819.jpg\" alt=\"\" class=\"wp-image-2058\" srcset=\"https:\/\/toolless.com\/wp-content\/uploads\/2023\/07\/IMG_2819.jpg 960w, https:\/\/toolless.com\/wp-content\/uploads\/2023\/07\/IMG_2819-300x225.jpg 300w, https:\/\/toolless.com\/wp-content\/uploads\/2023\/07\/IMG_2819-768x576.jpg 768w\" sizes=\"auto, (max-width: 960px) 100vw, 960px\" \/><\/figure>\n\n\n\n<figure class=\"wp-block-image size-large\"><img loading=\"lazy\" decoding=\"async\" width=\"960\" height=\"720\" data-id=\"2059\" src=\"https:\/\/toolless.com\/wp-content\/uploads\/2023\/07\/IMG_2820.jpg\" alt=\"\" class=\"wp-image-2059\" srcset=\"https:\/\/toolless.com\/wp-content\/uploads\/2023\/07\/IMG_2820.jpg 960w, https:\/\/toolless.com\/wp-content\/uploads\/2023\/07\/IMG_2820-300x225.jpg 300w, https:\/\/toolless.com\/wp-content\/uploads\/2023\/07\/IMG_2820-768x576.jpg 768w\" sizes=\"auto, (max-width: 960px) 100vw, 960px\" \/><\/figure>\n\n\n\n<figure class=\"wp-block-image size-large\"><img loading=\"lazy\" decoding=\"async\" width=\"960\" height=\"720\" data-id=\"2060\" src=\"https:\/\/toolless.com\/wp-content\/uploads\/2023\/07\/IMG_2821.jpg\" alt=\"\" class=\"wp-image-2060\" srcset=\"https:\/\/toolless.com\/wp-content\/uploads\/2023\/07\/IMG_2821.jpg 960w, https:\/\/toolless.com\/wp-content\/uploads\/2023\/07\/IMG_2821-300x225.jpg 300w, https:\/\/toolless.com\/wp-content\/uploads\/2023\/07\/IMG_2821-768x576.jpg 768w\" sizes=\"auto, (max-width: 960px) 100vw, 960px\" \/><\/figure>\n<\/figure>","protected":false},"excerpt":{"rendered":"<p>Custom Plastic Enclosures by Toolless Toolless Plastic Solutions&#8217; facility is located in Everett, Washington. It is a 13,000-square-foot facility that houses manufacturing, customer support, software engineering, and administrative personnel. Our facility is equipped with a variety of machinery and equipment, including: Our facility is also equipped with a quality control lab where all products are &#8230; <\/p>\n<p class=\"read-more-container\"><a title=\"Notre site de production\" class=\"read-more button\" href=\"https:\/\/toolless.com\/fr\/our-facility\/#more-86\" aria-label=\"Plus sur Our Manufacturing Facility\">Lire plus<\/a><\/p>","protected":false},"author":1,"featured_media":834,"parent":0,"menu_order":0,"comment_status":"closed","ping_status":"closed","template":"","meta":{"_acf_changed":false,"_seopress_robots_primary_cat":"","_seopress_titles_title":"Our Facility | Custom Plastic Enclosure | Toolless","_seopress_titles_desc":"Toolless Plastic Solutions Inc. is located in 2202 100th ST SW, Everett WA 98204. We currently have 17 employees who are","_seopress_robots_index":"","pgc_sgb_lightbox_settings":"","iawp_total_views":0,"footnotes":""},"page_categories":[],"class_list":{"0":"post-86","1":"page","2":"type-page","3":"status-publish","4":"has-post-thumbnail","6":"infinite-scroll-item"},"acf":[],"_links":{"self":[{"href":"https:\/\/toolless.com\/fr\/wp-json\/wp\/v2\/pages\/86","targetHints":{"allow":["GET"]}}],"collection":[{"href":"https:\/\/toolless.com\/fr\/wp-json\/wp\/v2\/pages"}],"about":[{"href":"https:\/\/toolless.com\/fr\/wp-json\/wp\/v2\/types\/page"}],"author":[{"embeddable":true,"href":"https:\/\/toolless.com\/fr\/wp-json\/wp\/v2\/users\/1"}],"replies":[{"embeddable":true,"href":"https:\/\/toolless.com\/fr\/wp-json\/wp\/v2\/comments?post=86"}],"version-history":[{"count":8,"href":"https:\/\/toolless.com\/fr\/wp-json\/wp\/v2\/pages\/86\/revisions"}],"predecessor-version":[{"id":2184,"href":"https:\/\/toolless.com\/fr\/wp-json\/wp\/v2\/pages\/86\/revisions\/2184"}],"wp:featuredmedia":[{"embeddable":true,"href":"https:\/\/toolless.com\/fr\/wp-json\/wp\/v2\/media\/834"}],"wp:attachment":[{"href":"https:\/\/toolless.com\/fr\/wp-json\/wp\/v2\/media?parent=86"}],"wp:term":[{"taxonomy":"page_categories","embeddable":true,"href":"https:\/\/toolless.com\/fr\/wp-json\/wp\/v2\/page_categories?post=86"}],"curies":[{"name":"wp","href":"https:\/\/api.w.org\/{rel}","templated":true}]}}