{"id":84,"date":"2020-04-17T22:53:15","date_gmt":"2020-04-17T22:53:15","guid":{"rendered":"http:\/\/toolless.ed-webdesigns.com\/?page_id=84"},"modified":"2025-01-23T18:07:59","modified_gmt":"2025-01-23T18:07:59","slug":"a-propos-de-toolless","status":"publish","type":"page","link":"https:\/\/toolless.com\/fr\/about-toolless\/","title":{"rendered":"\u00c0 propos de l'entreprise"},"content":{"rendered":"<h3 class=\"wp-block-heading\">Notre mission<\/h3>\n\n\n\n<p>Notre mission est de fournir \u00e0 nos clients le meilleur service \u00e0 la client\u00e8le, des mat\u00e9riaux de la plus haute qualit\u00e9 et une livraison rapide de bo\u00eetiers en plastique personnalis\u00e9s. Nous pensons que Toolless Plastic Solutions Inc. peut devenir le principal fournisseur de bo\u00eetiers en plastique. Nous esp\u00e9rons faire de \u201cToolless\u201d le nom pr\u00e9\u00e9minent sur le march\u00e9 des bo\u00eetiers personnalis\u00e9s. En outre, nous voulons continuellement accro\u00eetre notre valeur, influencer positivement la vie de nos employ\u00e9s pour les aider \u00e0 atteindre les objectifs qu'ils se sont fix\u00e9s, contribuer r\u00e9guli\u00e8rement \u00e0 la collectivit\u00e9 et fournir \u00e0 nos clients les meilleurs bo\u00eetiers en plastique fabriqu\u00e9s ici m\u00eame aux \u00c9tats-Unis.<\/p>\n\n\n\n<h3 class=\"wp-block-heading\">L'histoire<\/h3>\n\n\n\n<p>En 1985, un ing\u00e9nieur fran\u00e7ais, Jean-Claude Antoine, avait besoin de petites quantit\u00e9s de divers bo\u00eetiers en plastique pour des \u00e9clairages de sc\u00e8ne. Au cours des ann\u00e9es suivantes, en s'inspirant des industries de la t\u00f4lerie et de l'\u00e9b\u00e9nisterie, il a mis au point un proc\u00e9d\u00e9. Ce proc\u00e9d\u00e9 consiste \u00e0 usiner et \u00e0 plier des feuilles de plastique pour fabriquer des bo\u00eetiers et des enveloppes en plastique. Plus tard, avec l'introduction de la technologie CNC, le processus est devenu plus automatis\u00e9 et plus efficace.<\/p>\n\n\n\n<p>LTP, la soci\u00e9t\u00e9 fran\u00e7aise cr\u00e9\u00e9e par M. Antoine, est aujourd'hui le plus grand producteur de bo\u00eetiers en plastique \u201cToolless\u201d au monde. Comme pour toute nouvelle technologie, LTP a donn\u00e9 naissance \u00e0 plusieurs entreprises d\u00e9riv\u00e9es qui \u00e9taient d'anciens licenci\u00e9s, distributeurs, employ\u00e9s, etc. C'est pourquoi l'Europe compte aujourd'hui un grand nombre d'entreprises utilisant cette technologie. C'est de l'une de ces entreprises - une soci\u00e9t\u00e9 allemande appel\u00e9e TTK Kunstoff Technologie - qu'est n\u00e9e Toolless Plastic Technologies, LLC.<\/p>\n\n\n\n<p>Fond\u00e9e en 1998 par Jim Fowler, Toolless Plastic Technologies, LLC a achet\u00e9 une licence et des machines \u00e0 TTK Kunstoff Technologie. Cependant, la licence de la technologie a expir\u00e9 en 2001. Plus tard, en 2006, LTP a acquis une participation majoritaire dans Toolless Plastic Technologies, LLC. Entre-temps, l'entreprise a \u00e9t\u00e9 rebaptis\u00e9e Toolless Plastic Solutions, Inc. et tous les \u00e9quipements et syst\u00e8mes d'exploitation ont \u00e9t\u00e9 mis \u00e0 niveau. Dans l'ensemble, cela a permis d'introduire de nouvelles capacit\u00e9s qui permettent de former des courbes plus complexes et des formes uniques.<\/p>\n\n\n\n<p>Toolless Plastic Solutions est une usine de fabrication de plastique de 13 000 pieds carr\u00e9s. Elle est situ\u00e9e \u00e0 30 km au nord de Seattle, dans l'\u00c9tat de Washington. Nous desservons des clients aux \u00c9tats-Unis, au Canada, en Am\u00e9rique du Sud, en Afrique du Sud et en Australie.<\/p>\n\n\n\n<h3 class=\"wp-block-heading\">Convictions fondamentales<\/h3>\n\n\n\n<p>Notre conviction fondamentale est que nous pouvons fournir un produit unique de haute qualit\u00e9, avec un service exceptionnel, tout en faisant des b\u00e9n\u00e9fices. De m\u00eame, le profit nous permet de nous d\u00e9velopper, et la croissance cr\u00e9e des opportunit\u00e9s pour nos clients et nos employ\u00e9s. La croissance exige que nous nous \u00e9tirions, que nous apprenions, que nous changions et que nous \u00e9largissions notre vision et nos capacit\u00e9s. La croissance se produit lorsque nous r\u00e9pondons aux besoins de nos clients et que nous d\u00e9passons leurs attentes. Le profit est ce qui nous permet d'ajouter de nouvelles capacit\u00e9s, de nouveaux services et de nouveaux proc\u00e9d\u00e9s de fabrication de bo\u00eetiers en plastique.<\/p>\n\n\n\n<h3 class=\"wp-block-heading\">\u00c0 propos de Toolless Today <\/h3>\n\n\n\n<p>Tout bien consid\u00e9r\u00e9, Toolless est fier de sa capacit\u00e9 \u00e0 garder ses employ\u00e9s. La majorit\u00e9 d'entre eux travaillent pour nous depuis plus de 10 ans. En outre, les employ\u00e9s, ainsi que la direction, ont travaill\u00e9 dur ces derni\u00e8res ann\u00e9es pour obtenir la certification ISO 9001:2015. Il s'agit d'une r\u00e9alisation majeure qui a demand\u00e9 beaucoup de temps et d'efforts. Ce n'est qu'un pas de plus vers la r\u00e9alisation de notre mission. <\/p>\n\n\n\n<p><a href=\"https:\/\/toolless.com\/fr\/plastique-sans-outillage-certifie-iso-9011\/\">Consultez notre brochure PDF<\/a> | <a href=\"https:\/\/toolless.com\/fr\/plastique-sans-outillage-certifie-iso-9011\/\">Voir les informations sur notre certification ISO 9001:2015<\/a><\/p>\n\n\n\n<hr class=\"wp-block-separator is-style-wide\"\/>\n\n\n\n<figure class=\"wp-block-embed is-type-video is-provider-youtube wp-block-embed-youtube wp-embed-aspect-16-9 wp-has-aspect-ratio\"><div class=\"wp-block-embed__wrapper\">\n<iframe loading=\"lazy\" title=\"Pr\u00e9sentation de Toolless Plastic Solutions\" width=\"1200\" height=\"675\" src=\"https:\/\/www.youtube.com\/embed\/9U4Y21EvZuM?feature=oembed\" frameborder=\"0\" allow=\"accelerometer; autoplay; clipboard-write; encrypted-media; gyroscope; picture-in-picture\" allowfullscreen><\/iframe>\n<\/div><\/figure>\n\n\n\n<div class=\"wp-block-image\"><figure class=\"aligncenter size-large is-resized\"><img loading=\"lazy\" decoding=\"async\" src=\"https:\/\/toolless.com\/wp-content\/uploads\/2020\/04\/tp-logo.png\" alt=\"\u00c0 propos de Toolless\" width=\"216\" height=\"43\"\/><\/figure><\/div>\n\n\n\n<div class=\"wp-block-image\"><figure class=\"aligncenter size-large is-resized\"><a href=\"https:\/\/www.electronicase-us.com\/\" target=\"_blank\" rel=\"noopener\"><img loading=\"lazy\" decoding=\"async\" src=\"https:\/\/toolless.com\/wp-content\/uploads\/2020\/10\/ElectroniCase.jpg\" alt=\"\" class=\"wp-image-1280\" width=\"224\" height=\"33\" srcset=\"https:\/\/toolless.com\/wp-content\/uploads\/2020\/10\/ElectroniCase.jpg 308w, https:\/\/toolless.com\/wp-content\/uploads\/2020\/10\/ElectroniCase-300x45.jpg 300w\" sizes=\"auto, (max-width: 224px) 100vw, 224px\" \/><\/a><\/figure><\/div>","protected":false},"excerpt":{"rendered":"<p>Our Mission Our Mission is to provide the best customer service, highest quality materials, and fastest delivery of custom plastic enclosures to our customers. We believe that Toolless Plastic Solutions Inc. can become the dominant provider of plastic enclosures. Our hope is to make \u201cToolless\u201d the preeminent name in the custom enclosure market. Furthermore, to &#8230; <\/p>\n<p class=\"read-more-container\"><a title=\"\u00c0 propos de l&#039;entreprise\" class=\"read-more button\" href=\"https:\/\/toolless.com\/fr\/about-toolless\/#more-84\" aria-label=\"Plus sur About The Company\">Lire plus<\/a><\/p>","protected":false},"author":1,"featured_media":383,"parent":0,"menu_order":0,"comment_status":"closed","ping_status":"closed","template":"","meta":{"_acf_changed":false,"_seopress_robots_primary_cat":"","_seopress_titles_title":"About Toolless Plastic Enclosures | Custom Plastic Enclosure Manufacturer","_seopress_titles_desc":"Our Mission is to provide the best customer service, the highest quality, and the fastest delivery to our customers.","_seopress_robots_index":"","pgc_sgb_lightbox_settings":"","iawp_total_views":0,"footnotes":""},"page_categories":[],"class_list":{"0":"post-84","1":"page","2":"type-page","3":"status-publish","4":"has-post-thumbnail","6":"infinite-scroll-item"},"acf":[],"_links":{"self":[{"href":"https:\/\/toolless.com\/fr\/wp-json\/wp\/v2\/pages\/84","targetHints":{"allow":["GET"]}}],"collection":[{"href":"https:\/\/toolless.com\/fr\/wp-json\/wp\/v2\/pages"}],"about":[{"href":"https:\/\/toolless.com\/fr\/wp-json\/wp\/v2\/types\/page"}],"author":[{"embeddable":true,"href":"https:\/\/toolless.com\/fr\/wp-json\/wp\/v2\/users\/1"}],"replies":[{"embeddable":true,"href":"https:\/\/toolless.com\/fr\/wp-json\/wp\/v2\/comments?post=84"}],"version-history":[{"count":6,"href":"https:\/\/toolless.com\/fr\/wp-json\/wp\/v2\/pages\/84\/revisions"}],"predecessor-version":[{"id":1577,"href":"https:\/\/toolless.com\/fr\/wp-json\/wp\/v2\/pages\/84\/revisions\/1577"}],"wp:featuredmedia":[{"embeddable":true,"href":"https:\/\/toolless.com\/fr\/wp-json\/wp\/v2\/media\/383"}],"wp:attachment":[{"href":"https:\/\/toolless.com\/fr\/wp-json\/wp\/v2\/media?parent=84"}],"wp:term":[{"taxonomy":"page_categories","embeddable":true,"href":"https:\/\/toolless.com\/fr\/wp-json\/wp\/v2\/page_categories?post=84"}],"curies":[{"name":"wp","href":"https:\/\/api.w.org\/{rel}","templated":true}]}}