{"id":82,"date":"2020-04-17T22:52:46","date_gmt":"2020-04-17T22:52:46","guid":{"rendered":"http:\/\/toolless.ed-webdesigns.com\/?page_id=82"},"modified":"2025-01-23T18:01:27","modified_gmt":"2025-01-23T18:01:27","slug":"galerie-de-design","status":"publish","type":"page","link":"https:\/\/toolless.com\/fr\/design-gallery\/","title":{"rendered":"Galerie de conception 3D"},"content":{"rendered":"<p>Jetez un coup d'\u0153il \u00e0 notre galerie de conception 3D. Gr\u00e2ce \u00e0 Solidworks, nous pouvons cr\u00e9er vos bo\u00eetiers en plastique en 3D, ce qui vous permet d'apporter des modifications rapidement et facilement. Gr\u00e2ce \u00e0 ce logiciel avanc\u00e9, nous avons la possibilit\u00e9 d'am\u00e9liorer continuellement la conception. Cela permet de passer directement du mod\u00e8le 3D au produit physique. La conception en 3D aide vraiment le client - et nous - \u00e0 \u00eatre sur la m\u00eame longueur d'onde en ce qui concerne la conception d'un bo\u00eetier ou d'une enceinte. Notre objectif est de nous assurer que les clients sont satisfaits de leur produit final. Le dessin en 3D nous aide \u00e0 atteindre cet objectif, car le client a une id\u00e9e de ce qu'il peut attendre de nous. C'est particuli\u00e8rement important lorsqu'un client nous pr\u00e9sente des croquis dessin\u00e9s \u00e0 la main. Parfois, un client dispose d'un mod\u00e8le imprim\u00e9 en 3D qu'il souhaite transformer en un produit fabriqu\u00e9 selon la m\u00e9thode Toolless. <\/p>\n\n\n\n<p>La galerie de conception est constitu\u00e9e de quelques exemples de travaux que nous avons r\u00e9alis\u00e9s pour nos clients. Jetez-y un coup d'\u0153il pour vous faire une id\u00e9e de nos capacit\u00e9s et de ce que nous pouvons vous offrir. <\/p>\n\n\n<div id=\"thumbnail-gallery\">\n  <div id=\"panel\">\n\t<img decoding=\"async\" id=\"largeImage\" src=\"https:\/\/toolless.com\/wp-content\/uploads\/2020\/04\/001-1.jpg\" alt=\"\" \/>\n  <\/div>\n  <div id=\"thumbs\">\n        \t\t<img decoding=\"async\" src=\"https:\/\/toolless.com\/wp-content\/uploads\/2020\/04\/001-1.jpg\" alt=\"Galerie de design\" \/>\n\t\t\t\t<img decoding=\"async\" src=\"https:\/\/toolless.com\/wp-content\/uploads\/2020\/04\/002-1.jpg\" alt=\"\" \/>\n\t\t\t\t<img decoding=\"async\" src=\"https:\/\/toolless.com\/wp-content\/uploads\/2020\/04\/003.jpg\" alt=\"\" \/>\n\t\t\t\t<img decoding=\"async\" src=\"https:\/\/toolless.com\/wp-content\/uploads\/2020\/04\/004.jpg\" alt=\"\" \/>\n\t\t\t\t<img decoding=\"async\" src=\"https:\/\/toolless.com\/wp-content\/uploads\/2020\/04\/005.jpg\" alt=\"\" \/>\n\t\t\t\t<img decoding=\"async\" src=\"https:\/\/toolless.com\/wp-content\/uploads\/2020\/04\/006.jpg\" alt=\"\" \/>\n\t\t\t\t<img decoding=\"async\" src=\"https:\/\/toolless.com\/wp-content\/uploads\/2020\/04\/007.jpg\" alt=\"\" \/>\n\t\t\t\t<img decoding=\"async\" src=\"https:\/\/toolless.com\/wp-content\/uploads\/2020\/04\/008-1.jpg\" alt=\"\" \/>\n\t\t\t\t<img decoding=\"async\" src=\"https:\/\/toolless.com\/wp-content\/uploads\/2020\/04\/009-1.jpg\" alt=\"\" \/>\n\t\t\t\t<img decoding=\"async\" src=\"https:\/\/toolless.com\/wp-content\/uploads\/2020\/04\/010-1.jpg\" alt=\"\" \/>\n\t\t\t\t<img decoding=\"async\" src=\"https:\/\/toolless.com\/wp-content\/uploads\/2020\/04\/011-1.jpg\" alt=\"\" \/>\n\t\t\t\t<img decoding=\"async\" src=\"https:\/\/toolless.com\/wp-content\/uploads\/2020\/04\/012-1.jpg\" alt=\"\" \/>\n\t\t\t\t<img decoding=\"async\" src=\"https:\/\/toolless.com\/wp-content\/uploads\/2020\/04\/013-1.jpg\" alt=\"\" \/>\n\t\t\t\t<img decoding=\"async\" src=\"https:\/\/toolless.com\/wp-content\/uploads\/2020\/04\/014.jpg\" alt=\"\" \/>\n\t\t\t\t<img decoding=\"async\" src=\"https:\/\/toolless.com\/wp-content\/uploads\/2020\/04\/015-1.jpg\" alt=\"\" \/>\n\t\t\t\t<img decoding=\"async\" src=\"https:\/\/toolless.com\/wp-content\/uploads\/2020\/04\/016-1.jpg\" alt=\"\" \/>\n\t\t\t\t<img decoding=\"async\" src=\"https:\/\/toolless.com\/wp-content\/uploads\/2020\/04\/017.jpg\" alt=\"\" \/>\n\t\t\t\t<img decoding=\"async\" src=\"https:\/\/toolless.com\/wp-content\/uploads\/2020\/04\/018-1.jpg\" alt=\"Galerie de design\" \/>\n\t\t\t\t<img decoding=\"async\" src=\"https:\/\/toolless.com\/wp-content\/uploads\/2020\/04\/019-2.jpg\" alt=\"\" \/>\n\t\t\t\t<img decoding=\"async\" src=\"https:\/\/toolless.com\/wp-content\/uploads\/2020\/04\/020.jpg\" alt=\"\" \/>\n\t\t\t\t<img decoding=\"async\" src=\"https:\/\/toolless.com\/wp-content\/uploads\/2020\/04\/021.jpg\" alt=\"\" \/>\n\t\t  <\/div>\n<\/div>\n\n<script>\njQuery(document).ready(function($){\n$('#thumbs img').click(function(){\n    $('#largeImage').attr('src',$(this).attr('src').replace('thumb','large'));\n    $('#description').html($(this).attr('alt'));\n});\n})\n\n<\/script>\n\n\n<h2 class=\"gb-headline gb-headline-5f3cf64c gb-headline-text\">Citations<\/h2>\n\n\n\n<p>Si vous disposez d'un mod\u00e8le 3D, d'un croquis, ou m\u00eame d'une id\u00e9e g\u00e9n\u00e9rale de ce dont vous avez besoin et que vous souhaitez cr\u00e9er une enceinte sur mesure, veuillez contacter&nbsp;<a href=\"\/fr\/demande-de-devis\/\">Demande de devis<\/a>&nbsp;aujourd'hui. Notre \u00e9quipe de vente est tr\u00e8s efficace pour aider les clients et d\u00e9terminer si nous sommes la solution id\u00e9ale pour eux. Ils connaissent bien notre plastique, y compris la couleur, l'\u00e9paisseur et le type. Ils poss\u00e8dent \u00e9galement de nombreuses ann\u00e9es d'expertise qu'ils peuvent mettre \u00e0 profit sur le terrain. Nos concepteurs CAO peuvent \u00e9galement apporter une excellente expertise. Ils travaillent dur pour int\u00e9grer SolidWorks \u00e0 notre syst\u00e8me ERP. Cela permet de s'assurer que ce qu'ils vous montrent est compatible avec notre m\u00e9thode Toolless. <\/p>\n\n\n\n<p>Pour en savoir plus sur nos capacit\u00e9s, n'h\u00e9sitez pas \u00e0 consulter notre site web.&nbsp;<a href=\"\/fr\/boitiers-en-plastique-standard\/\">standard<\/a>&nbsp;ou&nbsp;<a href=\"\/fr\/boitiers-en-plastique-sur-mesure\/\">bo\u00eetiers sur mesure<\/a>&nbsp;pages \u00e9galement.<\/p>","protected":false},"excerpt":{"rendered":"<p>Take a look at our 3D Design Gallery. By using Solidworks we can create your plastic enclosures in full 3D allowing you to make changes quickly and easily. With this advanced software, we have the flexibility to continually improve the design. This helps to go from 3D model directly to your physical product. The 3D &#8230; <\/p>\n<p class=\"read-more-container\"><a title=\"Galerie de conception 3D\" class=\"read-more button\" href=\"https:\/\/toolless.com\/fr\/design-gallery\/#more-82\" aria-label=\"Plus sur 3D Design Gallery\">Lire plus<\/a><\/p>","protected":false},"author":1,"featured_media":990,"parent":0,"menu_order":0,"comment_status":"closed","ping_status":"closed","template":"","meta":{"_acf_changed":false,"_seopress_robots_primary_cat":"","_seopress_titles_title":"3D Customer Design Gallery - Toolless Plastic Solutions","_seopress_titles_desc":"Design Gallery of Toolless Plastic Solutions Custom Enclosures & Custom Plastic Housings. No Mold! No Tool! Take a look at our hard work.","_seopress_robots_index":"","pgc_sgb_lightbox_settings":"","iawp_total_views":0,"footnotes":""},"page_categories":[],"class_list":{"0":"post-82","1":"page","2":"type-page","3":"status-publish","4":"has-post-thumbnail","6":"infinite-scroll-item"},"acf":[],"_links":{"self":[{"href":"https:\/\/toolless.com\/fr\/wp-json\/wp\/v2\/pages\/82","targetHints":{"allow":["GET"]}}],"collection":[{"href":"https:\/\/toolless.com\/fr\/wp-json\/wp\/v2\/pages"}],"about":[{"href":"https:\/\/toolless.com\/fr\/wp-json\/wp\/v2\/types\/page"}],"author":[{"embeddable":true,"href":"https:\/\/toolless.com\/fr\/wp-json\/wp\/v2\/users\/1"}],"replies":[{"embeddable":true,"href":"https:\/\/toolless.com\/fr\/wp-json\/wp\/v2\/comments?post=82"}],"version-history":[{"count":13,"href":"https:\/\/toolless.com\/fr\/wp-json\/wp\/v2\/pages\/82\/revisions"}],"predecessor-version":[{"id":3108,"href":"https:\/\/toolless.com\/fr\/wp-json\/wp\/v2\/pages\/82\/revisions\/3108"}],"wp:featuredmedia":[{"embeddable":true,"href":"https:\/\/toolless.com\/fr\/wp-json\/wp\/v2\/media\/990"}],"wp:attachment":[{"href":"https:\/\/toolless.com\/fr\/wp-json\/wp\/v2\/media?parent=82"}],"wp:term":[{"taxonomy":"page_categories","embeddable":true,"href":"https:\/\/toolless.com\/fr\/wp-json\/wp\/v2\/page_categories?post=82"}],"curies":[{"name":"wp","href":"https:\/\/api.w.org\/{rel}","templated":true}]}}