{"id":781,"date":"2020-04-29T00:15:19","date_gmt":"2020-04-29T00:15:19","guid":{"rendered":"http:\/\/toolless.ed-webdesigns.com\/?page_id=781"},"modified":"2020-05-01T18:14:35","modified_gmt":"2020-05-01T18:14:35","slug":"boitier-de-haut-parleur-electronique","status":"publish","type":"page","link":"https:\/\/toolless.com\/fr\/case-studies\/electronic-speaker-housing\/","title":{"rendered":"Bo\u00eetier de haut-parleur \u00e9lectronique"},"content":{"rendered":"<h3 class=\"wp-block-heading\">Nom du projet<\/h3>\n\n\n\n<p>Bo\u00eetier de haut-parleur \u00e9lectronique<\/p>\n\n\n\n<h3 class=\"wp-block-heading\">Client<\/h3>\n\n\n\n<p>Un nouveau client m\u00e9content des co\u00fbts \u00e9lev\u00e9s g\u00e9n\u00e9ralement constat\u00e9s dans le processus de mod\u00e9lisation par injection<\/p>\n\n\n\n<h3 class=\"wp-block-heading\">Besoins des clients<\/h3>\n\n\n\n<div class=\"wp-block-image\"><figure class=\"alignright size-large is-resized\"><img loading=\"lazy\" decoding=\"async\" src=\"https:\/\/toolless.com\/wp-content\/uploads\/2020\/04\/image1-1.jpg\" alt=\"\" class=\"wp-image-819\" width=\"316\" height=\"257\" srcset=\"https:\/\/toolless.com\/wp-content\/uploads\/2020\/04\/image1-1.jpg 1000w, https:\/\/toolless.com\/wp-content\/uploads\/2020\/04\/image1-1-300x245.jpg 300w, https:\/\/toolless.com\/wp-content\/uploads\/2020\/04\/image1-1-768x627.jpg 768w\" sizes=\"auto, (max-width: 316px) 100vw, 316px\" \/><\/figure><\/div>\n\n\n\n<p>Ce client a consult\u00e9 d'autres entreprises et n'est pas satisfait des co\u00fbts \u00e9lev\u00e9s li\u00e9s \u00e0 l'utilisation d'un processus de mod\u00e9lisation par injection. Il a besoin d'un bo\u00eetier \u00e9lectronique pour abriter son mat\u00e9riel, y compris une batterie.<\/p>\n\n\n\n<p>Un client a contact\u00e9 Toolless pour demander un bo\u00eetier \u00e9lectronique pour abriter ses pi\u00e8ces. Il savait \u00e0 quoi il voulait que son bo\u00eetier ressemble et nous a fourni un mod\u00e8le 3D bas\u00e9 sur un design moul\u00e9 par injection. Notre objectif \u00e9tait de prendre ce mod\u00e8le 3D et de le modifier afin de pouvoir fabriquer le produit en utilisant la technologie Toolless \u00e0 un co\u00fbt inf\u00e9rieur pour le client.<\/p>\n\n\n\n<h3 class=\"wp-block-heading\">Processus de conception en cours<\/h3>\n\n\n\n<div class=\"wp-block-image\"><figure class=\"alignleft size-large is-resized\"><img loading=\"lazy\" decoding=\"async\" src=\"https:\/\/toolless.com\/wp-content\/uploads\/2020\/04\/image2-1.jpg\" alt=\"\" class=\"wp-image-821\" width=\"376\" height=\"208\" srcset=\"https:\/\/toolless.com\/wp-content\/uploads\/2020\/04\/image2-1.jpg 1000w, https:\/\/toolless.com\/wp-content\/uploads\/2020\/04\/image2-1-300x166.jpg 300w, https:\/\/toolless.com\/wp-content\/uploads\/2020\/04\/image2-1-768x425.jpg 768w\" sizes=\"auto, (max-width: 376px) 100vw, 376px\" \/><\/figure><\/div>\n\n\n\n<p>Lorsque nos ing\u00e9nieurs re\u00e7oivent un mod\u00e8le 3D d'un client, ils examinent les sp\u00e9cifications et discutent avec le client pour d\u00e9terminer ce qu'il souhaite. Nos ing\u00e9nieurs cr\u00e9ent alors leur propre mod\u00e8le 3D, en prenant le mod\u00e8le original, en respectant les sp\u00e9cifications et les besoins du client, et en g\u00e9n\u00e9rant un nouveau mod\u00e8le 3D compatible avec la technologie Toolless. Il s'agit d'une premi\u00e8re \u00e9tape importante, car elle permet de montrer aux clients que nous avons les capacit\u00e9s de cr\u00e9er leur enceinte en fonction de leurs besoins.<\/p>\n\n\n\n<p>Le mod\u00e8le 3D de gauche a \u00e9t\u00e9 cr\u00e9\u00e9 par nos ing\u00e9nieurs et le mod\u00e8le 3D de droite est celui qui nous a \u00e9t\u00e9 propos\u00e9 par le client.<\/p>\n\n\n\n<div class=\"wp-block-image\"><figure class=\"alignright size-large is-resized\"><img loading=\"lazy\" decoding=\"async\" src=\"https:\/\/toolless.com\/wp-content\/uploads\/2020\/04\/image3-1.jpg\" alt=\"\" class=\"wp-image-823\" width=\"350\" height=\"263\" srcset=\"https:\/\/toolless.com\/wp-content\/uploads\/2020\/04\/image3-1.jpg 1000w, https:\/\/toolless.com\/wp-content\/uploads\/2020\/04\/image3-1-300x225.jpg 300w, https:\/\/toolless.com\/wp-content\/uploads\/2020\/04\/image3-1-768x577.jpg 768w\" sizes=\"auto, (max-width: 350px) 100vw, 350px\" \/><\/figure><\/div>\n\n\n\n<p>Comme on peut le voir, des modifications ont \u00e9t\u00e9 apport\u00e9es, mais la taille, la fonctionnalit\u00e9 et l'objectif de l'enceinte sont rest\u00e9s les m\u00eames.<\/p>\n\n\n\n<p>Une fois le mod\u00e8le 3D cr\u00e9\u00e9, le client a \u00e9t\u00e9 contact\u00e9 pour discuter du mod\u00e8le et expliquer les adaptations effectu\u00e9es.<\/p>\n\n\n\n<div class=\"wp-block-image\"><figure class=\"alignleft size-large is-resized\"><img loading=\"lazy\" decoding=\"async\" src=\"https:\/\/toolless.com\/wp-content\/uploads\/2020\/04\/image4-1.jpg\" alt=\"\" class=\"wp-image-825\" width=\"368\" height=\"370\" srcset=\"https:\/\/toolless.com\/wp-content\/uploads\/2020\/04\/image4-1.jpg 994w, https:\/\/toolless.com\/wp-content\/uploads\/2020\/04\/image4-1-298x300.jpg 298w, https:\/\/toolless.com\/wp-content\/uploads\/2020\/04\/image4-1-150x150.jpg 150w, https:\/\/toolless.com\/wp-content\/uploads\/2020\/04\/image4-1-768x773.jpg 768w\" sizes=\"auto, (max-width: 368px) 100vw, 368px\" \/><\/figure><\/div>\n\n\n\n<p>L'une des variations entre les deux mod\u00e8les 3D concernait les quatre protub\u00e9rances hexagonales situ\u00e9es en bas au centre du mod\u00e8le 3D original. Ces protub\u00e9rances \u00e9taient destin\u00e9es \u00e0 fixer le bo\u00eetier \u00e0 une autre pi\u00e8ce du client, car ce bo\u00eetier n'\u00e9tait qu'une unit\u00e9 d'un produit plus grand. Nous avons trouv\u00e9 une solution plus simple en utilisant une bague de montage avec des inserts filet\u00e9s pour que le bo\u00eetier puisse toujours \u00eatre fix\u00e9.<\/p>\n\n\n\n<p>Cependant, chez Toolless, nos ing\u00e9nieurs se consacrent \u00e0 l'am\u00e9lioration continue de la conception. Apr\u00e8s d'autres essais et discussions avec le client, il a \u00e9t\u00e9 d\u00e9cid\u00e9 de remplacer l'anneau de montage par un plateau. Cette modification a permis de s\u00e9curiser le bo\u00eetier, de le rendre plus rigide et de cr\u00e9er un support suppl\u00e9mentaire pour le mat\u00e9riel n\u00e9cessaire.<\/p>\n\n\n\n<p>Illustration du changement de plateau en 3D (\u00e0 gauche) et de l'int\u00e9rieur du bo\u00eetier (\u00e0 droite).<\/p>\n\n\n\n<h3 class=\"wp-block-heading\">D\u00e9fis<\/h3>\n\n\n\n<div class=\"wp-block-image\"><figure class=\"alignright size-large is-resized\"><img loading=\"lazy\" decoding=\"async\" src=\"https:\/\/toolless.com\/wp-content\/uploads\/2020\/04\/image5-1.jpg\" alt=\"\" class=\"wp-image-827\" width=\"376\" height=\"305\" srcset=\"https:\/\/toolless.com\/wp-content\/uploads\/2020\/04\/image5-1.jpg 1000w, https:\/\/toolless.com\/wp-content\/uploads\/2020\/04\/image5-1-300x244.jpg 300w, https:\/\/toolless.com\/wp-content\/uploads\/2020\/04\/image5-1-768x624.jpg 768w\" sizes=\"auto, (max-width: 376px) 100vw, 376px\" \/><\/figure><\/div>\n\n\n\n<p>En raison de la grande taille du bo\u00eetier, il a \u00e9t\u00e9 d\u00e9termin\u00e9 que des nervures suppl\u00e9mentaires \u00e0 l'int\u00e9rieur de la partie sup\u00e9rieure seraient b\u00e9n\u00e9fiques pour cr\u00e9er un produit plus rigide. Lorsque nous ajoutons des nervures \u00e0 un bo\u00eetier, nous devons d\u00e9terminer l'espacement appropri\u00e9 afin de cr\u00e9er une rigidit\u00e9 optimale sans interf\u00e9rence avec le mat\u00e9riel du client. Ce mod\u00e8le 3D montre les nervures qui ont \u00e9t\u00e9 cr\u00e9\u00e9es \u00e0 l'int\u00e9rieur de la partie sup\u00e9rieure du bo\u00eetier.<\/p>\n\n\n\n<p>Pour la base, nous avons d\u00e9cid\u00e9 de faire passer les nervures de l'avant vers l'arri\u00e8re et d'ajouter une double plaque en bas. L'objectif de cette orientation diff\u00e9rente des nervures \u00e9tait de laisser de la place pour le mat\u00e9riel tout en conservant une enceinte rigide et solide.<\/p>\n\n\n\n<p>Un autre d\u00e9fi que nous avons relev\u00e9 a \u00e9t\u00e9 de concevoir un bo\u00eetier de batterie qui s'adapterait sans augmenter la taille de l'enceinte. Le client a fait preuve d'une grande souplesse quant \u00e0 l'emplacement du bo\u00eetier de batterie. \u00c0 gauche, l'emplacement original du bo\u00eetier de batterie.<\/p>\n\n\n\n<div class=\"wp-block-image\"><figure class=\"alignleft size-large is-resized\"><img loading=\"lazy\" decoding=\"async\" src=\"https:\/\/toolless.com\/wp-content\/uploads\/2020\/04\/image6.jpg\" alt=\"\" class=\"wp-image-828\" width=\"325\" height=\"415\" srcset=\"https:\/\/toolless.com\/wp-content\/uploads\/2020\/04\/image6.jpg 784w, https:\/\/toolless.com\/wp-content\/uploads\/2020\/04\/image6-235x300.jpg 235w, https:\/\/toolless.com\/wp-content\/uploads\/2020\/04\/image6-768x980.jpg 768w\" sizes=\"auto, (max-width: 325px) 100vw, 325px\" \/><\/figure><\/div>\n\n\n\n<p>Nous avons d\u00fb tenir compte de trois \u00e9l\u00e9ments principaux lors de la conception du placement.<\/p>\n\n\n\n<ol class=\"wp-block-list\"><li>Le bo\u00eetier de la batterie devait \u00eatre plac\u00e9 de mani\u00e8re \u00e0 ne pas interf\u00e9rer ou entrer en contact avec les nervures du support.<\/li><li>D\u00e9placer les supports de la trappe \u00e0 piles du haut et du bas vers les c\u00f4t\u00e9s. Cela a \u00e9t\u00e9 fait pour que les inserts filet\u00e9s et les vis n'interf\u00e8rent pas avec les nervures et les supports.<\/li><li>Nous ne voulions pas que des pi\u00e8ces suppl\u00e9mentaires interf\u00e8rent avec les nervures et les supports. C'est pourquoi, au lieu de fixer le bo\u00eetier de batterie avec des vis, nous avons utilis\u00e9 une colle sp\u00e9ciale pour souder au solvant le bo\u00eetier de batterie sur le panneau arri\u00e8re.<\/li><\/ol>\n\n\n\n<h3 class=\"wp-block-heading\">R\u00e9sultat final<\/h3>\n\n\n\n<div class=\"wp-block-image\"><figure class=\"alignright size-large is-resized\"><img loading=\"lazy\" decoding=\"async\" src=\"https:\/\/toolless.com\/wp-content\/uploads\/2020\/04\/image7.jpg\" alt=\"\" class=\"wp-image-829\" width=\"297\" height=\"302\" srcset=\"https:\/\/toolless.com\/wp-content\/uploads\/2020\/04\/image7.jpg 982w, https:\/\/toolless.com\/wp-content\/uploads\/2020\/04\/image7-295x300.jpg 295w, https:\/\/toolless.com\/wp-content\/uploads\/2020\/04\/image7-768x782.jpg 768w\" sizes=\"auto, (max-width: 297px) 100vw, 297px\" \/><\/figure><\/div>\n\n\n\n<p>Conception finale : Nous avons r\u00e9ussi \u00e0 prendre un mod\u00e8le 3D pour un design moul\u00e9 par injection et nous avons redessin\u00e9 le bo\u00eetier de mani\u00e8re \u00e0 pouvoir le produire sans moule et sans outillage. Notre client a \u00e9t\u00e9 satisfait du produit, car il r\u00e9pondait non seulement \u00e0 ses besoins en mati\u00e8re d'\u00e9lectronique, mais \u00e9tait \u00e9galement plus rentable que le processus de moulage par injection.<\/p>","protected":false},"excerpt":{"rendered":"<p>Project Name Electronic Speaker Housing Customer A new client dissatisfied with the high costs typically found in the injection modeling process Customer Needs This customer has shopped around and worked with other companies and is dissatisfied at the high costs associated when using an injection modeling process. They require an electronic enclosure to house their &#8230; <\/p>\n<p class=\"read-more-container\"><a title=\"Bo\u00eetier de haut-parleur \u00e9lectronique\" class=\"read-more button\" href=\"https:\/\/toolless.com\/fr\/case-studies\/electronic-speaker-housing\/#more-781\" aria-label=\"Plus sur Electronic Speaker Housing\">Lire plus<\/a><\/p>","protected":false},"author":1,"featured_media":386,"parent":76,"menu_order":0,"comment_status":"closed","ping_status":"closed","template":"","meta":{"_acf_changed":false,"_seopress_robots_primary_cat":"0","_seopress_titles_title":"Electronic Speaker Housing","_seopress_titles_desc":"Discover affordable electronic speaker housing with Toolless technology. We redesign 3D models for lower-cost manufacturing without compromising quality.","_seopress_robots_index":"","pgc_sgb_lightbox_settings":"","iawp_total_views":0,"footnotes":""},"page_categories":[],"class_list":{"0":"post-781","1":"page","2":"type-page","3":"status-publish","4":"has-post-thumbnail","6":"infinite-scroll-item"},"acf":[],"_links":{"self":[{"href":"https:\/\/toolless.com\/fr\/wp-json\/wp\/v2\/pages\/781","targetHints":{"allow":["GET"]}}],"collection":[{"href":"https:\/\/toolless.com\/fr\/wp-json\/wp\/v2\/pages"}],"about":[{"href":"https:\/\/toolless.com\/fr\/wp-json\/wp\/v2\/types\/page"}],"author":[{"embeddable":true,"href":"https:\/\/toolless.com\/fr\/wp-json\/wp\/v2\/users\/1"}],"replies":[{"embeddable":true,"href":"https:\/\/toolless.com\/fr\/wp-json\/wp\/v2\/comments?post=781"}],"version-history":[{"count":2,"href":"https:\/\/toolless.com\/fr\/wp-json\/wp\/v2\/pages\/781\/revisions"}],"predecessor-version":[{"id":830,"href":"https:\/\/toolless.com\/fr\/wp-json\/wp\/v2\/pages\/781\/revisions\/830"}],"up":[{"embeddable":true,"href":"https:\/\/toolless.com\/fr\/wp-json\/wp\/v2\/pages\/76"}],"wp:featuredmedia":[{"embeddable":true,"href":"https:\/\/toolless.com\/fr\/wp-json\/wp\/v2\/media\/386"}],"wp:attachment":[{"href":"https:\/\/toolless.com\/fr\/wp-json\/wp\/v2\/media?parent=781"}],"wp:term":[{"taxonomy":"page_categories","embeddable":true,"href":"https:\/\/toolless.com\/fr\/wp-json\/wp\/v2\/page_categories?post=781"}],"curies":[{"name":"wp","href":"https:\/\/api.w.org\/{rel}","templated":true}]}}