{"id":779,"date":"2020-04-29T00:14:16","date_gmt":"2020-04-29T00:14:16","guid":{"rendered":"http:\/\/toolless.ed-webdesigns.com\/?page_id=779"},"modified":"2021-06-15T18:30:35","modified_gmt":"2021-06-15T18:30:35","slug":"boitier-medical-amplificateur","status":"publish","type":"page","link":"https:\/\/toolless.com\/fr\/case-studies\/amplifier-medical-enclosure\/","title":{"rendered":"Amplificateur (bo\u00eetier m\u00e9dical)"},"content":{"rendered":"<h2 class=\"wp-block-heading\">Nom du projet<\/h2>\n\n\n\n<p>Amplificateur<\/p>\n\n\n\n<h2 class=\"wp-block-heading\">Client<\/h2>\n\n\n\n<p>Une entreprise m\u00e9dicale qui travaille sur un dispositif utilis\u00e9 pour un patient souffrant de l\u00e9sions c\u00e9r\u00e9brales.<\/p>\n\n\n\n<h2 class=\"wp-block-heading\">Besoins des clients<\/h2>\n\n\n\n<p>Ce client a besoin d'une protection pour un composant co\u00fbteux.  Il a trouv\u00e9 Toolless par le biais d'une recherche Google et s'est int\u00e9ress\u00e9 \u00e0 ce que nous pouvions faire pour l'aider.  Il a pris une capture d'\u00e9cran de notre site Web pour l'un de nos bo\u00eetiers standard et a ajout\u00e9 quelques zones blanches pour repr\u00e9senter le type d'ouvertures qu'il aurait besoin d'ajouter.<\/p>\n\n\n\n<p class=\"has-text-align-center\">Bo\u00eetier en U avec trous dans les panneaux avant et arri\u00e8re<\/p>\n\n\n\n<div class=\"wp-block-image\"><figure class=\"aligncenter size-large\"><img loading=\"lazy\" decoding=\"async\" width=\"444\" height=\"324\" src=\"https:\/\/toolless.com\/wp-content\/uploads\/2020\/04\/medical-1.jpg\" alt=\"\" class=\"wp-image-810\" srcset=\"https:\/\/toolless.com\/wp-content\/uploads\/2020\/04\/medical-1.jpg 444w, https:\/\/toolless.com\/wp-content\/uploads\/2020\/04\/medical-1-300x219.jpg 300w\" sizes=\"auto, (max-width: 444px) 100vw, 444px\" \/><\/figure><\/div>\n\n\n\n<p>Le client a formul\u00e9 quelques exigences initiales.  Le composant est maintenu en place \u00e0 l'aide d'un poteau circulaire filet\u00e9 d\u00e9passant \u00e0 l'avant. Il doit y avoir une d\u00e9charge pour un composant \u00e9galement \u00e0 l'avant, et il a besoin d'au moins 1\u201d d'espace libre \u00e0 l'arri\u00e8re.  Il a \u00e9galement fourni la fiche technique d'une d\u00e9charge de traction pour l'arri\u00e8re du bo\u00eetier.<\/p>\n\n\n\n<h3 class=\"wp-block-heading\">Amplificateur - Bo\u00eetier en plastique m\u00e9dical<\/h3>\n\n\n\n<p>L'ing\u00e9nieur d'\u00e9tudes mod\u00e9lise rapidement ce bo\u00eetier, mais la taille globale du bo\u00eetier, ainsi que l'emplacement et la taille des d\u00e9coupes, sont difficiles \u00e0 d\u00e9terminer \u00e0 partir des premi\u00e8res informations fournies.  Il n'y avait pas de dessins techniques ou de fiches techniques dimensionn\u00e9es pour fournir les dimensions n\u00e9cessaires.  Le client a envoy\u00e9 le composant \u00e0 Toolless ; \u00e0 partir de l\u00e0, le concepteur a mod\u00e9lis\u00e9 le composant, puis le bo\u00eetier autour de lui. Toutes les dimensions n\u00e9cessaires ont \u00e9t\u00e9 prises manuellement \u00e0 la r\u00e9ception des composants.  Voici le r\u00e9sultat :<\/p>\n\n\n\n<div class=\"wp-block-image\"><figure class=\"aligncenter size-large\"><img loading=\"lazy\" decoding=\"async\" width=\"388\" height=\"272\" src=\"https:\/\/toolless.com\/wp-content\/uploads\/2020\/04\/Medical-2.jpg\" alt=\"\" class=\"wp-image-811\" srcset=\"https:\/\/toolless.com\/wp-content\/uploads\/2020\/04\/Medical-2.jpg 388w, https:\/\/toolless.com\/wp-content\/uploads\/2020\/04\/Medical-2-300x210.jpg 300w\" sizes=\"auto, (max-width: 388px) 100vw, 388px\" \/><\/figure><\/div>\n\n\n\n<p>Les \u00e9l\u00e9ments importants \/ la g\u00e9om\u00e9trie : les dimensions g\u00e9n\u00e9rales et l'emplacement de deux protub\u00e9rances auxquelles le client devait avoir acc\u00e8s.<\/p>\n\n\n\n<p>Le concepteur a soulign\u00e9 que le composant s'ins\u00e9rait parfaitement entre les deux parois lat\u00e9rales et qu'il serait maintenu horizontalement une fois qu'un \u00e9crou serait ajout\u00e9 au composant filet\u00e9. Cependant, il faudrait \u00e9galement pr\u00e9voir un moyen de maintenir solidement l'\u00e9l\u00e9ment \u00e0 l'horizontale. Apr\u00e8s discussion avec le client, nous avons ajout\u00e9 des supports suppl\u00e9mentaires (voir ci-dessous) \u00e0 la partie sup\u00e9rieure de l'enceinte.<\/p>\n\n\n\n<div class=\"wp-block-image\"><figure class=\"aligncenter size-large\"><img loading=\"lazy\" decoding=\"async\" width=\"323\" height=\"195\" src=\"https:\/\/toolless.com\/wp-content\/uploads\/2020\/04\/Medical-3.jpg\" alt=\"\" class=\"wp-image-812\" srcset=\"https:\/\/toolless.com\/wp-content\/uploads\/2020\/04\/Medical-3.jpg 323w, https:\/\/toolless.com\/wp-content\/uploads\/2020\/04\/Medical-3-300x181.jpg 300w\" sizes=\"auto, (max-width: 323px) 100vw, 323px\" \/><\/figure><\/div>\n\n\n\n<p>Nous avons utilis\u00e9 la conception en \u201cL\u201d pour rendre les supports plus solides, \u00e9viter qu'ils ne se plient et assurer un bon contact avec le composant int\u00e9rieur.<\/p>\n\n\n\n<p>Le client a ensuite ajout\u00e9 deux autres exigences.  Il devait rendre l'ouverture du bo\u00eetier un peu plus difficile et l'utilisateur devait pouvoir lire les informations FCC sur le composant install\u00e9. &nbsp;<\/p>\n\n\n\n<div class=\"wp-block-image\"><figure class=\"aligncenter size-large\"><img loading=\"lazy\" decoding=\"async\" width=\"306\" height=\"214\" src=\"https:\/\/toolless.com\/wp-content\/uploads\/2020\/04\/Medical-4.jpg\" alt=\"\" class=\"wp-image-813\" srcset=\"https:\/\/toolless.com\/wp-content\/uploads\/2020\/04\/Medical-4.jpg 306w, https:\/\/toolless.com\/wp-content\/uploads\/2020\/04\/Medical-4-300x210.jpg 300w\" sizes=\"auto, (max-width: 306px) 100vw, 306px\" \/><\/figure><\/div>\n\n\n\n<p>Nous avons d'abord ajout\u00e9 deux languettes et recherch\u00e9 des vis de s\u00e9curit\u00e9 \u00e0 utiliser, puis nous avons ajout\u00e9 une fen\u00eatre en acrylique sur le fond afin de rendre visibles les informations de la FCC. \u00a0<br><br>Nous avons fabriqu\u00e9 le bo\u00eetier en ABS noir de 3 mm d'\u00e9paisseur apr\u00e8s approbation de la conception finale.<\/p>\n\n\n\n<h3 class=\"wp-block-heading\">Commentaires des clients sur Amplifier<\/h3>\n\n\n\n<p>Le client a re\u00e7u le premier prototype. Il \u00e9tait satisfait de l'ajustement du composant et de la conception g\u00e9n\u00e9rale du bo\u00eetier.  Afin de r\u00e9pondre aux besoins sp\u00e9cifiques de l'utilisateur final (plus robuste, aspect plus m\u00e9dical), le mat\u00e9riau du bo\u00eetier a \u00e9t\u00e9 remplac\u00e9 par du Boltaron gris clair 1\/8\u201d.  Ce mat\u00e9riau a moins de texture et est un peu plus \u00e9pais que le mat\u00e9riau d'origine. \u00a0<br><br>M\u00eame si nous n'avons ajout\u00e9 que 0,2 mm \u00e0 l'\u00e9paisseur du mat\u00e9riau, il \u00e9tait judicieux de r\u00e9aliser un deuxi\u00e8me prototype ; ajouter 0,2 ici et 0,2 l\u00e0 peut rapidement augmenter la robustesse d'un bo\u00eetier.<\/p>\n\n\n\n<p>Cette \u00e9tude de cas est un bon exemple de la capacit\u00e9 de Toolless \u00e0 modifier rapidement une conception et \u00e0 respecter les d\u00e9lais du client, sans affecter la qualit\u00e9 g\u00e9n\u00e9rale d'un bo\u00eetier. Il faut parfois quelques prototypes avant qu'une unit\u00e9 soit pr\u00eate pour la production. Les modifications comme celles d\u00e9crites ci-dessus sont faciles \u00e0 r\u00e9aliser, et parfois gratuites pour le client. &nbsp; &nbsp;<\/p>\n\n\n<div class=\"gb-grid-wrapper gb-grid-wrapper-7b582542\">\n<div class=\"gb-grid-column gb-grid-column-91935b37\"><div class=\"gb-container gb-container-91935b37\"><div class=\"gb-inside-container\">\n\n<figure class=\"wp-block-image size-large\"><img loading=\"lazy\" decoding=\"async\" width=\"600\" height=\"800\" src=\"https:\/\/toolless.com\/wp-content\/uploads\/2020\/04\/IMG_1300.jpg\" alt=\"Amplificateur\" class=\"wp-image-814\" srcset=\"https:\/\/toolless.com\/wp-content\/uploads\/2020\/04\/IMG_1300.jpg 600w, https:\/\/toolless.com\/wp-content\/uploads\/2020\/04\/IMG_1300-225x300.jpg 225w\" sizes=\"auto, (max-width: 600px) 100vw, 600px\" \/><\/figure>\n\n<\/div><\/div><\/div>\n\n<div class=\"gb-grid-column gb-grid-column-cc3b73a9\"><div class=\"gb-container gb-container-cc3b73a9\"><div class=\"gb-inside-container\">\n\n<figure class=\"wp-block-image size-large\"><img loading=\"lazy\" decoding=\"async\" width=\"768\" height=\"1024\" src=\"https:\/\/toolless.com\/wp-content\/uploads\/2020\/04\/IMG_1301-768x1024.jpg\" alt=\"Amplificateur\" class=\"wp-image-815\" srcset=\"https:\/\/toolless.com\/wp-content\/uploads\/2020\/04\/IMG_1301-768x1024.jpg 768w, https:\/\/toolless.com\/wp-content\/uploads\/2020\/04\/IMG_1301-225x300.jpg 225w, https:\/\/toolless.com\/wp-content\/uploads\/2020\/04\/IMG_1301.jpg 960w\" sizes=\"auto, (max-width: 768px) 100vw, 768px\" \/><\/figure>\n\n<\/div><\/div><\/div>\n\n<div class=\"gb-grid-column gb-grid-column-18f6f396\"><div class=\"gb-container gb-container-18f6f396\"><div class=\"gb-inside-container\">\n\n<figure class=\"wp-block-image size-large\"><img loading=\"lazy\" decoding=\"async\" width=\"600\" height=\"800\" src=\"https:\/\/toolless.com\/wp-content\/uploads\/2020\/04\/IMG_1302.jpg\" alt=\"Amplificateur\" class=\"wp-image-816\" srcset=\"https:\/\/toolless.com\/wp-content\/uploads\/2020\/04\/IMG_1302.jpg 600w, https:\/\/toolless.com\/wp-content\/uploads\/2020\/04\/IMG_1302-225x300.jpg 225w\" sizes=\"auto, (max-width: 600px) 100vw, 600px\" \/><\/figure>\n\n<\/div><\/div><\/div>\n<\/div>","protected":false},"excerpt":{"rendered":"<p>Project Name Amplifier Customer A medical company working on a device used for a patient with brain injury. Customer Needs This customer needs protection for an expensive component.\u00a0 He found Toolless through a Google search and became interested in seeing what we could do to help.\u00a0 He had grabbed a screen shot from our website &#8230; <\/p>\n<p class=\"read-more-container\"><a title=\"Amplificateur (bo\u00eetier m\u00e9dical)\" class=\"read-more button\" href=\"https:\/\/toolless.com\/fr\/case-studies\/amplifier-medical-enclosure\/#more-779\" aria-label=\"Plus sur Amplifier (Medical Enclosure)\">Lire plus<\/a><\/p>","protected":false},"author":1,"featured_media":386,"parent":76,"menu_order":0,"comment_status":"closed","ping_status":"closed","template":"","meta":{"_acf_changed":false,"_seopress_robots_primary_cat":"0","_seopress_titles_title":"Amplifier (Medical Enclosure) Case Study - Toolless Plastic Solutions","_seopress_titles_desc":"A case study of an amplifier box created at Toolless Plastic Solutions. Containing plastic enclosures &amp; custom plastic housings","_seopress_robots_index":"","pgc_sgb_lightbox_settings":"","iawp_total_views":0,"footnotes":""},"page_categories":[],"class_list":{"0":"post-779","1":"page","2":"type-page","3":"status-publish","4":"has-post-thumbnail","6":"infinite-scroll-item"},"acf":[],"_links":{"self":[{"href":"https:\/\/toolless.com\/fr\/wp-json\/wp\/v2\/pages\/779","targetHints":{"allow":["GET"]}}],"collection":[{"href":"https:\/\/toolless.com\/fr\/wp-json\/wp\/v2\/pages"}],"about":[{"href":"https:\/\/toolless.com\/fr\/wp-json\/wp\/v2\/types\/page"}],"author":[{"embeddable":true,"href":"https:\/\/toolless.com\/fr\/wp-json\/wp\/v2\/users\/1"}],"replies":[{"embeddable":true,"href":"https:\/\/toolless.com\/fr\/wp-json\/wp\/v2\/comments?post=779"}],"version-history":[{"count":3,"href":"https:\/\/toolless.com\/fr\/wp-json\/wp\/v2\/pages\/779\/revisions"}],"predecessor-version":[{"id":1594,"href":"https:\/\/toolless.com\/fr\/wp-json\/wp\/v2\/pages\/779\/revisions\/1594"}],"up":[{"embeddable":true,"href":"https:\/\/toolless.com\/fr\/wp-json\/wp\/v2\/pages\/76"}],"wp:featuredmedia":[{"embeddable":true,"href":"https:\/\/toolless.com\/fr\/wp-json\/wp\/v2\/media\/386"}],"wp:attachment":[{"href":"https:\/\/toolless.com\/fr\/wp-json\/wp\/v2\/media?parent=779"}],"wp:term":[{"taxonomy":"page_categories","embeddable":true,"href":"https:\/\/toolless.com\/fr\/wp-json\/wp\/v2\/page_categories?post=779"}],"curies":[{"name":"wp","href":"https:\/\/api.w.org\/{rel}","templated":true}]}}