{"id":777,"date":"2020-04-29T00:12:41","date_gmt":"2020-04-29T00:12:41","guid":{"rendered":"http:\/\/toolless.ed-webdesigns.com\/?page_id=777"},"modified":"2020-05-01T18:13:41","modified_gmt":"2020-05-01T18:13:41","slug":"solutions-technologiques-lincoln","status":"publish","type":"page","link":"https:\/\/toolless.com\/fr\/case-studies\/lincoln-technology-solutions\/","title":{"rendered":"Lincoln Technology Solutions"},"content":{"rendered":"<h3 class=\"wp-block-heading\">Nom du projet<\/h3>\n\n\n\n<p>Stivax \/ Appareil m\u00e9dical Solace<\/p>\n\n\n\n<h3 class=\"wp-block-heading\">Client<\/h3>\n\n\n\n<p>Lincoln Technology Solution<br>Date de d\u00e9but : 12 sept. 2017<br>Pr\u00eat pour la production : 16 janvier 2018<\/p>\n\n\n\n<h3 class=\"wp-block-heading\">Besoin du client<\/h3>\n\n\n\n<p>Lors de notre premier appel t\u00e9l\u00e9phonique, nous avons discut\u00e9 de nos processus pour familiariser le client avec nos capacit\u00e9s. Il souhaitait pr\u00e9senter une conception \u00e0 son client et obtenir une id\u00e9e approximative du co\u00fbt. Il a partag\u00e9 un croquis pr\u00e9liminaire de ce qu'il avait en t\u00eate :<\/p>\n\n\n\n<div class=\"wp-block-image\"><figure class=\"aligncenter size-large is-resized\"><img loading=\"lazy\" decoding=\"async\" src=\"https:\/\/toolless.com\/wp-content\/uploads\/2020\/04\/1.jpg\" alt=\"\" class=\"wp-image-786\" width=\"414\" height=\"233\" srcset=\"https:\/\/toolless.com\/wp-content\/uploads\/2020\/04\/1.jpg 605w, https:\/\/toolless.com\/wp-content\/uploads\/2020\/04\/1-300x169.jpg 300w\" sizes=\"auto, (max-width: 414px) 100vw, 414px\" \/><\/figure><\/div>\n\n\n\n<p>Lincoln Technology Solutions (LTS) est une entreprise de services d'ing\u00e9nierie sp\u00e9cialis\u00e9e dans l'int\u00e9gration d'\u00e9crans LCD et les assemblages d'interfaces. Apr\u00e8s avoir discut\u00e9 avec nous, il a pu affiner ses besoins et nous fournir un document PowerPoint pr\u00e9sentant les composants auxquels il avait besoin d'acc\u00e9der et l'emplacement des pi\u00e8ces cl\u00e9s afin de pouvoir commencer \u00e0 fabriquer sa carte de circuit imprim\u00e9. Il a \u00e9galement d\u00e9termin\u00e9 quel \u00e9cran LCD il n\u00e9cessitait :<\/p>\n\n\n\n<p class=\"has-text-align-center\">\u00c7a ressemble \u00e0\u2026<\/p>\n\n\n\n<div class=\"wp-block-image\"><figure class=\"aligncenter size-large is-resized\"><img loading=\"lazy\" decoding=\"async\" src=\"https:\/\/toolless.com\/wp-content\/uploads\/2020\/04\/2.jpg\" alt=\"\" class=\"wp-image-787\" width=\"538\" height=\"245\" srcset=\"https:\/\/toolless.com\/wp-content\/uploads\/2020\/04\/2.jpg 640w, https:\/\/toolless.com\/wp-content\/uploads\/2020\/04\/2-300x137.jpg 300w\" sizes=\"auto, (max-width: 538px) 100vw, 538px\" \/><\/figure><\/div>\n\n\n\n<p class=\"has-text-align-center\">LCD<\/p>\n\n\n\n<div class=\"wp-block-image\"><figure class=\"aligncenter size-large is-resized\"><img loading=\"lazy\" decoding=\"async\" src=\"https:\/\/toolless.com\/wp-content\/uploads\/2020\/04\/3.jpg\" alt=\"\" class=\"wp-image-788\" width=\"500\" height=\"238\" srcset=\"https:\/\/toolless.com\/wp-content\/uploads\/2020\/04\/3.jpg 640w, https:\/\/toolless.com\/wp-content\/uploads\/2020\/04\/3-300x143.jpg 300w\" sizes=\"auto, (max-width: 500px) 100vw, 500px\" \/><\/figure><\/div>\n\n\n\n<p class=\"has-text-align-center\">CI<\/p>\n\n\n\n<div class=\"wp-block-image\"><figure class=\"aligncenter size-full is-resized\"><img loading=\"lazy\" decoding=\"async\" src=\"https:\/\/toolless.com\/wp-content\/uploads\/2020\/04\/4.jpg\" alt=\"\" class=\"wp-image-789\" width=\"503\" height=\"282\" srcset=\"https:\/\/toolless.com\/wp-content\/uploads\/2020\/04\/4.jpg 640w, https:\/\/toolless.com\/wp-content\/uploads\/2020\/04\/4-300x169.jpg 300w\" sizes=\"auto, (max-width: 503px) 100vw, 503px\" \/><\/figure><\/div>\n\n\n\n<p class=\"has-text-align-center\">Connexions<\/p>\n\n\n\n<div class=\"wp-block-image\"><figure class=\"aligncenter size-full\"><img loading=\"lazy\" decoding=\"async\" width=\"640\" height=\"360\" src=\"https:\/\/toolless.com\/wp-content\/uploads\/2020\/04\/5.jpg\" alt=\"\" class=\"wp-image-790\" srcset=\"https:\/\/toolless.com\/wp-content\/uploads\/2020\/04\/5.jpg 640w, https:\/\/toolless.com\/wp-content\/uploads\/2020\/04\/5-300x169.jpg 300w\" sizes=\"auto, (max-width: 640px) 100vw, 640px\" \/><\/figure><\/div>\n\n\n\n<p class=\"has-text-align-center\">Nous sommes flexibles. D\u00e9placez les boutons ou les connexions si n\u00e9cessaire<\/p>\n\n\n\n<div class=\"wp-block-image\"><figure class=\"aligncenter size-large is-resized\"><img loading=\"lazy\" decoding=\"async\" src=\"https:\/\/toolless.com\/wp-content\/uploads\/2020\/04\/2.jpg\" alt=\"\" class=\"wp-image-787\" width=\"538\" height=\"245\" srcset=\"https:\/\/toolless.com\/wp-content\/uploads\/2020\/04\/2.jpg 640w, https:\/\/toolless.com\/wp-content\/uploads\/2020\/04\/2-300x137.jpg 300w\" sizes=\"auto, (max-width: 538px) 100vw, 538px\" \/><\/figure><\/div>\n\n\n\n<h3 class=\"wp-block-heading\">Processus de cotation<\/h3>\n\n\n\n<p>Sur la base des informations fournies dans la pr\u00e9sentation PowerPoint, nous avons identifi\u00e9 quelques param\u00e8tres manquants n\u00e9cessaires pour \u00e9tablir un devis pour le projet :<\/p>\n\n\n\n<ul class=\"wp-block-list\"><li>Type de mat\u00e9riau : \u00e9tant donn\u00e9 qu'il s'agit d'un dispositif m\u00e9dical, nous avons convenu de baser notre devis sur le Boltaron.&nbsp;<a href=\"https:\/\/toolless.com\/wp-content\/uploads\/2020\/04\/Boltaron-4335.pdf\" target=\"_blank\" rel=\"noreferrer noopener\">https:\/\/toolless.com\/Userfiles\/PDF\/Boltaron-4335.pdf<\/a>&nbsp;Ce mat\u00e9riau est sp\u00e9cialement con\u00e7u pour les applications m\u00e9dicales ; il pr\u00e9sente une texture plus lisse, est facile \u00e0 fa\u00e7onner et est disponible en diff\u00e9rentes couleurs.<\/li><li>Quantit\u00e9s : ceci \u00e9tait inconnu au moment du devis, connaissant le domaine de son client et son exp\u00e9rience ; nous avons d\u00e9cid\u00e9 de d\u00e9composer le devis entre 25 et 250 unit\u00e9s, ce qui correspond parfaitement \u00e0 notre processus.<\/li><li>Contraintes de conception : Avec les images fournies, nous avions des informations sur la taille, les composants, les connecteurs et l'emplacement des composants. La seule pr\u00e9occupation de conception concernait les 4 rayons dans les coins. De petits rayons peuvent s'av\u00e9rer une limitation de notre processus ; nous pouvons g\u00e9n\u00e9ralement accueillir tout rayon sup\u00e9rieur \u00e0 1 mm. Apr\u00e8s plusieurs conversations avec notre client, il a \u00e9t\u00e9 d\u00e9cid\u00e9 d'\u00e9liminer le rayon et d'utiliser notre conception \u00e0 clapet, ce qui permettrait \u00e9galement de r\u00e9duire les co\u00fbts.<\/li><\/ul>\n\n\n\n<div class=\"wp-block-image\"><figure class=\"aligncenter size-large is-resized\"><img loading=\"lazy\" decoding=\"async\" src=\"https:\/\/toolless.com\/wp-content\/uploads\/2020\/04\/7.jpg\" alt=\"\" class=\"wp-image-793\" width=\"406\" height=\"370\" srcset=\"https:\/\/toolless.com\/wp-content\/uploads\/2020\/04\/7.jpg 512w, https:\/\/toolless.com\/wp-content\/uploads\/2020\/04\/7-300x273.jpg 300w\" sizes=\"auto, (max-width: 406px) 100vw, 406px\" \/><\/figure><\/div>\n\n\n\n<ul class=\"wp-block-list\"><li>D\u00e9lai de livraison : Notre d\u00e9lai standard de 2 \u00e0 3 semaines pour le prototypage \u00e9tait acceptable pour le client. Cependant, si n\u00e9cessaire, nous aurions pu le r\u00e9aliser plus rapidement.<\/li><li>Estimation : Le devis pr\u00e9liminaire a \u00e9t\u00e9 initi\u00e9 48 heures apr\u00e8s la confirmation d'une conception initiale. Le premier devis est une estimation; le co\u00fbt du projet est r\u00e9vis\u00e9 apr\u00e8s la r\u00e9alisation de la conception et du premier prototype.<\/li><\/ul>\n\n\n\n<h3 class=\"wp-block-heading\">Notre conception<\/h3>\n\n\n\n<p>Il y avait quelques pr\u00e9occupations que nous devions aborder sur ce projet. Notre ing\u00e9nieur a propos\u00e9 une conception pr\u00e9liminaire et a soulev\u00e9 des questions sur la mani\u00e8re de monter le circuit imprim\u00e9 et l'\u00e9cran LCD :<\/p>\n\n\n\n<ul class=\"wp-block-list\"><li>Circuit imprim\u00e9 : La fa\u00e7on la plus courante de monter un circuit imprim\u00e9 avec des trous de montage est d'utiliser nos entretoises en stock et nos inserts filet\u00e9s en laiton. Nous pouvons \u00e9galement le fixer dans des fentes de chaque c\u00f4t\u00e9 du bo\u00eetier. La meilleure option pour cette application \u00e9tait sans aucun doute des entretoises, facilement fix\u00e9es avec des vis 4-40.<\/li><\/ul>\n\n\n\n<div class=\"wp-block-image\"><figure class=\"aligncenter size-large is-resized\"><img loading=\"lazy\" decoding=\"async\" src=\"https:\/\/toolless.com\/wp-content\/uploads\/2020\/04\/8.jpg\" alt=\"\" class=\"wp-image-796\" width=\"420\" height=\"325\" srcset=\"https:\/\/toolless.com\/wp-content\/uploads\/2020\/04\/8.jpg 840w, https:\/\/toolless.com\/wp-content\/uploads\/2020\/04\/8-300x232.jpg 300w, https:\/\/toolless.com\/wp-content\/uploads\/2020\/04\/8-768x593.jpg 768w\" sizes=\"auto, (max-width: 420px) 100vw, 420px\" \/><\/figure><\/div>\n\n\n\n<div class=\"wp-block-image\"><figure class=\"aligncenter size-large is-resized\"><img loading=\"lazy\" decoding=\"async\" src=\"https:\/\/toolless.com\/wp-content\/uploads\/2020\/04\/9.jpg\" alt=\"\" class=\"wp-image-795\" width=\"420\" height=\"325\" srcset=\"https:\/\/toolless.com\/wp-content\/uploads\/2020\/04\/9.jpg 852w, https:\/\/toolless.com\/wp-content\/uploads\/2020\/04\/9-300x232.jpg 300w, https:\/\/toolless.com\/wp-content\/uploads\/2020\/04\/9-768x594.jpg 768w\" sizes=\"auto, (max-width: 420px) 100vw, 420px\" \/><\/figure><\/div>\n\n\n\n<ul class=\"wp-block-list\"><li>ACL : L'ACL aurait pu pr\u00e9senter un d\u00e9fi car il ne poss\u00e8de pas de trous de montage. Mais, gr\u00e2ce \u00e0 la flexibilit\u00e9 de notre processus, nous avons d\u00e9cid\u00e9 d'entailler la surface sup\u00e9rieure de la pi\u00e8ce \u201cen U\u201d sup\u00e9rieure et de cr\u00e9er une encoche pour le c\u00e2ble plat. L'ACL est fix\u00e9 par du ruban adh\u00e9sif double face.<\/li><\/ul>\n\n\n\n<div class=\"wp-block-image\"><figure class=\"aligncenter size-large is-resized\"><img loading=\"lazy\" decoding=\"async\" src=\"https:\/\/toolless.com\/wp-content\/uploads\/2020\/04\/10.jpg\" alt=\"\" class=\"wp-image-797\" width=\"420\" height=\"324\" srcset=\"https:\/\/toolless.com\/wp-content\/uploads\/2020\/04\/10.jpg 761w, https:\/\/toolless.com\/wp-content\/uploads\/2020\/04\/10-300x232.jpg 300w\" sizes=\"auto, (max-width: 420px) 100vw, 420px\" \/><\/figure><\/div>\n\n\n\n<div class=\"wp-block-image\"><figure class=\"aligncenter size-large is-resized\"><img loading=\"lazy\" decoding=\"async\" src=\"https:\/\/toolless.com\/wp-content\/uploads\/2020\/04\/11.jpg\" alt=\"\" class=\"wp-image-794\" width=\"420\" height=\"237\" srcset=\"https:\/\/toolless.com\/wp-content\/uploads\/2020\/04\/11.jpg 616w, https:\/\/toolless.com\/wp-content\/uploads\/2020\/04\/11-300x169.jpg 300w\" sizes=\"auto, (max-width: 420px) 100vw, 420px\" \/><\/figure><\/div>\n\n\n\n<ul class=\"wp-block-list\"><li>Batteries : Nous devions loger une batterie, mais nous ne voulions pas modifier l'\u00e9paisseur totale du bo\u00eetier. Le client avait quelques options de batterie, en tenant compte du fait que les fils devaient se courber autour du circuit imprim\u00e9. Il a opt\u00e9 pour la batterie la plus grande. Nous avons cr\u00e9\u00e9 un l\u00e9ger renfoncement pour assurer un placement constant et utilis\u00e9 du ruban adh\u00e9sif double face pour la maintenir en place.<\/li><\/ul>\n\n\n\n<div class=\"wp-block-image\"><figure class=\"aligncenter size-large is-resized\"><img loading=\"lazy\" decoding=\"async\" src=\"https:\/\/toolless.com\/wp-content\/uploads\/2020\/04\/12-2.jpg\" alt=\"\" class=\"wp-image-799\" width=\"420\" height=\"335\" srcset=\"https:\/\/toolless.com\/wp-content\/uploads\/2020\/04\/12-2.jpg 751w, https:\/\/toolless.com\/wp-content\/uploads\/2020\/04\/12-2-300x238.jpg 300w\" sizes=\"auto, (max-width: 420px) 100vw, 420px\" \/><\/figure><\/div>\n\n\n\n<div class=\"wp-block-image\"><figure class=\"aligncenter size-large is-resized\"><img loading=\"lazy\" decoding=\"async\" src=\"https:\/\/toolless.com\/wp-content\/uploads\/2020\/04\/13.jpg\" alt=\"\" class=\"wp-image-798\" width=\"420\" height=\"378\" srcset=\"https:\/\/toolless.com\/wp-content\/uploads\/2020\/04\/13.jpg 676w, https:\/\/toolless.com\/wp-content\/uploads\/2020\/04\/13-300x269.jpg 300w\" sizes=\"auto, (max-width: 420px) 100vw, 420px\" \/><\/figure><\/div>\n\n\n\n<p>Voici la zone encastr\u00e9e pour accueillir le bo\u00eetier de la batterie :<\/p>\n\n\n\n<div class=\"wp-block-image\"><figure class=\"aligncenter size-large is-resized\"><img loading=\"lazy\" decoding=\"async\" src=\"https:\/\/toolless.com\/wp-content\/uploads\/2020\/04\/14.jpg\" alt=\"\" class=\"wp-image-800\" width=\"420\" height=\"324\" srcset=\"https:\/\/toolless.com\/wp-content\/uploads\/2020\/04\/14.jpg 948w, https:\/\/toolless.com\/wp-content\/uploads\/2020\/04\/14-300x232.jpg 300w, https:\/\/toolless.com\/wp-content\/uploads\/2020\/04\/14-768x594.jpg 768w\" sizes=\"auto, (max-width: 420px) 100vw, 420px\" \/><\/figure><\/div>\n\n\n\n<p>Toutes les d\u00e9coupes ont \u00e9t\u00e9 r\u00e9alis\u00e9es conform\u00e9ment au PCB du client. Un mod\u00e8le 3D fini a \u00e9t\u00e9 fourni au client avant le d\u00e9but de la fabrication pour approbation finale. Il nous a \u00e9galement envoy\u00e9 les composants afin que nous puissions tester l'ajustement du premier article.<\/p>\n\n\n\n<ul class=\"wp-block-list\"><li>Impression num\u00e9rique : Le client a pu fournir diff\u00e9rentes extensions de fichiers pour son logo, telles que des fichiers EPS, PDF et PNG. Notre logiciel d'impression peut ouvrir pratiquement tous les fichiers graphiques.<br>Id\u00e9alement, nous imprimons sur une partie plate avant le pliage. Notre logiciel de CAO peut g\u00e9n\u00e9rer des fichiers DXF que notre imprimante peut ouvrir, ce qui garantit une correspondance parfaite entre la pi\u00e8ce et le fichier. Il nous suffit d'importer le logo du client dans le logiciel de notre imprimante :<\/li><\/ul>\n\n\n\n<div class=\"wp-block-image\"><figure class=\"aligncenter size-large is-resized\"><img loading=\"lazy\" decoding=\"async\" src=\"https:\/\/toolless.com\/wp-content\/uploads\/2020\/04\/15.jpg\" alt=\"\" class=\"wp-image-801\" width=\"420\" height=\"170\" srcset=\"https:\/\/toolless.com\/wp-content\/uploads\/2020\/04\/15.jpg 685w, https:\/\/toolless.com\/wp-content\/uploads\/2020\/04\/15-300x122.jpg 300w\" sizes=\"auto, (max-width: 420px) 100vw, 420px\" \/><\/figure><\/div>\n\n\n\n<p>Deux configurations \u00e9taient n\u00e9cessaires pour imprimer sur deux parties.<\/p>\n\n\n\n<h3 class=\"wp-block-heading\">Avis du client<\/h3>\n\n\n\n<p>Le client \u00e9tait satisfait du r\u00e9sultat mais souhaitait apporter quelques ajustements mineurs. Notre processus permet des modifications apr\u00e8s le prototype et \u00e0 tout moment de la production. Commentaires du client ci-dessous :<\/p>\n\n\n\n<ul class=\"wp-block-list\"><li>Avoir le connecteur USB du c\u00f4t\u00e9 oppos\u00e9 est trop difficile pour nous \u00e0 assembler; il faut plier les plastiques pour le contourner. J'ai maintenant mis toutes les ouvertures d'un c\u00f4t\u00e9. Pouvez-vous modifier votre bo\u00eetier pour que je puisse l'examiner. Faites-moi savoir si vous voulez que j'espacer quoi que ce soit diff\u00e9remment.<\/li><li>Vous avez \u00e9galement imprim\u00e9 le logo. Nous avons maintenant un endroit sp\u00e9cifique o\u00f9 nous voulons le logo; centr\u00e9 en haut (ignorez mon stylo bleu ci-dessous\u202f; vous pouvez utiliser le m\u00eame fichier que la derni\u00e8re fois). Si cela ne convient pas, nous pouvons d\u00e9caler l'\u00e9cran LCD vers le bas\u202f; pouvez-vous r\u00e9gler cela avec Brice ? Notez que les boutons sont sur la gauche. Nous aimerions \u00e9galement imprimer le logo au dos\u202f; pouvez-vous agrandir le logo sur toute la surface arri\u00e8re.<\/li><\/ul>\n\n\n\n<div class=\"wp-block-image\"><figure class=\"aligncenter size-large is-resized\"><img loading=\"lazy\" decoding=\"async\" src=\"https:\/\/toolless.com\/wp-content\/uploads\/2020\/04\/16.jpg\" alt=\"\" class=\"wp-image-802\" width=\"420\" height=\"373\" srcset=\"https:\/\/toolless.com\/wp-content\/uploads\/2020\/04\/16.jpg 578w, https:\/\/toolless.com\/wp-content\/uploads\/2020\/04\/16-300x266.jpg 300w\" sizes=\"auto, (max-width: 420px) 100vw, 420px\" \/><\/figure><\/div>\n\n\n\n<ul class=\"wp-block-list\"><li>Nous aimerions inverser le mat\u00e9riau pour qu'il ait une surface lisse.<\/li><li>Vous avez augment\u00e9 la d\u00e9coupe de l'\u00e9cran LCD d'environ un mm.<\/li><li>J'ai maintenant l'\u00e9cran LCD centr\u00e9 dans le verre, donc l'ouverture que vous avez doit \u00eatre d\u00e9cal\u00e9e de quelques millim\u00e8tres.<\/li><\/ul>\n\n\n\n<div class=\"wp-block-image\"><figure class=\"aligncenter size-large is-resized\"><img loading=\"lazy\" decoding=\"async\" src=\"https:\/\/toolless.com\/wp-content\/uploads\/2020\/04\/17-948x1024.jpg\" alt=\"\" class=\"wp-image-803\" width=\"420\" height=\"454\" srcset=\"https:\/\/toolless.com\/wp-content\/uploads\/2020\/04\/17-948x1024.jpg 948w, https:\/\/toolless.com\/wp-content\/uploads\/2020\/04\/17-278x300.jpg 278w, https:\/\/toolless.com\/wp-content\/uploads\/2020\/04\/17-768x830.jpg 768w, https:\/\/toolless.com\/wp-content\/uploads\/2020\/04\/17.jpg 1048w\" sizes=\"auto, (max-width: 420px) 100vw, 420px\" \/><\/figure><\/div>\n\n\n\n<p>La d\u00e9coupe de l'\u00e9cran n\u00e9cessitait un peu plus d'espace et nous avons d\u00fb agrandir la rainure de quelques millim\u00e8tres sous le micro USB. Nous avons fabriqu\u00e9 un autre prototype pour valider que tous les changements r\u00e9pondaient aux besoins du client.<\/p>\n\n\n\n<div class=\"wp-block-image\"><figure class=\"aligncenter size-large is-resized\"><img loading=\"lazy\" decoding=\"async\" src=\"https:\/\/toolless.com\/wp-content\/uploads\/2020\/04\/18.jpg\" alt=\"\" class=\"wp-image-804\" width=\"420\" height=\"238\" srcset=\"https:\/\/toolless.com\/wp-content\/uploads\/2020\/04\/18.jpg 605w, https:\/\/toolless.com\/wp-content\/uploads\/2020\/04\/18-300x170.jpg 300w\" sizes=\"auto, (max-width: 420px) 100vw, 420px\" \/><\/figure><\/div>\n\n\n\n<p>Conclusion<\/p>\n\n\n\n<p>Apr\u00e8s avoir trait\u00e9 quelques \u00e9chantillons suppl\u00e9mentaires, l'unit\u00e9 est maintenant pr\u00eate pour la production et nous attendons un bon de commande de la part du client. Voici quelques photos du produit final enti\u00e8rement assembl\u00e9.<\/p>\n\n\n\n<div class=\"gb-grid-wrapper gb-grid-wrapper-052a9f9c\">\n<div class=\"gb-grid-column gb-grid-column-11bd5704\"><div class=\"gb-container gb-container-11bd5704\"><div class=\"gb-inside-container\">\n<figure class=\"wp-block-image size-large\"><img loading=\"lazy\" decoding=\"async\" width=\"475\" height=\"632\" src=\"https:\/\/toolless.com\/wp-content\/uploads\/2020\/04\/19.jpg\" alt=\"\" class=\"wp-image-805\" srcset=\"https:\/\/toolless.com\/wp-content\/uploads\/2020\/04\/19.jpg 475w, https:\/\/toolless.com\/wp-content\/uploads\/2020\/04\/19-225x300.jpg 225w\" sizes=\"auto, (max-width: 475px) 100vw, 475px\" \/><\/figure>\n<\/div><\/div><\/div>\n\n\n\n<div class=\"gb-grid-column gb-grid-column-2402c7c1\"><div class=\"gb-container gb-container-2402c7c1\"><div class=\"gb-inside-container\">\n<figure class=\"wp-block-image size-large\"><img loading=\"lazy\" decoding=\"async\" width=\"474\" height=\"631\" src=\"https:\/\/toolless.com\/wp-content\/uploads\/2020\/04\/20.jpg\" alt=\"\" class=\"wp-image-806\" srcset=\"https:\/\/toolless.com\/wp-content\/uploads\/2020\/04\/20.jpg 474w, https:\/\/toolless.com\/wp-content\/uploads\/2020\/04\/20-225x300.jpg 225w\" sizes=\"auto, (max-width: 474px) 100vw, 474px\" \/><\/figure>\n<\/div><\/div><\/div>\n\n\n\n<div class=\"gb-grid-column gb-grid-column-c99ecdc2\"><div class=\"gb-container gb-container-c99ecdc2\"><div class=\"gb-inside-container\">\n<figure class=\"wp-block-image size-large\"><img loading=\"lazy\" decoding=\"async\" width=\"476\" height=\"634\" src=\"https:\/\/toolless.com\/wp-content\/uploads\/2020\/04\/21.jpg\" alt=\"\" class=\"wp-image-807\" srcset=\"https:\/\/toolless.com\/wp-content\/uploads\/2020\/04\/21.jpg 476w, https:\/\/toolless.com\/wp-content\/uploads\/2020\/04\/21-225x300.jpg 225w\" sizes=\"auto, (max-width: 476px) 100vw, 476px\" \/><\/figure>\n<\/div><\/div><\/div>\n<\/div>\n\n\n\n<div class=\"wp-block-image\"><figure class=\"aligncenter size-large is-resized\"><img loading=\"lazy\" decoding=\"async\" src=\"https:\/\/toolless.com\/wp-content\/uploads\/2020\/04\/22-1024x769.jpg\" alt=\"\" class=\"wp-image-808\" width=\"1024\" height=\"769\" srcset=\"https:\/\/toolless.com\/wp-content\/uploads\/2020\/04\/22-1024x769.jpg 1024w, https:\/\/toolless.com\/wp-content\/uploads\/2020\/04\/22-300x225.jpg 300w, https:\/\/toolless.com\/wp-content\/uploads\/2020\/04\/22-768x577.jpg 768w, https:\/\/toolless.com\/wp-content\/uploads\/2020\/04\/22.jpg 1051w\" sizes=\"auto, (max-width: 1024px) 100vw, 1024px\" \/><\/figure><\/div>\n\n\n\n<p>Tous nos projets soul\u00e8vent des d\u00e9fis diff\u00e9rents et des exigences uniques. Je suis tr\u00e8s satisfait de l'approche de mon ing\u00e9nieur face \u00e0 ces probl\u00e8mes. Il les aborde un par un, apporte les modifications n\u00e9cessaires et fait de son mieux pour satisfaire nos clients.<br>Toolless livre de 15 \u00e0 20 nouveaux prototypes par mois, soit en moyenne 7 \u00e0 10 nouveaux clients.<\/p>\n\n\n\n<p>Au plaisir de relever le prochain d\u00e9fi\u2026.<\/p>","protected":false},"excerpt":{"rendered":"<p>Project Name Stivax \/ Solace Medical Device Customer Lincoln Technology SolutionStarting Date: 12 Sep 2017Ready for production: 16 Jan 2018 Customer\u2019s Need During the first phone conversation we discussed our processes to familiarize the customer with our capabilities.&nbsp; He wanted to present a design to his customer and get a rough idea of cost. He &#8230; <\/p>\n<p class=\"read-more-container\"><a title=\"Lincoln Technology Solutions\" class=\"read-more button\" href=\"https:\/\/toolless.com\/fr\/case-studies\/lincoln-technology-solutions\/#more-777\" aria-label=\"Plus sur Lincoln Technology Solutions\">Lire plus<\/a><\/p>","protected":false},"author":1,"featured_media":386,"parent":76,"menu_order":0,"comment_status":"closed","ping_status":"closed","template":"","meta":{"_acf_changed":false,"_seopress_robots_primary_cat":"0","_seopress_titles_title":"Lincoln Technology Solutions","_seopress_titles_desc":"Explore our LCD integration expertise and custom designs for medical devices. Learn how Lincoln Technology Solutions delivered Stivax for Solace!","_seopress_robots_index":"","pgc_sgb_lightbox_settings":"","iawp_total_views":0,"footnotes":""},"page_categories":[],"class_list":{"0":"post-777","1":"page","2":"type-page","3":"status-publish","4":"has-post-thumbnail","6":"infinite-scroll-item"},"acf":[],"_links":{"self":[{"href":"https:\/\/toolless.com\/fr\/wp-json\/wp\/v2\/pages\/777","targetHints":{"allow":["GET"]}}],"collection":[{"href":"https:\/\/toolless.com\/fr\/wp-json\/wp\/v2\/pages"}],"about":[{"href":"https:\/\/toolless.com\/fr\/wp-json\/wp\/v2\/types\/page"}],"author":[{"embeddable":true,"href":"https:\/\/toolless.com\/fr\/wp-json\/wp\/v2\/users\/1"}],"replies":[{"embeddable":true,"href":"https:\/\/toolless.com\/fr\/wp-json\/wp\/v2\/comments?post=777"}],"version-history":[{"count":3,"href":"https:\/\/toolless.com\/fr\/wp-json\/wp\/v2\/pages\/777\/revisions"}],"predecessor-version":[{"id":1034,"href":"https:\/\/toolless.com\/fr\/wp-json\/wp\/v2\/pages\/777\/revisions\/1034"}],"up":[{"embeddable":true,"href":"https:\/\/toolless.com\/fr\/wp-json\/wp\/v2\/pages\/76"}],"wp:featuredmedia":[{"embeddable":true,"href":"https:\/\/toolless.com\/fr\/wp-json\/wp\/v2\/media\/386"}],"wp:attachment":[{"href":"https:\/\/toolless.com\/fr\/wp-json\/wp\/v2\/media?parent=777"}],"wp:term":[{"taxonomy":"page_categories","embeddable":true,"href":"https:\/\/toolless.com\/fr\/wp-json\/wp\/v2\/page_categories?post=777"}],"curies":[{"name":"wp","href":"https:\/\/api.w.org\/{rel}","templated":true}]}}