{"id":74,"date":"2020-04-17T22:49:48","date_gmt":"2020-04-17T22:49:48","guid":{"rendered":"http:\/\/toolless.ed-webdesigns.com\/?page_id=74"},"modified":"2025-01-23T17:57:34","modified_gmt":"2025-01-23T17:57:34","slug":"campagne-kickstarter-boitiers","status":"publish","type":"page","link":"https:\/\/toolless.com\/fr\/kickstarter-campaign-enclosures\/","title":{"rendered":"Campagnes Kickstarter\/Indiegogo"},"content":{"rendered":"<p>Notre proc\u00e9d\u00e9 n\u00e9cessite un investissement minimal car il n'y a pas de moule, pas d'outillage et pas de quantit\u00e9 minimale de commande. Le prototypage sans outillage permet de cr\u00e9er un prototype de qualit\u00e9 avec un budget limit\u00e9 avant d'avoir des investisseurs. Non seulement nous concevons le bo\u00eetier autour du projet, mais nous prenons \u00e9galement en consid\u00e9ration leur budget afin de lancer leur campagne. C'est notre force qui rend les projets d'ing\u00e9nierie et d'entrepreneuriat possibles.&nbsp;<\/p>\n\n\n\n<p>De nombreux clients, pour des projets vari\u00e9s allant de conceptions simples \u00e0 complexes, ont utilis\u00e9 nos services pour lancer leurs produits. Notre \u00e9quipe comprend leurs besoins en conception, leurs contraintes de temps et la n\u00e9cessit\u00e9 de minimiser les co\u00fbts. Toolless concr\u00e9tise leurs concepts. Cette r\u00e9alit\u00e9 transpara\u00eet dans de nombreux projets de nos clients qui ont rejoint les communaut\u00e9s Kickstarter et Indiegogo. En prenant en charge la conception m\u00e9canique, nous aidons les entrepreneurs \u00e0 se concentrer sur leur cr\u00e9ativit\u00e9, ce qui augmente la probabilit\u00e9 de financement.&nbsp;<\/p>\n\n\n\n<p>Quelques bo\u00eetiers personnalis\u00e9s fabriqu\u00e9s par Toolless et pr\u00e9sent\u00e9s sur Kickstarter et Indiegogo :<\/p>\n\n\n\n<p><a href=\"https:\/\/www.kickstarter.com\/\">https:\/\/www.kickstarter.com\/<\/a><\/p>\n\n\n\n<p><a href=\"https:\/\/www.indiegogo.com\/\">https:\/\/www.indiegogo.com\/<\/a><\/p>\n\n\n\n<h4 class=\"wp-block-heading\">T\u00e9moignage Kickstarter :<\/h4>\n\n\n\n<p>\u201cLe projet FlightBox est ma premi\u00e8re incursion dans le mat\u00e9riel, et proposer un bo\u00eetier robuste et bien con\u00e7u \u00e9tait un \u00e9l\u00e9ment essentiel du projet. Nous avions initialement envisag\u00e9 le moulage par injection, mais avec notre volume, le co\u00fbt de l'outillage ne serait jamais r\u00e9cup\u00e9r\u00e9. J'ai d\u00e9couvert Toolless Plastic Solutions en cherchant une alternative abordable. Ils ont g\u00e9r\u00e9 le processus de conversion de notre mod\u00e8le de prototypage \u2013 qui a \u00e9t\u00e9 con\u00e7u pour l'impression 3D \u2013 en un design incroyablement solide et attrayant qui pouvait \u00eatre fabriqu\u00e9 \u00e0 un prix qui correspondait \u00e0 notre budget. Brice et son \u00e9quipe ont \u00e9t\u00e9 r\u00e9actifs, courtois et professionnels tout au long du projet. Il n'a fallu qu'une semaine pour finaliser un design et obtenir un prototype. Ils ont apport\u00e9 un certain nombre de modifications bas\u00e9es sur nos tests, et la production a commenc\u00e9 une semaine plus tard.<\/p>\n\n\n\n<p>La campagne Kickstarter et l'effort de production qui a suivi ont \u00e9t\u00e9 une exp\u00e9rience d'apprentissage incroyable. L'une des le\u00e7ons les plus importantes : trouver les bons partenaires. Toolless Plastics a \u00e9t\u00e9 un excellent partenaire et lorsque nous passerons \u00e0 l'\u00e9tape suivante, nous travaillerons \u00e0 nouveau avec eux.\u201d<\/p>\n\n\n\n<p>Steve Sokol<br>Fondateur \u2013 Open Flight Solutions<br><a target=\"_blank\" href=\"https:\/\/www.kickstarter.com\/projects\/251459606\/flightbox-ads-b-receiver-kit\/description\" rel=\"noreferrer noopener\">Flightbox Kickstarter<\/a><\/p>","protected":false},"excerpt":{"rendered":"<p>Our process requires minimal investment because there\u2019s No Mold, No Tooling, and No minimum order requirement.&nbsp; Toolless makes it possible to create a quality prototype on a tight budget prior to having investors. Not only do we design the enclosure around the project, but we also take into consideration their budget in order to kick &#8230; <\/p>\n<p class=\"read-more-container\"><a title=\"Campagnes Kickstarter\/Indiegogo\" class=\"read-more button\" href=\"https:\/\/toolless.com\/fr\/kickstarter-campaign-enclosures\/#more-74\" aria-label=\"Plus sur Kickstarter\/Indigogo Campaigns\">Lire plus<\/a><\/p>","protected":false},"author":1,"featured_media":295,"parent":0,"menu_order":0,"comment_status":"closed","ping_status":"closed","template":"","meta":{"_acf_changed":false,"_seopress_robots_primary_cat":"","_seopress_titles_title":"Affordable Toolless Enclosures for Kickstarter and Indiegogo","_seopress_titles_desc":"Create quality prototypes on a budget with Toolless. No mold, no tooling, and no minimum orders required. Perfect for Kickstarter & Indiegogo campaigns!","_seopress_robots_index":"","pgc_sgb_lightbox_settings":"","iawp_total_views":0,"footnotes":""},"page_categories":[],"class_list":{"0":"post-74","1":"page","2":"type-page","3":"status-publish","4":"has-post-thumbnail","6":"infinite-scroll-item"},"acf":[],"_links":{"self":[{"href":"https:\/\/toolless.com\/fr\/wp-json\/wp\/v2\/pages\/74","targetHints":{"allow":["GET"]}}],"collection":[{"href":"https:\/\/toolless.com\/fr\/wp-json\/wp\/v2\/pages"}],"about":[{"href":"https:\/\/toolless.com\/fr\/wp-json\/wp\/v2\/types\/page"}],"author":[{"embeddable":true,"href":"https:\/\/toolless.com\/fr\/wp-json\/wp\/v2\/users\/1"}],"replies":[{"embeddable":true,"href":"https:\/\/toolless.com\/fr\/wp-json\/wp\/v2\/comments?post=74"}],"version-history":[{"count":2,"href":"https:\/\/toolless.com\/fr\/wp-json\/wp\/v2\/pages\/74\/revisions"}],"predecessor-version":[{"id":985,"href":"https:\/\/toolless.com\/fr\/wp-json\/wp\/v2\/pages\/74\/revisions\/985"}],"wp:featuredmedia":[{"embeddable":true,"href":"https:\/\/toolless.com\/fr\/wp-json\/wp\/v2\/media\/295"}],"wp:attachment":[{"href":"https:\/\/toolless.com\/fr\/wp-json\/wp\/v2\/media?parent=74"}],"wp:term":[{"taxonomy":"page_categories","embeddable":true,"href":"https:\/\/toolless.com\/fr\/wp-json\/wp\/v2\/page_categories?post=74"}],"curies":[{"name":"wp","href":"https:\/\/api.w.org\/{rel}","templated":true}]}}