{"id":72,"date":"2020-04-17T22:49:31","date_gmt":"2020-04-17T22:49:31","guid":{"rendered":"http:\/\/toolless.ed-webdesigns.com\/?page_id=72"},"modified":"2025-01-23T17:54:44","modified_gmt":"2025-01-23T17:54:44","slug":"programme-de-commandes-globales","status":"publish","type":"page","link":"https:\/\/toolless.com\/fr\/blanket-order-program\/","title":{"rendered":"Programme de commandes globales"},"content":{"rendered":"<h3 class=\"wp-block-heading\">Besoin de production en volume? Toolless peut vous aider avec une commande globale<\/h3>\n\n\n\n<div class=\"wp-block-image\"><figure class=\"alignleft size-large\"><img loading=\"lazy\" decoding=\"async\" width=\"300\" height=\"200\" src=\"https:\/\/toolless.com\/wp-content\/uploads\/2020\/04\/DSC03634-1.jpg\" alt=\"Commande cadre\" class=\"wp-image-983\"\/><\/figure><\/div>\n\n\n\n<p>Chez Toolless Plastic Solutions, nous sommes sp\u00e9cialis\u00e9s non seulement dans les prototypes et les petites s\u00e9ries, mais nous travaillons \u00e9galement avec de nombreuses entreprises pour leurs<strong>\u00a0production en s\u00e9rie<\/strong>\u00a0ex\u00e9cute. Notre flexibilit\u00e9 et notre expertise nous donnent la capacit\u00e9 de r\u00e9aliser des productions de faibles \u00e0 moyennes ampleurs sans le risque financier li\u00e9 \u00e0 la d\u00e9tention de stocks. De plus, en passant une commande globale, nous sommes en mesure de r\u00e9pondre \u00e0 vos besoins planifi\u00e9s. Pour une commande en gros volume (10-5000 unit\u00e9s), nous pouvons vous offrir des tarifs de volume et vous faire b\u00e9n\u00e9ficier de ces \u00e9conomies. Afin de tirer parti de notre production en volume, vous pouvez d\u00e9cider de la m\u00e9thode qui convient le mieux \u00e0 votre entreprise. Obtenez un prix unitaire de moulage par injection sans les frais de moule ou d'outillage.<\/p>\n\n\n\n<p><\/p>\n\n\n\n<ul class=\"wp-block-list\"><li>Commande unique importante<\/li><li>Accords de r\u00e9approvisionnement (Commande\/R\u00e9approvisionnement tout au long de l'ann\u00e9e)<\/li><li>Commandes\/Exp\u00e9ditions planifi\u00e9es (Commande cadre)<\/li><\/ul>\n\n\n\n<h4 class=\"wp-block-heading\">Grandes commandes uniques<\/h4>\n\n\n\n<p>Commandez votre montant total pour la production en volume au moment o\u00f9 vous en avez besoin. Dans cette optique, le d\u00e9lai de livraison sera de trois semaines apr\u00e8s r\u00e9ception de la commande. Par cons\u00e9quent, en fonction de la complexit\u00e9 de votre bo\u00eetier, Toolless a la capacit\u00e9 de fabriquer jusqu'\u00e0 5000 unit\u00e9s en temps voulu. Demandez \u00e0 notre service commercial de vous \u00e9tablir un devis pour les s\u00e9ries de production afin de b\u00e9n\u00e9ficier de nos prix d\u00e9gressifs.<\/p>\n\n\n\n<h4 class=\"wp-block-heading\">R\u00e9organisation des accords<\/h4>\n\n\n\n<p>Nous travaillons selon votre calendrier pour assurer la disponibilit\u00e9 des produits avec un d\u00e9lai de livraison minimal. Un accord de r\u00e9approvisionnement peut \u00eatre mis en place pour vous offrir des d\u00e9lais de livraison plus courts sur les r\u00e9approvisionnements et une priorit\u00e9 de production sur les nouvelles commandes.<\/p>\n\n\n\n<h4 class=\"wp-block-heading\">Commandes\/Exp\u00e9ditions programm\u00e9es<\/h4>\n\n\n\n<p>D\u00e9finissez votre programme principal pour des livraisons trimestrielles, mensuelles, annuelles ou semestrielles, afin de faciliter la gestion des produits. Cela permet \u00e0 votre entreprise de maintenir des produits en stock sans avoir \u00e0 supporter les co\u00fbts de possession des stocks.<\/p>\n\n\n\n<p><a href=\"\/fr\/nous-contacter\/\">Contactez-nous d\u00e8s aujourd'hui<\/a>, Toolless serait heureux de vous fournir un devis pour tous vos projets.<\/p>","protected":false},"excerpt":{"rendered":"<p>Need Volume Production? Toolless can help with Blanket Order At Toolless Plastic Solutions, we not only specialize in prototypes and small runs, but we also work with many companies for their\u00a0volume production\u00a0runs. Our flexibility and expertise give us the ability to run\u00a0low to medium production runs\u00a0without the financial risk of carrying inventory. Furthermore, by placing &#8230; <\/p>\n<p class=\"read-more-container\"><a title=\"Programme de commandes globales\" class=\"read-more button\" href=\"https:\/\/toolless.com\/fr\/blanket-order-program\/#more-72\" aria-label=\"Plus sur Blanket Order Program\">Lire plus<\/a><\/p>","protected":false},"author":1,"featured_media":386,"parent":0,"menu_order":0,"comment_status":"closed","ping_status":"closed","template":"","meta":{"_acf_changed":false,"_seopress_robots_primary_cat":"","_seopress_titles_title":"Blanket Order Program - Toolless Plastic Solutions","_seopress_titles_desc":"Need Volume Production? Toolless can help. At Toolless Plastic Solutions we can work with you on blanket order production schedules.","_seopress_robots_index":"","pgc_sgb_lightbox_settings":"","iawp_total_views":0,"footnotes":""},"page_categories":[],"class_list":{"0":"post-72","1":"page","2":"type-page","3":"status-publish","4":"has-post-thumbnail","6":"infinite-scroll-item"},"acf":[],"_links":{"self":[{"href":"https:\/\/toolless.com\/fr\/wp-json\/wp\/v2\/pages\/72","targetHints":{"allow":["GET"]}}],"collection":[{"href":"https:\/\/toolless.com\/fr\/wp-json\/wp\/v2\/pages"}],"about":[{"href":"https:\/\/toolless.com\/fr\/wp-json\/wp\/v2\/types\/page"}],"author":[{"embeddable":true,"href":"https:\/\/toolless.com\/fr\/wp-json\/wp\/v2\/users\/1"}],"replies":[{"embeddable":true,"href":"https:\/\/toolless.com\/fr\/wp-json\/wp\/v2\/comments?post=72"}],"version-history":[{"count":4,"href":"https:\/\/toolless.com\/fr\/wp-json\/wp\/v2\/pages\/72\/revisions"}],"predecessor-version":[{"id":1590,"href":"https:\/\/toolless.com\/fr\/wp-json\/wp\/v2\/pages\/72\/revisions\/1590"}],"wp:featuredmedia":[{"embeddable":true,"href":"https:\/\/toolless.com\/fr\/wp-json\/wp\/v2\/media\/386"}],"wp:attachment":[{"href":"https:\/\/toolless.com\/fr\/wp-json\/wp\/v2\/media?parent=72"}],"wp:term":[{"taxonomy":"page_categories","embeddable":true,"href":"https:\/\/toolless.com\/fr\/wp-json\/wp\/v2\/page_categories?post=72"}],"curies":[{"name":"wp","href":"https:\/\/api.w.org\/{rel}","templated":true}]}}