{"id":68,"date":"2020-04-17T22:48:43","date_gmt":"2020-04-17T22:48:43","guid":{"rendered":"http:\/\/toolless.ed-webdesigns.com\/?page_id=68"},"modified":"2025-01-23T17:54:39","modified_gmt":"2025-01-23T17:54:39","slug":"delai-de-livraison-rapide","status":"publish","type":"page","link":"https:\/\/toolless.com\/fr\/quick-turnaround\/","title":{"rendered":"D\u00e9lai d'ex\u00e9cution rapide"},"content":{"rendered":"<h1 class=\"wp-block-heading\">Parcs d'activit\u00e9s pour se d\u00e9fouler rapidement<\/h1>\n\n\n\n<p>De la conception \u00e0 la production en quelques semaines ! Le proc\u00e9d\u00e9 de fabrication plastique sans outillage vous permet de cr\u00e9er des bo\u00eetiers en plastique personnalis\u00e9s. Nous le faisons en quelques semaines, pas en quelques mois. Et, comme nous n'utilisons ni moules ni outillage, les modifications de votre conception sont rapides et faciles. Nos ing\u00e9nieurs internes sont capables d'apporter des changements mineurs en une journ\u00e9e pour un co\u00fbt minime, sans avoir \u00e0 modifier un moule ni \u00e0 r\u00e9aliser un nouveau prototype.<\/p>\n\n\n\n<p>Lorsque vous avez besoin d'un bo\u00eetier en plastique rapide et de qualit\u00e9, Toolless Plastic Solutions est l\u00e0. Nous pouvons recevoir votre conception et vous proposer un devis sous 48 heures. Une fois le devis accept\u00e9, nous passons \u00e0 la phase de prototypage qui prend g\u00e9n\u00e9ralement 1 \u00e0 2 semaines. Le temps n\u00e9cessaire d\u00e9pend des difficult\u00e9s de chaque conception de bo\u00eetier.<\/p>\n\n\n\n<p>Le processus de fabrication prend ensuite deux semaines ou plus, en fonction du volume de la demande dans l'atelier. Au final, vous obtenez un bo\u00eetier en plastique simple et rapide. Le tout est flexible, abordable et r\u00e9pond \u00e0 vos besoins de d\u00e9lais d'ex\u00e9cution rapides.<\/p>\n\n\n\n<p>Gr\u00e2ce \u00e0 notre proc\u00e9d\u00e9, nous transformons votre bo\u00eetier de la conception, \u00e0 la mod\u00e9lisation 3D, au prototype, \u00e0 la fabrication plus rapidement que tout autre proc\u00e9d\u00e9. Veuillez cliquer sur l'une des images ci-dessous pour voir une galerie de nos bo\u00eetiers pr\u00e9c\u00e9dents.<\/p>\n\n\n<div class=\"gb-grid-wrapper gb-grid-wrapper-0b907aac\">\n<div class=\"gb-grid-column gb-grid-column-1269cf39\"><div class=\"gb-container gb-container-1269cf39\"><div class=\"gb-inside-container\">\n\n<p>Conception -&gt;<\/p>\n\n\n\n<figure class=\"wp-block-image size-large\"><a href=\"\/fr\/custom-plastic-enclosures-gallery\/\"><img loading=\"lazy\" decoding=\"async\" width=\"200\" height=\"133\" src=\"https:\/\/toolless.com\/wp-content\/uploads\/2020\/04\/DSC03604.jpg\" alt=\"\" class=\"wp-image-964\"\/><\/a><\/figure>\n\n<\/div><\/div><\/div>\n\n<div class=\"gb-grid-column gb-grid-column-22e1d84e\"><div class=\"gb-container gb-container-22e1d84e\"><div class=\"gb-inside-container\">\n\n<p>Mod\u00e8le 3D<\/p>\n\n\n\n<figure class=\"wp-block-image size-large\"><a href=\"\/fr\/custom-plastic-enclosures-gallery\/\"><img loading=\"lazy\" decoding=\"async\" width=\"200\" height=\"133\" src=\"https:\/\/toolless.com\/wp-content\/uploads\/2020\/04\/DSC03614.jpg\" alt=\"\" class=\"wp-image-965\"\/><\/a><\/figure>\n\n<\/div><\/div><\/div>\n\n<div class=\"gb-grid-column gb-grid-column-dd4ae233\"><div class=\"gb-container gb-container-dd4ae233\"><div class=\"gb-inside-container\">\n\n<p>Prototype<\/p>\n\n\n\n<figure class=\"wp-block-image size-large\"><a href=\"\/fr\/custom-plastic-enclosures-gallery\/\"><img loading=\"lazy\" decoding=\"async\" width=\"200\" height=\"133\" src=\"https:\/\/toolless.com\/wp-content\/uploads\/2020\/04\/DSC03634.jpg\" alt=\"\" class=\"wp-image-966\"\/><\/a><\/figure>\n\n<\/div><\/div><\/div>\n\n<div class=\"gb-grid-column gb-grid-column-997a3c3e\"><div class=\"gb-container gb-container-997a3c3e\"><div class=\"gb-inside-container\">\n\n<p>Fabrication<\/p>\n\n\n\n<figure class=\"wp-block-image size-large\"><a href=\"\/fr\/custom-plastic-enclosures-gallery\/\"><img loading=\"lazy\" decoding=\"async\" width=\"200\" height=\"133\" src=\"https:\/\/toolless.com\/wp-content\/uploads\/2020\/04\/DSC03643.jpg\" alt=\"\" class=\"wp-image-967\"\/><\/a><\/figure>\n\n<\/div><\/div><\/div>\n<\/div>\n\n\n<p>Chez Toolless Plastic Solutions, nous nous effor\u00e7ons chaque jour d'am\u00e9liorer la qualit\u00e9, les d\u00e9lais et les prix de nos services.<\/p>\n\n\n\n<p>Parcourez nos&nbsp;<a href=\"\/fr\/boitiers-en-plastique-standard\/\">page d'enclosures standard<\/a>&nbsp;pour des solutions rapides \u00e0 vos besoins en bo\u00eetiers plastiques.<\/p>\n\n\n\n<p>Si vous souhaitez en savoir plus&nbsp;<a href=\"\/fr\/nous-contacter\/\">nous contacter<\/a>&nbsp;aujourd'hui.<\/p>","protected":false},"excerpt":{"rendered":"<p>Enclosures To Turn Around Quickly From design to production in a mater of weeks! The Toolless plastic manufacturing process allows you to create custom plastic enclosures. We do it in weeks, not months. And, because we do not use molds or tooling, modifications to your design are quick and easy.&nbsp;Our in-house engineers are able to &#8230; <\/p>\n<p class=\"read-more-container\"><a title=\"D\u00e9lai d&#039;ex\u00e9cution rapide\" class=\"read-more button\" href=\"https:\/\/toolless.com\/fr\/quick-turnaround\/#more-68\" aria-label=\"Plus sur Fast Turnaround\">Lire plus<\/a><\/p>","protected":false},"author":1,"featured_media":1006,"parent":0,"menu_order":0,"comment_status":"closed","ping_status":"closed","template":"","meta":{"_acf_changed":false,"_seopress_robots_primary_cat":"","_seopress_titles_title":"Quick Custom Plastic Enclosures - Fast Turnaround Solutions","_seopress_titles_desc":"From design to production in a mater of weeks. Make enclosure is a simple process with the technologies and the know-how that we have. It would not","_seopress_robots_index":"","pgc_sgb_lightbox_settings":"","iawp_total_views":0,"footnotes":""},"page_categories":[],"class_list":{"0":"post-68","1":"page","2":"type-page","3":"status-publish","4":"has-post-thumbnail","6":"infinite-scroll-item"},"acf":[],"_links":{"self":[{"href":"https:\/\/toolless.com\/fr\/wp-json\/wp\/v2\/pages\/68","targetHints":{"allow":["GET"]}}],"collection":[{"href":"https:\/\/toolless.com\/fr\/wp-json\/wp\/v2\/pages"}],"about":[{"href":"https:\/\/toolless.com\/fr\/wp-json\/wp\/v2\/types\/page"}],"author":[{"embeddable":true,"href":"https:\/\/toolless.com\/fr\/wp-json\/wp\/v2\/users\/1"}],"replies":[{"embeddable":true,"href":"https:\/\/toolless.com\/fr\/wp-json\/wp\/v2\/comments?post=68"}],"version-history":[{"count":4,"href":"https:\/\/toolless.com\/fr\/wp-json\/wp\/v2\/pages\/68\/revisions"}],"predecessor-version":[{"id":2957,"href":"https:\/\/toolless.com\/fr\/wp-json\/wp\/v2\/pages\/68\/revisions\/2957"}],"wp:featuredmedia":[{"embeddable":true,"href":"https:\/\/toolless.com\/fr\/wp-json\/wp\/v2\/media\/1006"}],"wp:attachment":[{"href":"https:\/\/toolless.com\/fr\/wp-json\/wp\/v2\/media?parent=68"}],"wp:term":[{"taxonomy":"page_categories","embeddable":true,"href":"https:\/\/toolless.com\/fr\/wp-json\/wp\/v2\/page_categories?post=68"}],"curies":[{"name":"wp","href":"https:\/\/api.w.org\/{rel}","templated":true}]}}