{"id":66,"date":"2020-04-17T22:48:24","date_gmt":"2020-04-17T22:48:24","guid":{"rendered":"http:\/\/toolless.ed-webdesigns.com\/?page_id=66"},"modified":"2025-01-23T17:54:34","modified_gmt":"2025-01-23T17:54:34","slug":"haute-qualite","status":"publish","type":"page","link":"https:\/\/toolless.com\/fr\/high-quality\/","title":{"rendered":"Bo\u00eetiers en plastique de haute qualit\u00e9"},"content":{"rendered":"<p>Notre objectif est de r\u00e9pondre aux besoins et aux exigences de nos clients dans la mesure du possible. En tant que fournisseur de bo\u00eetiers en plastique sur mesure, nous mettons \u00e0 votre disposition une \u00e9quipe d'ing\u00e9nieurs capables de faire de votre projet une r\u00e9alit\u00e9. Toolless Plastic Solutions emploie des concepteurs et des ing\u00e9nieurs m\u00e9caniques exp\u00e9riment\u00e9s qui d\u00e9veloppent de nouvelles conceptions de bo\u00eetiers en plastique ou modifient celles qui existent d\u00e9j\u00e0. De plus, en raison du caract\u00e8re unique de notre processus de fabrication du plastique, notre \u00e9quipe d'ing\u00e9nieurs travaille directement avec votre entreprise au cours de la phase de conception pr\u00e9liminaire. Cela permet d'\u00e9liminer les probl\u00e8mes futurs, de r\u00e9duire les d\u00e9lais et d'am\u00e9liorer la qualit\u00e9 globale des bo\u00eetiers en plastique.<\/p>\n\n\n\n<p>Afin d'offrir la plus grande vari\u00e9t\u00e9 de possibilit\u00e9s de conception pour le d\u00e9veloppement de bo\u00eetiers en plastique, nous utilisons SolidWorks comme principal outil de conception. L'utilisation de ce programme sophistiqu\u00e9 permet \u00e0 nos ing\u00e9nieurs de puiser dans notre propre biblioth\u00e8que de conceptions et de mod\u00e8les pour cr\u00e9er un mod\u00e8le 3D complet de SolidWorks. Ensuite, \u00e0 l'aide du logiciel et de programmes d'automatisation sp\u00e9cialement con\u00e7us, nous pouvons d\u00e9velopper davantage les conceptions d\u00e9taill\u00e9es et les fichiers de fabrication n\u00e9cessaires pour fabriquer les panneaux des bo\u00eetiers en plastique. Nous fournissons \u00e9galement les mod\u00e8les 3D dans plusieurs extensions (prt. Igs. stp. stl. sldprt.) afin que vous puissiez voir \u00e0 quoi ressemblera votre produit.<\/p>\n\n\n\n<p>Enfin, en raison des courts d\u00e9lais de fabrication de nos bo\u00eetiers en plastique, nous avons organis\u00e9 notre service d'ing\u00e9nierie selon une configuration matricielle interfonctionnelle. Dans cette structure, chaque projet est attribu\u00e9 \u00e0 un ing\u00e9nieur individuel qui est notre \u201cchef de projet\u201d interne, responsable de la r\u00e9ussite de la conception du bo\u00eetier en plastique jusqu'\u00e0 la livraison.<\/p>\n\n\n\n<p>Si vous souhaitez en savoir plus&nbsp;<a href=\"\/fr\/nous-contacter\/\">nous contacter<\/a>&nbsp;aujourd'hui.<\/p>","protected":false},"excerpt":{"rendered":"<p>Our goal is to accommodate our customers&#8217; needs and requirements whenever possible. As a supplier of custom plastic enclosures, we provide an engineering staff that is able to make your design a reality. Toolless Plastic Solutions employs experienced designers and mechanical engineers who develop new or modify existing plastic enclosure designs. Furthermore, due to the &#8230; <\/p>\n<p class=\"read-more-container\"><a title=\"Bo\u00eetiers en plastique de haute qualit\u00e9\" class=\"read-more button\" href=\"https:\/\/toolless.com\/fr\/high-quality\/#more-66\" aria-label=\"Plus sur High Quality Plastic Enclosures\">Lire plus<\/a><\/p>","protected":false},"author":1,"featured_media":1004,"parent":0,"menu_order":0,"comment_status":"closed","ping_status":"closed","template":"","meta":{"_acf_changed":false,"_seopress_robots_primary_cat":"","_seopress_titles_title":"Custom Plastic Enclosures - Tailored Design & Quick Turnaround","_seopress_titles_desc":"Toolless know-how will assure you the highest quality in the market. Toolless experience and know-how will allow you to create the project that you","_seopress_robots_index":"","pgc_sgb_lightbox_settings":"","iawp_total_views":0,"footnotes":""},"page_categories":[],"class_list":{"0":"post-66","1":"page","2":"type-page","3":"status-publish","4":"has-post-thumbnail","6":"infinite-scroll-item"},"acf":[],"_links":{"self":[{"href":"https:\/\/toolless.com\/fr\/wp-json\/wp\/v2\/pages\/66","targetHints":{"allow":["GET"]}}],"collection":[{"href":"https:\/\/toolless.com\/fr\/wp-json\/wp\/v2\/pages"}],"about":[{"href":"https:\/\/toolless.com\/fr\/wp-json\/wp\/v2\/types\/page"}],"author":[{"embeddable":true,"href":"https:\/\/toolless.com\/fr\/wp-json\/wp\/v2\/users\/1"}],"replies":[{"embeddable":true,"href":"https:\/\/toolless.com\/fr\/wp-json\/wp\/v2\/comments?post=66"}],"version-history":[{"count":3,"href":"https:\/\/toolless.com\/fr\/wp-json\/wp\/v2\/pages\/66\/revisions"}],"predecessor-version":[{"id":1005,"href":"https:\/\/toolless.com\/fr\/wp-json\/wp\/v2\/pages\/66\/revisions\/1005"}],"wp:featuredmedia":[{"embeddable":true,"href":"https:\/\/toolless.com\/fr\/wp-json\/wp\/v2\/media\/1004"}],"wp:attachment":[{"href":"https:\/\/toolless.com\/fr\/wp-json\/wp\/v2\/media?parent=66"}],"wp:term":[{"taxonomy":"page_categories","embeddable":true,"href":"https:\/\/toolless.com\/fr\/wp-json\/wp\/v2\/page_categories?post=66"}],"curies":[{"name":"wp","href":"https:\/\/api.w.org\/{rel}","templated":true}]}}