{"id":62,"date":"2020-04-17T22:46:52","date_gmt":"2020-04-17T22:46:52","guid":{"rendered":"http:\/\/toolless.ed-webdesigns.com\/?page_id=62"},"modified":"2020-05-01T17:56:13","modified_gmt":"2020-05-01T17:56:13","slug":"creatif","status":"publish","type":"page","link":"https:\/\/toolless.com\/fr\/creative\/","title":{"rendered":"Processus de conception cr\u00e9ative"},"content":{"rendered":"<p>Toolless propose des services de conception de bo\u00eetiers en plastique extraordinaires.<\/p>\n\n\n\n<p>Si l'esth\u00e9tique est une priorit\u00e9, Toolless fabriquera un bo\u00eetier en plastique d'aspect agr\u00e9able qui r\u00e9pondra \u00e0 vos sp\u00e9cifications.<\/p>\n\n\n\n<p>Nos technologies permettent \u00e0 Toolless de r\u00e9aliser des lignes droites \u00e0 des formes courbes ; nous avons la technologie pour vous aider \u00e0 transformer votre conception, de la planche \u00e0 dessin au produit fini.&nbsp;<\/p>\n\n\n\n<ul class=\"wp-block-list\"><li>Lorsque votre bo\u00eetier plastique sera pr\u00eat \u00e0 passer \u00e0 l'\u00e9tape suivante, envoyez-nous votre dessin et nous le modifierons avec vous.<\/li><li>Avez-vous besoin d'un bo\u00eetier en plastique pour une carte de circuit imprim\u00e9, un \u00e9cran LCD, une batterie, des connecteurs, une pompe, etc. ?<br>Appelez-nous et nous vous aiderons tout au long du processus.<\/li><\/ul>\n\n\n\n<p>Les bo\u00eetiers en plastique des clients pr\u00e9c\u00e9dents comprennent des \u00e9quipements de laboratoire m\u00e9dical, des bo\u00eetiers de contr\u00f4le industriels, des appareils de t\u00e9l\u00e9communication, des p\u00e9riph\u00e9riques informatiques commerciaux, des composants de s\u00e9curit\u00e9 et des unit\u00e9s d'affichage de points de vente.<\/p>\n\n\n\n<p>Gr\u00e2ce \u00e0 cette vaste exp\u00e9rience dans la fabrication de bo\u00eetiers en plastique, Toolless Plastic Solutions peut vous aider \u00e0 concr\u00e9tiser votre conception, ou \u00e0 en cr\u00e9er une nouvelle qui non seulement r\u00e9pond \u00e0 vos besoins, mais qui est aussi esth\u00e9tique.<\/p>\n\n\n\n<p>Parcourez nos&nbsp;<a href=\"\/fr\/custom-plastic-enclosures-gallery\/\">pages de galerie<\/a>&nbsp;pour des solutions cr\u00e9atives pour r\u00e9pondre \u00e0 vos besoins en mati\u00e8re de bo\u00eetiers.<\/p>\n\n\n\n<p>Si vous souhaitez en savoir plus&nbsp;<a href=\"https:\/\/toolless.com\/fr\/contact-us.aspx\/\">contenu<\/a><a href=\"\/fr\/nous-contacter\/\">agissez comme nous aujourd'hui.<\/a><\/p>","protected":false},"excerpt":{"rendered":"<p>Toolless offers extraordinary plastic enclosure design services. If aesthetics is a priority, Toolless will make a nice looking plastic enclosure that meets your specifications. Our technologies allow Toolless to make straight lines to curved shapes, we have the technology to help you bring your design from the drawing board into a complete product.&nbsp; When your &#8230; <\/p>\n<p class=\"read-more-container\"><a title=\"Processus de conception cr\u00e9ative\" class=\"read-more button\" href=\"https:\/\/toolless.com\/fr\/creative\/#more-62\" aria-label=\"Plus sur Creative Design Process\">Lire plus<\/a><\/p>","protected":false},"author":1,"featured_media":1000,"parent":0,"menu_order":0,"comment_status":"closed","ping_status":"closed","template":"","meta":{"_acf_changed":false,"_seopress_robots_primary_cat":"0","_seopress_titles_title":"Elegant Plastic Enclosure Designs by Toolless","_seopress_titles_desc":"Toolless offers expert plastic enclosure design services. From aesthetic designs to complex shapes, we bring your ideas to life. Contact us today!","_seopress_robots_index":"","pgc_sgb_lightbox_settings":"","iawp_total_views":0,"footnotes":""},"page_categories":[],"class_list":{"0":"post-62","1":"page","2":"type-page","3":"status-publish","4":"has-post-thumbnail","6":"infinite-scroll-item"},"acf":[],"_links":{"self":[{"href":"https:\/\/toolless.com\/fr\/wp-json\/wp\/v2\/pages\/62","targetHints":{"allow":["GET"]}}],"collection":[{"href":"https:\/\/toolless.com\/fr\/wp-json\/wp\/v2\/pages"}],"about":[{"href":"https:\/\/toolless.com\/fr\/wp-json\/wp\/v2\/types\/page"}],"author":[{"embeddable":true,"href":"https:\/\/toolless.com\/fr\/wp-json\/wp\/v2\/users\/1"}],"replies":[{"embeddable":true,"href":"https:\/\/toolless.com\/fr\/wp-json\/wp\/v2\/comments?post=62"}],"version-history":[{"count":3,"href":"https:\/\/toolless.com\/fr\/wp-json\/wp\/v2\/pages\/62\/revisions"}],"predecessor-version":[{"id":1001,"href":"https:\/\/toolless.com\/fr\/wp-json\/wp\/v2\/pages\/62\/revisions\/1001"}],"wp:featuredmedia":[{"embeddable":true,"href":"https:\/\/toolless.com\/fr\/wp-json\/wp\/v2\/media\/1000"}],"wp:attachment":[{"href":"https:\/\/toolless.com\/fr\/wp-json\/wp\/v2\/media?parent=62"}],"wp:term":[{"taxonomy":"page_categories","embeddable":true,"href":"https:\/\/toolless.com\/fr\/wp-json\/wp\/v2\/page_categories?post=62"}],"curies":[{"name":"wp","href":"https:\/\/api.w.org\/{rel}","templated":true}]}}