{"id":604,"date":"2020-04-28T20:08:17","date_gmt":"2020-04-28T20:08:17","guid":{"rendered":"http:\/\/toolless.ed-webdesigns.com\/?page_id=604"},"modified":"2020-05-01T18:08:40","modified_gmt":"2020-05-01T18:08:40","slug":"enclosures-de-kiosques","status":"publish","type":"page","link":"https:\/\/toolless.com\/fr\/enclosures-gallery\/kiosk-enclosures\/","title":{"rendered":"Enceintes de kiosques"},"content":{"rendered":"<div class=\"gb-button-wrapper gb-button-wrapper-f78636c5\">\n<a class=\"gb-button gb-button-975c5176 button\" href=\"\/fr\/galerie-des-fermetures\/\"><span class=\"button-text\">Retour \u00e0 la liste<\/span><\/a>\n<\/div>\n\n\n\n<h2 class=\"heading-border wp-block-heading\">Enceintes de kiosques<\/h2>\n\n\n\n<p>Mat\u00e9riel bancaire, point de vente, il n'y a pas de limite \u00e0 ce que Toolless peut fabriquer. Selon la taille du kiosque, Toolless peut combiner des pi\u00e8ces pour fabriquer des bo\u00eetiers aussi grands que vous le souhaitez. Nous utilisons g\u00e9n\u00e9ralement un cadre m\u00e9tallique pour renforcer le bo\u00eetier, et le logeons avec nos pi\u00e8ces en plastique. Des courbes aux lignes droites, la technologie ing\u00e9nieuse de Toolless, sans moule ni outillage, peut vous aider \u00e0 concevoir des kiosques avec cr\u00e9ativit\u00e9 et \u00e0 fabriquer un bo\u00eetier accrocheur.<\/p>\n\n\n\n<h2 class=\"heading-border wp-block-heading\">Galerie<\/h2>\n\n\n<div id=\"thumbnail-gallery\">\n  <div id=\"panel\">\n\t<img decoding=\"async\" id=\"largeImage\" src=\"https:\/\/toolless.com\/wp-content\/uploads\/2020\/04\/005-AL-VDV-EKS2-2.jpg\" alt=\"\" \/>\n  <\/div>\n  <div id=\"thumbs\">\n        \t\t<img decoding=\"async\" src=\"https:\/\/toolless.com\/wp-content\/uploads\/2020\/04\/005-AL-VDV-EKS2-2.jpg\" alt=\"\" \/>\n\t\t\t\t<img decoding=\"async\" src=\"https:\/\/toolless.com\/wp-content\/uploads\/2020\/04\/005-AL-VDV-EKS2.jpg\" alt=\"\" \/>\n\t\t\t\t<img decoding=\"async\" src=\"https:\/\/toolless.com\/wp-content\/uploads\/2020\/04\/008.jpg\" alt=\"\" \/>\n\t\t\t\t<img decoding=\"async\" src=\"https:\/\/toolless.com\/wp-content\/uploads\/2020\/04\/009.jpg\" alt=\"\" \/>\n\t\t\t\t<img decoding=\"async\" src=\"https:\/\/toolless.com\/wp-content\/uploads\/2020\/04\/010.jpg\" alt=\"\" \/>\n\t\t\t\t<img decoding=\"async\" src=\"https:\/\/toolless.com\/wp-content\/uploads\/2020\/04\/011.jpg\" alt=\"\" \/>\n\t\t\t\t<img decoding=\"async\" src=\"https:\/\/toolless.com\/wp-content\/uploads\/2020\/04\/012.jpg\" alt=\"\" \/>\n\t\t\t\t<img decoding=\"async\" src=\"https:\/\/toolless.com\/wp-content\/uploads\/2020\/04\/015.jpg\" alt=\"\" \/>\n\t\t\t\t<img decoding=\"async\" src=\"https:\/\/toolless.com\/wp-content\/uploads\/2020\/04\/016.jpg\" alt=\"\" \/>\n\t\t\t\t<img decoding=\"async\" src=\"https:\/\/toolless.com\/wp-content\/uploads\/2020\/04\/017-IDEV-betfire-1.jpg\" alt=\"\" \/>\n\t\t\t\t<img decoding=\"async\" src=\"https:\/\/toolless.com\/wp-content\/uploads\/2020\/04\/018.jpg\" alt=\"\" \/>\n\t\t  <\/div>\n<\/div>\n\n<script>\njQuery(document).ready(function($){\n$('#thumbs img').click(function(){\n    $('#largeImage').attr('src',$(this).attr('src').replace('thumb','large'));\n    $('#description').html($(this).attr('alt'));\n});\n})\n\n<\/script>","protected":false},"excerpt":{"rendered":"<p>Kiosk Enclosures Banking equipment, point of sale, there is no limit to what Toolless can manufacture. Depending on the size of the kiosk, Toolless can combine parts to make the housings as big as you want. We usually use a metal frame to reinforce the enclosure, and house it with our plastic parts. From curves &#8230; <\/p>\n<p class=\"read-more-container\"><a title=\"Enceintes de kiosques\" class=\"read-more button\" href=\"https:\/\/toolless.com\/fr\/enclosures-gallery\/kiosk-enclosures\/#more-604\" aria-label=\"Plus sur Kiosk Enclosures\">Lire plus<\/a><\/p>","protected":false},"author":1,"featured_media":295,"parent":19,"menu_order":0,"comment_status":"closed","ping_status":"closed","template":"","meta":{"_acf_changed":false,"_seopress_robots_primary_cat":"0","_seopress_titles_title":"Custom Kiosk Enclosures for Banking and POS by Toolless","_seopress_titles_desc":"Discover limitless creativity with Toolless kiosk enclosures. From banking to POS, we design custom housings reinforced with metal frames &amp; unique features.","_seopress_robots_index":"","pgc_sgb_lightbox_settings":"","iawp_total_views":0,"footnotes":""},"page_categories":[],"class_list":{"0":"post-604","1":"page","2":"type-page","3":"status-publish","4":"has-post-thumbnail","6":"infinite-scroll-item"},"acf":[],"_links":{"self":[{"href":"https:\/\/toolless.com\/fr\/wp-json\/wp\/v2\/pages\/604","targetHints":{"allow":["GET"]}}],"collection":[{"href":"https:\/\/toolless.com\/fr\/wp-json\/wp\/v2\/pages"}],"about":[{"href":"https:\/\/toolless.com\/fr\/wp-json\/wp\/v2\/types\/page"}],"author":[{"embeddable":true,"href":"https:\/\/toolless.com\/fr\/wp-json\/wp\/v2\/users\/1"}],"replies":[{"embeddable":true,"href":"https:\/\/toolless.com\/fr\/wp-json\/wp\/v2\/comments?post=604"}],"version-history":[{"count":3,"href":"https:\/\/toolless.com\/fr\/wp-json\/wp\/v2\/pages\/604\/revisions"}],"predecessor-version":[{"id":738,"href":"https:\/\/toolless.com\/fr\/wp-json\/wp\/v2\/pages\/604\/revisions\/738"}],"up":[{"embeddable":true,"href":"https:\/\/toolless.com\/fr\/wp-json\/wp\/v2\/pages\/19"}],"wp:featuredmedia":[{"embeddable":true,"href":"https:\/\/toolless.com\/fr\/wp-json\/wp\/v2\/media\/295"}],"wp:attachment":[{"href":"https:\/\/toolless.com\/fr\/wp-json\/wp\/v2\/media?parent=604"}],"wp:term":[{"taxonomy":"page_categories","embeddable":true,"href":"https:\/\/toolless.com\/fr\/wp-json\/wp\/v2\/page_categories?post=604"}],"curies":[{"name":"wp","href":"https:\/\/api.w.org\/{rel}","templated":true}]}}