{"id":60,"date":"2020-04-17T22:46:30","date_gmt":"2020-04-17T22:46:30","guid":{"rendered":"http:\/\/toolless.ed-webdesigns.com\/?page_id=60"},"modified":"2025-01-23T17:54:15","modified_gmt":"2025-01-23T17:54:15","slug":"flexible","status":"publish","type":"page","link":"https:\/\/toolless.com\/fr\/flexible\/","title":{"rendered":"Bo\u00eetiers plastiques flexibles sur mesure"},"content":{"rendered":"<p>Notre processus permet d'apporter des modifications flexibles \u00e0 la conception \u201c\u00e0 la vol\u00e9e\u201d sans modifier les moules ou l'outillage.<\/p>\n\n\n\n<p>Toolless utilise un logiciel multit\u00e2che pour un processus flexible de fabrication de bo\u00eetiers en plastique qui permet d'int\u00e9grer facilement des changements en un minimum de temps. Notre technologie permet de cr\u00e9er de nombreux mod\u00e8les diff\u00e9rents, ce qui rend vos bo\u00eetiers en plastique tout simplement uniques.<\/p>\n\n\n\n<ul class=\"wp-block-list\"><li>Que vos exigences soient d'ordre esth\u00e9tique ou fonctionnel, nous coordonnerons nos efforts en vue d'atteindre les objectifs fix\u00e9s.<br>pour r\u00e9pondre \u00e0 vos besoins et sp\u00e9cifications en mati\u00e8re de bo\u00eetiers en plastique.<\/li><li>Gr\u00e2ce \u00e0 un logiciel 3D avanc\u00e9, nous pouvons cr\u00e9er votre enceinte en plastique telle que vous l'imaginez.<\/li><li>Pas de minimum de commande ; que vous commandiez 1 ou 1000, la satisfaction du client est notre priorit\u00e9.<\/li><li>Nous pouvons modifier vos bo\u00eetiers en plastique \u00e0 tout moment et dans les meilleurs d\u00e9lais.<\/li><\/ul>\n\n\n\n<p>Les solutions plastiques sans outillage ne n\u00e9cessitent pas de moules et font de nous une alternative flexible au processus d'injection. Gr\u00e2ce \u00e0 notre technologie 3D et \u00e0 notre processus de fabrication, nous pouvons modifier les pi\u00e8ces en cas de besoin \u00e0 un co\u00fbt peu \u00e9lev\u00e9. Cela permet de modifier vos bo\u00eetiers en plastique \u00e0 tout moment et dans les plus brefs d\u00e9lais.<\/p>\n\n\n\n<p>Par exemple : lorsque vous recevez le prototype et que le dessin de la s\u00e9rigraphie ou l'emplacement ne correspond pas \u00e0 ce que vous aviez imagin\u00e9 ou voulu, nous pourrons le modifier pour un co\u00fbt minime, sans avoir \u00e0 fabriquer un nouveau moule.<\/p>\n\n\n\n<p>Si vous souhaitez en savoir plus&nbsp;<a href=\"https:\/\/toolless.com\/fr\/request-for-quote.aspx\/\">nous contacter<\/a>&nbsp;aujourd'hui.<\/p>","protected":false},"excerpt":{"rendered":"<p>Our process allows for flexible design changes \u201con the fly\u201d with zero modifications to molds or tooling. Toolless uses multi-tasking software for a flexible plastic enclosure process that easily incorporates changes in minimal time. Our technology allows for many different designs, making your plastic enclosures simply unique. Whether your requirements are based on aesthetics or &#8230; <\/p>\n<p class=\"read-more-container\"><a title=\"Bo\u00eetiers plastiques flexibles sur mesure\" class=\"read-more button\" href=\"https:\/\/toolless.com\/fr\/flexible\/#more-60\" aria-label=\"Plus sur Flexible Custom Plastic Enclosures\">Lire plus<\/a><\/p>","protected":false},"author":1,"featured_media":990,"parent":0,"menu_order":0,"comment_status":"closed","ping_status":"closed","template":"","meta":{"_acf_changed":false,"_seopress_robots_primary_cat":"","_seopress_titles_title":"Flexible Plastic Enclosures Without Molds | Toolless Solutions","_seopress_titles_desc":"Our process allows for design changes on the fly, because our engineers are proficient in modifying CNC programming language. Toolless process does","_seopress_robots_index":"","pgc_sgb_lightbox_settings":"","iawp_total_views":0,"footnotes":""},"page_categories":[],"class_list":{"0":"post-60","1":"page","2":"type-page","3":"status-publish","4":"has-post-thumbnail","6":"infinite-scroll-item"},"acf":[],"_links":{"self":[{"href":"https:\/\/toolless.com\/fr\/wp-json\/wp\/v2\/pages\/60","targetHints":{"allow":["GET"]}}],"collection":[{"href":"https:\/\/toolless.com\/fr\/wp-json\/wp\/v2\/pages"}],"about":[{"href":"https:\/\/toolless.com\/fr\/wp-json\/wp\/v2\/types\/page"}],"author":[{"embeddable":true,"href":"https:\/\/toolless.com\/fr\/wp-json\/wp\/v2\/users\/1"}],"replies":[{"embeddable":true,"href":"https:\/\/toolless.com\/fr\/wp-json\/wp\/v2\/comments?post=60"}],"version-history":[{"count":2,"href":"https:\/\/toolless.com\/fr\/wp-json\/wp\/v2\/pages\/60\/revisions"}],"predecessor-version":[{"id":960,"href":"https:\/\/toolless.com\/fr\/wp-json\/wp\/v2\/pages\/60\/revisions\/960"}],"wp:featuredmedia":[{"embeddable":true,"href":"https:\/\/toolless.com\/fr\/wp-json\/wp\/v2\/media\/990"}],"wp:attachment":[{"href":"https:\/\/toolless.com\/fr\/wp-json\/wp\/v2\/media?parent=60"}],"wp:term":[{"taxonomy":"page_categories","embeddable":true,"href":"https:\/\/toolless.com\/fr\/wp-json\/wp\/v2\/page_categories?post=60"}],"curies":[{"name":"wp","href":"https:\/\/api.w.org\/{rel}","templated":true}]}}