{"id":58,"date":"2020-04-17T22:46:10","date_gmt":"2020-04-17T22:46:10","guid":{"rendered":"http:\/\/toolless.ed-webdesigns.com\/?page_id=58"},"modified":"2025-01-23T17:53:11","modified_gmt":"2025-01-23T17:53:11","slug":"processus-de-fabrication-denceintes-en-plastique","status":"publish","type":"page","link":"https:\/\/toolless.com\/fr\/plastic-enclosure-manufacturing-process\/","title":{"rendered":"Proc\u00e9d\u00e9 de fabrication d'enceintes en plastique"},"content":{"rendered":"<h3 class=\"wp-block-heading\">Technologie anti-moisissure<\/h3>\n\n\n\n<p>La base du proc\u00e9d\u00e9 sans outillage r\u00e9side dans notre capacit\u00e9 \u00e0 concevoir et \u00e0 fabriquer des bo\u00eetiers sans avoir recours \u00e0 des outillages rigides. L'id\u00e9e du \u2019Zero Tooling\" est n\u00e9e de la r\u00e9cession \u00e9conomique des ann\u00e9es 90, du fait des restrictions budg\u00e9taires en ing\u00e9nierie. Un ing\u00e9nieur a eu l'id\u00e9e d'adapter le proc\u00e9d\u00e9 de la t\u00f4le \u00e0 des feuilles de plastique, \u00e9liminant ainsi le besoin d'outillages co\u00fbteux. Gr\u00e2ce \u00e0 un simple routeur CNC et \u00e0 un processus d'assemblage technique d\u00e9taill\u00e9, cette technologie unique sans outillage a vu le jour. Pour les entrepreneurs, les inventeurs et les ing\u00e9nieurs, ce proc\u00e9d\u00e9 a repr\u00e9sent\u00e9 un changement majeur. Non seulement il a r\u00e9duit le budget de cr\u00e9ation d'un prototype, mais il a \u00e9galement minimis\u00e9 les d\u00e9penses de production de petites et moyennes s\u00e9ries, tout en conservant un design esth\u00e9tiquement attrayant.<\/p>\n\n\n\n<p>Gr\u00e2ce \u00e0 notre caract\u00e9ristique de conception unique, Toolless est votre partenaire pour concevoir le design le plus attrayant au prix le plus comp\u00e9titif.<\/p>\n\n\n<div class=\"gb-grid-wrapper gb-grid-wrapper-b3d47bbc\">\n<div class=\"gb-grid-column gb-grid-column-6452a7fe\"><div class=\"gb-container gb-container-6452a7fe\"><div class=\"gb-inside-container\">\n\n<figure class=\"wp-block-embed is-type-video is-provider-youtube wp-block-embed-youtube wp-embed-aspect-16-9 wp-has-aspect-ratio\"><div class=\"wp-block-embed__wrapper\">\n<iframe loading=\"lazy\" title=\"Pr\u00e9sentation de Toolless Plastic Solutions\" width=\"1200\" height=\"675\" src=\"https:\/\/www.youtube.com\/embed\/9U4Y21EvZuM?feature=oembed\" frameborder=\"0\" allow=\"accelerometer; autoplay; encrypted-media; gyroscope; picture-in-picture\" allowfullscreen><\/iframe>\n<\/div><\/figure>\n\n<\/div><\/div><\/div>\n\n<div class=\"gb-grid-column gb-grid-column-19aabee6\"><div class=\"gb-container gb-container-19aabee6\"><div class=\"gb-inside-container\">\n<div class=\"gb-button-wrapper gb-button-wrapper-7426235c\">\n\n<a class=\"gb-button gb-button-1332bf70 gb-button-text button\" href=\"\/fr\/nous-contacter\/\">Nous contacter<\/a>\n\n<\/div>\n<\/div><\/div><\/div>\n<\/div>\n\n\n<h3 class=\"wp-block-heading\">Usinage CNC<\/h3>\n\n\n\n<p>La technologie sans outils est un proc\u00e9d\u00e9 d'usinage et de fabrication CNC qui utilise des techniques d'assemblage emprunt\u00e9es aux industries de la t\u00f4le et de l'\u00e9b\u00e9nisterie (bois). Nous utilisons cet usinage CNC du d\u00e9but \u00e0 la fin, \u00e0 partir de z\u00e9ro, contrairement aux concurrents qui utilisent<em>e&nbsp;<\/em>cl\u00f4tures pr\u00e9fabriqu\u00e9es. Cela permet \u00e0 Toolless de supprimer les interm\u00e9diaires et de fabriquer l'int\u00e9gralit\u00e9 de la cl\u00f4ture en interne.&nbsp;<\/p>\n\n\n\n<p>La technologie est utilis\u00e9e pour fabriquer rapidement des bo\u00eetiers en plastique personnalis\u00e9s, des bo\u00eetiers \u201chog-out\u201d, des lunettes, des pi\u00e8ces usin\u00e9es et des assemblages en un temps de r\u00e9ponse rapide gr\u00e2ce \u00e0 notre processus en dix \u00e9tapes.<\/p>\n\n\n\n<h3 class=\"wp-block-heading\">Dix \u00e9tapes<\/h3>\n\n\n\n<ol class=\"wp-block-list\">\n<li>Concevoir le bo\u00eetier en plastique \u00e0 partir d'un dessin cot\u00e9 ou d'un fichier CAO montrant les circuits imprim\u00e9s et les composants \u00e9lectroniques orient\u00e9s dans l'espace.<\/li>\n\n\n\n<li>G\u00e9n\u00e9rez le code CNC qui pilote toutes les op\u00e9rations d'usinage et de pliage.<\/li>\n\n\n\n<li>Usiner la feuille de plastique pour y ajouter des ouvertures, des \u00e9vents et des renfoncements.<\/li>\n\n\n\n<li>Couper des pi\u00e8ces individuelles dans la feuille.<\/li>\n\n\n\n<li>Pr\u00e9parer les d\u00e9tails d'assemblage et de jointure sur les machines \u00e0 d\u00e9fonceuse. Tous les assemblages pr\u00e9sentent une conception \u00e0 languette et rainure modifi\u00e9e.<\/li>\n\n\n\n<li>Marquez la feuille avec des entailles de pliage sur une scie de table personnalis\u00e9e. Ces entailles de pliage en V s'\u00e9tendent sur la moiti\u00e9 de l'\u00e9paisseur de la feuille et am\u00e9liorent la pr\u00e9cision du pliage.<\/li>\n\n\n\n<li>Pliez les pi\u00e8ces dans une machine de pliage thermique informatis\u00e9e qui ressemble \u00e0 une presse \u00e0 plier pour t\u00f4les.<\/li>\n\n\n\n<li>Ins\u00e9rer des inserts m\u00e9talliques dans les bossages \u00e0 chaud. Installer les bossages dans les \u00e9videments usin\u00e9s de la t\u00f4le.<\/li>\n\n\n\n<li>Assemblez les pi\u00e8ces en utilisant un proc\u00e9d\u00e9 de collage par solvant.<\/li>\n\n\n\n<li>Effectuer des op\u00e9rations secondaires telles que la peinture, le blindage EMI, et l'installation de loquets ou de charni\u00e8res.<\/li>\n<\/ol>\n\n\n\n<p>Vos bo\u00eetiers personnalis\u00e9s sont ensuite exp\u00e9di\u00e9s et livr\u00e9s rapidement.<\/p>\n\n\n\n<h3 class=\"wp-block-heading\">Avantages par rapport au moulage par injection<\/h3>\n\n\n\n<p><strong>Aucun outillage ni investissement de capital \u2013 Pas de commande minimum<\/strong><\/p>\n\n\n<div class=\"gb-grid-wrapper gb-grid-wrapper-b7327c48\">\n<div class=\"gb-grid-column gb-grid-column-aaf5b9e5\"><div class=\"gb-container gb-container-aaf5b9e5\"><div class=\"gb-inside-container\">\n<div class=\"wp-block-image\">\n<figure class=\"aligncenter size-large\"><img loading=\"lazy\" decoding=\"async\" width=\"347\" height=\"258\" src=\"https:\/\/toolless.com\/wp-content\/uploads\/2020\/04\/Injection-molding.jpg\" alt=\"\" class=\"wp-image-898\" srcset=\"https:\/\/toolless.com\/wp-content\/uploads\/2020\/04\/Injection-molding.jpg 347w, https:\/\/toolless.com\/wp-content\/uploads\/2020\/04\/Injection-molding-300x223.jpg 300w\" sizes=\"auto, (max-width: 347px) 100vw, 347px\" \/><figcaption class=\"wp-element-caption\"><strong>Moulage par injection traditionnel<\/strong><\/figcaption><\/figure>\n<\/div>\n<\/div><\/div><\/div>\n\n<div class=\"gb-grid-column gb-grid-column-ccfa9f57\"><div class=\"gb-container gb-container-ccfa9f57\"><div class=\"gb-inside-container\">\n<div class=\"wp-block-image\">\n<figure class=\"aligncenter size-large is-resized\"><img loading=\"lazy\" decoding=\"async\" width=\"405\" height=\"290\" src=\"https:\/\/toolless.com\/wp-content\/uploads\/2020\/04\/Toolless-injection-molding.jpg\" alt=\"\" class=\"wp-image-899\" style=\"width:360px;height:258px\" srcset=\"https:\/\/toolless.com\/wp-content\/uploads\/2020\/04\/Toolless-injection-molding.jpg 405w, https:\/\/toolless.com\/wp-content\/uploads\/2020\/04\/Toolless-injection-molding-300x215.jpg 300w\" sizes=\"auto, (max-width: 405px) 100vw, 405px\" \/><figcaption class=\"wp-element-caption\"><strong>Alternative sans outil<\/strong><\/figcaption><\/figure>\n<\/div>\n<\/div><\/div><\/div>\n<\/div>\n\n\n<p>Il n'est pas rare que des clients nous contactent pour demander une conception de moulage par injection. C'est en fait compr\u00e9hensible car notre technologie est unique et n'est pas enseign\u00e9e dans les \u00e9coles professionnelles ou les coll\u00e8ges. Au lieu d'utiliser du plastique liqu\u00e9fi\u00e9 dans un moule, nous manipulons de grandes feuilles de plastique par fraisage, per\u00e7age, pliage, sciage et assemblage. Nous d\u00e9crivons ce processus comme le \u201c processus en dix \u00e9tapes \u201d.<\/p>\n\n\n\n<p>L'avantage de notre technologie par rapport au moulage par injection est la possibilit\u00e9 de modifier \u00e0 n'importe quelle \u00e9tape du processus sans les frais de modification d'un moule, ce qui peut constituer un probl\u00e8me majeur et n\u00e9cessiter l'achat d'un autre outillage si les modifications ne correspondent pas aux param\u00e8tres du moule.<\/p>\n\n\n\n<p>Chez Toolless, nous incorporons des modifications \u00e0 la vol\u00e9e, que ce soit pour une pi\u00e8ce unique ou des productions r\u00e9currentes, il n'y a pas de minimum de commande. Toolless est votre partenaire pour les bo\u00eetiers personnalis\u00e9s pour l'\u00e9lectronique, pour les applications m\u00e9dicales ou tout autre domaine o\u00f9 vous avez besoin d'un bo\u00eetier.<\/p>\n\n\n\n<p>Notre phase de prototypage peut \u00eatre 10 \u00e0 20 fois plus rentable que la fabrication d'un moule. Nos prix de volume sont souvent comp\u00e9titifs par rapport au moulage par injection, en fonction de la quantit\u00e9 et de la complexit\u00e9 du projet. Demandez un devis pour votre projet, vous pourriez \u00eatre surpris de la rentabilit\u00e9 de Toolless.<\/p>\n\n\n\n<p><strong>D\u00e9lai d'ex\u00e9cution rapide<\/strong><\/p>\n\n\n\n<p>Un autre avantage de la technologie sans outillage est le d\u00e9lai de d\u00e9veloppement. Alors que le moulage par injection a un d\u00e9lai moyen de 6 semaines pour le prototypage et 3 \u00e0 4 semaines suppl\u00e9mentaires pour la production de masse. La technologie sans outillage, quant \u00e0 elle, offre un d\u00e9lai de d\u00e9veloppement tr\u00e8s attractif de 5 \u00e0 10 jours pour le prototypage et un d\u00e9lai de 2 \u00e0 4 semaines pour la livraison de la production. De plus, si le 1<sup>st<\/sup>&nbsp;le prototype n\u00e9cessite des ajustements mineurs, non seulement les modifications sont effectu\u00e9es dans un d\u00e9lai tr\u00e8s court (2 \u00e0 3 jours) mais souvent sans aucun frais.<\/p>\n\n\n\n<p>Les changements de moulage par injection sont g\u00e9n\u00e9ralement plus difficiles \u00e0 int\u00e9grer et le d\u00e9lai de livraison peut \u00eatre consid\u00e9rable.<\/p>\n\n\n\n<p><strong>Apparence de haute qualit\u00e9<\/strong><\/p>\n\n\n\n<p>L'apparence esth\u00e9tique est un argument de vente important pour la plupart des entreprises. La technologie sans outil se compare tr\u00e8s favorablement au moulage par injection. En fait, certains clients ne font souvent pas la diff\u00e9rence entre les deux technologies, car les bo\u00eetiers sans outil pr\u00e9sentent des joints indiscernables. Nous avons la capacit\u00e9 d'am\u00e9liorer l'apparence d'un bo\u00eetier en ajoutant une touche d'originalit\u00e9 \u00e0 un bo\u00eetier simple, de mani\u00e8re similaire aux capacit\u00e9s de moulage par injection.<\/p>\n\n\n\n<p><strong>Z\u00e9ro \u00e9bauche \u2013 Z\u00e9ro outillage<\/strong><\/p>\n\n\n\n<p>Parce que nous fabriquons nos produits \u00e0 partir d'une feuille de plastique plate, nos bo\u00eetiers n'ont pas de d\u00e9pouille, ce qui rend la conception facile et compr\u00e9hensible pour tout concepteur. La pliure de nos pi\u00e8ces peut \u00eatre perpendiculaire ou former un angle diff\u00e9rent. Concevoir une pi\u00e8ce pour le moulage par injection n\u00e9cessite une certaine connaissance et une formation sur le processus de moulage par injection. Notre processus est facile \u00e0 comprendre et notre \u00e9quipe d'ing\u00e9nieurs sur site est l\u00e0 pour vous aider.<\/p>\n\n\n\n<p><strong>Les changements sont facilement int\u00e9gr\u00e9s<\/strong><\/p>\n\n\n\n<p>Comme mentionn\u00e9 pr\u00e9c\u00e9demment, contrairement au moulage par injection, notre proc\u00e9d\u00e9 est tr\u00e8s flexible, permettant d'incorporer de simples modifications en un seul clic. Par exemple, si un appareil devient obsol\u00e8te en raison de changements de carte de circuit imprim\u00e9 ou de composants, une enceinte moul\u00e9e n\u00e9cessiterait des modifications de conception, de la recherche et du d\u00e9veloppement, un nouveau moule probable, un processus d'approbation, etc. Avec Toolless, nous sommes habitu\u00e9s \u00e0 ce type de changements car nos clients comprennent notre capacit\u00e9 \u00e0 modifier une enceinte. Travailler avec Toolless inclut une formation gratuite, la plupart de nos clients sont ensuite capables d'effectuer eux-m\u00eames les modifications.<\/p>\n\n\n\n<p>Dans le monde \u00e9conomique actuel, o\u00f9 les nouvelles technologies se d\u00e9veloppent du jour au lendemain, travailler avec Toolless est un v\u00e9ritable atout, permettant une r\u00e9ponse imm\u00e9diate aux demandes des clients.<\/p>\n\n\n\n<p><strong>Des caract\u00e9ristiques complexes, y compris des bosses, des nervures et des entrelacs, peuvent \u00eatre ajout\u00e9es<\/strong><\/p>\n\n\n\n<p>Les \u00e9bauches et les boss peuvent parfois \u00eatre tr\u00e8s difficiles \u00e0 int\u00e9grer dans un moule. Gr\u00e2ce \u00e0 nos capacit\u00e9s de collage en cours de fabrication, ces caract\u00e9ristiques sont facilement int\u00e9gr\u00e9es et ne n\u00e9cessitent aucune connaissance du moulage par injection.<\/p>","protected":false},"excerpt":{"rendered":"<p>No Mold Technology The foundation of Toolless Process is anchored in our ability to design and manufacture enclosures without the use of hard tooling. The idea of Zero tooling was born out of 90\u2019s economic recession as the result of engineering budget restrictions. One engineer had the idea of adopting the sheet metal process to &#8230; <\/p>\n<p class=\"read-more-container\"><a title=\"Proc\u00e9d\u00e9 de fabrication d&#039;enceintes en plastique\" class=\"read-more button\" href=\"https:\/\/toolless.com\/fr\/plastic-enclosure-manufacturing-process\/#more-58\" aria-label=\"Plus sur Plastic Enclosure Manufacturing Process\">Lire plus<\/a><\/p>","protected":false},"author":1,"featured_media":992,"parent":0,"menu_order":0,"comment_status":"closed","ping_status":"closed","template":"","meta":{"_acf_changed":false,"_seopress_robots_primary_cat":"","_seopress_titles_title":"Plastic Enclosure | Manufacturing Process","_seopress_titles_desc":"The Toolless technology is a CNC machining and fabrication process that uses assembly and machining techniques borrowed from the sheet metal","_seopress_robots_index":"","pgc_sgb_lightbox_settings":"","iawp_total_views":0,"footnotes":""},"page_categories":[],"class_list":{"0":"post-58","1":"page","2":"type-page","3":"status-publish","4":"has-post-thumbnail","6":"infinite-scroll-item"},"acf":[],"_links":{"self":[{"href":"https:\/\/toolless.com\/fr\/wp-json\/wp\/v2\/pages\/58","targetHints":{"allow":["GET"]}}],"collection":[{"href":"https:\/\/toolless.com\/fr\/wp-json\/wp\/v2\/pages"}],"about":[{"href":"https:\/\/toolless.com\/fr\/wp-json\/wp\/v2\/types\/page"}],"author":[{"embeddable":true,"href":"https:\/\/toolless.com\/fr\/wp-json\/wp\/v2\/users\/1"}],"replies":[{"embeddable":true,"href":"https:\/\/toolless.com\/fr\/wp-json\/wp\/v2\/comments?post=58"}],"version-history":[{"count":5,"href":"https:\/\/toolless.com\/fr\/wp-json\/wp\/v2\/pages\/58\/revisions"}],"predecessor-version":[{"id":2955,"href":"https:\/\/toolless.com\/fr\/wp-json\/wp\/v2\/pages\/58\/revisions\/2955"}],"wp:featuredmedia":[{"embeddable":true,"href":"https:\/\/toolless.com\/fr\/wp-json\/wp\/v2\/media\/992"}],"wp:attachment":[{"href":"https:\/\/toolless.com\/fr\/wp-json\/wp\/v2\/media?parent=58"}],"wp:term":[{"taxonomy":"page_categories","embeddable":true,"href":"https:\/\/toolless.com\/fr\/wp-json\/wp\/v2\/page_categories?post=58"}],"curies":[{"name":"wp","href":"https:\/\/api.w.org\/{rel}","templated":true}]}}