{"id":56,"date":"2020-04-17T22:45:47","date_gmt":"2020-04-17T22:45:47","guid":{"rendered":"http:\/\/toolless.ed-webdesigns.com\/?page_id=56"},"modified":"2025-01-23T17:53:11","modified_gmt":"2025-01-23T17:53:11","slug":"enceinte-en-plastique-impression-numerique-sur-pieces-en-plastique","status":"publish","type":"page","link":"https:\/\/toolless.com\/fr\/plastic-enclosure-digital-printing-on-plastic-parts\/","title":{"rendered":"Impression num\u00e9rique"},"content":{"rendered":"<h3 class=\"wp-block-heading\">Besoin de meilleurs graphiques pour votre enceinte ?<\/h3>\n\n\n\n<div class=\"wp-block-image\"><figure class=\"alignright size-large\"><img loading=\"lazy\" decoding=\"async\" width=\"400\" height=\"266\" src=\"https:\/\/toolless.com\/wp-content\/uploads\/2020\/04\/6645.jpg\" alt=\"\" class=\"wp-image-957\" srcset=\"https:\/\/toolless.com\/wp-content\/uploads\/2020\/04\/6645.jpg 400w, https:\/\/toolless.com\/wp-content\/uploads\/2020\/04\/6645-300x200.jpg 300w\" sizes=\"auto, (max-width: 400px) 100vw, 400px\" \/><\/figure><\/div>\n\n\n\n<p>Toolless est toujours \u00e0 la recherche de nouveaux moyens pour optimiser la qualit\u00e9 et la rapidit\u00e9 de sa production. C'est pourquoi nous avons investi dans un syst\u00e8me d'impression num\u00e9rique afin de vous offrir la meilleure impression possible, plus graphique, plus color\u00e9e et sans limite de nombre de couleurs. Vos images seront plus fines et plus d\u00e9taill\u00e9es. Elle offre \u00e9galement une meilleure adh\u00e9rence sur le plastique que la s\u00e9rigraphie standard, et comme toujours, aucun outil n'est n\u00e9cessaire pour faire fonctionner la machine.<\/p>\n\n\n\n<h3 class=\"wp-block-heading\">Impression num\u00e9rique sur des pi\u00e8ces en plastique<\/h3>\n\n\n\n<div class=\"wp-block-image\"><figure class=\"alignleft size-large\"><img loading=\"lazy\" decoding=\"async\" width=\"400\" height=\"266\" src=\"https:\/\/toolless.com\/wp-content\/uploads\/2020\/04\/6683.jpg\" alt=\"\" class=\"wp-image-958\" srcset=\"https:\/\/toolless.com\/wp-content\/uploads\/2020\/04\/6683.jpg 400w, https:\/\/toolless.com\/wp-content\/uploads\/2020\/04\/6683-300x200.jpg 300w\" sizes=\"auto, (max-width: 400px) 100vw, 400px\" \/><\/figure><\/div>\n\n\n\n<p>L'impression num\u00e9rique sur des pi\u00e8ces en plastique est un moyen pour les entreprises de marquer leurs enceintes, mais aussi de leur donner vie. Personne ne veut d'une enceinte ennuyeuse, grise et morne, qui rappelle les fun\u00e9railles. Toolless Plastic Solutions ouvrira la voie \u00e0 un design attrayant, mais aussi \u00e0 la couleur et \u00e0 l'identit\u00e9. Laissez Toolless \u00eatre la solution pour l'impression num\u00e9rique sur les parties en plastique de votre enceinte.<\/p>\n\n\n\n<p>Nous avons \u00e9largi notre capacit\u00e9 d'impression num\u00e9rique avec 2 machines d\u00e9di\u00e9es aux prototypes ou \u00e0 la production, nos possibilit\u00e9s d'impression sont devenues infinies.<\/p>\n\n\n\n<p><strong>Des performances \u00e9tonnantes pour les petites pi\u00e8ces et les prototypes. Haute vitesse et grande r\u00e9solution.<\/strong><\/p>\n\n\n\n<ul class=\"wp-block-list\"><li>Produisez des textes d'une nettet\u00e9 incroyable et des images en couleur \u00e9clatantes avec une r\u00e9sistance exceptionnelle aux solvants et \u00e0 l'abrasion sur une grande vari\u00e9t\u00e9 de supports.<\/li><li>Des possibilit\u00e9s illimit\u00e9es - imprimer sur tous les supports, des m\u00e9taux aux plastiques en passant par le bois, les carreaux de c\u00e9ramique et le verre.<\/li><li>Cr\u00e9ez des impressions TEXTUR3D\u2122 en relief, \u00e0 la fois plates et qui attirent l'attention.<\/li><li>Temps d'impression les plus rapides de l'industrie<\/li><li>Capacit\u00e9s industrielles - pour traiter les substrats les plus \u00e9pais et les plus lourds<\/li><li>Qualit\u00e9 d'impression in\u00e9gal\u00e9e dans l'industrie - impressions pr\u00e9cises, haute r\u00e9solution et reproductibles, m\u00eame sur des surfaces difficiles.<\/li><li>Le syst\u00e8me de circulation de l'encre blanche fait circuler automatiquement l'ensemble du r\u00e9servoir et des lignes d'encre blanche (standard sur la plupart des mod\u00e8les).<\/li><li>Capacit\u00e9 de points variables par couleur<\/li><li>Le plus rapide, le plus facile&nbsp;<a target=\"_blank\" href=\"http:\/\/www.directcolorsystems.com\/applications\/bottle-cylindrical-printing\/\" rel=\"noreferrer noopener\">impression cylindrique\/bouteille<\/a>&nbsp;de l'industrie avec notre accessoire EasyCyl**.<\/li><\/ul>\n\n\n\n<p>Performances exceptionnelles en termes de production et de rapidit\u00e9. L'une des meilleures imprimantes pour l'offset Z, permet \u00e0 Toolless d'imprimer apr\u00e8s l'assemblage.<\/p>\n\n\n\n<p>L'Eagle, contrairement aux imprimantes classiques, a \u00e9t\u00e9 cr\u00e9\u00e9e pour r\u00e9pondre aux besoins des industriels en mati\u00e8re de flexibilit\u00e9 et de qualit\u00e9 d'impression sans r\u00e9duire les volumes de production. La polyvalence de l'Eagle provient \u00e0 la fois de sa hauteur variable jusqu'\u00e0 250 mm et de ses encres LED UV de haute performance qui permettent d'imprimer sur presque tous les mat\u00e9riaux. La t\u00eate d'impression pi\u00e9zo\u00e9lectrique est \u00e9quip\u00e9e d'une double lampe UV Led qui polym\u00e9rise l'encre pendant l'impression sans traitement suppl\u00e9mentaire, ce qui permet d'\u00e9conomiser du temps et de l'argent et d'augmenter le rendement. De plus, la conception unique de l'Eagle, avec un c\u00f4t\u00e9 compl\u00e8tement ouvert, permet d'ins\u00e9rer des mat\u00e9riaux tr\u00e8s volumineux.<\/p>\n\n\n\n<p>Les imprimantes Eagle permettent d'imprimer sur presque tous les mat\u00e9riaux, m\u00eame ceux qui sont sensibles \u00e0 la chaleur. L'Eagle Line est la variante \u00e0 courroie de la s\u00e9rie Eagle, elle d\u00e9tecte automatiquement les objets \u00e0 imprimer, r\u00e9alise des impressions avec un positionnement pr\u00e9cis et constant et est personnalisable \u00e0 chaque objet pour cr\u00e9er une ligne d'impression continue.<\/p>\n\n\n\n<p>Fiche technique :&nbsp;<a target=\"_blank\" href=\"http:\/\/eagleuvled.com\/sites\/default\/files\/pdf\/eagle_web_low_en.pdf\" rel=\"noreferrer noopener\">T\u00e9l\u00e9charger ici<\/a><\/p>\n\n\n\n<p>Nous pouvons imprimer sur tous les types de plastiques, ABS, Acrylique, Polycarbonate et Boltaron et tous les calibres.<\/p>","protected":false},"excerpt":{"rendered":"<p>Need Better Graphics For Your Enclosure? Toolless is always searching for different ways to optimize its production quality and speed. For that reason, we invested in a digital printing order to give you the best print, better graphic, more colorful, and no limits on the number of colors. Your images will show finer and more &#8230; <\/p>\n<p class=\"read-more-container\"><a title=\"Impression num\u00e9rique\" class=\"read-more button\" href=\"https:\/\/toolless.com\/fr\/plastic-enclosure-digital-printing-on-plastic-parts\/#more-56\" aria-label=\"Plus sur Digital Printing\">Lire plus<\/a><\/p>","protected":false},"author":1,"featured_media":295,"parent":0,"menu_order":0,"comment_status":"closed","ping_status":"closed","template":"","meta":{"_acf_changed":false,"_seopress_robots_primary_cat":"","_seopress_titles_title":"Better Graphics for Enclosures | Toolless Digital Printing","_seopress_titles_desc":"Discover limitless possibilities with Toolless digital printing on plastic parts. Achieve vibrant, high-quality, and detailed graphics. No tools needed!","_seopress_robots_index":"","pgc_sgb_lightbox_settings":"","iawp_total_views":0,"footnotes":""},"page_categories":[],"class_list":{"0":"post-56","1":"page","2":"type-page","3":"status-publish","4":"has-post-thumbnail","6":"infinite-scroll-item"},"acf":[],"_links":{"self":[{"href":"https:\/\/toolless.com\/fr\/wp-json\/wp\/v2\/pages\/56","targetHints":{"allow":["GET"]}}],"collection":[{"href":"https:\/\/toolless.com\/fr\/wp-json\/wp\/v2\/pages"}],"about":[{"href":"https:\/\/toolless.com\/fr\/wp-json\/wp\/v2\/types\/page"}],"author":[{"embeddable":true,"href":"https:\/\/toolless.com\/fr\/wp-json\/wp\/v2\/users\/1"}],"replies":[{"embeddable":true,"href":"https:\/\/toolless.com\/fr\/wp-json\/wp\/v2\/comments?post=56"}],"version-history":[{"count":2,"href":"https:\/\/toolless.com\/fr\/wp-json\/wp\/v2\/pages\/56\/revisions"}],"predecessor-version":[{"id":959,"href":"https:\/\/toolless.com\/fr\/wp-json\/wp\/v2\/pages\/56\/revisions\/959"}],"wp:featuredmedia":[{"embeddable":true,"href":"https:\/\/toolless.com\/fr\/wp-json\/wp\/v2\/media\/295"}],"wp:attachment":[{"href":"https:\/\/toolless.com\/fr\/wp-json\/wp\/v2\/media?parent=56"}],"wp:term":[{"taxonomy":"page_categories","embeddable":true,"href":"https:\/\/toolless.com\/fr\/wp-json\/wp\/v2\/page_categories?post=56"}],"curies":[{"name":"wp","href":"https:\/\/api.w.org\/{rel}","templated":true}]}}