{"id":559,"date":"2020-04-28T20:03:14","date_gmt":"2020-04-28T20:03:14","guid":{"rendered":"http:\/\/toolless.ed-webdesigns.com\/?page_id=559"},"modified":"2020-05-01T18:09:10","modified_gmt":"2020-05-01T18:09:10","slug":"boitiers-de-signalisation-des-points-de-vente","status":"publish","type":"page","link":"https:\/\/toolless.com\/fr\/enclosures-gallery\/point-of-sale-signage-enclosures\/","title":{"rendered":"Point de vente - Enceintes de signalisation"},"content":{"rendered":"<div class=\"gb-button-wrapper gb-button-wrapper-f78636c5\">\n<a class=\"gb-button gb-button-975c5176 button\" href=\"\/fr\/galerie-des-fermetures\/\"><span class=\"button-text\">Retour \u00e0 la liste<\/span><\/a>\n<\/div>\n\n\n\n<h2 class=\"heading-border wp-block-heading\">Point de vente - Enceintes de signalisation<\/h2>\n\n\n\n<p>Avec un processus aussi flexible, Toolless a aid\u00e9 de nombreuses marques \u00e0 pr\u00e9senter leurs produits. Qu'il s'agisse de produits cosm\u00e9tiques, de t\u00e9l\u00e9phones ou de chaussures, nous avons fabriqu\u00e9 de nombreux mod\u00e8les diff\u00e9rents pour pr\u00e9senter les produits des grandes marques. Notre service comprend la refonte de produits de signalisation existants pour s'adapter \u00e0 notre processus et conserver l'aspect initialement d\u00e9fini.<\/p>\n\n\n\n<h2 class=\"heading-border wp-block-heading\">Galerie<\/h2>\n\n\n<div id=\"thumbnail-gallery\">\n  <div id=\"panel\">\n\t<img decoding=\"async\" id=\"largeImage\" src=\"https:\/\/toolless.com\/wp-content\/uploads\/2020\/04\/034.jpg\" alt=\"\" \/>\n  <\/div>\n  <div id=\"thumbs\">\n        \t\t<img decoding=\"async\" src=\"https:\/\/toolless.com\/wp-content\/uploads\/2020\/04\/034.jpg\" alt=\"\" \/>\n\t\t\t\t<img decoding=\"async\" src=\"https:\/\/toolless.com\/wp-content\/uploads\/2020\/04\/041.jpg\" alt=\"\" \/>\n\t\t\t\t<img decoding=\"async\" src=\"https:\/\/toolless.com\/wp-content\/uploads\/2020\/04\/047-1.jpg\" alt=\"\" \/>\n\t\t\t\t<img decoding=\"async\" src=\"https:\/\/toolless.com\/wp-content\/uploads\/2020\/04\/049-1.jpg\" alt=\"\" \/>\n\t\t\t\t<img decoding=\"async\" src=\"https:\/\/toolless.com\/wp-content\/uploads\/2020\/04\/076.jpg\" alt=\"\" \/>\n\t\t\t\t<img decoding=\"async\" src=\"https:\/\/toolless.com\/wp-content\/uploads\/2020\/04\/019-1.jpg\" alt=\"\" \/>\n\t\t\t\t<img decoding=\"async\" src=\"https:\/\/toolless.com\/wp-content\/uploads\/2020\/04\/022.jpg\" alt=\"\" \/>\n\t\t  <\/div>\n<\/div>\n\n<script>\njQuery(document).ready(function($){\n$('#thumbs img').click(function(){\n    $('#largeImage').attr('src',$(this).attr('src').replace('thumb','large'));\n    $('#description').html($(this).attr('alt'));\n});\n})\n\n<\/script>","protected":false},"excerpt":{"rendered":"<p>Point of Sale &#8211; Signage Enclosures With such a flexible process, Toolless has helped many brands to showcase their products. Whether it\u2019s cosmetic products, phones or shoes, we have manufactured many different design to display big brand\u2019s products. Our service includes redesigning existing signage products to accommodate our process and keep the look that is &#8230; <\/p>\n<p class=\"read-more-container\"><a title=\"Point of Sale &#8211; Signage Enclosures\" class=\"read-more button\" href=\"https:\/\/toolless.com\/fr\/enclosures-gallery\/point-of-sale-signage-enclosures\/#more-559\" aria-label=\"Plus sur Point of Sale &#8211; Signage Enclosures\">Lire plus<\/a><\/p>","protected":false},"author":1,"featured_media":295,"parent":19,"menu_order":0,"comment_status":"closed","ping_status":"closed","template":"","meta":{"_acf_changed":false,"_seopress_robots_primary_cat":"0","_seopress_titles_title":"Showcase Your Products with Toolless Signage Enclosures","_seopress_titles_desc":"Showcase your brand&#039;s products with Toolless signage enclosures. Flexible designs for cosmetics, phones, shoes &amp; more. Custom redesigns available!","_seopress_robots_index":"","pgc_sgb_lightbox_settings":"","iawp_total_views":0,"footnotes":""},"page_categories":[],"class_list":{"0":"post-559","1":"page","2":"type-page","3":"status-publish","4":"has-post-thumbnail","6":"infinite-scroll-item"},"acf":[],"_links":{"self":[{"href":"https:\/\/toolless.com\/fr\/wp-json\/wp\/v2\/pages\/559","targetHints":{"allow":["GET"]}}],"collection":[{"href":"https:\/\/toolless.com\/fr\/wp-json\/wp\/v2\/pages"}],"about":[{"href":"https:\/\/toolless.com\/fr\/wp-json\/wp\/v2\/types\/page"}],"author":[{"embeddable":true,"href":"https:\/\/toolless.com\/fr\/wp-json\/wp\/v2\/users\/1"}],"replies":[{"embeddable":true,"href":"https:\/\/toolless.com\/fr\/wp-json\/wp\/v2\/comments?post=559"}],"version-history":[{"count":5,"href":"https:\/\/toolless.com\/fr\/wp-json\/wp\/v2\/pages\/559\/revisions"}],"predecessor-version":[{"id":756,"href":"https:\/\/toolless.com\/fr\/wp-json\/wp\/v2\/pages\/559\/revisions\/756"}],"up":[{"embeddable":true,"href":"https:\/\/toolless.com\/fr\/wp-json\/wp\/v2\/pages\/19"}],"wp:featuredmedia":[{"embeddable":true,"href":"https:\/\/toolless.com\/fr\/wp-json\/wp\/v2\/media\/295"}],"wp:attachment":[{"href":"https:\/\/toolless.com\/fr\/wp-json\/wp\/v2\/media?parent=559"}],"wp:term":[{"taxonomy":"page_categories","embeddable":true,"href":"https:\/\/toolless.com\/fr\/wp-json\/wp\/v2\/page_categories?post=559"}],"curies":[{"name":"wp","href":"https:\/\/api.w.org\/{rel}","templated":true}]}}