{"id":555,"date":"2020-04-28T20:02:21","date_gmt":"2020-04-28T20:02:21","guid":{"rendered":"http:\/\/toolless.ed-webdesigns.com\/?page_id=555"},"modified":"2020-05-01T18:07:37","modified_gmt":"2020-05-01T18:07:37","slug":"boitiers-dinstruments","status":"publish","type":"page","link":"https:\/\/toolless.com\/fr\/enclosures-gallery\/instrument-enclosures\/","title":{"rendered":"Bo\u00eetiers d'instruments"},"content":{"rendered":"<div class=\"gb-button-wrapper gb-button-wrapper-f78636c5\">\n<a class=\"gb-button gb-button-975c5176 button\" href=\"\/fr\/galerie-des-fermetures\/\"><span class=\"button-text\">Retour \u00e0 la liste<\/span><\/a>\n<\/div>\n\n\n\n<h2 class=\"heading-border wp-block-heading\">Bo\u00eetiers d'instruments<\/h2>\n\n\n\n<p>Chromatographie en phase gazeuse, syst\u00e8mes de purge, appareils d'\u00e9talonnage, testeur de pression d'\u00e9chantillonnage et plus encore, Toolless est votre partenaire dans la conception d'enceintes haut de gamme, avec des tol\u00e9rances serr\u00e9es n\u00e9cessitant une expertise en ing\u00e9nierie. Nos ing\u00e9nieurs sur site, bien form\u00e9s, ont plus de 15 ans d'exp\u00e9rience dans ce domaine et se feront un plaisir de vous pr\u00e9senter la technologie Toolless.<\/p>\n\n\n\n<h2 class=\"heading-border wp-block-heading\">Galerie<\/h2>\n\n\n<div id=\"thumbnail-gallery\">\n  <div id=\"panel\">\n\t<img decoding=\"async\" id=\"largeImage\" src=\"https:\/\/toolless.com\/wp-content\/uploads\/2020\/04\/027-SALVIA-Charisma.jpg\" alt=\"\" \/>\n  <\/div>\n  <div id=\"thumbs\">\n        \t\t<img decoding=\"async\" src=\"https:\/\/toolless.com\/wp-content\/uploads\/2020\/04\/027-SALVIA-Charisma.jpg\" alt=\"\" \/>\n\t\t\t\t<img decoding=\"async\" src=\"https:\/\/toolless.com\/wp-content\/uploads\/2020\/04\/026-SALVIA-Charisma-1.jpg\" alt=\"\" \/>\n\t\t\t\t<img decoding=\"async\" src=\"https:\/\/toolless.com\/wp-content\/uploads\/2020\/04\/029.jpg\" alt=\"\" \/>\n\t\t\t\t<img decoding=\"async\" src=\"https:\/\/toolless.com\/wp-content\/uploads\/2020\/04\/030.jpg\" alt=\"\" \/>\n\t\t\t\t<img decoding=\"async\" src=\"https:\/\/toolless.com\/wp-content\/uploads\/2020\/04\/035.jpg\" alt=\"\" \/>\n\t\t\t\t<img decoding=\"async\" src=\"https:\/\/toolless.com\/wp-content\/uploads\/2020\/04\/036.jpg\" alt=\"\" \/>\n\t\t\t\t<img decoding=\"async\" src=\"https:\/\/toolless.com\/wp-content\/uploads\/2020\/04\/037.jpg\" alt=\"\" \/>\n\t\t\t\t<img decoding=\"async\" src=\"https:\/\/toolless.com\/wp-content\/uploads\/2020\/04\/038.jpg\" alt=\"\" \/>\n\t\t\t\t<img decoding=\"async\" src=\"https:\/\/toolless.com\/wp-content\/uploads\/2020\/04\/040.jpg\" alt=\"\" \/>\n\t\t\t\t<img decoding=\"async\" src=\"https:\/\/toolless.com\/wp-content\/uploads\/2020\/04\/042.jpg\" alt=\"\" \/>\n\t\t\t\t<img decoding=\"async\" src=\"https:\/\/toolless.com\/wp-content\/uploads\/2020\/04\/050-CP-Protec-Chassis.jpg\" alt=\"\" \/>\n\t\t\t\t<img decoding=\"async\" src=\"https:\/\/toolless.com\/wp-content\/uploads\/2020\/04\/051.jpg\" alt=\"\" \/>\n\t\t\t\t<img decoding=\"async\" src=\"https:\/\/toolless.com\/wp-content\/uploads\/2020\/04\/052.jpg\" alt=\"\" \/>\n\t\t\t\t<img decoding=\"async\" src=\"https:\/\/toolless.com\/wp-content\/uploads\/2020\/04\/053.jpg\" alt=\"\" \/>\n\t\t\t\t<img decoding=\"async\" src=\"https:\/\/toolless.com\/wp-content\/uploads\/2020\/04\/054.jpg\" alt=\"\" \/>\n\t\t\t\t<img decoding=\"async\" src=\"https:\/\/toolless.com\/wp-content\/uploads\/2020\/04\/063.jpg\" alt=\"\" \/>\n\t\t\t\t<img decoding=\"async\" src=\"https:\/\/toolless.com\/wp-content\/uploads\/2020\/04\/064.jpg\" alt=\"\" \/>\n\t\t\t\t<img decoding=\"async\" src=\"https:\/\/toolless.com\/wp-content\/uploads\/2020\/04\/066.jpg\" alt=\"\" \/>\n\t\t\t\t<img decoding=\"async\" src=\"https:\/\/toolless.com\/wp-content\/uploads\/2020\/04\/068.jpg\" alt=\"\" \/>\n\t\t\t\t<img decoding=\"async\" src=\"https:\/\/toolless.com\/wp-content\/uploads\/2020\/04\/069.jpg\" alt=\"\" \/>\n\t\t\t\t<img decoding=\"async\" src=\"https:\/\/toolless.com\/wp-content\/uploads\/2020\/04\/077.jpg\" alt=\"\" \/>\n\t\t\t\t<img decoding=\"async\" src=\"https:\/\/toolless.com\/wp-content\/uploads\/2020\/04\/126-INSIGHT-Softmed.jpg\" alt=\"\" \/>\n\t\t\t\t<img decoding=\"async\" src=\"https:\/\/toolless.com\/wp-content\/uploads\/2020\/04\/028.jpg\" alt=\"\" \/>\n\t\t\t\t<img decoding=\"async\" src=\"https:\/\/toolless.com\/wp-content\/uploads\/2020\/04\/002.jpg\" alt=\"\" \/>\n\t\t  <\/div>\n<\/div>\n\n<script>\njQuery(document).ready(function($){\n$('#thumbs img').click(function(){\n    $('#largeImage').attr('src',$(this).attr('src').replace('thumb','large'));\n    $('#description').html($(this).attr('alt'));\n});\n})\n\n<\/script>","protected":false},"excerpt":{"rendered":"<p>Instrument Enclosures Gas chromatography, purge systems, calibration devices, sampling pressure tester and more, Toolless is your partner in designing high end enclosures, with tight tolerance requiring some engineering expertise. Our well trained on-site engineers have more than 15 year experience in this field and will be happy to walk you through the Toolless technology. Gallery<\/p>","protected":false},"author":1,"featured_media":295,"parent":19,"menu_order":0,"comment_status":"closed","ping_status":"closed","template":"","meta":{"_acf_changed":false,"_seopress_robots_primary_cat":"0","_seopress_titles_title":"High-End Instrument Enclosures by Toolless with Expert Design","_seopress_titles_desc":"Discover high-end instrument enclosures with Toolless. Expertise in gas chromatography, purge systems, calibration devices &amp; more. 15+ years of engineering excellence!","_seopress_robots_index":"","pgc_sgb_lightbox_settings":"","iawp_total_views":0,"footnotes":""},"page_categories":[],"class_list":{"0":"post-555","1":"page","2":"type-page","3":"status-publish","4":"has-post-thumbnail","6":"infinite-scroll-item"},"acf":[],"_links":{"self":[{"href":"https:\/\/toolless.com\/fr\/wp-json\/wp\/v2\/pages\/555","targetHints":{"allow":["GET"]}}],"collection":[{"href":"https:\/\/toolless.com\/fr\/wp-json\/wp\/v2\/pages"}],"about":[{"href":"https:\/\/toolless.com\/fr\/wp-json\/wp\/v2\/types\/page"}],"author":[{"embeddable":true,"href":"https:\/\/toolless.com\/fr\/wp-json\/wp\/v2\/users\/1"}],"replies":[{"embeddable":true,"href":"https:\/\/toolless.com\/fr\/wp-json\/wp\/v2\/comments?post=555"}],"version-history":[{"count":7,"href":"https:\/\/toolless.com\/fr\/wp-json\/wp\/v2\/pages\/555\/revisions"}],"predecessor-version":[{"id":742,"href":"https:\/\/toolless.com\/fr\/wp-json\/wp\/v2\/pages\/555\/revisions\/742"}],"up":[{"embeddable":true,"href":"https:\/\/toolless.com\/fr\/wp-json\/wp\/v2\/pages\/19"}],"wp:featuredmedia":[{"embeddable":true,"href":"https:\/\/toolless.com\/fr\/wp-json\/wp\/v2\/media\/295"}],"wp:attachment":[{"href":"https:\/\/toolless.com\/fr\/wp-json\/wp\/v2\/media?parent=555"}],"wp:term":[{"taxonomy":"page_categories","embeddable":true,"href":"https:\/\/toolless.com\/fr\/wp-json\/wp\/v2\/page_categories?post=555"}],"curies":[{"name":"wp","href":"https:\/\/api.w.org\/{rel}","templated":true}]}}