{"id":553,"date":"2020-04-28T20:01:51","date_gmt":"2020-04-28T20:01:51","guid":{"rendered":"http:\/\/toolless.ed-webdesigns.com\/?page_id=553"},"modified":"2020-05-01T18:07:04","modified_gmt":"2020-05-01T18:07:04","slug":"enclosures-medicales","status":"publish","type":"page","link":"https:\/\/toolless.com\/fr\/enclosures-gallery\/medical-enclosures\/","title":{"rendered":"Enceintes m\u00e9dicales"},"content":{"rendered":"<div class=\"gb-button-wrapper gb-button-wrapper-f78636c5\">\n<a class=\"gb-button gb-button-975c5176 button\" href=\"\/fr\/galerie-des-fermetures\/\"><span class=\"button-text\">Retour \u00e0 la liste<\/span><\/a>\n<\/div>\n\n\n\n<h2 class=\"heading-border wp-block-heading\">Enceintes m\u00e9dicales<\/h2>\n\n\n\n<p>\u00c9quipement de diagnostic, analyseur de gaz, syst\u00e8mes de ventilation, CPAP, Toolless est fier de jouer un r\u00f4le dans la fabrication d'\u00e9quipements qui changent le monde m\u00e9dical. Des bo\u00eetiers hautement esth\u00e9tiques qui plaisent \u00e0 l'\u0153il, aux petits contr\u00f4leurs de lit, Toolless est votre partenaire dans la conception et la fabrication de vos bo\u00eetiers m\u00e9dicaux personnalis\u00e9s. Notre personnel d'ing\u00e9nieurs sur place vous accompagnera pour cr\u00e9er l'appareil le plus attrayant qui r\u00e9pondra \u00e0 vos besoins.<\/p>\n\n\n\n<h2 class=\"heading-border wp-block-heading\">Galerie<\/h2>\n\n\n<div id=\"thumbnail-gallery\">\n  <div id=\"panel\">\n\t<img decoding=\"async\" id=\"largeImage\" src=\"https:\/\/toolless.com\/wp-content\/uploads\/2020\/04\/12-1.jpg\" alt=\"\" \/>\n  <\/div>\n  <div id=\"thumbs\">\n        \t\t<img decoding=\"async\" src=\"https:\/\/toolless.com\/wp-content\/uploads\/2020\/04\/12-1.jpg\" alt=\"\" \/>\n\t\t\t\t<img decoding=\"async\" src=\"https:\/\/toolless.com\/wp-content\/uploads\/2020\/04\/043.jpg\" alt=\"\" \/>\n\t\t\t\t<img decoding=\"async\" src=\"https:\/\/toolless.com\/wp-content\/uploads\/2020\/04\/044.jpg\" alt=\"\" \/>\n\t\t\t\t<img decoding=\"async\" src=\"https:\/\/toolless.com\/wp-content\/uploads\/2020\/04\/045-PHYSIOMED-Bodydrain.jpg\" alt=\"\" \/>\n\t\t\t\t<img decoding=\"async\" src=\"https:\/\/toolless.com\/wp-content\/uploads\/2020\/04\/046.jpg\" alt=\"\" \/>\n\t\t\t\t<img decoding=\"async\" src=\"https:\/\/toolless.com\/wp-content\/uploads\/2020\/04\/047.jpg\" alt=\"\" \/>\n\t\t\t\t<img decoding=\"async\" src=\"https:\/\/toolless.com\/wp-content\/uploads\/2020\/04\/049.jpg\" alt=\"\" \/>\n\t\t\t\t<img decoding=\"async\" src=\"https:\/\/toolless.com\/wp-content\/uploads\/2020\/04\/056-PHYSIOMED-Lipodrain.jpg\" alt=\"\" \/>\n\t\t\t\t<img decoding=\"async\" src=\"https:\/\/toolless.com\/wp-content\/uploads\/2020\/04\/058.jpg\" alt=\"\" \/>\n\t\t\t\t<img decoding=\"async\" src=\"https:\/\/toolless.com\/wp-content\/uploads\/2020\/04\/059.jpg\" alt=\"\" \/>\n\t\t\t\t<img decoding=\"async\" src=\"https:\/\/toolless.com\/wp-content\/uploads\/2020\/04\/065.jpg\" alt=\"\" \/>\n\t\t\t\t<img decoding=\"async\" src=\"https:\/\/toolless.com\/wp-content\/uploads\/2020\/04\/067.jpg\" alt=\"\" \/>\n\t\t\t\t<img decoding=\"async\" src=\"https:\/\/toolless.com\/wp-content\/uploads\/2020\/04\/071.jpg\" alt=\"\" \/>\n\t\t\t\t<img decoding=\"async\" src=\"https:\/\/toolless.com\/wp-content\/uploads\/2020\/04\/075.jpg\" alt=\"\" \/>\n\t\t\t\t<img decoding=\"async\" src=\"https:\/\/toolless.com\/wp-content\/uploads\/2020\/04\/078.jpg\" alt=\"\" \/>\n\t\t\t\t<img decoding=\"async\" src=\"https:\/\/toolless.com\/wp-content\/uploads\/2020\/04\/088.jpg\" alt=\"\" \/>\n\t\t\t\t<img decoding=\"async\" src=\"https:\/\/toolless.com\/wp-content\/uploads\/2020\/04\/089.jpg\" alt=\"\" \/>\n\t\t\t\t<img decoding=\"async\" src=\"https:\/\/toolless.com\/wp-content\/uploads\/2020\/04\/095.jpg\" alt=\"\" \/>\n\t\t\t\t<img decoding=\"async\" src=\"https:\/\/toolless.com\/wp-content\/uploads\/2020\/04\/123-SCANVEST-SPA-Schaltersprechanlage.jpg\" alt=\"\" \/>\n\t\t\t\t<img decoding=\"async\" src=\"https:\/\/toolless.com\/wp-content\/uploads\/2020\/04\/124.jpg\" alt=\"\" \/>\n\t\t\t\t<img decoding=\"async\" src=\"https:\/\/toolless.com\/wp-content\/uploads\/2020\/04\/033.jpg\" alt=\"\" \/>\n\t\t\t\t<img decoding=\"async\" src=\"https:\/\/toolless.com\/wp-content\/uploads\/2020\/04\/007-SANDORFF-Eternal-Liner.jpg\" alt=\"\" \/>\n\t\t\t\t<img decoding=\"async\" src=\"https:\/\/toolless.com\/wp-content\/uploads\/2020\/04\/013.jpg\" alt=\"\" \/>\n\t\t  <\/div>\n<\/div>\n\n<script>\njQuery(document).ready(function($){\n$('#thumbs img').click(function(){\n    $('#largeImage').attr('src',$(this).attr('src').replace('thumb','large'));\n    $('#description').html($(this).attr('alt'));\n});\n})\n\n<\/script>","protected":false},"excerpt":{"rendered":"<p>Medical Enclosures Diagnostic equipment, gas analyser, ventilation systems, CPAP, Toolless is proud to play a role in manufacturing equipment that change the medical world. From highly cosmetic enclosures that meet the eyes, to little bed controller, Toolless is your partner in designing and manufacturing your custom medical enclosures. Our on-site engineering staff will accompany you &#8230; <\/p>\n<p class=\"read-more-container\"><a title=\"Enceintes m\u00e9dicales\" class=\"read-more button\" href=\"https:\/\/toolless.com\/fr\/enclosures-gallery\/medical-enclosures\/#more-553\" aria-label=\"Plus sur Medical Enclosures\">Lire plus<\/a><\/p>","protected":false},"author":1,"featured_media":295,"parent":19,"menu_order":0,"comment_status":"closed","ping_status":"closed","template":"","meta":{"_acf_changed":false,"_seopress_robots_primary_cat":"0","_seopress_titles_title":"Custom Medical Enclosures | Toolless: Your Design Partner","_seopress_titles_desc":"Design and manufacture custom medical enclosures with Toolless. From cosmetic designs to functional controllers, we create eye-catching, reliable devices.","_seopress_robots_index":"","pgc_sgb_lightbox_settings":"","iawp_total_views":0,"footnotes":""},"page_categories":[],"class_list":{"0":"post-553","1":"page","2":"type-page","3":"status-publish","4":"has-post-thumbnail","6":"infinite-scroll-item"},"acf":[],"_links":{"self":[{"href":"https:\/\/toolless.com\/fr\/wp-json\/wp\/v2\/pages\/553","targetHints":{"allow":["GET"]}}],"collection":[{"href":"https:\/\/toolless.com\/fr\/wp-json\/wp\/v2\/pages"}],"about":[{"href":"https:\/\/toolless.com\/fr\/wp-json\/wp\/v2\/types\/page"}],"author":[{"embeddable":true,"href":"https:\/\/toolless.com\/fr\/wp-json\/wp\/v2\/users\/1"}],"replies":[{"embeddable":true,"href":"https:\/\/toolless.com\/fr\/wp-json\/wp\/v2\/comments?post=553"}],"version-history":[{"count":6,"href":"https:\/\/toolless.com\/fr\/wp-json\/wp\/v2\/pages\/553\/revisions"}],"predecessor-version":[{"id":721,"href":"https:\/\/toolless.com\/fr\/wp-json\/wp\/v2\/pages\/553\/revisions\/721"}],"up":[{"embeddable":true,"href":"https:\/\/toolless.com\/fr\/wp-json\/wp\/v2\/pages\/19"}],"wp:featuredmedia":[{"embeddable":true,"href":"https:\/\/toolless.com\/fr\/wp-json\/wp\/v2\/media\/295"}],"wp:attachment":[{"href":"https:\/\/toolless.com\/fr\/wp-json\/wp\/v2\/media?parent=553"}],"wp:term":[{"taxonomy":"page_categories","embeddable":true,"href":"https:\/\/toolless.com\/fr\/wp-json\/wp\/v2\/page_categories?post=553"}],"curies":[{"name":"wp","href":"https:\/\/api.w.org\/{rel}","templated":true}]}}