{"id":54,"date":"2020-04-17T22:44:53","date_gmt":"2020-04-17T22:44:53","guid":{"rendered":"http:\/\/toolless.ed-webdesigns.com\/?page_id=54"},"modified":"2025-01-23T17:52:37","modified_gmt":"2025-01-23T17:52:37","slug":"coffrets-en-plastique-a-prix-abordable","status":"publish","type":"page","link":"https:\/\/toolless.com\/fr\/affordable-plastic-enclosures\/","title":{"rendered":"Prototypage abordable"},"content":{"rendered":"<h3 class=\"wp-block-heading\">Prototypes de bo\u00eetiers en plastique<\/h3>\n\n\n\n<p>L'objectif de Toolless est de fabriquer des bo\u00eetiers en plastique abordables en r\u00e9alisant des prototypes de bo\u00eetiers en plastique \u00e0 tester sur votre march\u00e9, sans commune mesure avec les bo\u00eetiers disponibles sur le march\u00e9 en termes de polyvalence de la conception.<\/p>\n\n\n\n<p>Les solutions plastiques sans outillage se comparent favorablement aux pi\u00e8ces moul\u00e9es par injection en termes d'apparence, de finition et de durabilit\u00e9, avec des frais d'ing\u00e9nierie minimes et non r\u00e9currents.<\/p>\n\n\n\n<p>C'est pourquoi nos concepteurs CAO travaillent avec vous tout au long de la phase de prototypage pour s'assurer que votre produit correspond \u00e0 ce que vous recherchez. Nous ne lancerons pas la production tant que nous n'aurons pas re\u00e7u l'approbation sign\u00e9e d'un mod\u00e8le 3D envoy\u00e9 directement au client. Dans certains cas, il peut \u00eatre n\u00e9cessaire d'envoyer le circuit imprim\u00e9 ou les pi\u00e8ces internes \u00e0 Toolless pour v\u00e9rifier que le prototype fonctionne comme pr\u00e9vu. <\/p>\n\n\n<div class=\"gb-grid-wrapper gb-grid-wrapper-7dd0b536\">\n<div class=\"gb-grid-column gb-grid-column-95183f8c\"><div class=\"gb-container gb-container-95183f8c\"><div class=\"gb-inside-container\">\n\n<p><a href=\"https:\/\/toolless.com\/fr\/request-for-quote.aspx\/\">Commencez d\u00e8s aujourd'hui<\/a><\/p>\n\n<\/div><\/div><\/div>\n\n<div class=\"gb-grid-column gb-grid-column-8a1a9ce2\"><div class=\"gb-container gb-container-8a1a9ce2\"><div class=\"gb-inside-container\">\n<div class=\"gb-button-wrapper gb-button-wrapper-e76dc686\">\n\n<a class=\"gb-button gb-button-09473355 gb-button-text button\" href=\"\/fr\/demande-de-devis\/\">Demande de devis<\/a>\n\n<\/div>\n<\/div><\/div><\/div>\n<\/div>\n\n\n<ul class=\"wp-block-list\">\n<li>Nous proposons des prix forfaitaires pour les prototypes de bo\u00eetiers en plastique personnalis\u00e9s.<\/li>\n\n\n\n<li>Modifications de vos bo\u00eetiers en plastique \u00e0 un co\u00fbt tr\u00e8s limit\u00e9.<\/li>\n\n\n\n<li>Gr\u00e2ce \u00e0 notre technologie unique, il n'y a pas de frais d'outillage ou de moule.<\/li>\n\n\n\n<li>Envoyez-nous votre mod\u00e8le 3D et nous pourrons facilement cr\u00e9er un bo\u00eetier en plastique abordable d\u00e8s aujourd'hui.<\/li>\n<\/ul>\n\n\n<div class=\"gb-grid-wrapper gb-grid-wrapper-691fcd58\">\n<div class=\"gb-grid-column gb-grid-column-939127e4\"><div class=\"gb-container gb-container-939127e4\"><div class=\"gb-inside-container\">\n<div class=\"wp-block-image\">\n<figure class=\"aligncenter size-large\"><img loading=\"lazy\" decoding=\"async\" width=\"200\" height=\"121\" src=\"https:\/\/toolless.com\/wp-content\/uploads\/2020\/04\/EC10-9.png\" alt=\"\" class=\"wp-image-516\"\/><\/figure>\n<\/div>\n<\/div><\/div><\/div>\n\n<div class=\"gb-grid-column gb-grid-column-fdd8c119\"><div class=\"gb-container gb-container-fdd8c119\"><div class=\"gb-inside-container\">\n<div class=\"wp-block-image\">\n<figure class=\"aligncenter size-large\"><img loading=\"lazy\" decoding=\"async\" width=\"200\" height=\"140\" src=\"https:\/\/toolless.com\/wp-content\/uploads\/2020\/04\/EC10-2.png\" alt=\"\" class=\"wp-image-517\"\/><\/figure>\n<\/div>\n<\/div><\/div><\/div>\n\n<div class=\"gb-grid-column gb-grid-column-0f1346da\"><div class=\"gb-container gb-container-0f1346da\"><div class=\"gb-inside-container\">\n<div class=\"wp-block-image\">\n<figure class=\"aligncenter size-large\"><img loading=\"lazy\" decoding=\"async\" width=\"200\" height=\"127\" src=\"https:\/\/toolless.com\/wp-content\/uploads\/2020\/04\/EC10-8-1.png\" alt=\"Bo\u00eetier plastique \u00e0 prix abordable\" class=\"wp-image-518\"\/><\/figure>\n<\/div>\n<\/div><\/div><\/div>\n<\/div>\n\n\n<p>Toolless Plastic Solutions propose des prix standard pour les bo\u00eetiers en plastique personnalis\u00e9s, avec l'avantage du temps et de la qualit\u00e9. Un nouveau moule est n\u00e9cessaire si des modifications sont apport\u00e9es aux technologies de thermoformage ou de moulage par injection. Cela augmente vos co\u00fbts \u00e0 chaque modification. Avec Toolless Plastic Solutions, il n'y a pas besoin d'un nouveau moule, et nos concepteurs CAO internes modifieront la pi\u00e8ce rapidement avec un co\u00fbt minimal. Les modifications peuvent intervenir entre les cycles de production, et parfois m\u00eame au cours d'un cycle de production. Tout d\u00e9pend du stade de production des unit\u00e9s et de la nature de la modification. <\/p>\n\n\n<div class=\"gb-button-wrapper gb-button-wrapper-ed4d4598\">\n\n<a class=\"gb-button gb-button-21a149ed gb-button-text button\" href=\"\/fr\/galerie-des-fermetures\/\">Voir le portefeuille<\/a>\n\n<\/div>","protected":false},"excerpt":{"rendered":"<p>Plastic Enclosure Prototypes Toolless&#8217; aim is to make affordable plastic enclosures by making plastic enclosure prototypes to test in your market unrivaled by off the shelf enclosures in the versatility of design. Toolless Plastic Solutions compares favorably with injection molded parts in appearance, finishing, and durability with a minimal non-recurring engineering charge. For this reason, &#8230; <\/p>\n<p class=\"read-more-container\"><a title=\"Prototypage abordable\" class=\"read-more button\" href=\"https:\/\/toolless.com\/fr\/affordable-plastic-enclosures\/#more-54\" aria-label=\"Plus sur Affordable Prototyping\">Lire plus<\/a><\/p>","protected":false},"author":1,"featured_media":389,"parent":0,"menu_order":0,"comment_status":"closed","ping_status":"closed","template":"","meta":{"_acf_changed":false,"_seopress_robots_primary_cat":"","_seopress_titles_title":"Affordable Plastic Enclosure Prototype at Toolless Plastic Solutions","_seopress_titles_desc":"Toolless is a cost-effective solution to make an Affordable Plastic Enclosure. We compare favorably with injection molding.","_seopress_robots_index":"","pgc_sgb_lightbox_settings":"","iawp_total_views":0,"footnotes":""},"page_categories":[],"class_list":{"0":"post-54","1":"page","2":"type-page","3":"status-publish","4":"has-post-thumbnail","6":"infinite-scroll-item"},"acf":[],"_links":{"self":[{"href":"https:\/\/toolless.com\/fr\/wp-json\/wp\/v2\/pages\/54","targetHints":{"allow":["GET"]}}],"collection":[{"href":"https:\/\/toolless.com\/fr\/wp-json\/wp\/v2\/pages"}],"about":[{"href":"https:\/\/toolless.com\/fr\/wp-json\/wp\/v2\/types\/page"}],"author":[{"embeddable":true,"href":"https:\/\/toolless.com\/fr\/wp-json\/wp\/v2\/users\/1"}],"replies":[{"embeddable":true,"href":"https:\/\/toolless.com\/fr\/wp-json\/wp\/v2\/comments?post=54"}],"version-history":[{"count":5,"href":"https:\/\/toolless.com\/fr\/wp-json\/wp\/v2\/pages\/54\/revisions"}],"predecessor-version":[{"id":2954,"href":"https:\/\/toolless.com\/fr\/wp-json\/wp\/v2\/pages\/54\/revisions\/2954"}],"wp:featuredmedia":[{"embeddable":true,"href":"https:\/\/toolless.com\/fr\/wp-json\/wp\/v2\/media\/389"}],"wp:attachment":[{"href":"https:\/\/toolless.com\/fr\/wp-json\/wp\/v2\/media?parent=54"}],"wp:term":[{"taxonomy":"page_categories","embeddable":true,"href":"https:\/\/toolless.com\/fr\/wp-json\/wp\/v2\/page_categories?post=54"}],"curies":[{"name":"wp","href":"https:\/\/api.w.org\/{rel}","templated":true}]}}