{"id":52,"date":"2020-04-17T22:44:17","date_gmt":"2020-04-17T22:44:17","guid":{"rendered":"http:\/\/toolless.ed-webdesigns.com\/?page_id=52"},"modified":"2025-01-23T19:26:51","modified_gmt":"2025-01-23T19:26:51","slug":"coffrets-muraux-electronique-plastique","status":"publish","type":"page","link":"https:\/\/toolless.com\/fr\/wall-mount-enclosures-plastic-electronics\/","title":{"rendered":"Bo\u00eetiers \u00e0 montage mural"},"content":{"rendered":"<div class=\"gb-grid-wrapper gb-grid-wrapper-071a8d8e\">\n<div class=\"gb-grid-column gb-grid-column-4919c5e1\"><div class=\"gb-container gb-container-4919c5e1\"><div class=\"gb-inside-container\">\n\n<h2 class=\"wp-block-heading\">Bo\u00eetiers \u00e0 montage mural<\/h2>\n\n\n\n<p>Les bo\u00eetiers en plastique sont disponibles dans de nombreuses tailles et fonctionnalit\u00e9s.&nbsp;<a href=\"https:\/\/toolless.com\/fr\/boitiers-en-plastique-portatifs\/\" target=\"_blank\" rel=\"noreferrer noopener\">portable<\/a>&nbsp;peut \u00eatre important, d'autres fois c'est la possibilit\u00e9 de fixer le bo\u00eetier de projet \u00e0 un mur. Ce type de bo\u00eetier est appel\u00e9 bo\u00eetier mural.<\/p>\n\n\n\n<p>Les unit\u00e9s mont\u00e9es sont des bo\u00eetiers en plastique pour l'int\u00e9rieur ou l'ext\u00e9rieur, dont le but est de maintenir une position unique. Cela pr\u00e9sente plusieurs avantages. L'un d'eux est qu'il peut \u00eatre plus grand qu'un ordinateur de poche, sans prendre d'espace inutile. Le second avantage est que les composants \u00e9lectroniques peuvent rester en s\u00e9curit\u00e9 et prot\u00e9g\u00e9s des dommages qui peuvent survenir lorsqu'ils sont plac\u00e9s sur le sol ou non fix\u00e9s \u00e0 un bureau.<\/p>\n\n<\/div><\/div><\/div>\n\n<div class=\"gb-grid-column gb-grid-column-cb8a6fdd\"><div class=\"gb-container gb-container-cb8a6fdd\"><div class=\"gb-inside-container\">\n\n<figure class=\"wp-block-image size-large\"><img loading=\"lazy\" decoding=\"async\" width=\"1024\" height=\"682\" src=\"https:\/\/toolless.com\/wp-content\/uploads\/2020\/04\/6756-1024x682.jpg\" alt=\"\" class=\"wp-image-523\" srcset=\"https:\/\/toolless.com\/wp-content\/uploads\/2020\/04\/6756-1024x682.jpg 1024w, https:\/\/toolless.com\/wp-content\/uploads\/2020\/04\/6756-300x200.jpg 300w, https:\/\/toolless.com\/wp-content\/uploads\/2020\/04\/6756-768x511.jpg 768w, https:\/\/toolless.com\/wp-content\/uploads\/2020\/04\/6756.jpg 1200w\" sizes=\"auto, (max-width: 1024px) 100vw, 1024px\" \/><\/figure>\n\n<\/div><\/div><\/div>\n<\/div>\n\n\n<h2 class=\"wp-block-heading\">Processus de fabrication<\/h2>\n\n\n\n<p>Chez Toolless Plastic Solutions, nos produits sont fabriqu\u00e9s dans notre usine situ\u00e9e \u00e0 Everett. Nous utilisons une feuille de plastique ABS (ou un autre mat\u00e9riau plastique appropri\u00e9). Nous d\u00e9coupons, plions et assemblons la feuille pour cr\u00e9er une enceinte en plastique. Notre technique est similaire \u00e0 celle de la production de t\u00f4les qui utilise une seule feuille pour cr\u00e9er une bo\u00eete en acier inoxydable, mais dans notre cas, il s'agit d'une bo\u00eete en plastique. L'utilisation du plastique comme mat\u00e9riau cr\u00e9e une option plus l\u00e9g\u00e8re pour les personnes cherchant \u00e0 enfermer leurs composants \u00e9lectroniques.<\/p>\n\n\n\n<p>Nos ing\u00e9nieurs programment le bo\u00eetier du projet dans le syst\u00e8me, ce qui permet \u00e0 nos machines CNC de d\u00e9couper le plastique \u00e0 l'aide d'outils de routage de haute pr\u00e9cision. De la CNC, la feuille de plastique passe \u00e0 l'impression num\u00e9rique (le cas \u00e9ch\u00e9ant), au pliage et enfin \u00e0 l'assemblage, o\u00f9 les supports, les inserts, les fen\u00eatres en acrylique, etc. sont mont\u00e9s dans le bo\u00eetier. C'est lors de l'assemblage que l'unit\u00e9 commence enfin \u00e0 ressembler \u00e0 quelque chose de plus qu'une simple feuille de plastique, elle commence \u00e0 ressembler \u00e0 un bo\u00eetier.<\/p>\n\n\n\n<h2 class=\"wp-block-heading\">Peinture, couleur et blindage EMI<\/h2>\n\n\n<div class=\"wp-block-image\">\n<figure class=\"alignleft size-large is-resized\"><img loading=\"lazy\" decoding=\"async\" width=\"1024\" height=\"682\" src=\"https:\/\/toolless.com\/wp-content\/uploads\/2020\/04\/8601-SCOLA-CONCEPT-1024x682.jpg\" alt=\"\" class=\"wp-image-524\" style=\"width:320px;height:213px\" srcset=\"https:\/\/toolless.com\/wp-content\/uploads\/2020\/04\/8601-SCOLA-CONCEPT-1024x682.jpg 1024w, https:\/\/toolless.com\/wp-content\/uploads\/2020\/04\/8601-SCOLA-CONCEPT-300x200.jpg 300w, https:\/\/toolless.com\/wp-content\/uploads\/2020\/04\/8601-SCOLA-CONCEPT-768x511.jpg 768w, https:\/\/toolless.com\/wp-content\/uploads\/2020\/04\/8601-SCOLA-CONCEPT.jpg 1200w\" sizes=\"auto, (max-width: 1024px) 100vw, 1024px\" \/><\/figure>\n<\/div>\n\n\n<p>&nbsp;Toolless a la capacit\u00e9 d'ajouter de la couleur. Dans le monde de l'acier inoxydable, le rev\u00eatement par poudre est le plus utilis\u00e9, mais avec le plastique ABS, nous utilisons une technique de peinture humide pour ajouter de la couleur \u00e0 votre bo\u00eetier. Cela permet une large gamme d'options de couleurs et la peinture est appliqu\u00e9e apr\u00e8s la production pour limiter les rayures et les \u00e9raflures.<\/p>\n\n\n\n<p>La possibilit\u00e9 de peindre l'ABS offre aux clients un large \u00e9ventail d'options au-del\u00e0 du blanc, du gris ou du noir ennuyeux du plastique ABS traditionnel. Nous utilisons des couleurs vives et \u00e9clatantes pour faire ressortir votre bo\u00eetier contre un mur !<\/p>\n\n\n\n<p><a href=\"https:\/\/toolless.com\/fr\/nous-contacter\/\" target=\"_blank\" rel=\"noreferrer noopener\">Contact&nbsp;<\/a>notre \u00e9quipe de vente ou visitez notre&nbsp;<a href=\"https:\/\/toolless.com\/fr\/materiaux\/\" target=\"_blank\" rel=\"noreferrer noopener\">Mat\u00e9riaux&nbsp;<\/a>pour en savoir plus sur le plastique ABS et les autres plastiques que nous proposons.<\/p>\n\n\n\n<p>En raison de l'objectif et des composants d'un bo\u00eetier mural, nous proposons \u00e9galement un blindage EMI. Le blindage EMI est une peinture conductrice sp\u00e9ciale qui recouvre uniform\u00e9ment l'int\u00e9rieur d'un bo\u00eetier. Nous testons la peinture et le plastique pour nous assurer de leur conductivit\u00e9 avant de poursuivre la fabrication. Ce blindage permet de prot\u00e9ger vos m\u00e9canismes internes des interf\u00e9rences de radiofr\u00e9quences si vous avez des appareils \u00e9lectroniques sensibles.<\/p>\n\n\n\n<h2 class=\"wp-block-heading\">Caract\u00e9ristiques<\/h2>\n\n\n\n<p>Nos bo\u00eetiers sont de formes, de tailles et d'usages diff\u00e9rents. En raison de la possibilit\u00e9 de variabilit\u00e9, nous avons adapt\u00e9 un grand nombre de nos techniques Toolless pour nous assurer que nous pouvons offrir nos capacit\u00e9s pour un bo\u00eetier \u00e0 montage mural.<\/p>\n\n\n\n<p>Ces techniques comprennent la technologie de la languette et de la rainure pour assembler les pi\u00e8ces, l'impression num\u00e9rique de logos, de signes et d'\u00e9tiquettes, des compartiments pour les batteries, des ports multiples et des d\u00e9coupes uniques. La plupart du temps, l'armoire est dot\u00e9e de brides lat\u00e9rales perc\u00e9es de trous. Cela pr\u00e9sente deux avantages. Tout d'abord, elle s'adapte bien \u00e0 notre processus. Deuxi\u00e8mement, cela permet de conserver la rigidit\u00e9 de l'ensemble puisque les brides font partie du bo\u00eetier principal.<\/p>\n\n\n\n<h4 class=\"gb-headline gb-headline-1b62743f gb-headline-text\">Caract\u00e9ristiques de montage<\/h4>\n\n\n<div class=\"wp-block-image\">\n<figure class=\"alignleft size-large is-resized\"><img loading=\"lazy\" decoding=\"async\" width=\"1024\" height=\"682\" src=\"https:\/\/toolless.com\/wp-content\/uploads\/2020\/04\/6951-1024x682.jpg\" alt=\"Bo\u00eetier \u00e0 montage mural\" class=\"wp-image-525\" style=\"width:320px;height:213px\" srcset=\"https:\/\/toolless.com\/wp-content\/uploads\/2020\/04\/6951-1024x682.jpg 1024w, https:\/\/toolless.com\/wp-content\/uploads\/2020\/04\/6951-300x200.jpg 300w, https:\/\/toolless.com\/wp-content\/uploads\/2020\/04\/6951-768x511.jpg 768w, https:\/\/toolless.com\/wp-content\/uploads\/2020\/04\/6951.jpg 1200w\" sizes=\"auto, (max-width: 1024px) 100vw, 1024px\" \/><\/figure>\n<\/div>\n\n\n<p>Pour faciliter le montage du bo\u00eetier sur un mur, nous proposons des d\u00e9coupes en trou de serrure. Nous pouvons travailler avec vous pour discuter de l'emplacement, de la taille et du nombre de trous de serrure qui conviendraient le mieux \u00e0 votre bo\u00eetier de projet. Cela d\u00e9pend de la taille, du poids et de l'utilisation. Par exemple, pour un aspect net et pr\u00e9cis, il est possible de placer les trous de serrure \u00e0 l'arri\u00e8re. Cela permet au support de glisser facilement sur une vis. Un autre exemple consiste \u00e0 placer les trous de serrure sur le c\u00f4t\u00e9 du bo\u00eetier pour faciliter le montage.<\/p>\n\n\n\n<p>&nbsp;L'accessibilit\u00e9 des composants int\u00e9rieurs est parfois un \u00e9l\u00e9ment important pour les armoires \u00e0 montage mural. Il faut donc pr\u00e9voir des loquets tournants et des charni\u00e8res pour la porte unique. Le loquet pivotant permet de fermer et de verrouiller le bo\u00eetier en toute s\u00e9curit\u00e9 jusqu'\u00e0 ce qu'il soit n\u00e9cessaire d'y acc\u00e9der. Les charni\u00e8res facilitent le m\u00e9canisme de verrouillage pour que le support reste une unit\u00e9 unique. Il n'est donc plus n\u00e9cessaire d'avoir des couvercles ou des pi\u00e8ces amovibles.<\/p>\n\n\n\n<h4 class=\"gb-headline gb-headline-5d35bf63 gb-headline-text\">Caract\u00e9ristiques de l'\u00e9cran LCD<\/h4>\n\n\n<div class=\"wp-block-image\">\n<figure class=\"alignleft size-large is-resized\"><img loading=\"lazy\" decoding=\"async\" width=\"1024\" height=\"682\" src=\"https:\/\/toolless.com\/wp-content\/uploads\/2020\/04\/7016-1024x682.jpg\" alt=\"Bo\u00eetier \u00e0 montage mural\" class=\"wp-image-526\" style=\"width:312px;height:208px\" srcset=\"https:\/\/toolless.com\/wp-content\/uploads\/2020\/04\/7016-1024x682.jpg 1024w, https:\/\/toolless.com\/wp-content\/uploads\/2020\/04\/7016-300x200.jpg 300w, https:\/\/toolless.com\/wp-content\/uploads\/2020\/04\/7016-768x511.jpg 768w, https:\/\/toolless.com\/wp-content\/uploads\/2020\/04\/7016.jpg 1200w\" sizes=\"auto, (max-width: 1024px) 100vw, 1024px\" \/><\/figure>\n<\/div>\n\n\n<p>Comme pour les appareils portables, ces bo\u00eetiers peuvent comporter des trous de fixation pour les \u00e9crans LCD. Cela permet d'adapter l'\u00e9cran aux appareils. Un \u00e9cran tactile sur un appareil m\u00e9dical permet un acc\u00e8s rapide et facile lors d'un sc\u00e9nario d'urgence.<\/p>\n\n\n\n<p>Un \u00e9cran LCD affichant des donn\u00e9es permet de contr\u00f4ler la temp\u00e9rature d'une maison. Que votre \u00e9cran soit petit et affiche un contr\u00f4le de temp\u00e9rature ou l'heure, ou grand et affiche des informations m\u00e9dicales, nous pouvons cr\u00e9er une d\u00e9coupe pour la taille d'\u00e9cran n\u00e9cessaire.<\/p>","protected":false},"excerpt":{"rendered":"<p>Manufacturing Process At Toolless Plastic Solutions our products are manufactured in our facility located in Everett. We use a sheet of ABS plastic (or another suitable plastic material). We cut, bend, and assemble the sheet to create a plastic enclosure. Our technique is similar to sheet metal production which uses a single sheet to create &#8230; <\/p>\n<p class=\"read-more-container\"><a title=\"Bo\u00eetiers \u00e0 montage mural\" class=\"read-more button\" href=\"https:\/\/toolless.com\/fr\/wall-mount-enclosures-plastic-electronics\/#more-52\" aria-label=\"Plus sur Wall Mount Enclosures\">Lire plus<\/a><\/p>","protected":false},"author":1,"featured_media":295,"parent":0,"menu_order":0,"comment_status":"closed","ping_status":"closed","template":"","meta":{"_acf_changed":false,"_seopress_robots_primary_cat":"","_seopress_titles_title":"Wall Mount Enclosure For Plastic Electronics at Toolless Plastic Solutions","_seopress_titles_desc":"Toolless can manufacture a wall mount enclosure to house your plastic electronics. These are custom made enclosures made in USA.","_seopress_robots_index":"","pgc_sgb_lightbox_settings":"","iawp_total_views":0,"footnotes":""},"page_categories":[],"class_list":{"0":"post-52","1":"page","2":"type-page","3":"status-publish","4":"has-post-thumbnail","6":"infinite-scroll-item"},"acf":[],"_links":{"self":[{"href":"https:\/\/toolless.com\/fr\/wp-json\/wp\/v2\/pages\/52","targetHints":{"allow":["GET"]}}],"collection":[{"href":"https:\/\/toolless.com\/fr\/wp-json\/wp\/v2\/pages"}],"about":[{"href":"https:\/\/toolless.com\/fr\/wp-json\/wp\/v2\/types\/page"}],"author":[{"embeddable":true,"href":"https:\/\/toolless.com\/fr\/wp-json\/wp\/v2\/users\/1"}],"replies":[{"embeddable":true,"href":"https:\/\/toolless.com\/fr\/wp-json\/wp\/v2\/comments?post=52"}],"version-history":[{"count":6,"href":"https:\/\/toolless.com\/fr\/wp-json\/wp\/v2\/pages\/52\/revisions"}],"predecessor-version":[{"id":2997,"href":"https:\/\/toolless.com\/fr\/wp-json\/wp\/v2\/pages\/52\/revisions\/2997"}],"wp:featuredmedia":[{"embeddable":true,"href":"https:\/\/toolless.com\/fr\/wp-json\/wp\/v2\/media\/295"}],"wp:attachment":[{"href":"https:\/\/toolless.com\/fr\/wp-json\/wp\/v2\/media?parent=52"}],"wp:term":[{"taxonomy":"page_categories","embeddable":true,"href":"https:\/\/toolless.com\/fr\/wp-json\/wp\/v2\/page_categories?post=52"}],"curies":[{"name":"wp","href":"https:\/\/api.w.org\/{rel}","templated":true}]}}