{"id":50,"date":"2020-04-17T22:43:56","date_gmt":"2020-04-17T22:43:56","guid":{"rendered":"http:\/\/toolless.ed-webdesigns.com\/?page_id=50"},"modified":"2025-01-23T19:25:47","modified_gmt":"2025-01-23T19:25:47","slug":"boitiers-en-plastique-portatifs","status":"publish","type":"page","link":"https:\/\/toolless.com\/fr\/handheld-portable-plastic-enclosures\/","title":{"rendered":"Bo\u00eetiers en plastique pour appareils portatifs"},"content":{"rendered":"<h1 class=\"wp-block-heading\">Techniques de fabrication des bo\u00eetiers pour ordinateurs de poche<\/h1>\n\n\n\n<p>Depuis plus de 25 ans, Toolless con\u00e7oit des bo\u00eetiers pour ordinateurs de poche et, au fil des ans, nous avons \u00e9largi nos capacit\u00e9s et nos techniques afin de pouvoir offrir une grande vari\u00e9t\u00e9 de possibilit\u00e9s.<\/p>\n\n\n<div class=\"gb-grid-wrapper gb-grid-wrapper-7c22399e\">\n<div class=\"gb-grid-column gb-grid-column-8f221c70\"><div class=\"gb-container gb-container-8f221c70\"><div class=\"gb-inside-container\">\n\n<figure class=\"wp-block-image alignleft size-large is-resized\"><img loading=\"lazy\" decoding=\"async\" width=\"1024\" height=\"682\" src=\"https:\/\/toolless.com\/wp-content\/uploads\/2020\/04\/6906-1-1024x682.jpg\" alt=\"\" class=\"wp-image-504\" style=\"width:350px;height:233px\" srcset=\"https:\/\/toolless.com\/wp-content\/uploads\/2020\/04\/6906-1-1024x682.jpg 1024w, https:\/\/toolless.com\/wp-content\/uploads\/2020\/04\/6906-1-300x200.jpg 300w, https:\/\/toolless.com\/wp-content\/uploads\/2020\/04\/6906-1-768x511.jpg 768w, https:\/\/toolless.com\/wp-content\/uploads\/2020\/04\/6906-1.jpg 1200w\" sizes=\"auto, (max-width: 1024px) 100vw, 1024px\" \/><\/figure>\n\n\n\n<p class=\"has-text-align-left\">Certains de nos bo\u00eetiers pour instruments portables sont con\u00e7us pour tenir confortablement dans une poche, tandis que d'autres sont dot\u00e9s d'une poign\u00e9e pour faciliter le transport et la mobilit\u00e9 du produit. Quelle que soit la taille que vous recherchez, nos ing\u00e9nieurs travaillent avec vous pour concevoir et cr\u00e9er le bo\u00eetier portable qui vous convient le mieux.<\/p>\n\n\n\n<p>Les bo\u00eetiers pour projets portables sont des bo\u00eetiers de taille, de forme et de couleur diff\u00e9rentes, qui peuvent \u00eatre non seulement portatifs, mais aussi portables. Cela signifie qu'il faut tenir compte du poids de l'unit\u00e9 ainsi que du poids des structures internes. Un bo\u00eetier portable ne doit pas vous peser !<\/p>\n\n<\/div><\/div><\/div>\n<\/div>\n\n\n<hr class=\"wp-block-separator has-css-opacity is-style-wide\"\/>\n\n\n\n<figure class=\"wp-block-image alignleft size-large is-resized\"><img loading=\"lazy\" decoding=\"async\" width=\"1024\" height=\"682\" src=\"https:\/\/toolless.com\/wp-content\/uploads\/2020\/04\/7135-1-1024x682.jpg\" alt=\"\" class=\"wp-image-505\" style=\"width:350px;height:234px\" srcset=\"https:\/\/toolless.com\/wp-content\/uploads\/2020\/04\/7135-1-1024x682.jpg 1024w, https:\/\/toolless.com\/wp-content\/uploads\/2020\/04\/7135-1-300x200.jpg 300w, https:\/\/toolless.com\/wp-content\/uploads\/2020\/04\/7135-1-768x511.jpg 768w, https:\/\/toolless.com\/wp-content\/uploads\/2020\/04\/7135-1.jpg 1200w\" sizes=\"auto, (max-width: 1024px) 100vw, 1024px\" \/><\/figure>\n\n\n\n<p class=\"has-text-align-left\">\u00c9tant donn\u00e9 qu'il s'agit d'un appareil portatif, ces bo\u00eetiers s'appuient sur la solidit\u00e9 et la fiabilit\u00e9 pour prot\u00e9ger la carte de circuit imprim\u00e9 ou d'autres composants \u00e9lectroniques en cas de chutes et d'intemp\u00e9ries.<\/p>\n\n\n\n<p>Nous proposons diff\u00e9rentes m\u00e9thodes, dont notre m\u00e9thode unique de languette et de rainure. Il s'agit de plier principalement du plastique abs, afin de limiter le nombre de pi\u00e8ces, et d'utiliser une colle \u00e0 base de solvant. Le collage cr\u00e9e une r\u00e9action chimique sp\u00e9cifique en fonction du type de plastique. Nous soumettons ensuite le produit \u00e0 un test de chute pour en garantir la qualit\u00e9.<\/p>\n\n\n\n<p>Veuillez consulter notre&nbsp;<a href=\"https:\/\/toolless.com\/fr\/materials-2.aspx\/\" target=\"_blank\" rel=\"noreferrer noopener\">Section des mat\u00e9riaux<\/a>&nbsp;pour conna\u00eetre les diff\u00e9rents types de plastique que nous proposons. Si vous n'\u00eates pas s\u00fbr du type de plastique dont votre projet a besoin, n'h\u00e9sitez pas \u00e0 nous contacter.&nbsp;<a href=\"https:\/\/toolless.com\/fr\/contact-us.aspx\/\" target=\"_blank\" rel=\"noreferrer noopener\">nous contacter<\/a>&nbsp;et l'un de nos repr\u00e9sentants commerciaux pourra vous aider \u00e0 d\u00e9terminer ce qui convient le mieux \u00e0 votre projet.<\/p>\n\n\n\n<h1 class=\"wp-block-heading\">Con\u00e7u pour votre application<\/h1>\n\n\n\n<p>Les bo\u00eetiers portables en plastique peuvent \u00eatre inclus en eux-m\u00eames ou offrir la possibilit\u00e9 d'\u00eatre une t\u00e9l\u00e9commande pour un autre produit.<\/p>\n\n\n\n<figure class=\"wp-block-image alignleft size-large is-resized\"><img loading=\"lazy\" decoding=\"async\" width=\"1024\" height=\"768\" src=\"https:\/\/toolless.com\/wp-content\/uploads\/2020\/04\/Handheld-portable-enclosure-1-1024x768.jpg\" alt=\"\" class=\"wp-image-506\" style=\"width:350px;height:262px\" srcset=\"https:\/\/toolless.com\/wp-content\/uploads\/2020\/04\/Handheld-portable-enclosure-1-1024x768.jpg 1024w, https:\/\/toolless.com\/wp-content\/uploads\/2020\/04\/Handheld-portable-enclosure-1-300x225.jpg 300w, https:\/\/toolless.com\/wp-content\/uploads\/2020\/04\/Handheld-portable-enclosure-1-768x576.jpg 768w, https:\/\/toolless.com\/wp-content\/uploads\/2020\/04\/Handheld-portable-enclosure-1.jpg 1200w\" sizes=\"auto, (max-width: 1024px) 100vw, 1024px\" \/><\/figure>\n\n\n\n<p>Votre appareil portable doit-il communiquer avec un autre ordinateur ou transmettre des informations \u00e0 un serveur ? Des \u00e9vents sont-ils n\u00e9cessaires pour contr\u00f4ler la temp\u00e9rature des composants \u00e9lectriques ? Y a-t-il des boutons, des \u00e9crans ou une source d'alimentation \u00e0 prendre en compte ? L'appareil fonctionne-t-il sur batterie ou est-il charg\u00e9 de recharger un autre appareil ?<\/p>\n\n\n\n<p>Les possibilit\u00e9s offertes par un appareil portatif sont infinies, et chez Toolless Plastic Solutions, nous avons cr\u00e9\u00e9 une gamme d'accessoires, de fonctions et d'options pour ces bo\u00eetiers. Les possibilit\u00e9s de montage sont pratiquement illimit\u00e9es et l'acc\u00e8s \u00e0 l'int\u00e9rieur peut \u00eatre personnalis\u00e9 en fonction de vos besoins.<\/p>\n\n\n\n<p><em>Composants de la batterie<\/em>&nbsp;sont disponibles pour faire en sorte que l'appareil portable puisse \u00eatre aliment\u00e9 par une batterie afin d'am\u00e9liorer sa mobilit\u00e9 et d'\u00e9viter que les cordons d'alimentation ne vous retiennent. Les composants de la batterie peuvent \u00eatre r\u00e9arrang\u00e9s et modifi\u00e9s pour s'adapter aux diff\u00e9rentes tailles de batterie et rendre le remplacement de la batterie plus convivial pour l'utilisateur.<\/p>\n\n\n\n<figure class=\"wp-block-image alignleft size-large is-resized\"><img loading=\"lazy\" decoding=\"async\" width=\"1024\" height=\"682\" src=\"https:\/\/toolless.com\/wp-content\/uploads\/2020\/04\/8509-AVISTEL-1-1024x682.jpg\" alt=\"\" class=\"wp-image-507\" style=\"width:350px;height:235px\" srcset=\"https:\/\/toolless.com\/wp-content\/uploads\/2020\/04\/8509-AVISTEL-1-1024x682.jpg 1024w, https:\/\/toolless.com\/wp-content\/uploads\/2020\/04\/8509-AVISTEL-1-300x200.jpg 300w, https:\/\/toolless.com\/wp-content\/uploads\/2020\/04\/8509-AVISTEL-1-768x511.jpg 768w, https:\/\/toolless.com\/wp-content\/uploads\/2020\/04\/8509-AVISTEL-1.jpg 1200w\" sizes=\"auto, (max-width: 1024px) 100vw, 1024px\" \/><\/figure>\n\n\n\n<p>En fonction du nombre d'ouvertures par jour, certains clients optent pour un simple compartiment \u00e0 piles et utilisent du ruban adh\u00e9sif ou du velcro pour fixer les piles, ou choisissent un compartiment \u00e0 piles plus perfectionn\u00e9 pour s'assurer que les piles sont correctement fix\u00e9es \u00e0 l'int\u00e9rieur.<\/p>\n\n\n\n<p>Ce n'est pas parce qu'un appareil est portable qu'il limite les possibilit\u00e9s qu'il peut offrir. Les clients peuvent avoir besoin d'un pav\u00e9 tactile pour travailler sur place, les \u00e9crans LCD peuvent \u00eatre mont\u00e9s dans n'importe quel appareil \u00e0 l'aide de trous de montage LCD, de supports ou de toute autre caract\u00e9ristique personnalis\u00e9e qui permet des options cl\u00e9s en main.<\/p>\n\n\n\n<div style=\"height:10px\" aria-hidden=\"true\" class=\"wp-block-spacer\"><\/div>\n\n\n\n<hr class=\"wp-block-separator has-css-opacity is-style-wide clear\"\/>\n\n\n\n<figure class=\"wp-block-image alignleft size-large is-resized\"><img loading=\"lazy\" decoding=\"async\" width=\"1024\" height=\"682\" src=\"https:\/\/toolless.com\/wp-content\/uploads\/2020\/04\/8439-SALAMBIER-1-1024x682.jpg\" alt=\"\" class=\"wp-image-508\" style=\"width:350px;height:234px\" srcset=\"https:\/\/toolless.com\/wp-content\/uploads\/2020\/04\/8439-SALAMBIER-1-1024x682.jpg 1024w, https:\/\/toolless.com\/wp-content\/uploads\/2020\/04\/8439-SALAMBIER-1-300x200.jpg 300w, https:\/\/toolless.com\/wp-content\/uploads\/2020\/04\/8439-SALAMBIER-1-768x511.jpg 768w, https:\/\/toolless.com\/wp-content\/uploads\/2020\/04\/8439-SALAMBIER-1.jpg 1200w\" sizes=\"auto, (max-width: 1024px) 100vw, 1024px\" \/><\/figure>\n\n\n\n<p>Des sangles peuvent \u00eatre ajout\u00e9es \u00e0 un bo\u00eetier de projet portable, qui peut \u00eatre soit viss\u00e9 \u00e0 l'arri\u00e8re du bo\u00eetier, soit fix\u00e9 \u00e0 l'aide d'une plaque m\u00e9tallique de montage vesa. Dans ce dernier cas, la meilleure option est d'avoir 4 inserts int\u00e9gr\u00e9s dans le plastique.<\/p>\n\n\n\n<p>Les appareils portables n\u00e9cessitent parfois&nbsp;<em>poign\u00e9es<\/em>&nbsp;pour faciliter le transport. Les poign\u00e9es peuvent \u00e9galement am\u00e9liorer l'aspect esth\u00e9tique d'un appareil tout en conservant une sensation ergo-dynamique agr\u00e9able \u00e0 tenir.<\/p>\n\n\n\n<p>Les commutateurs \u00e0 membrane peuvent fonctionner comme un interrupteur \u00e9lectrique pour activer et d\u00e9sactiver un circuit. Il s'agit d'un clavier sans boutons, de sorte qu'un bo\u00eetier peut \u00eatre tenu \u00e0 la main tout en offrant un large \u00e9ventail de fonctions informatiques. &nbsp;<\/p>\n\n\n\n<hr class=\"wp-block-separator has-css-opacity is-style-wide clear\"\/>\n\n\n\n<figure class=\"wp-block-image alignleft size-large is-resized\"><img loading=\"lazy\" decoding=\"async\" width=\"1024\" height=\"682\" src=\"https:\/\/toolless.com\/wp-content\/uploads\/2020\/04\/6814-1-1024x682.jpg\" alt=\"\" class=\"wp-image-509\" style=\"width:350px;height:233px\" srcset=\"https:\/\/toolless.com\/wp-content\/uploads\/2020\/04\/6814-1-1024x682.jpg 1024w, https:\/\/toolless.com\/wp-content\/uploads\/2020\/04\/6814-1-300x200.jpg 300w, https:\/\/toolless.com\/wp-content\/uploads\/2020\/04\/6814-1-768x511.jpg 768w, https:\/\/toolless.com\/wp-content\/uploads\/2020\/04\/6814-1.jpg 1200w\" sizes=\"auto, (max-width: 1024px) 100vw, 1024px\" \/><\/figure>\n\n\n\n<p>Multiple&nbsp;<em>ports<\/em>&nbsp;pour les ordinateurs de poche afin de permettre diverses entr\u00e9es et sorties ou un seul port pour un usage unique.<\/p>\n\n\n\n<p><em>D\u00e9coupages&nbsp;<\/em>est une fonction qui vous permet de d\u00e9couper quelque chose dans le plastique : \u00e9vents, ports, \u00e9cran LCD, etc. Ces d\u00e9coupes peuvent \u00eatre carr\u00e9es, circulaires, oblongues, longues, courtes, fines ou larges. &nbsp;<\/p>\n\n\n\n<p>L'impression num\u00e9rique (contrairement \u00e0 la s\u00e9rigraphie) est disponible sur les appareils portables pour l'\u00e9tiquetage des ports ou l'insertion de logos dans une impression nette et vibrante. &nbsp;<\/p>\n\n\n\n<hr class=\"wp-block-separator has-css-opacity is-style-wide clear\"\/>\n\n\n\n<figure class=\"wp-block-image alignleft size-large is-resized\"><img loading=\"lazy\" decoding=\"async\" width=\"1024\" height=\"682\" src=\"https:\/\/toolless.com\/wp-content\/uploads\/2020\/04\/7132-1-1024x682.jpg\" alt=\"\" class=\"wp-image-510\" style=\"width:350px;height:233px\" srcset=\"https:\/\/toolless.com\/wp-content\/uploads\/2020\/04\/7132-1-1024x682.jpg 1024w, https:\/\/toolless.com\/wp-content\/uploads\/2020\/04\/7132-1-300x200.jpg 300w, https:\/\/toolless.com\/wp-content\/uploads\/2020\/04\/7132-1-768x511.jpg 768w, https:\/\/toolless.com\/wp-content\/uploads\/2020\/04\/7132-1.jpg 1200w\" sizes=\"auto, (max-width: 1024px) 100vw, 1024px\" \/><\/figure>\n\n\n\n<p>Nous pouvons \u00e9galement concevoir quelque chose d'unique pour r\u00e9pondre aux exigences de votre projet. Contactez notre \u00e9quipe commerciale et commencez \u00e0 travailler avec l'un de nos ing\u00e9nieurs pour cr\u00e9er un prototype et faire passer votre projet d'instrument portable en phase de production.<\/p>\n\n\n\n<p>Les bo\u00eetiers de projet portatifs peuvent \u00eatre utilis\u00e9s \u00e0 des fins tr\u00e8s diverses. Il peut s'agir de mesurer la fr\u00e9quence cardiaque ou les habitudes de sommeil, ou encore d'appareils informatiques portatifs (tels que le raspberry pi). Chaque objectif commence par un besoin du client et se termine par un bo\u00eetier plastique portable.<\/p>\n\n\n\n<hr class=\"wp-block-separator has-css-opacity is-style-wide clear\"\/>\n\n\n<div class=\"gb-button-wrapper gb-button-wrapper-4805a68a\">\n\n<a class=\"gb-button gb-button-b46db4ea gb-button-text button\" href=\"https:\/\/toolless.com\/fr\/nous-contacter\/\">Contactez-nous pour commencer<\/a>\n\n<\/div>","protected":false},"excerpt":{"rendered":"<p>Techniques Manufacturing Handheld Enclosures For over 25 years Toolless has been designing handheld enclosures and through the years we have expanded our capabilities and techniques to be able to offer a wide variety of possibilities. Due to the nature of being a hand held device, these enclosures rely on strength and dependability to keep the &#8230; <\/p>\n<p class=\"read-more-container\"><a title=\"Bo\u00eetiers en plastique pour appareils portatifs\" class=\"read-more button\" href=\"https:\/\/toolless.com\/fr\/handheld-portable-plastic-enclosures\/#more-50\" aria-label=\"Plus sur Handheld Plastic Enclosures\">Lire plus<\/a><\/p>","protected":false},"author":1,"featured_media":997,"parent":0,"menu_order":0,"comment_status":"closed","ping_status":"closed","template":"","meta":{"_acf_changed":false,"_seopress_robots_primary_cat":"","_seopress_titles_title":"Handheld Enclosures | Handheld Instrument Enclosures","_seopress_titles_desc":"Discover top-notch handheld enclosures at Toolless. Engineered for durability and mobility, customized to your needs for over 25 years. Contact us today!","_seopress_robots_index":"","pgc_sgb_lightbox_settings":"","iawp_total_views":0,"footnotes":""},"page_categories":[],"class_list":{"0":"post-50","1":"page","2":"type-page","3":"status-publish","4":"has-post-thumbnail","6":"infinite-scroll-item"},"acf":[],"_links":{"self":[{"href":"https:\/\/toolless.com\/fr\/wp-json\/wp\/v2\/pages\/50","targetHints":{"allow":["GET"]}}],"collection":[{"href":"https:\/\/toolless.com\/fr\/wp-json\/wp\/v2\/pages"}],"about":[{"href":"https:\/\/toolless.com\/fr\/wp-json\/wp\/v2\/types\/page"}],"author":[{"embeddable":true,"href":"https:\/\/toolless.com\/fr\/wp-json\/wp\/v2\/users\/1"}],"replies":[{"embeddable":true,"href":"https:\/\/toolless.com\/fr\/wp-json\/wp\/v2\/comments?post=50"}],"version-history":[{"count":16,"href":"https:\/\/toolless.com\/fr\/wp-json\/wp\/v2\/pages\/50\/revisions"}],"predecessor-version":[{"id":2996,"href":"https:\/\/toolless.com\/fr\/wp-json\/wp\/v2\/pages\/50\/revisions\/2996"}],"wp:featuredmedia":[{"embeddable":true,"href":"https:\/\/toolless.com\/fr\/wp-json\/wp\/v2\/media\/997"}],"wp:attachment":[{"href":"https:\/\/toolless.com\/fr\/wp-json\/wp\/v2\/media?parent=50"}],"wp:term":[{"taxonomy":"page_categories","embeddable":true,"href":"https:\/\/toolless.com\/fr\/wp-json\/wp\/v2\/page_categories?post=50"}],"curies":[{"name":"wp","href":"https:\/\/api.w.org\/{rel}","templated":true}]}}