{"id":48,"date":"2020-04-17T22:43:33","date_gmt":"2020-04-17T22:43:33","guid":{"rendered":"http:\/\/toolless.ed-webdesigns.com\/?page_id=48"},"modified":"2025-01-23T17:45:04","modified_gmt":"2025-01-23T17:45:04","slug":"boitiers-en-plastique-acrylique","status":"publish","type":"page","link":"https:\/\/toolless.com\/fr\/acrylic-plastic-enclosures\/","title":{"rendered":"Coffrets en acrylique | Coffrets en plexiglas"},"content":{"rendered":"<div class=\"gb-grid-wrapper gb-grid-wrapper-b33630df\">\n<div class=\"gb-grid-column gb-grid-column-58cf562f\"><div class=\"gb-container gb-container-58cf562f\"><div class=\"gb-inside-container\">\n\n<h2 class=\"wp-block-heading\">Bo\u00eetiers \u00e9lectroniques en acrylique et bo\u00eetiers en plexiglas sur mesure<\/h2>\n\n\n\n<p>Avec plus de 25 ans d'exp\u00e9rience, Toolless Plastics a mis en \u0153uvre avec succ\u00e8s notre proc\u00e9d\u00e9 de \u201clanguette et rainure\u201d. Nous utilisons ce proc\u00e9d\u00e9 pour les enceintes en plastique acrylique transparent telles que les cages pour reptiles ou les vitrines d'exposition.<\/p>\n\n\n\n<p>Nous sommes \u00e9galement en mesure d'incorporer des feuilles acryliques dans des bo\u00eetiers en plastique qui n\u00e9cessitent une fen\u00eatre de visualisation ou un lecteur de code-barres. Habituellement, le processus n\u00e9cessite une d\u00e9coupe au laser afin de cr\u00e9er une coupe nette et pr\u00e9cise. Cependant, nous avons ajust\u00e9 notre param\u00e8tre CNC pour qu'il ressemble \u00e0 une d\u00e9coupe au laser. Cela nous permet de d\u00e9couper d\u00e9licatement le plastique sans qu'il ne se brise.&nbsp;<\/p>\n\n\n\n<p>Chez Toolless, nous sommes toujours pr\u00eats \u00e0 relever un d\u00e9fi. Nos ing\u00e9nieurs ont travaill\u00e9 dur pour int\u00e9grer cette technologie avanc\u00e9e en cachant la colle directement dans le bo\u00eetier acrylique.<\/p>\n\n\n\n<p>Cela permet d'obtenir un aspect homog\u00e8ne sur le bo\u00eetier \u00e9lectronique en acrylique, tout en maintenant fermement la fen\u00eatre en place sur les bo\u00eetiers \u00e9lectroniques personnalis\u00e9s. Comme ces pi\u00e8ces n\u00e9cessitent une colle sp\u00e9cifique et une attention particuli\u00e8re, nous avons veill\u00e9 \u00e0 ce que notre \u00e9quipe soit bien form\u00e9e et soucieuse des d\u00e9tails. Nous avons veill\u00e9 \u00e0 ce que notre \u00e9quipe soit bien form\u00e9e et soucieuse du d\u00e9tail pour produire des bo\u00eetiers \u00e9lectroniques personnalis\u00e9s de haute qualit\u00e9.<\/p>\n\n\n\n<p>Nous travaillons avec des feuilles d'acrylique, de polycarbonate, de PETG et d'autres types de plastique dans de nombreuses couleurs ou \u00e9paisseurs diff\u00e9rentes. Le plastique color\u00e9 permet d'observer la proc\u00e9dure interne d'un appareil sans s'ab\u00eemer les yeux. Que le plastique soit transparent, translucide ou d\u00e9poli, Toolless dispose de toutes les comp\u00e9tences n\u00e9cessaires. Nous usinons, formons et collons pour r\u00e9pondre \u00e0 toutes les demandes de nos clients.<\/p>\n\n\n\n<h2 class=\"wp-block-heading\">Projets \u00e9lectroniques<\/h2>\n\n\n\n<p>Les bo\u00eetiers en acrylique ou en plexiglas conviennent parfaitement aux pr\u00e9sentoirs de pi\u00e8ces d\u00e9tach\u00e9es et aux points de vente. L'acrylique est beaucoup plus durable et plus abordable que le verre. Il existe de nombreuses applications o\u00f9 le design permet de voir l'int\u00e9rieur d'un produit. Il peut s'agir d'un raspberry pi, d'un support mural, d'un ordinateur de poche, etc.<\/p>\n\n\n\n<p>Cela a permis aux circuits imprim\u00e9s d'\u00eatre visibles de l'ext\u00e9rieur. Il s'agit principalement d'une question d'esth\u00e9tique, afin que nos clients puissent montrer \u00e0 leurs clients ce qu'est leur appareil. Cela est d\u00fb en grande partie \u00e0 notre capacit\u00e9 \u00e0 enfermer un circuit imprim\u00e9 de mani\u00e8re \u00e0 ce que l'utilisateur final puisse facilement le voir de l'ext\u00e9rieur.<\/p>\n\n\n\n<h2 class=\"wp-block-heading\">Caract\u00e9ristiques<\/h2>\n\n\n\n<h4 class=\"wp-block-heading\">Fen\u00eatres<\/h4>\n\n\n\n<p>Nous avons utilis\u00e9 de l'acrylique color\u00e9 pour cr\u00e9er une fen\u00eatre teint\u00e9e. Celle-ci permet de visualiser les processus internes d'un dispositif m\u00e9dical. La teinte permet de s'assurer que l'\u00e9chantillon interne n'est pas endommag\u00e9 par la lumi\u00e8re qui le touche.<\/p>\n\n\n\n<p>Un professionnel de la sant\u00e9 peut toujours surveiller et assister \u00e0 la proc\u00e9dure interne. De m\u00eame, nous sommes en mesure de cr\u00e9er des bo\u00eetiers en plastique avec un aspect fum\u00e9. Cela permet \u00e0 la lumi\u00e8re de s'\u00e9chapper sans cr\u00e9er une visibilit\u00e9 totale.<\/p>\n\n\n\n<h4 class=\"wp-block-heading\">Logo et divers Accessoires<\/h4>\n\n\n\n<p>Nous pouvons utiliser notre imprimante num\u00e9rique pour r\u00e9aliser des logos et des \u00e9tiquettes aux d\u00e9tails fins et color\u00e9s. Nous avons imprim\u00e9 num\u00e9riquement au dos de l'acrylique, ce qui, ajout\u00e9 \u00e0 des bo\u00eetiers en plastique, donne un aspect de logo d\u00e9cal\u00e9.<\/p>\n\n\n\n<p>En pliant soigneusement l'acrylique transparent, nous pouvons cr\u00e9er un couvercle et utiliser des charni\u00e8res et des vis imperdables. Cela permet un acc\u00e8s facile, ainsi qu'une visibilit\u00e9 dans un bo\u00eetier en plastique.<\/p>\n\n\n\n<h4 class=\"wp-block-heading\">Cr\u00e9ativit\u00e9 des clients<\/h4>\n\n\n\n<p>Les clients ont fait preuve d'une grande cr\u00e9ativit\u00e9 en nous demandant de cr\u00e9er des bo\u00eetiers personnalis\u00e9s avec de l'acrylique. Par exemple, nous avons fabriqu\u00e9 des vitrines pour des cadeaux sentimentaux personnalisables en plexiglas. Nous avons \u00e9galement utilis\u00e9 avec succ\u00e8s l'acrylique pour cr\u00e9er des bo\u00eetiers pour des clients qui recherchent une surface lisse. Contrairement aux surfaces textur\u00e9es traditionnelles du plastique ABS, l'acrylique offre une surface lisse.<\/p>\n\n\n\n<p>Nous avons sp\u00e9cifiquement fabriqu\u00e9 une lentille pour un client qui avait besoin de voir un laser \u00e0 travers le plastique. Le client a choisi l'acrylique d\u00e9poli parmi la gamme d'acryliques que nous proposons. Il nous a envoy\u00e9 le bo\u00eetier dans lequel la lentille devait \u00eatre plac\u00e9e et nous avons ajust\u00e9 la lentille elle-m\u00eame pour qu'elle s'adapte au bo\u00eetier. Simple mais tr\u00e8s efficace pour s'\u00e9loigner du verre.<\/p>\n\n\n\n<p>Dans certains cas, nous avons utilis\u00e9 des feuilles de polycarbonate parce qu'il s'agit d'un plastique plus solide que l'acrylique. Nous utilisons g\u00e9n\u00e9ralement ce mat\u00e9riau lorsqu'il est n\u00e9cessaire de plier le plastique. Il est \u00e9galement utilis\u00e9 pour r\u00e9sister aux fortes chaleurs et \u00e0 d'autres conditions ext\u00e9rieures.<\/p>\n\n\n\n<p>L'acrylique peut \u00e9galement remplacer les tuyaux d'\u00e9clairage dans certains cas particuliers. Par exemple, une longue fen\u00eatre peut \u00eatre utilis\u00e9e lorsqu'il y a plusieurs lumi\u00e8res en rang\u00e9e. La fen\u00eatre est coll\u00e9e en place, ce qui s'av\u00e8re plus fiable.<\/p>\n\n\n\n<h2 class=\"wp-block-heading\">Un meilleur regard<\/h2>\n\n\n\n<p>L'acrylique peut \u00e9galement \u00eatre utilis\u00e9 pour d\u00e9corer une enceinte. La forme de base peut \u00eatre carr\u00e9e, mais l'acrylique peut apporter un aspect attrayant gr\u00e2ce \u00e0 sa brillance et \u00e0 ses options de couleur.<\/p>\n\n\n\n<p>Nous utilisons cette technique pour de nombreuses applications m\u00e9dicales. L'utilisation d'une couleur pour le corps principal et l'apport d'un attrait esth\u00e9tique avec quelques touches d'acrylique color\u00e9 ici et l\u00e0. Cela permet de transformer un bo\u00eetier rectangulaire en un bo\u00eetier avanc\u00e9, de haute qualit\u00e9, comparable \u00e0 une finition par moulage par injection.<\/p>\n\n\n\n<p>Le grand avantage de l'utilisation d'un capuchon d\u00e9coratif par rapport au moulage par injection est qu'il ne n\u00e9cessite pas de peinture. L'option de couleurs acryliques multiples signifie que nous n'avons pas besoin de peindre nos bo\u00eetiers au pistolet. Cela permet \u00e0 nos clients de r\u00e9duire les co\u00fbts sans affecter l'aspect de leurs enceintes.<\/p>\n\n\n\n<p>Toolless Plastics poss\u00e8de les connaissances, l'exp\u00e9rience et les capacit\u00e9s n\u00e9cessaires pour vous aider \u00e0 concevoir n'importe quelle forme de bo\u00eetier sans aucune limite. <a href=\"https:\/\/toolless.com\/fr\/nous-contacter\/\" target=\"_blank\" rel=\"noreferrer noopener\">Contactez nous<\/a> pour parler de votre prochain bo\u00eetier en plexiglas, bo\u00eetier en acrylique, bo\u00eete en plastique transparent.<\/p>\n\n<\/div><\/div><\/div>\n\n<div class=\"gb-grid-column gb-grid-column-23576961\"><div class=\"gb-container gb-container-23576961\"><div class=\"gb-inside-container\">\n\n<figure class=\"wp-block-image size-large\"><img loading=\"lazy\" decoding=\"async\" width=\"512\" height=\"401\" src=\"https:\/\/toolless.com\/wp-content\/uploads\/2020\/04\/Acrylic-enclosures-1.jpg\" alt=\"Bo\u00eetiers en acrylique\" class=\"wp-image-488\" srcset=\"https:\/\/toolless.com\/wp-content\/uploads\/2020\/04\/Acrylic-enclosures-1.jpg 512w, https:\/\/toolless.com\/wp-content\/uploads\/2020\/04\/Acrylic-enclosures-1-300x235.jpg 300w\" sizes=\"auto, (max-width: 512px) 100vw, 512px\" \/><\/figure>\n\n\n\n<figure class=\"wp-block-image size-large\"><img loading=\"lazy\" decoding=\"async\" width=\"655\" height=\"488\" src=\"https:\/\/toolless.com\/wp-content\/uploads\/2020\/04\/Acrylic-enclosures-4.jpg\" alt=\"Bo\u00eetiers en acrylique\" class=\"wp-image-487\" srcset=\"https:\/\/toolless.com\/wp-content\/uploads\/2020\/04\/Acrylic-enclosures-4.jpg 655w, https:\/\/toolless.com\/wp-content\/uploads\/2020\/04\/Acrylic-enclosures-4-300x224.jpg 300w\" sizes=\"auto, (max-width: 655px) 100vw, 655px\" \/><\/figure>\n\n\n\n<figure class=\"wp-block-image size-large\"><img loading=\"lazy\" decoding=\"async\" width=\"683\" height=\"569\" src=\"https:\/\/toolless.com\/wp-content\/uploads\/2020\/04\/Acrylic-enclosures-6.jpg\" alt=\"Bo\u00eetiers en acrylique\" class=\"wp-image-486\" srcset=\"https:\/\/toolless.com\/wp-content\/uploads\/2020\/04\/Acrylic-enclosures-6.jpg 683w, https:\/\/toolless.com\/wp-content\/uploads\/2020\/04\/Acrylic-enclosures-6-300x250.jpg 300w\" sizes=\"auto, (max-width: 683px) 100vw, 683px\" \/><\/figure>\n\n\n\n<figure class=\"wp-block-image size-large\"><img loading=\"lazy\" decoding=\"async\" width=\"1024\" height=\"683\" src=\"https:\/\/toolless.com\/wp-content\/uploads\/2020\/04\/081-1024x683.jpg\" alt=\"\" class=\"wp-image-485\" srcset=\"https:\/\/toolless.com\/wp-content\/uploads\/2020\/04\/081-1024x683.jpg 1024w, https:\/\/toolless.com\/wp-content\/uploads\/2020\/04\/081-300x200.jpg 300w, https:\/\/toolless.com\/wp-content\/uploads\/2020\/04\/081-768x512.jpg 768w, https:\/\/toolless.com\/wp-content\/uploads\/2020\/04\/081.jpg 1200w\" sizes=\"auto, (max-width: 1024px) 100vw, 1024px\" \/><\/figure>\n\n\n\n<figure class=\"wp-block-image size-large\"><img loading=\"lazy\" decoding=\"async\" width=\"553\" height=\"362\" src=\"https:\/\/toolless.com\/wp-content\/uploads\/2020\/04\/Acrylic-enclosures-8.jpg\" alt=\"\" class=\"wp-image-484\" srcset=\"https:\/\/toolless.com\/wp-content\/uploads\/2020\/04\/Acrylic-enclosures-8.jpg 553w, https:\/\/toolless.com\/wp-content\/uploads\/2020\/04\/Acrylic-enclosures-8-300x196.jpg 300w\" sizes=\"auto, (max-width: 553px) 100vw, 553px\" \/><\/figure>\n\n\n\n<figure class=\"wp-block-image size-large\"><img loading=\"lazy\" decoding=\"async\" width=\"730\" height=\"483\" src=\"https:\/\/toolless.com\/wp-content\/uploads\/2020\/04\/Acrylic-enclosures-9.jpg\" alt=\"\" class=\"wp-image-483\" srcset=\"https:\/\/toolless.com\/wp-content\/uploads\/2020\/04\/Acrylic-enclosures-9.jpg 730w, https:\/\/toolless.com\/wp-content\/uploads\/2020\/04\/Acrylic-enclosures-9-300x198.jpg 300w\" sizes=\"auto, (max-width: 730px) 100vw, 730px\" \/><\/figure>\n\n\n\n<figure class=\"wp-block-image size-large\"><img loading=\"lazy\" decoding=\"async\" width=\"869\" height=\"543\" src=\"https:\/\/toolless.com\/wp-content\/uploads\/2020\/04\/Acrylic-enclosures-10.jpg\" alt=\"\" class=\"wp-image-482\" srcset=\"https:\/\/toolless.com\/wp-content\/uploads\/2020\/04\/Acrylic-enclosures-10.jpg 869w, https:\/\/toolless.com\/wp-content\/uploads\/2020\/04\/Acrylic-enclosures-10-300x187.jpg 300w, https:\/\/toolless.com\/wp-content\/uploads\/2020\/04\/Acrylic-enclosures-10-768x480.jpg 768w\" sizes=\"auto, (max-width: 869px) 100vw, 869px\" \/><\/figure>\n\n<\/div><\/div><\/div>\n<\/div>","protected":false},"excerpt":{"rendered":"","protected":false},"author":1,"featured_media":996,"parent":0,"menu_order":0,"comment_status":"closed","ping_status":"closed","template":"","meta":{"_acf_changed":false,"_seopress_robots_primary_cat":"","_seopress_titles_title":"Acrylic Enclosures | Plexiglass Enclosures","_seopress_titles_desc":"With over 20 years of experience, Toolless Plastic Solutions has succeeded into transferring our process into clear acrylic enclosures.","_seopress_robots_index":"","pgc_sgb_lightbox_settings":"","iawp_total_views":0,"footnotes":""},"page_categories":[],"class_list":{"0":"post-48","1":"page","2":"type-page","3":"status-publish","4":"has-post-thumbnail","6":"infinite-scroll-item"},"acf":[],"_links":{"self":[{"href":"https:\/\/toolless.com\/fr\/wp-json\/wp\/v2\/pages\/48","targetHints":{"allow":["GET"]}}],"collection":[{"href":"https:\/\/toolless.com\/fr\/wp-json\/wp\/v2\/pages"}],"about":[{"href":"https:\/\/toolless.com\/fr\/wp-json\/wp\/v2\/types\/page"}],"author":[{"embeddable":true,"href":"https:\/\/toolless.com\/fr\/wp-json\/wp\/v2\/users\/1"}],"replies":[{"embeddable":true,"href":"https:\/\/toolless.com\/fr\/wp-json\/wp\/v2\/comments?post=48"}],"version-history":[{"count":4,"href":"https:\/\/toolless.com\/fr\/wp-json\/wp\/v2\/pages\/48\/revisions"}],"predecessor-version":[{"id":2947,"href":"https:\/\/toolless.com\/fr\/wp-json\/wp\/v2\/pages\/48\/revisions\/2947"}],"wp:featuredmedia":[{"embeddable":true,"href":"https:\/\/toolless.com\/fr\/wp-json\/wp\/v2\/media\/996"}],"wp:attachment":[{"href":"https:\/\/toolless.com\/fr\/wp-json\/wp\/v2\/media?parent=48"}],"wp:term":[{"taxonomy":"page_categories","embeddable":true,"href":"https:\/\/toolless.com\/fr\/wp-json\/wp\/v2\/page_categories?post=48"}],"curies":[{"name":"wp","href":"https:\/\/api.w.org\/{rel}","templated":true}]}}