{"id":46,"date":"2020-04-17T22:43:14","date_gmt":"2020-04-17T22:43:14","guid":{"rendered":"http:\/\/toolless.ed-webdesigns.com\/?page_id=46"},"modified":"2025-01-23T17:44:19","modified_gmt":"2025-01-23T17:44:19","slug":"boitiers-en-plastique-abs","status":"publish","type":"page","link":"https:\/\/toolless.com\/fr\/abs-plastic-enclosures\/","title":{"rendered":"Bo\u00eetiers en plastique ABS | Bo\u00eetiers \u00e9lectroniques et bo\u00eetes \u00e0 projets"},"content":{"rendered":"<h3 class=\"wp-block-heading\">Fabricant de bo\u00eetiers en plastique ABS<\/h3>\n\n\n\n<p>Chez Toolless, fabricant de bo\u00eetiers en plastique ABS, 80% de notre production utilise de l'ABS \u00e0 usage g\u00e9n\u00e9ral. <\/p>\n\n\n\n<p>Qu'il s'agisse d'un petit ou d'un grand bo\u00eetier pour vos composants \u00e9lectroniques. Toolless a la capacit\u00e9 de fournir un produit de qualit\u00e9 pour faire des projets \u00e9lectroniques une r\u00e9alit\u00e9.<\/p>\n\n\n<div class=\"wp-block-image\">\n<figure class=\"aligncenter size-full\"><img loading=\"lazy\" decoding=\"async\" width=\"500\" height=\"333\" src=\"https:\/\/toolless.com\/wp-content\/uploads\/2020\/04\/8574.jpg\" alt=\"Plastique ABS\" class=\"wp-image-477\" srcset=\"https:\/\/toolless.com\/wp-content\/uploads\/2020\/04\/8574.jpg 500w, https:\/\/toolless.com\/wp-content\/uploads\/2020\/04\/8574-300x200.jpg 300w\" sizes=\"auto, (max-width: 500px) 100vw, 500px\" \/><\/figure>\n<\/div>\n\n\n<p>Pour les bo\u00eetes de projet en plastique, nous proposons une grande vari\u00e9t\u00e9 d'\u00e9paisseurs de mat\u00e9riaux ABS ainsi que des bo\u00eetiers de diff\u00e9rentes tailles. Des mat\u00e9riaux tels que 3mm, 4mm, et 6mm - dans une gamme de couleurs. Nos bo\u00eetiers en plastique sont g\u00e9n\u00e9ralement disponibles en noir, blanc, gris clair ou gris fonc\u00e9.<\/p>\n\n\n\n<p>Cependant, nous avons la capacit\u00e9 de personnaliser les couleurs pour r\u00e9pondre \u00e0 des besoins sp\u00e9cifiques. La commande minimum de couleur est d'environ 2000lb et d\u00e9pend de l'\u00e9paisseur et de la taille de votre bo\u00eetier plastique personnalis\u00e9 pour l'\u00e9lectronique. Nous pouvons d\u00e9terminer la quantit\u00e9 de bo\u00eetiers ABS produits \u00e0 partir de ce volume. Les clients ont \u00e9galement la possibilit\u00e9 de faire peindre le plastique selon leurs sp\u00e9cifications. Cela permet un plus grand nombre d'options en ce qui concerne la couleur des bo\u00eetiers en plastique. <\/p>\n\n\n\n<p>Nos bo\u00eetiers \u00e9lectroniques peuvent \u00eatre utilis\u00e9s avec des supports muraux et avec diff\u00e9rentes options d'alimentation. Le placement peut se faire de n'importe quelle mani\u00e8re indiqu\u00e9e dans votre conception. Toolless apporte une flexibilit\u00e9 in\u00e9gal\u00e9e \u00e0 votre projet.<\/p>\n\n\n\n<h3 class=\"wp-block-heading\">Vous trouverez ci-dessous 2 types d'ABS pour vos projets en plastique ABS :<\/h3>\n\n\n\n<p>L'ABS \u00e0 usage g\u00e9n\u00e9ral existe en deux types diff\u00e9rents : Standard et Retardateur de flammes. Il arrive qu'un client ait des crit\u00e8res sp\u00e9cifiques \u00e0 respecter pour que son produit passe les tests, c'est pourquoi nous proposons l'ABS ignifug\u00e9. Toutefois, en r\u00e8gle g\u00e9n\u00e9rale, l'ABS standard \u00e0 usage g\u00e9n\u00e9ral r\u00e9pond aux besoins de la majorit\u00e9 de nos clients. <\/p>\n\n\n\n<p><strong>Bo\u00eetiers standard en plastique ABS (UL94 HB) :<\/strong><\/p>\n\n\n\n<p>ALLEN\u00ae 552\/LXS est un bo\u00eetier ABS \u00e0 usage g\u00e9n\u00e9ral qui pr\u00e9sente une grande r\u00e9sistance aux chocs et qui est utilis\u00e9 pour cr\u00e9er tous nos bo\u00eetiers en plastique. Il est disponible en blanc, noir, gris clair et gris fonc\u00e9. Les tailles disponibles sont les suivantes : 3 mm (0,118\u201d), 4 mm (0,157\u201d), 6 mm (0,236\u201d) et 8 mm (0,314\u201d).&nbsp;<a href=\"https:\/\/toolless.com\/wp-content\/uploads\/2020\/04\/GP-ABS-552-LXS.pdf\" target=\"_blank\" rel=\"noreferrer noopener\">Fiche technique<\/a><\/p>\n\n\n\n<p><strong>Bo\u00eetiers en plastique ABS ignifug\u00e9 (UL94 V0) :<\/strong><\/p>\n\n\n\n<p>Les feuilles thermoplastiques Royalite peuvent \u00eatre transform\u00e9es sur tous les \u00e9quipements de thermoformage pour cr\u00e9er des bo\u00eetiers en plastique ignifug\u00e9s. Elles sont disponibles en noir et en blanc en 3 mm (.118\u201d).&nbsp;<a href=\"https:\/\/toolless.com\/wp-content\/uploads\/2020\/04\/FR-ABS-Royalite_R59.pdf\" target=\"_blank\" rel=\"noreferrer noopener\">Fiche technique<\/a><\/p>\n\n\n\n<p>Si vous avez besoin de bo\u00eetiers en plastique ignifug\u00e9s, faites-le nous savoir en remplissant le formulaire ci-dessous.&nbsp;<a href=\"\/fr\/demande-de-devis\/\" target=\"_blank\" rel=\"noreferrer noopener\">formulaire de demande<\/a>.<\/p>\n\n\n\n<p>Toolless Plastic Solutions est sp\u00e9cialis\u00e9 dans les bo\u00eetiers \u00e9lectroniques depuis plus de 20 ans. Nous disposons de l'exp\u00e9rience et de la technologie n\u00e9cessaires pour fabriquer des bo\u00eetiers \u00e9lectroniques sur mesure sans moule ni outillage.<\/p>\n\n\n\n<p>En savoir plus sur la&nbsp;<a href=\"\/fr\/processus-de-fabrication-denceintes-en-plastique\/\" target=\"_blank\" rel=\"noreferrer noopener\">Processus de fabrication sans outil.<\/a>&nbsp;D\u00e9couvrez comment nous fabriquons des enceintes de qualit\u00e9 \u00e0 un prix abordable avec un excellent service \u00e0 la client\u00e8le.<\/p>","protected":false},"excerpt":{"rendered":"<p>Fabricant de bo\u00eetiers en plastique ABS Chez Toolless, fabricant de bo\u00eetiers en plastique ABS, 80% de notre production utilise de l'ABS \u00e0 usage g\u00e9n\u00e9ral. Qu'il s'agisse d'un petit bo\u00eetier ou d'un grand bo\u00eetier pour vos composants \u00e9lectroniques. Toolless a la capacit\u00e9 de fournir un produit de qualit\u00e9 pour faire des projets \u00e9lectroniques une r\u00e9alit\u00e9. Pour les bo\u00eetes de projet en plastique, ... <\/p>\n<p class=\"read-more-container\"><a title=\"Bo\u00eetiers en plastique ABS | Bo\u00eetiers \u00e9lectroniques et bo\u00eetes \u00e0 projets\" class=\"read-more button\" href=\"https:\/\/toolless.com\/fr\/abs-plastic-enclosures\/#more-46\" aria-label=\"Plus sur ABS Plastic Enclosures | Electronic Cases &amp; Project Boxes\">Lire plus<\/a><\/p>","protected":false},"author":1,"featured_media":994,"parent":0,"menu_order":0,"comment_status":"closed","ping_status":"closed","template":"","meta":{"_acf_changed":false,"_seopress_robots_primary_cat":"","_seopress_titles_title":"ABS Plastic Enclosures | Electronic Cases & Project Boxes","_seopress_titles_desc":"Toolless is an ABS Plastic Enclosure Manufacturer and has the capability to deliver a quality product to make electronic projects a reality!","_seopress_robots_index":"","pgc_sgb_lightbox_settings":"","iawp_total_views":0,"footnotes":""},"page_categories":[],"class_list":{"0":"post-46","1":"page","2":"type-page","3":"status-publish","4":"has-post-thumbnail","6":"infinite-scroll-item"},"acf":[],"_links":{"self":[{"href":"https:\/\/toolless.com\/fr\/wp-json\/wp\/v2\/pages\/46","targetHints":{"allow":["GET"]}}],"collection":[{"href":"https:\/\/toolless.com\/fr\/wp-json\/wp\/v2\/pages"}],"about":[{"href":"https:\/\/toolless.com\/fr\/wp-json\/wp\/v2\/types\/page"}],"author":[{"embeddable":true,"href":"https:\/\/toolless.com\/fr\/wp-json\/wp\/v2\/users\/1"}],"replies":[{"embeddable":true,"href":"https:\/\/toolless.com\/fr\/wp-json\/wp\/v2\/comments?post=46"}],"version-history":[{"count":5,"href":"https:\/\/toolless.com\/fr\/wp-json\/wp\/v2\/pages\/46\/revisions"}],"predecessor-version":[{"id":1729,"href":"https:\/\/toolless.com\/fr\/wp-json\/wp\/v2\/pages\/46\/revisions\/1729"}],"wp:featuredmedia":[{"embeddable":true,"href":"https:\/\/toolless.com\/fr\/wp-json\/wp\/v2\/media\/994"}],"wp:attachment":[{"href":"https:\/\/toolless.com\/fr\/wp-json\/wp\/v2\/media?parent=46"}],"wp:term":[{"taxonomy":"page_categories","embeddable":true,"href":"https:\/\/toolless.com\/fr\/wp-json\/wp\/v2\/page_categories?post=46"}],"curies":[{"name":"wp","href":"https:\/\/api.w.org\/{rel}","templated":true}]}}