{"id":42,"date":"2020-04-17T22:42:34","date_gmt":"2020-04-17T22:42:34","guid":{"rendered":"http:\/\/toolless.ed-webdesigns.com\/?page_id=42"},"modified":"2025-01-20T16:59:00","modified_gmt":"2025-01-20T16:59:00","slug":"boitiers-medicaux-en-plastique","status":"publish","type":"page","link":"https:\/\/toolless.com\/fr\/medical-plastic-enclosures\/","title":{"rendered":"Bo\u00eetiers en plastique pour le secteur m\u00e9dical"},"content":{"rendered":"<h3 class=\"wp-block-heading\">Bo\u00eetiers en plastique sur mesure pour dispositifs m\u00e9dicaux<\/h3>\n\n\n\n<p>Lorsqu'il s'agit de bo\u00eetiers m\u00e9dicaux ou d'appareils de laboratoire sur mesure, Toolless est le meilleur. Toolless a plus de 20 ans d'exp\u00e9rience dans l'industrie m\u00e9dicale. Nos clients sont aussi bien des ing\u00e9nieurs en m\u00e9canique ou en conception que des m\u00e9decins, des infirmi\u00e8res, des kin\u00e9sith\u00e9rapeutes et des techniciens de laboratoire. Nombre d'entre eux se sont adress\u00e9s \u00e0 nous parce qu'ils avaient besoin d'abriter leurs nombreux composants. Par exemple, des pompes, des circuits imprim\u00e9s, des appareils respiratoires, etc. Tous ces \u00e9l\u00e9ments \u00e9taient n\u00e9cessaires pour tester leur invention innovante. Notre expertise dans l'industrie m\u00e9dicale nous a permis de cr\u00e9er des bo\u00eetiers m\u00e9dicaux en plastique sur mesure. Laissez-nous vous aider \u00e0 donner vie \u00e0 ces innovations.<\/p>\n\n\n\n<p>La t\u00e2che consiste \u00e0 cr\u00e9er en quelques semaines un prototype qui int\u00e8gre tous les composants n\u00e9cessaires. En outre, il doit \u00eatre esth\u00e9tiquement plaisant, tout en ayant la fonctionnalit\u00e9 souhait\u00e9e. Toolless propose une solution compl\u00e8te cl\u00e9 en main (paquet NRE).<\/p>\n\n\n\n<p>Les clients auront plus de temps \u00e0 consacrer \u00e0 leur mat\u00e9riel ou logiciel interne. Nous prenons le temps de concevoir le bo\u00eetier de leur dispositif m\u00e9dical personnalis\u00e9. Les clients ont la possibilit\u00e9 d'envoyer leur prototype d'appareil m\u00e9dical personnalis\u00e9 pour certification ou de le tester en interne. Cela \u00e9vite de prendre le risque d'un moule co\u00fbteux.<\/p>\n\n\n\n<p>Que nos enceintes soient utilis\u00e9es dans un laboratoire, un h\u00f4pital, une ambulance ou un cabinet m\u00e9dical, Toolless est fier de fournir une enceinte cosm\u00e9tique qui contribue \u00e0 am\u00e9liorer la vie des patients et du personnel m\u00e9dical. Toolless est fier de fournir des enceintes cosm\u00e9tiques qui contribuent \u00e0 am\u00e9liorer la vie des patients et du personnel m\u00e9dical.<\/p>\n\n\n\n<h3 class=\"wp-block-heading\">Conception d'enceintes m\u00e9dicales de pointe<\/h3>\n\n\n\n<p>Depuis 1994, Toolless a travaill\u00e9 avec de nombreuses entreprises m\u00e9dicales pour de nombreux types d'applications. Il s'agit notamment de salles d'op\u00e9ration, d'\u00e9quipements de diagnostic du sommeil, de solutions pour les yeux secs, d'appareils respiratoires, de simulateurs de respiration, de ventilateurs CPAP, et la liste est encore longue.<\/p>\n\n\n\n<p>Voici quelques exemples de notre travail :&nbsp;<\/p>\n\n\n\n<hr class=\"wp-block-separator has-css-opacity is-style-wide\"\/>\n\n\n<div class=\"gb-grid-wrapper gb-grid-wrapper-c37c70c1\">\n<div class=\"gb-grid-column gb-grid-column-ee7b41d5\"><div class=\"gb-container gb-container-ee7b41d5\"><div class=\"gb-inside-container\">\n\n<figure class=\"wp-block-image size-large\"><a href=\"https:\/\/www.estanalytical.com\/\" target=\"_blank\" rel=\"noopener noreferrer\"><img loading=\"lazy\" decoding=\"async\" width=\"450\" height=\"435\" src=\"https:\/\/toolless.com\/wp-content\/uploads\/2020\/04\/Medical-enclosure-1.jpg\" alt=\"\" class=\"wp-image-453\" srcset=\"https:\/\/toolless.com\/wp-content\/uploads\/2020\/04\/Medical-enclosure-1.jpg 450w, https:\/\/toolless.com\/wp-content\/uploads\/2020\/04\/Medical-enclosure-1-300x290.jpg 300w\" sizes=\"auto, (max-width: 450px) 100vw, 450px\" \/><\/a><\/figure>\n\n<\/div><\/div><\/div>\n\n<div class=\"gb-grid-column gb-grid-column-55eb67a7\"><div class=\"gb-container gb-container-55eb67a7\"><div class=\"gb-inside-container\">\n\n<h4 class=\"wp-block-heading\">Dispositif m\u00e9dical de haute qualit\u00e9<\/h4>\n\n\n\n<p>EST Analytical est un client de Toolless depuis 2004. Nous avons con\u00e7u pour eux de nombreux appareils de laboratoire.<\/p>\n\n\n\n<p>Cette photo n'est qu'un exemple des dispositifs d'essai en laboratoire que nous avons cr\u00e9\u00e9s pour eux. Cette unit\u00e9 est un dispositif d'\u00e9chantillonnage robotis\u00e9 qui a \u00e9t\u00e9 con\u00e7u pour la premi\u00e8re fois en 2012. Toolless a \u00e9t\u00e9 en mesure d'adapter le design du client. Cela inclut les courbes sup\u00e9rieures, la couleur du plastique et la ventilation lat\u00e9rale n\u00e9cessaire \u00e0 la circulation de l'air. Une fen\u00eatre en acrylique bleu permet au client de voir \u00e0 travers l'appareil lorsque la machine fonctionne.<\/p>\n\n\n\n<p>&nbsp;<strong>Caract\u00e9ristiques :<\/strong><\/p>\n\n\n\n<ul class=\"wp-block-list\">\n<li>Mod\u00e8le de lamelles d'a\u00e9ration<\/li>\n\n\n\n<li>Acrylique bleu clair<\/li>\n<\/ul>\n\n<\/div><\/div><\/div>\n<\/div>\n\n\n<hr class=\"wp-block-separator has-css-opacity is-style-wide\"\/>\n\n\n<div class=\"gb-grid-wrapper gb-grid-wrapper-576f5629\">\n<div class=\"gb-grid-column gb-grid-column-dae3ebd3\"><div class=\"gb-container gb-container-dae3ebd3\"><div class=\"gb-inside-container\">\n\n<figure class=\"wp-block-image size-large\"><a href=\"https:\/\/aironusa.com\/\" target=\"_blank\" rel=\"noopener noreferrer\"><img loading=\"lazy\" decoding=\"async\" width=\"450\" height=\"240\" src=\"https:\/\/toolless.com\/wp-content\/uploads\/2020\/04\/Medical-Enclosure-2.jpg\" alt=\"\" class=\"wp-image-454\" srcset=\"https:\/\/toolless.com\/wp-content\/uploads\/2020\/04\/Medical-Enclosure-2.jpg 450w, https:\/\/toolless.com\/wp-content\/uploads\/2020\/04\/Medical-Enclosure-2-300x160.jpg 300w\" sizes=\"auto, (max-width: 450px) 100vw, 450px\" \/><\/a><\/figure>\n\n<\/div><\/div><\/div>\n\n<div class=\"gb-grid-column gb-grid-column-d0a172e0\"><div class=\"gb-container gb-container-d0a172e0\"><div class=\"gb-inside-container\">\n\n<h4 class=\"wp-block-heading\">Option de design incurv\u00e9<\/h4>\n\n\n\n<p>Cette unit\u00e9 est un dispositif d'\u00e9chantillonnage robotis\u00e9 qui a \u00e9t\u00e9 con\u00e7u pour la premi\u00e8re fois en 2012. Toolless a r\u00e9ussi \u00e0 reproduire le design du client. Cela inclut les courbes sup\u00e9rieures, la couleur du plastique et la ventilation lat\u00e9rale n\u00e9cessaire \u00e0 la circulation de l'air. Une fen\u00eatre en acrylique bleu permet au client de voir \u00e0 travers l'appareil lorsque la machine fonctionne.<\/p>\n\n\n\n<p>Ce mini ventilateur portable hors r\u00e9seau, con\u00e7u en 2009, est utilis\u00e9 dans de nombreux h\u00f4pitaux. Il est \u00e9galement utilis\u00e9 pour l'assistance respiratoire n\u00e9onatale et p\u00e9diatrique. La conception de cet appareil a pos\u00e9 quelques probl\u00e8mes. Tout d'abord, nous avons d\u00fb prendre en compte la forme g\u00e9n\u00e9rale du bo\u00eetier et rouler le plastique pour qu'il conserve sa forme. Ensuite, il \u00e9tait important que la poign\u00e9e de l'appareil s'adapte \u00e0 la courbe.<\/p>\n\n\n\n<p><strong>Caract\u00e9ristiques<\/strong><\/p>\n\n\n\n<ul class=\"wp-block-list\">\n<li>Panneau imprim\u00e9<\/li>\n\n\n\n<li>Diff\u00e9rentes courbures<\/li>\n\n\n\n<li>Appareil portatif<\/li>\n<\/ul>\n\n<\/div><\/div><\/div>\n<\/div>\n\n\n<hr class=\"wp-block-separator has-css-opacity is-style-wide\"\/>\n\n\n<div class=\"gb-grid-wrapper gb-grid-wrapper-0acca2b9\">\n<div class=\"gb-grid-column gb-grid-column-f4901b27\"><div class=\"gb-container gb-container-f4901b27\"><div class=\"gb-inside-container\">\n\n<figure class=\"wp-block-image size-large\"><a href=\"https:\/\/neurovirtual.com\/?lc=US\" target=\"_blank\" rel=\"noopener noreferrer\"><img loading=\"lazy\" decoding=\"async\" width=\"460\" height=\"294\" src=\"https:\/\/toolless.com\/wp-content\/uploads\/2020\/04\/Medical-Enclosure-3.jpg\" alt=\"\" class=\"wp-image-455\" srcset=\"https:\/\/toolless.com\/wp-content\/uploads\/2020\/04\/Medical-Enclosure-3.jpg 460w, https:\/\/toolless.com\/wp-content\/uploads\/2020\/04\/Medical-Enclosure-3-300x192.jpg 300w\" sizes=\"auto, (max-width: 460px) 100vw, 460px\" \/><\/a><\/figure>\n\n<\/div><\/div><\/div>\n\n<div class=\"gb-grid-column gb-grid-column-4f92c3e1\"><div class=\"gb-container gb-container-4f92c3e1\"><div class=\"gb-inside-container\">\n\n<h4 class=\"wp-block-heading\">Choix de couleurs<\/h4>\n\n\n\n<p>Enfin, nous devions cr\u00e9er un appareil de petite taille qui puisse contenir tout le mat\u00e9riel n\u00e9cessaire. Non seulement nous avons pu relever tous ces d\u00e9fis, mais nous les avons d\u00e9pass\u00e9s. Nous avons pu cr\u00e9er un dispositif m\u00e9dical multicolore \u00e0 l'aide de notre imprimante num\u00e9rique. Toolless produit environ une centaine de ces appareils par an.<\/p>\n\n\n\n<p>Ce dispositif m\u00e9dical EEG sur mesure a \u00e9t\u00e9 con\u00e7u en 2017 et est toujours fabriqu\u00e9, service complet par nous. Nous produisons r\u00e9guli\u00e8rement environ 25 dispositifs par mois. Le design comprend la courbure du plastique ou une grande zone de d\u00e9coupe pour l'\u00e9tiquette. Le plastique multicolore et de nombreuses options de d\u00e9coupe diff\u00e9rentes sont n\u00e9cessaires pour 34 canaux.<\/p>\n\n\n\n<p><strong>Caract\u00e9ristiques<\/strong><\/p>\n\n\n\n<ul class=\"wp-block-list\">\n<li>Hog-out Panneau imprim\u00e9<\/li>\n\n\n\n<li>D\u00e9coupage pour l'option connecteur<\/li>\n<\/ul>\n\n<\/div><\/div><\/div>\n<\/div>\n\n\n<hr class=\"wp-block-separator has-css-opacity is-style-wide\"\/>\n\n\n<div class=\"gb-grid-wrapper gb-grid-wrapper-e0a4e1f7\">\n<div class=\"gb-grid-column gb-grid-column-229cd30b\"><div class=\"gb-container gb-container-229cd30b\"><div class=\"gb-inside-container\">\n\n<figure class=\"wp-block-image size-large\"><img loading=\"lazy\" decoding=\"async\" width=\"450\" height=\"443\" src=\"https:\/\/toolless.com\/wp-content\/uploads\/2020\/04\/Medical-Enclosure-4.jpg\" alt=\"\" class=\"wp-image-456\" srcset=\"https:\/\/toolless.com\/wp-content\/uploads\/2020\/04\/Medical-Enclosure-4.jpg 450w, https:\/\/toolless.com\/wp-content\/uploads\/2020\/04\/Medical-Enclosure-4-300x295.jpg 300w\" sizes=\"auto, (max-width: 450px) 100vw, 450px\" \/><\/figure>\n\n<\/div><\/div><\/div>\n\n<div class=\"gb-grid-column gb-grid-column-7c7e5411\"><div class=\"gb-container gb-container-7c7e5411\"><div class=\"gb-inside-container\">\n\n<h4 class=\"wp-block-heading\">Diff\u00e9rentes formes et tailles<\/h4>\n\n\n\n<p>Voici un autre exemple de dispositifs de laboratoire tr\u00e8s sp\u00e9cifiques prototyp\u00e9s en 2011. Nous produisons environ 10 unit\u00e9s par mois de ce passeur d'\u00e9chantillons. Les unit\u00e9s sont compos\u00e9es de nombreuses pi\u00e8ces diff\u00e9rentes et Toolless fabrique le couvercle en acrylique bleu pour prot\u00e9ger les composants internes.<\/p>\n\n\n\n<p>La petite fen\u00eatre en acrylique bleu a \u00e9t\u00e9 le plus grand d\u00e9fi. Elle devait correspondre \u00e0 la forme de la courbure et \u00e0 l'angle de la pi\u00e8ce. Toolless poss\u00e8de \u00e9galement l'expertise pour coller 2 types de mat\u00e9riaux diff\u00e9rents tels que le Boltaron et l'Acrylique.<\/p>\n\n\n\n<p><strong>Caract\u00e9ristiques<\/strong><\/p>\n\n\n\n<ul class=\"wp-block-list\">\n<li>Possibilit\u00e9s en mouvement<\/li>\n\n\n\n<li>Collage multi-mat\u00e9riaux<\/li>\n\n\n\n<li>R\u00e9sistant \u00e0 la flamme UL94_V0<\/li>\n<\/ul>\n\n<\/div><\/div><\/div>\n<\/div>\n\n\n<hr class=\"wp-block-separator has-css-opacity is-style-wide\"\/>\n\n\n<div class=\"gb-grid-wrapper gb-grid-wrapper-927e0e1d\">\n<div class=\"gb-grid-column gb-grid-column-0c25e535\"><div class=\"gb-container gb-container-0c25e535\"><div class=\"gb-inside-container\">\n\n<figure class=\"wp-block-image size-large\"><a href=\"https:\/\/www.ingmarmed.com\/product\/asl-5000-breathing-simulator\/\" target=\"_blank\" rel=\"noopener noreferrer\"><img loading=\"lazy\" decoding=\"async\" width=\"450\" height=\"300\" src=\"https:\/\/toolless.com\/wp-content\/uploads\/2020\/04\/Medical-Enclosure-5.jpg\" alt=\"\" class=\"wp-image-457\" srcset=\"https:\/\/toolless.com\/wp-content\/uploads\/2020\/04\/Medical-Enclosure-5.jpg 450w, https:\/\/toolless.com\/wp-content\/uploads\/2020\/04\/Medical-Enclosure-5-300x200.jpg 300w\" sizes=\"auto, (max-width: 450px) 100vw, 450px\" \/><\/a><\/figure>\n\n<\/div><\/div><\/div>\n\n<div class=\"gb-grid-column gb-grid-column-cc4a2baf\"><div class=\"gb-container gb-container-cc4a2baf\"><div class=\"gb-inside-container\">\n\n<h4 class=\"wp-block-heading\">Rev\u00eatement EMI RFI<\/h4>\n\n\n\n<p>Ce simulateur de respiration a \u00e9t\u00e9 con\u00e7u en 1998 par Toolless. Nous fabriquons encore environ 10 de ces \u00e9quipements m\u00e9dicaux par mois. L'int\u00e9rieur du bo\u00eetier est blind\u00e9 contre les interf\u00e9rences \u00e9lectromagn\u00e9tiques et comporte un cadre m\u00e9tallique pour le montage du mat\u00e9riel.<\/p>\n\n\n\n<p><strong>Caract\u00e9ristiques<\/strong><\/p>\n\n\n\n<ul class=\"wp-block-list\">\n<li>Capacit\u00e9 \u00e0 se pencher\u00a0<\/li>\n\n\n\n<li>Capacit\u00e9 multitechnologique\u00a0<\/li>\n<\/ul>\n\n<\/div><\/div><\/div>\n<\/div>\n\n\n<h3 class=\"wp-block-heading\">Qualit\u00e9 m\u00e9dicale sans moules ni outillage<\/h3>\n\n\n\n<p>Notre force r\u00e9side dans notre capacit\u00e9 \u00e0 assurer une production moyenne et rentable. Comme le montrent les exemples ci-dessus, Toolless travaille d'arrache-pied avec ses clients pour cr\u00e9er un design. Non seulement nous r\u00e9pondons \u00e0 leurs besoins, mais les conceptions sont robustes, fiables, esth\u00e9tiques et applicables \u00e0 l'industrie m\u00e9dicale. La technologie Toolless est le seul syst\u00e8me de fabrication enti\u00e8rement int\u00e9gr\u00e9 au monde. Nous l'utilisons pour produire des bo\u00eetiers m\u00e9dicaux en plastique rapidement, facilement, \u00e0 faible co\u00fbt et sans moule ni outillage.&nbsp;<\/p>","protected":false},"excerpt":{"rendered":"<p>Custom Plastic Enclosures For Medical Devices When it comes to custom medical enclosures or laboratory devices, Toolless is the best. Toolless has more than 20 years of experience in the medical industry. Our customers range from mechanical or design engineers to doctors, nurses, physical therapists, and labs technicians. Many have come to us&nbsp;with a need &#8230; <\/p>\n<p class=\"read-more-container\"><a title=\"Bo\u00eetiers en plastique pour le secteur m\u00e9dical\" class=\"read-more button\" href=\"https:\/\/toolless.com\/fr\/medical-plastic-enclosures\/#more-42\" aria-label=\"Plus sur Medical Plastic Enclosures\">Lire plus<\/a><\/p>","protected":false},"author":1,"featured_media":386,"parent":0,"menu_order":0,"comment_status":"closed","ping_status":"closed","template":"","meta":{"_acf_changed":false,"_seopress_robots_primary_cat":"","_seopress_titles_title":"Custom Medical Plastic Enclosures | Plastic Cases, Boxes, & Housings","_seopress_titles_desc":"Toolless has more than 20 years of experience in the medical industry making custom Medical Plastic Enclosures for various medical devices. We create Custom Plastic Cases, Boxes and Housings!","_seopress_robots_index":"","pgc_sgb_lightbox_settings":"","iawp_total_views":0,"footnotes":""},"page_categories":[],"class_list":{"0":"post-42","1":"page","2":"type-page","3":"status-publish","4":"has-post-thumbnail","6":"infinite-scroll-item"},"acf":[],"_links":{"self":[{"href":"https:\/\/toolless.com\/fr\/wp-json\/wp\/v2\/pages\/42","targetHints":{"allow":["GET"]}}],"collection":[{"href":"https:\/\/toolless.com\/fr\/wp-json\/wp\/v2\/pages"}],"about":[{"href":"https:\/\/toolless.com\/fr\/wp-json\/wp\/v2\/types\/page"}],"author":[{"embeddable":true,"href":"https:\/\/toolless.com\/fr\/wp-json\/wp\/v2\/users\/1"}],"replies":[{"embeddable":true,"href":"https:\/\/toolless.com\/fr\/wp-json\/wp\/v2\/comments?post=42"}],"version-history":[{"count":4,"href":"https:\/\/toolless.com\/fr\/wp-json\/wp\/v2\/pages\/42\/revisions"}],"predecessor-version":[{"id":2944,"href":"https:\/\/toolless.com\/fr\/wp-json\/wp\/v2\/pages\/42\/revisions\/2944"}],"wp:featuredmedia":[{"embeddable":true,"href":"https:\/\/toolless.com\/fr\/wp-json\/wp\/v2\/media\/386"}],"wp:attachment":[{"href":"https:\/\/toolless.com\/fr\/wp-json\/wp\/v2\/media?parent=42"}],"wp:term":[{"taxonomy":"page_categories","embeddable":true,"href":"https:\/\/toolless.com\/fr\/wp-json\/wp\/v2\/page_categories?post=42"}],"curies":[{"name":"wp","href":"https:\/\/api.w.org\/{rel}","templated":true}]}}