{"id":40,"date":"2020-04-17T22:42:00","date_gmt":"2020-04-17T22:42:00","guid":{"rendered":"http:\/\/toolless.ed-webdesigns.com\/?page_id=40"},"modified":"2025-01-20T16:49:20","modified_gmt":"2025-01-20T16:49:20","slug":"boitiers-electroniques","status":"publish","type":"page","link":"https:\/\/toolless.com\/fr\/electronic-enclosures\/","title":{"rendered":"Bo\u00eetiers \u00e9lectroniques en plastique"},"content":{"rendered":"<div class=\"gb-grid-wrapper gb-grid-wrapper-019bcfa0\">\n<div class=\"gb-grid-column gb-grid-column-35a7f725\"><div class=\"gb-container gb-container-35a7f725\"><div class=\"gb-inside-container\">\n\n<h3 class=\"wp-block-heading\">Bo\u00eetiers personnalis\u00e9s pour votre \u00e9lectronique<\/h3>\n\n\n\n<p>Les bo\u00eetiers \u00e9lectroniques, \u00e9galement connus sous le nom de bo\u00eetiers \u00e9lectroniques, sont des bo\u00eetiers en plastique qui abritent des composants \u00e9lectroniques. Les applications courantes de ces bo\u00eetiers sont les ordinateurs, les consoles de jeu et les \u00e9quipements m\u00e9dicaux.<\/p>\n\n\n\n<p>D'une mani\u00e8re g\u00e9n\u00e9rale, un bo\u00eetier en plastique permet de maintenir l'\u00e9lectronique en toute s\u00e9curit\u00e9. En d'autres termes, les bo\u00eetiers servent \u00e9galement \u00e0 prot\u00e9ger les composants \u00e9lectriques de tout risque pour le circuit imprim\u00e9. Parmi ces risques, citons les intemp\u00e9ries, les d\u00e9versements de liquides, les impacts accidentels, les chocs et les vibrations.<\/p>\n\n\n\n<p>Toolless Plastic Solutions travaille depuis plus de 20 ans \u00e0 la construction d'armoires \u00e9lectriques. Nous disposons de l'exp\u00e9rience et de la technologie n\u00e9cessaires pour concevoir et fabriquer des bo\u00eetiers \u00e9lectriques en plastique sur mesure. Surtout, nous concevons et produisons des bo\u00eetiers sans moules ni outillage.<\/p>\n\n\n\n<h3 class=\"wp-block-heading\">Des bo\u00eetiers \u00e9lectroniques qui r\u00e9pondent \u00e0 vos besoins<\/h3>\n\n\n\n<p>Depuis le d\u00e9but <a href=\"https:\/\/toolless.com\/fr\/nous-contacter\/\" target=\"_blank\" rel=\"noreferrer noopener\">contact<\/a>, Notre \u00e9quipe travaillera avec vous pour cr\u00e9er des bo\u00eetiers \u00e9lectroniques personnalis\u00e9s de haute qualit\u00e9. Nous r\u00e9pondrons \u00e0 vos besoins. Notre \u00e9quipe de conception est compos\u00e9e d'ing\u00e9nieurs industriels et de designers qui travaillent pour donner vie \u00e0 votre vision.<\/p>\n\n\n\n<p>Peu importe la couleur, le design ou la taille, nous pouvons le faire. Cela nous permet de produire une bo\u00eete en plastique qui r\u00e9pond pr\u00e9cis\u00e9ment \u00e0 vos objectifs.<\/p>\n\n\n\n<p>Notre \u00e9quipe de conception offre un excellent service \u00e0 la client\u00e8le pour r\u00e9pondre aux besoins du client. Nous d\u00e9terminons la r\u00e9sistance et le mat\u00e9riau appropri\u00e9 pour votre application. Nos ing\u00e9nieurs m\u00e9caniques et industriels travaillent \u00e0 la cr\u00e9ation d'un mod\u00e8le 3D qui r\u00e9pond \u00e0 vos besoins.<\/p>\n\n\n\n<p>Lorsque votre commande de bo\u00eete en plastique personnalis\u00e9e passe de la conception au prototype, puis \u00e0 la production, Toolless commence \u00e0 la tester. Nous testons le produit et l'am\u00e9lioration continue de la conception pour nous assurer que le produit fonctionnera comme pr\u00e9vu.<\/p>\n\n\n\n<p><em>&nbsp;\u201cLe bo\u00eetier de mon circuit imprim\u00e9 est si sp\u00e9cifique que j'ai besoin d'un bo\u00eetier \u00e9lectronique sur mesure. Les bo\u00eetiers disponibles sur le march\u00e9 ne conviennent pas \u00e0 ma conception et j'essaie d\u00e9sesp\u00e9r\u00e9ment de trouver une solution appropri\u00e9e.\u201d<\/em><\/p>\n\n\n\n<p>Chaque jour, nous aidons des clients qui posent cette question. Il s'agit de clients qui recherchent des bo\u00eetiers en plastique abs pour abriter leurs circuits imprim\u00e9s personnalis\u00e9s. C'est pourquoi Toolless se distingue des fabricants de bo\u00eetiers standard.<\/p>\n\n\n\n<p>Toolless Plastic Solutions offre une solution simple et peu co\u00fbteuse \u00e0 vos besoins en mati\u00e8re de bo\u00eetiers en plastique. En utilisant nos structures pr\u00e9programm\u00e9es, nous pouvons incorporer n'importe quel circuit imprim\u00e9 dans notre ligne d'assemblage. Enfin, le processus de fabrication commence.<\/p>\n\n\n\n<p>Nos machines \u00e0 commande num\u00e9rique d\u00e9coupent le plastique ABS pour les bo\u00eetiers, les ports, les \u00e9l\u00e9vateurs et les boutons. En outre, comme le montre l'exemple, les trous de fixation sont \u00e9galement r\u00e9alis\u00e9s.<\/p>\n\n\n\n<p>Les bo\u00eetiers de circuits imprim\u00e9s sur mesure sont facilement r\u00e9alisables par Toolless. Quoi qu'il en soit, un bo\u00eetier de circuit imprim\u00e9 sur mesure n'est qu'un exemple de bo\u00eetier \u00e9lectronique sur mesure.<\/p>\n\n\n\n<h3 class=\"wp-block-heading\">Bo\u00eetier \u00e9lectronique rentable \u00e0 rotation rapide<\/h3>\n\n\n\n<p>L'outillage n\u00e9cessaire \u00e0 l'injection ou \u00e0 l'extrusion des bo\u00eetiers en plastique peut \u00eatre co\u00fbteux. En d\u00e9finitive, chez Toolless Plastic Solutions, nous concevons et fabriquons vos projets gr\u00e2ce \u00e0 notre approche et \u00e0 notre processus de fabrication \u201clow cost\u201d.<\/p>\n\n\n\n<p>Notre processus de conception et de fabrication produit des bo\u00eetiers qui atteignent ou d\u00e9passent la qualit\u00e9 du moulage par injection. N\u00e9anmoins, chez Toolless, nous avons l'exp\u00e9rience et la technologie pour concevoir et fabriquer en quelques semaines, et non en quelques mois. Les bo\u00eetiers pour vos appareils \u00e9lectroniques sont fabriqu\u00e9s rapidement et \u00e0 un prix abordable. Nous y parvenons sans l'investissement initial ou le d\u00e9lai suppl\u00e9mentaire g\u00e9n\u00e9ralement n\u00e9cessaire pour l'outillage.<\/p>\n\n<\/div><\/div><\/div>\n\n<div class=\"gb-grid-column gb-grid-column-6332a1a8\"><div class=\"gb-container gb-container-6332a1a8\"><div class=\"gb-inside-container\">\n\n<figure class=\"wp-block-image size-large\"><img loading=\"lazy\" decoding=\"async\" width=\"1000\" height=\"666\" src=\"https:\/\/toolless.com\/wp-content\/uploads\/2020\/04\/6867-1.jpg\" alt=\"Bo\u00eetier \u00e9lectronique\" class=\"wp-image-450\" srcset=\"https:\/\/toolless.com\/wp-content\/uploads\/2020\/04\/6867-1.jpg 1000w, https:\/\/toolless.com\/wp-content\/uploads\/2020\/04\/6867-1-300x200.jpg 300w, https:\/\/toolless.com\/wp-content\/uploads\/2020\/04\/6867-1-768x511.jpg 768w\" sizes=\"auto, (max-width: 1000px) 100vw, 1000px\" \/><\/figure>\n\n\n\n<figure class=\"wp-block-image size-large\"><img loading=\"lazy\" decoding=\"async\" width=\"1000\" height=\"666\" src=\"https:\/\/toolless.com\/wp-content\/uploads\/2020\/04\/8452-1.jpg\" alt=\"\" class=\"wp-image-449\" srcset=\"https:\/\/toolless.com\/wp-content\/uploads\/2020\/04\/8452-1.jpg 1000w, https:\/\/toolless.com\/wp-content\/uploads\/2020\/04\/8452-1-300x200.jpg 300w, https:\/\/toolless.com\/wp-content\/uploads\/2020\/04\/8452-1-768x511.jpg 768w\" sizes=\"auto, (max-width: 1000px) 100vw, 1000px\" \/><\/figure>\n\n\n\n<figure class=\"wp-block-image size-large\"><img loading=\"lazy\" decoding=\"async\" width=\"1000\" height=\"666\" src=\"https:\/\/toolless.com\/wp-content\/uploads\/2020\/04\/6998.jpg\" alt=\"\" class=\"wp-image-448\" srcset=\"https:\/\/toolless.com\/wp-content\/uploads\/2020\/04\/6998.jpg 1000w, https:\/\/toolless.com\/wp-content\/uploads\/2020\/04\/6998-300x200.jpg 300w, https:\/\/toolless.com\/wp-content\/uploads\/2020\/04\/6998-768x511.jpg 768w\" sizes=\"auto, (max-width: 1000px) 100vw, 1000px\" \/><\/figure>\n\n\n\n<figure class=\"wp-block-image size-large\"><img loading=\"lazy\" decoding=\"async\" width=\"1000\" height=\"666\" src=\"https:\/\/toolless.com\/wp-content\/uploads\/2020\/04\/7049.jpg\" alt=\"Bo\u00eetier \u00e9lectronique\" class=\"wp-image-447\" srcset=\"https:\/\/toolless.com\/wp-content\/uploads\/2020\/04\/7049.jpg 1000w, https:\/\/toolless.com\/wp-content\/uploads\/2020\/04\/7049-300x200.jpg 300w, https:\/\/toolless.com\/wp-content\/uploads\/2020\/04\/7049-768x511.jpg 768w\" sizes=\"auto, (max-width: 1000px) 100vw, 1000px\" \/><\/figure>\n\n<\/div><\/div><\/div>\n<\/div>\n\n<div class=\"gb-grid-wrapper gb-grid-wrapper-fcc4bc91\">\n<div class=\"gb-grid-column gb-grid-column-627b8579\"><div class=\"gb-container gb-container-627b8579\"><div class=\"gb-inside-container\"><\/div><\/div><\/div>\n\n<div class=\"gb-grid-column gb-grid-column-b05ee8f9\"><div class=\"gb-container gb-container-b05ee8f9\"><div class=\"gb-inside-container\"><\/div><\/div><\/div>\n\n<div class=\"gb-grid-column gb-grid-column-8da21ef6\"><div class=\"gb-container gb-container-8da21ef6\"><div class=\"gb-inside-container\"><\/div><\/div><\/div>\n<\/div>","protected":false},"excerpt":{"rendered":"","protected":false},"author":1,"featured_media":993,"parent":0,"menu_order":0,"comment_status":"closed","ping_status":"closed","template":"","meta":{"_acf_changed":false,"_seopress_robots_primary_cat":"","_seopress_titles_title":"Custom Electronic Enclosures | Custom Design Enclosures - No Molds","_seopress_titles_desc":"Custom Electronic Design Enclosure Manufacturer using No Mold Technology! Toolless creates custom electronic enclosures at a low cost!","_seopress_robots_index":"","pgc_sgb_lightbox_settings":"","iawp_total_views":0,"footnotes":""},"page_categories":[],"class_list":{"0":"post-40","1":"page","2":"type-page","3":"status-publish","4":"has-post-thumbnail","6":"infinite-scroll-item"},"acf":[],"_links":{"self":[{"href":"https:\/\/toolless.com\/fr\/wp-json\/wp\/v2\/pages\/40","targetHints":{"allow":["GET"]}}],"collection":[{"href":"https:\/\/toolless.com\/fr\/wp-json\/wp\/v2\/pages"}],"about":[{"href":"https:\/\/toolless.com\/fr\/wp-json\/wp\/v2\/types\/page"}],"author":[{"embeddable":true,"href":"https:\/\/toolless.com\/fr\/wp-json\/wp\/v2\/users\/1"}],"replies":[{"embeddable":true,"href":"https:\/\/toolless.com\/fr\/wp-json\/wp\/v2\/comments?post=40"}],"version-history":[{"count":9,"href":"https:\/\/toolless.com\/fr\/wp-json\/wp\/v2\/pages\/40\/revisions"}],"predecessor-version":[{"id":2924,"href":"https:\/\/toolless.com\/fr\/wp-json\/wp\/v2\/pages\/40\/revisions\/2924"}],"wp:featuredmedia":[{"embeddable":true,"href":"https:\/\/toolless.com\/fr\/wp-json\/wp\/v2\/media\/993"}],"wp:attachment":[{"href":"https:\/\/toolless.com\/fr\/wp-json\/wp\/v2\/media?parent=40"}],"wp:term":[{"taxonomy":"page_categories","embeddable":true,"href":"https:\/\/toolless.com\/fr\/wp-json\/wp\/v2\/page_categories?post=40"}],"curies":[{"name":"wp","href":"https:\/\/api.w.org\/{rel}","templated":true}]}}