{"id":36,"date":"2020-04-17T22:39:19","date_gmt":"2020-04-17T22:39:19","guid":{"rendered":"http:\/\/toolless.ed-webdesigns.com\/?page_id=36"},"modified":"2025-01-23T17:51:24","modified_gmt":"2025-01-23T17:51:24","slug":"boitier-u","status":"publish","type":"page","link":"https:\/\/toolless.com\/fr\/u-box-enclosure\/","title":{"rendered":"Bo\u00eetier en U"},"content":{"rendered":"<div class=\"gb-grid-wrapper gb-grid-wrapper-ac02e91a\">\n<div class=\"gb-grid-column gb-grid-column-b3faf04c\"><div class=\"gb-container gb-container-b3faf04c\"><div class=\"gb-inside-container\">\n\n<h2 class=\"wp-block-heading\">Projets de bo\u00eetiers plastiques en U<\/h2>\n\n<\/div><\/div><\/div>\n\n<div class=\"gb-grid-column gb-grid-column-ab7f756c\"><div class=\"gb-container gb-container-ab7f756c\"><div class=\"gb-inside-container\">\n<div class=\"gb-button-wrapper gb-button-wrapper-ea9b1d1b\">\n\n<a class=\"gb-button gb-button-23b3e41b gb-button-text button\" href=\"\/fr\/nous-contacter\/\">Nous contacter<\/a>\n\n<\/div>\n<\/div><\/div><\/div>\n<\/div>\n\n\n<p>Tous nos bo\u00eetiers en plastique sont fabriqu\u00e9s sur mesure et ajustables \u00e0 vos sp\u00e9cifications, sans moules ni outillage. Les bo\u00eetiers ci-dessous sont des exemples illustrant nos capacit\u00e9s. Notre processus de fabrication n'est pas limit\u00e9 \u00e0 ces mod\u00e8les.<\/p>\n\n\n<div class=\"gb-grid-wrapper gb-grid-wrapper-8924eb73\">\n<div class=\"gb-grid-column gb-grid-column-94694eef\"><div class=\"gb-container gb-container-94694eef\"><div class=\"gb-inside-container\">\n<div class=\"icon-box\"><img loading=\"lazy\" decoding=\"async\" width=\"250\" height=\"250\" src=\"https:\/\/toolless.com\/wp-content\/uploads\/2020\/04\/U-Box-1.jpg\" class=\"iconbox-icon alignleft\" alt=\"\" srcset=\"https:\/\/toolless.com\/wp-content\/uploads\/2020\/04\/U-Box-1.jpg 250w, https:\/\/toolless.com\/wp-content\/uploads\/2020\/04\/U-Box-1-150x150.jpg 150w\" sizes=\"auto, (max-width: 250px) 100vw, 250px\" \/><div class=\"iconbox-text\"><h4>Enceinte \u00e9troite<\/h4>\n<p>Ce bo\u00eetier en 4 pi\u00e8ces a \u00e9t\u00e9 fabriqu\u00e9 sur mesure pour accueillir un circuit imprim\u00e9 long et \u00e9troit. La fonction d'encliquetage (appel\u00e9e clip cut) permet aux deux parties de verrouiller le bo\u00eetier et de s\u00e9curiser le circuit imprim\u00e9. Un tournevis permet d'ouvrir le bo\u00eetier gr\u00e2ce \u00e0 une petite fente sur le c\u00f4t\u00e9. Le renfoncement sur le dessus est destin\u00e9 \u00e0 recevoir une \u00e9tiquette et le motif de la fente sur la face avant est d'ordre esth\u00e9tique. Ce bo\u00eetier \u00e9l\u00e9gant est dot\u00e9 d'une courbe frontale et est disponible dans de nombreuses couleurs et avec diff\u00e9rents types de fentes.<\/p>\n<\/div><\/div>\n\n<div class=\"icon-box\"><img loading=\"lazy\" decoding=\"async\" width=\"250\" height=\"250\" src=\"https:\/\/toolless.com\/wp-content\/uploads\/2020\/04\/My-Seat-.jpg\" class=\"iconbox-icon alignleft\" alt=\"\" srcset=\"https:\/\/toolless.com\/wp-content\/uploads\/2020\/04\/My-Seat-.jpg 250w, https:\/\/toolless.com\/wp-content\/uploads\/2020\/04\/My-Seat--150x150.jpg 150w\" sizes=\"auto, (max-width: 250px) 100vw, 250px\" \/><div class=\"iconbox-text\"><h4>Petite enceinte<\/h4>\n<p>Ce bo\u00eetier en plastique noir est l'un de nos plus petits mod\u00e8les.  Nous utilisons le m\u00eame concept d'encliquetage. Une fente sur le c\u00f4t\u00e9 permet d'acc\u00e9der \u00e0 la partie sup\u00e9rieure. Il s'agit de notre mod\u00e8le de base qui d\u00e9montre bien ses capacit\u00e9s. Le logo sur le dessus provient de notre\u00a0<a href=\"\/fr\/limpression\/\">imprimante num\u00e9rique<\/a>\u00a0et nous pouvons \u00e9galement produire ce bo\u00eetier en plastique avec diff\u00e9rentes couleurs et diff\u00e9rents logos.<\/p>\n<\/div><\/div>\n\n<div class=\"icon-box\"><img loading=\"lazy\" decoding=\"async\" width=\"250\" height=\"250\" src=\"https:\/\/toolless.com\/wp-content\/uploads\/2020\/04\/Themis.jpg\" class=\"iconbox-icon alignleft\" alt=\"\" srcset=\"https:\/\/toolless.com\/wp-content\/uploads\/2020\/04\/Themis.jpg 250w, https:\/\/toolless.com\/wp-content\/uploads\/2020\/04\/Themis-150x150.jpg 150w\" sizes=\"auto, (max-width: 250px) 100vw, 250px\" \/><div class=\"iconbox-text\"><h4>Bo\u00eetier \u00e9l\u00e9gant et incurv\u00e9<\/h4>\n<p>Il s'agit d'une variante \u00e9l\u00e9gante de notre bo\u00eetier plastique de type U-Box. La courbure de la face avant conf\u00e8re \u00e0 cet appareil un aspect distinctif, ainsi qu'un design tr\u00e8s sp\u00e9cial.\u00a0<a href=\"\/fr\/marquage\/\">gravure<\/a>. Cette unit\u00e9, \u00e9tonnamment, utilise le m\u00eame processus que les deux autres unit\u00e9s ci-dessus, ce qui prouve une fois de plus la flexibilit\u00e9 de notre processus. Quelques trous pour les connecteurs sont frais\u00e9s sur le c\u00f4t\u00e9.<\/p>\n<\/div><\/div>\n\n<div class=\"icon-box\"><img loading=\"lazy\" decoding=\"async\" width=\"250\" height=\"250\" src=\"https:\/\/toolless.com\/wp-content\/uploads\/2020\/04\/Audio.jpg\" class=\"iconbox-icon alignleft\" alt=\"\" srcset=\"https:\/\/toolless.com\/wp-content\/uploads\/2020\/04\/Audio.jpg 250w, https:\/\/toolless.com\/wp-content\/uploads\/2020\/04\/Audio-150x150.jpg 150w\" sizes=\"auto, (max-width: 250px) 100vw, 250px\" \/><div class=\"iconbox-text\"><h4>Gravure personnalis\u00e9e<\/h4>\n<p>Une variante plate de notre design flexible et ajustable,\u00a0<a href=\"\/fr\/marquage\/\">grav\u00e9<\/a>\u00a0sur le dessus et frais\u00e9s pour l'acc\u00e8s aux trous des connecteurs. Les caract\u00e9ristiques d'encliquetage sur le c\u00f4t\u00e9 sont les m\u00eames que ci-dessus.<\/p>\n<\/div><\/div>\n\n<div class=\"gb-button-wrapper gb-button-wrapper-eac8ffca\">\n\n<a class=\"gb-button gb-button-2adb5141 gb-button-text button\" href=\"\/fr\/galerie-des-fermetures\/\">Plus d'exemples<\/a>\n\n<\/div>\n<\/div><\/div><\/div>\n<\/div>\n\n\n<p><\/p>","protected":false},"excerpt":{"rendered":"<p>Tous nos bo\u00eetiers en plastique sont fabriqu\u00e9s sur mesure et ajustables \u00e0 vos sp\u00e9cifications, sans moules ni outillage. Les bo\u00eetiers ci-dessous sont des exemples illustrant nos capacit\u00e9s. Notre processus de fabrication n'est pas limit\u00e9 \u00e0 ces mod\u00e8les.<\/p>","protected":false},"author":1,"featured_media":386,"parent":0,"menu_order":0,"comment_status":"closed","ping_status":"closed","template":"","meta":{"_acf_changed":false,"_seopress_robots_primary_cat":"","_seopress_titles_title":"Custom Plastic Enclosures Without Molds or Tooling","_seopress_titles_desc":"Discover custom, adjustable plastic enclosures with no molds or tooling required. Contact us for tailored solutions that meet your project's needs.","_seopress_robots_index":"","pgc_sgb_lightbox_settings":"","iawp_total_views":0,"footnotes":""},"page_categories":[3],"class_list":{"0":"post-36","1":"page","2":"type-page","3":"status-publish","4":"has-post-thumbnail","6":"page_categories-standard-enclosures","7":"infinite-scroll-item"},"acf":[],"_links":{"self":[{"href":"https:\/\/toolless.com\/fr\/wp-json\/wp\/v2\/pages\/36","targetHints":{"allow":["GET"]}}],"collection":[{"href":"https:\/\/toolless.com\/fr\/wp-json\/wp\/v2\/pages"}],"about":[{"href":"https:\/\/toolless.com\/fr\/wp-json\/wp\/v2\/types\/page"}],"author":[{"embeddable":true,"href":"https:\/\/toolless.com\/fr\/wp-json\/wp\/v2\/users\/1"}],"replies":[{"embeddable":true,"href":"https:\/\/toolless.com\/fr\/wp-json\/wp\/v2\/comments?post=36"}],"version-history":[{"count":8,"href":"https:\/\/toolless.com\/fr\/wp-json\/wp\/v2\/pages\/36\/revisions"}],"predecessor-version":[{"id":2952,"href":"https:\/\/toolless.com\/fr\/wp-json\/wp\/v2\/pages\/36\/revisions\/2952"}],"wp:featuredmedia":[{"embeddable":true,"href":"https:\/\/toolless.com\/fr\/wp-json\/wp\/v2\/media\/386"}],"wp:attachment":[{"href":"https:\/\/toolless.com\/fr\/wp-json\/wp\/v2\/media?parent=36"}],"wp:term":[{"taxonomy":"page_categories","embeddable":true,"href":"https:\/\/toolless.com\/fr\/wp-json\/wp\/v2\/page_categories?post=36"}],"curies":[{"name":"wp","href":"https:\/\/api.w.org\/{rel}","templated":true}]}}