{"id":34,"date":"2020-04-17T22:38:58","date_gmt":"2020-04-17T22:38:58","guid":{"rendered":"http:\/\/toolless.ed-webdesigns.com\/?page_id=34"},"modified":"2025-11-04T20:00:29","modified_gmt":"2025-11-04T20:00:29","slug":"c-box-enceinte-en-plastique","status":"publish","type":"page","link":"https:\/\/toolless.com\/fr\/c-box-plastic-enclosure\/","title":{"rendered":"C Bo\u00eetier de la bo\u00eete"},"content":{"rendered":"<div class=\"gb-grid-wrapper gb-grid-wrapper-ac02e91a\">\n<div class=\"gb-grid-column gb-grid-column-b3faf04c\"><div class=\"gb-container gb-container-b3faf04c\"><div class=\"gb-inside-container\">\n\n<h2 class=\"wp-block-heading\">Projets de bo\u00eetiers en plastique C Box<\/h2>\n\n<\/div><\/div><\/div>\n\n<div class=\"gb-grid-column gb-grid-column-ab7f756c\"><div class=\"gb-container gb-container-ab7f756c\"><div class=\"gb-inside-container\">\n<div class=\"gb-button-wrapper gb-button-wrapper-ea9b1d1b\">\n\n<a class=\"gb-button gb-button-23b3e41b gb-button-text button\" href=\"\/fr\/nous-contacter\/\">Nous contacter<\/a>\n\n<\/div>\n<\/div><\/div><\/div>\n<\/div>\n\n\n<p><strong>Tous nos bo\u00eetiers en plastique sont fabriqu\u00e9s sur mesure.<\/strong> et r\u00e9glables pour r\u00e9pondre \u00e0 diverses sp\u00e9cifications, sans moules ni outillage. Par exemple, le bo\u00eetier C Box (voir le sch\u00e9ma ci-dessous) est une combinaison de toutes les capacit\u00e9s de notre technologie. La C Box est donc un bo\u00eetier id\u00e9al pour un circuit imprim\u00e9 personnalis\u00e9. Nous pouvons le concevoir et le fabriquer en peu de temps, en y incluant toutes vos caract\u00e9ristiques personnalis\u00e9es :<\/p>\n\n\n\n<figure class=\"wp-block-image size-large\"><img loading=\"lazy\" decoding=\"async\" width=\"1012\" height=\"345\" src=\"https:\/\/toolless.com\/wp-content\/uploads\/2020\/10\/2C-Design-Features-3.png\" alt=\"C Bo\u00eete\" class=\"wp-image-1269\" srcset=\"https:\/\/toolless.com\/wp-content\/uploads\/2020\/10\/2C-Design-Features-3.png 1012w, https:\/\/toolless.com\/wp-content\/uploads\/2020\/10\/2C-Design-Features-3-300x102.png 300w, https:\/\/toolless.com\/wp-content\/uploads\/2020\/10\/2C-Design-Features-3-768x262.png 768w\" sizes=\"auto, (max-width: 1012px) 100vw, 1012px\" \/><figcaption class=\"wp-element-caption\">2C D\u00e9tails de la conception de l'enceinte<\/figcaption><\/figure>\n\n\n\n<ul class=\"wp-block-list\">\n<li><strong>Les bo\u00eetiers ci-dessous sont des exemples illustrant nos capacit\u00e9s. <\/strong>Notre processus de fabrication permet une grande flexibilit\u00e9. Les options de conception ne sont pas limit\u00e9es \u00e0 la s\u00e9lection ci-dessous.<\/li>\n<\/ul>\n\n\n\n<div class=\"wp-block-media-text alignwide is-stacked-on-mobile no-btn\" style=\"grid-template-columns:21% auto\"><figure class=\"wp-block-media-text__media\"><img loading=\"lazy\" decoding=\"async\" width=\"250\" height=\"250\" src=\"https:\/\/toolless.com\/wp-content\/uploads\/2020\/04\/Standard-enclosure-1.5.jpg\" alt=\"C Bo\u00eete\" class=\"wp-image-298 size-full\" srcset=\"https:\/\/toolless.com\/wp-content\/uploads\/2020\/04\/Standard-enclosure-1.5.jpg 250w, https:\/\/toolless.com\/wp-content\/uploads\/2020\/04\/Standard-enclosure-1.5-150x150.jpg 150w\" sizes=\"auto, (max-width: 250px) 100vw, 250px\" \/><\/figure><div class=\"wp-block-media-text__content\">\n<h4 class=\"wp-block-heading\">Facile \u00e0 ouvrir<\/h4>\n\n\n\n<p>Sans moule ni outillage, ce mod\u00e8le de bo\u00eetier en plastique C bicolore est notre mod\u00e8le de base facile \u00e0 ouvrir.&nbsp;<a href=\"https:\/\/toolless.com\/fr\/marquage\/\">Grav\u00e9<\/a>&nbsp;sur le dessus. Configuration \u00e9conomique \u00e0 encliqueter, languette dans le C inf\u00e9rieur et rainures \u00e0 l'int\u00e9rieur du C sup\u00e9rieur. Les bossages sont utilis\u00e9s pour le montage du circuit imprim\u00e9.<\/p>\n\n\n\n<div class=\"wp-block-buttons is-layout-flex wp-block-buttons-is-layout-flex\">\n<div class=\"wp-block-button\"><a class=\"wp-block-button__link wp-element-button\" href=\"https:\/\/toolless.com\/fr\/telechargements\/\">Fichiers CAO t\u00e9l\u00e9chargeables<\/a><\/div>\n<\/div>\n<\/div><\/div>\n\n\n\n<div class=\"wp-block-media-text alignwide is-stacked-on-mobile no-btn\" style=\"grid-template-columns:21% auto\"><figure class=\"wp-block-media-text__media\"><img loading=\"lazy\" decoding=\"async\" width=\"250\" height=\"250\" src=\"https:\/\/toolless.com\/wp-content\/uploads\/2020\/04\/standard-enclosure-2.jpg\" alt=\"C Bo\u00eete\" class=\"wp-image-299 size-full\" srcset=\"https:\/\/toolless.com\/wp-content\/uploads\/2020\/04\/standard-enclosure-2.jpg 250w, https:\/\/toolless.com\/wp-content\/uploads\/2020\/04\/standard-enclosure-2-150x150.jpg 150w\" sizes=\"auto, (max-width: 250px) 100vw, 250px\" \/><\/figure><div class=\"wp-block-media-text__content\">\n<h4 class=\"wp-block-heading\">Cl\u00e9 en main<\/h4>\n\n\n\n<p>Au lieu de fixer le circuit imprim\u00e9 \u00e0 l'aide d'entretoises, ce client a choisi d'utiliser des fentes \u00e0 l'int\u00e9rieur pour maintenir le circuit imprim\u00e9. Cela rend l'assemblage facile et rapide.<\/p>\n\n\n\n<div class=\"wp-block-buttons is-layout-flex wp-block-buttons-is-layout-flex\">\n<div class=\"wp-block-button\"><a class=\"wp-block-button__link wp-element-button\" href=\"https:\/\/toolless.com\/fr\/telechargements\/\">Fichiers CAO t\u00e9l\u00e9chargeables<\/a><\/div>\n<\/div>\n<\/div><\/div>\n\n\n\n<div class=\"wp-block-media-text alignwide is-stacked-on-mobile no-btn\" style=\"grid-template-columns:20% auto\"><figure class=\"wp-block-media-text__media\"><img loading=\"lazy\" decoding=\"async\" width=\"250\" height=\"250\" src=\"https:\/\/toolless.com\/wp-content\/uploads\/2020\/04\/standard-enclosure-3.jpg\" alt=\"C Bo\u00eete\" class=\"wp-image-300 size-full\" srcset=\"https:\/\/toolless.com\/wp-content\/uploads\/2020\/04\/standard-enclosure-3.jpg 250w, https:\/\/toolless.com\/wp-content\/uploads\/2020\/04\/standard-enclosure-3-150x150.jpg 150w\" sizes=\"auto, (max-width: 250px) 100vw, 250px\" \/><\/figure><div class=\"wp-block-media-text__content\">\n<h4 class=\"wp-block-heading\">Montage mural<\/h4>\n\n\n\n<p>Ce bo\u00eetier 2C unicolore \u00e0 montage mural a tr\u00e8s bien fonctionn\u00e9 pour nos clients.  Le client a demand\u00e9 2 types diff\u00e9rents dans 2 tailles diff\u00e9rentes, avec des co\u00fbts de modification minimaux. Notre client appr\u00e9cie particuli\u00e8rement l'impression de son logo sur la face avant du bo\u00eetier et la possibilit\u00e9 de retirer les brides lat\u00e9rales si n\u00e9cessaire.<\/p>\n\n\n\n<div class=\"wp-block-buttons is-layout-flex wp-block-buttons-is-layout-flex\">\n<div class=\"wp-block-button\"><a class=\"wp-block-button__link wp-element-button\" href=\"https:\/\/toolless.com\/fr\/telechargements\/\">Fichiers CAO t\u00e9l\u00e9chargeables<\/a><\/div>\n<\/div>\n<\/div><\/div>\n\n\n\n<div class=\"wp-block-media-text alignwide is-stacked-on-mobile no-btn\" style=\"grid-template-columns:21% auto\"><figure class=\"wp-block-media-text__media\"><img loading=\"lazy\" decoding=\"async\" width=\"250\" height=\"250\" src=\"https:\/\/toolless.com\/wp-content\/uploads\/2020\/04\/standard-enclosure-4.jpg\" alt=\"C Bo\u00eete\" class=\"wp-image-301 size-full\" srcset=\"https:\/\/toolless.com\/wp-content\/uploads\/2020\/04\/standard-enclosure-4.jpg 250w, https:\/\/toolless.com\/wp-content\/uploads\/2020\/04\/standard-enclosure-4-150x150.jpg 150w\" sizes=\"auto, (max-width: 250px) 100vw, 250px\" \/><\/figure><div class=\"wp-block-media-text__content\">\n<h4 class=\"wp-block-heading\">Bo\u00eetier de bureau<\/h4>\n\n\n\n<p>Sp\u00e9cialement con\u00e7u pour&nbsp;<strong>cartes de circuits imprim\u00e9s personnalis\u00e9es<\/strong>, Cette C-box multicolore a tr\u00e8s bien fonctionn\u00e9 pour nos clients. Notre processus de fabrication sans outillage, qui produit 25 unit\u00e9s mensuelles, et notre conception flexible r\u00e9pondaient parfaitement aux besoins de notre client. Il aime particuli\u00e8rement l'aspect de l'arri\u00e8re et a ajout\u00e9 du contenu imprim\u00e9 sur l'avant via notre imprimante num\u00e9rique. Ce bo\u00eetier contient \u00e9galement une carte Raspberry Pi mont\u00e9e par des bossages. Tous les \u00e9vents et les trous ont \u00e9t\u00e9 r\u00e9alis\u00e9s sur mesure, sans outils ni moulage.<\/p>\n\n\n\n<div class=\"wp-block-buttons is-layout-flex wp-block-buttons-is-layout-flex\">\n<div class=\"wp-block-button\"><a class=\"wp-block-button__link wp-element-button\" href=\"https:\/\/toolless.com\/fr\/telechargements\/\">Fichiers CAO t\u00e9l\u00e9chargeables<\/a><\/div>\n<\/div>\n<\/div><\/div>\n\n\n\n<div class=\"wp-block-media-text alignwide is-stacked-on-mobile no-btn\" style=\"grid-template-columns:22% auto\"><figure class=\"wp-block-media-text__media\"><img loading=\"lazy\" decoding=\"async\" width=\"250\" height=\"250\" src=\"https:\/\/toolless.com\/wp-content\/uploads\/2020\/04\/standard-enclosure-5.jpg\" alt=\"C Bo\u00eete\" class=\"wp-image-302 size-full\" srcset=\"https:\/\/toolless.com\/wp-content\/uploads\/2020\/04\/standard-enclosure-5.jpg 250w, https:\/\/toolless.com\/wp-content\/uploads\/2020\/04\/standard-enclosure-5-150x150.jpg 150w\" sizes=\"auto, (max-width: 250px) 100vw, 250px\" \/><\/figure><div class=\"wp-block-media-text__content\">\n<h4 class=\"wp-block-heading\">\u00c9cran LCD activ\u00e9<\/h4>\n\n\n\n<p>Ce bo\u00eetier en plastique de type \"clamshell\" est dot\u00e9 d'une partie sup\u00e9rieure unique et incurv\u00e9e. Plus pr\u00e9cis\u00e9ment, le noir et blanc avec une zone lat\u00e9rale incurv\u00e9e permet d'installer un \u00e9cran LCD sur le dessus. De plus, l'impression num\u00e9rique lui donne un aspect accrocheur et rend l'utilisation de cet appareil claire pour le consommateur. De plus, le processus de fabrication reste le m\u00eame avec notre fabrication de languettes et de rainures. Pas besoin de tournevis car ce bo\u00eetier s'embo\u00eete facilement.<\/p>\n\n\n\n<div class=\"wp-block-buttons is-layout-flex wp-block-buttons-is-layout-flex\">\n<div class=\"wp-block-button\"><a class=\"wp-block-button__link wp-element-button\" href=\"https:\/\/toolless.com\/fr\/telechargements\/\">Fichiers CAO t\u00e9l\u00e9chargeables<\/a><\/div>\n<\/div>\n<\/div><\/div>\n\n\n<div class=\"gb-grid-wrapper gb-grid-wrapper-8924eb73\">\n<div class=\"gb-grid-column gb-grid-column-601b0bfe\"><div class=\"gb-container gb-container-601b0bfe\"><div class=\"gb-inside-container\">\n<div class=\"gb-button-wrapper gb-button-wrapper-4905964d\">\n\n<a class=\"gb-button gb-button-e8da78f8 gb-button-text button\" href=\"\/fr\/galerie-des-fermetures\/\">Plus d'exemples<\/a>\n\n<\/div>\n<\/div><\/div><\/div>\n<\/div>","protected":false},"excerpt":{"rendered":"<p>All of our plastic enclosures are custom made and adjustable to meet various specifications, without molds or tooling. For instance, the C Box enclosure (See schematic below) is a combination of all the capabilities of our technology. Therefore the C Box is an ideal enclosure for a custom PCB. We can design and manufacture it &#8230; <\/p>\n<p class=\"read-more-container\"><a title=\"C Bo\u00eetier de la bo\u00eete\" class=\"read-more button\" href=\"https:\/\/toolless.com\/fr\/c-box-plastic-enclosure\/#more-34\" aria-label=\"Plus sur C Box Enclosure\">Lire plus<\/a><\/p>","protected":false},"author":1,"featured_media":295,"parent":0,"menu_order":0,"comment_status":"closed","ping_status":"closed","template":"","meta":{"_acf_changed":false,"_seopress_robots_primary_cat":"","_seopress_titles_title":"C Box Plastic Enclosure - Toolless Plastic Solutions","_seopress_titles_desc":"Plastic Enclosures & Custom Plastic Housings use a C Box design. Contact us today at Toolless Plastic Solutions for more information.","_seopress_robots_index":"","pgc_sgb_lightbox_settings":"","iawp_total_views":0,"footnotes":""},"page_categories":[3],"class_list":{"0":"post-34","1":"page","2":"type-page","3":"status-publish","4":"has-post-thumbnail","6":"page_categories-standard-enclosures","7":"infinite-scroll-item"},"acf":[],"_links":{"self":[{"href":"https:\/\/toolless.com\/fr\/wp-json\/wp\/v2\/pages\/34","targetHints":{"allow":["GET"]}}],"collection":[{"href":"https:\/\/toolless.com\/fr\/wp-json\/wp\/v2\/pages"}],"about":[{"href":"https:\/\/toolless.com\/fr\/wp-json\/wp\/v2\/types\/page"}],"author":[{"embeddable":true,"href":"https:\/\/toolless.com\/fr\/wp-json\/wp\/v2\/users\/1"}],"replies":[{"embeddable":true,"href":"https:\/\/toolless.com\/fr\/wp-json\/wp\/v2\/comments?post=34"}],"version-history":[{"count":20,"href":"https:\/\/toolless.com\/fr\/wp-json\/wp\/v2\/pages\/34\/revisions"}],"predecessor-version":[{"id":3477,"href":"https:\/\/toolless.com\/fr\/wp-json\/wp\/v2\/pages\/34\/revisions\/3477"}],"wp:featuredmedia":[{"embeddable":true,"href":"https:\/\/toolless.com\/fr\/wp-json\/wp\/v2\/media\/295"}],"wp:attachment":[{"href":"https:\/\/toolless.com\/fr\/wp-json\/wp\/v2\/media?parent=34"}],"wp:term":[{"taxonomy":"page_categories","embeddable":true,"href":"https:\/\/toolless.com\/fr\/wp-json\/wp\/v2\/page_categories?post=34"}],"curies":[{"name":"wp","href":"https:\/\/api.w.org\/{rel}","templated":true}]}}