{"id":2,"date":"2023-02-16T19:30:07","date_gmt":"2023-02-16T19:30:07","guid":{"rendered":"http:\/\/toolless.ed-webdesigns.com\/?page_id=2"},"modified":"2023-10-11T17:40:40","modified_gmt":"2023-10-11T17:40:40","slug":"maison","status":"publish","type":"page","link":"https:\/\/toolless.com\/fr\/home\/","title":{"rendered":"Accueil"},"content":{"rendered":"<div class=\"gb-container gb-container-e4c616f9\"><div class=\"gb-inside-container\">\n<div class=\"gb-button-wrapper gb-button-wrapper-25ab6454\">\n\n<a class=\"gb-button gb-button-2885207e gb-button-text three-home\" href=\"https:\/\/toolless.com\/fr\/envoyez-nous-vos-fichiers-cad\/\">Envoyez-nous des dessins CAO<\/a>\n\n\n\n<a class=\"gb-button gb-button-ce7db094 gb-button-text\" href=\"https:\/\/toolless.com\/fr\/enceinte-de-conception-personnalisee\/\">Nous concevons<\/a>\n\n\n\n<a class=\"gb-button gb-button-b268d346 gb-button-text\" href=\"https:\/\/toolless.com\/fr\/telechargements\/\">Vous concevez<\/a>\n\n<\/div>\n<\/div><\/div>\n\n<div class=\"gb-container gb-container-25ca3f75\"><div class=\"gb-inside-container\">\n\n<h2 class=\"wp-block-heading has-text-align-center\">Bo\u00eetiers en plastique sur mesure par Toolless. Pas de moules, pas d'outillage, des prototypes et des d\u00e9lais d'ex\u00e9cution rapides ! <\/h2>\n\n\n<div class=\"gb-grid-wrapper gb-grid-wrapper-bfb86933\">\n<div class=\"gb-grid-column gb-grid-column-2ee07526\"><div class=\"gb-container gb-container-2ee07526\"><div class=\"gb-inside-container\">\n<div class=\"product-boxes\"><p><img decoding=\"async\" alt=\"\" src=\"https:\/\/toolless.com\/wp-content\/uploads\/2020\/04\/Predesigned.jpg\" border=\"0\"><\/p><h2>Standard Personnalis\u00e9 Plastique<br>Enceintes<\/h2><ul>\n<li><strong>Bo\u00eetiers en plastique standard<\/strong><\/li>\n<li>Mod\u00e8les ajustables<\/li>\n<li>D\u00e9lai d'ex\u00e9cution rapide en quelques jours, pas en quelques semaines<\/li>\n<li>Des modifications facilement incorpor\u00e9es<\/li>\n<li>Comparaison favorable avec l'impression 3D et le moulage par injection<\/li>\n<li>Con\u00e7u pour minimiser les co\u00fbts de production<\/li>\n<li>Capacit\u00e9s de production de masse<\/li>\n<li>Prix comp\u00e9titifs<\/li>\n<li><a href=\"\/fr\/boitiers-en-plastique-standard\/\">En savoir plus<\/a><\/li>\n<\/ul>\n<\/div>\n<\/div><\/div><\/div>\n\n<div class=\"gb-grid-column gb-grid-column-cc40b620\"><div class=\"gb-container gb-container-cc40b620\"><div class=\"gb-inside-container\">\n<div class=\"product-boxes\"><p><img decoding=\"async\" alt=\"\" src=\"https:\/\/toolless.com\/wp-content\/uploads\/2020\/04\/Custom.jpg\" border=\"0\"><\/p><h2>Plastique sur mesure<br>Enceintes<\/h2><ul>\n<li><strong>Bo\u00eetier en plastique sur mesure<\/strong><\/li>\n<li>Formes et dessins complexes<\/li>\n<li>Soutien technique complet<\/li>\n<li>Expertise en mati\u00e8re d'enceintes pour dispositifs m\u00e9dicaux<\/li>\n<li>Soutien complet \u00e0 la fabrication<\/li>\n<li>Tous types de finitions et de textures :<\/li>\n<li>Marquage personnalis\u00e9, Impression num\u00e9rique, Duo-Tones, Peinture<\/li>\n<li><a href=\"\/fr\/boitiers-en-plastique-sur-mesure\/\">En savoir plus<\/a><\/li>\n<\/ul>\n<\/div>\n<\/div><\/div><\/div>\n\n<div class=\"gb-grid-column gb-grid-column-bc262fc1\"><div class=\"gb-container gb-container-bc262fc1\"><div class=\"gb-inside-container\">\n<div class=\"product-boxes\"><p><img decoding=\"async\" alt=\"\" src=\"https:\/\/toolless.com\/wp-content\/uploads\/2020\/04\/custom-parts-2.jpg\" border=\"0\"><\/p><h2>Sur mesure<br> Pi\u00e8ces en plastique<\/h2><ul>\n<li><strong>Pi\u00e8ces d\u00e9tach\u00e9es<\/strong><\/li>\n<li>Lunettes<\/li>\n<li>Supports<\/li>\n<li>Panneaux et pr\u00e9sentoirs<\/li>\n<li>Couvertures<\/li>\n<li><a href=\"\/fr\/galerie-des-fermetures\/\">Voir la s\u00e9lection<\/a><\/li>\n<\/ul>\n<\/div>\n<\/div><\/div><\/div>\n<\/div>\n<\/div><\/div>\n\n<div class=\"gb-container gb-container-f900b8ea video-box\"><div class=\"gb-inside-container\">\n<div class=\"gb-grid-wrapper gb-grid-wrapper-c84a7f01\">\n<div class=\"gb-grid-column gb-grid-column-3e73539b\"><div class=\"gb-container gb-container-3e73539b\"><div class=\"gb-inside-container\">\n\n<h2 class=\"wp-block-heading\"><a href=\"\/fr\/services-denveloppes-en-plastique\/\">Nous concevons, cr\u00e9ons et fabriquons des bo\u00eetiers en plastique sur mesure, des bo\u00eetiers en plastique sur mesure et des bo\u00eetiers en plastique sur mesure. <\/a><\/h2>\n\n\n\n<h3 class=\"wp-block-heading\"><a href=\"\/fr\/processus-de-fabrication-denceintes-en-plastique\/\"><strong>Pas de moules. Pas d'outillage<\/strong>. Les conceptions de bo\u00eetiers en plastique sur mesure sont notre sp\u00e9cialit\u00e9. <\/a><\/h3>\n\n\n\n<p>Toolless est un fabricant de premier plan de bo\u00eetiers en plastique sur mesure, sp\u00e9cialis\u00e9 dans la cr\u00e9ation de bo\u00eetiers de haute qualit\u00e9 pour l'\u00e9lectronique, l'\u00e9quipement m\u00e9dical et les appareils portatifs sans avoir besoin de moules ou d'outillage. Nous mettons l'accent sur le service et la satisfaction du client et sommes fiers de proposer des d\u00e9lais d'ex\u00e9cution rapides, des devis gratuits et des solutions de conception personnalis\u00e9es pour r\u00e9pondre \u00e0 vos besoins sp\u00e9cifiques. Notre processus de fabrication innovant garantit la flexibilit\u00e9 et l'accessibilit\u00e9 financi\u00e8re tout en maintenant le plus haut niveau de pr\u00e9cision et de durabilit\u00e9 dans chaque produit que nous cr\u00e9ons. <br><br>Avec plus de 20 ans d'exp\u00e9rience dans l'industrie m\u00e9dicale, Toolless s'est forg\u00e9 une r\u00e9putation de solution de choix pour les bo\u00eetiers en plastique personnalis\u00e9s, les bo\u00eetiers m\u00e9dicaux et les appareils de laboratoire. Notre client\u00e8le va des ing\u00e9nieurs aux professionnels de la sant\u00e9 qui comptent sur notre expertise pour abriter leurs composants critiques tels que les pompes, les cartes de circuits imprim\u00e9s et divers appareils. Chez Toolless, nous travaillons en \u00e9troite collaboration avec chaque client tout au long du processus - de la conception du projet \u00e0 la livraison - afin de garantir un ajustement et une finition parfaits pour chaque bo\u00eetier \u00e9lectronique en plastique, tout en aidant \u00e0 donner vie \u00e0 leurs innovations.<\/p>\n\n\n\n<p><\/p>\n\n<\/div><\/div><\/div>\n\n<div class=\"gb-grid-column gb-grid-column-40a633d1\"><div class=\"gb-container gb-container-40a633d1\"><div class=\"gb-inside-container\">\n\n<figure class=\"wp-block-embed is-type-video is-provider-youtube wp-block-embed-youtube wp-embed-aspect-16-9 wp-has-aspect-ratio\"><div class=\"wp-block-embed__wrapper\">\n<iframe loading=\"lazy\" title=\"Pr\u00e9sentation de Toolless Plastic Solutions\" width=\"1200\" height=\"675\" src=\"https:\/\/www.youtube.com\/embed\/9U4Y21EvZuM?feature=oembed\" frameborder=\"0\" allow=\"accelerometer; autoplay; clipboard-write; encrypted-media; gyroscope; picture-in-picture; web-share\" allowfullscreen><\/iframe>\n<\/div><\/figure>\n\n<\/div><\/div><\/div>\n<\/div>\n<\/div><\/div>\n\n<div class=\"gb-container gb-container-30c7223b\"><div class=\"gb-inside-container\">\n<div class=\"gb-grid-wrapper gb-grid-wrapper-0703c2d8\">\n<div class=\"gb-grid-column gb-grid-column-207ab405\"><div class=\"gb-container gb-container-207ab405\"><div class=\"gb-inside-container\">\n<div class=\"icon-box\"><img loading=\"lazy\" decoding=\"async\" width=\"210\" height=\"140\" src=\"https:\/\/toolless.com\/wp-content\/uploads\/2020\/04\/Affordable-Prototyping.jpg\" class=\"iconbox-icon alignleft\" alt=\"Des prototypes abordables\" \/><div class=\"iconbox-text\"><h3>Prototypage abordable<\/h3>\n<p>Toolless est une solution \u00e9conomique pour fabriquer des bo\u00eetiers plastiques personnalis\u00e9s au prix d'un bo\u00eetier standard.<a href=\"\/fr\/coffrets-en-plastique-a-prix-abordable\/\"><br \/>\nEn savoir plus sur le prototypage abordable<\/a><\/p>\n<\/div><\/div>\n<\/div><\/div><\/div>\n\n<div class=\"gb-grid-column gb-grid-column-79aa3c7e\"><div class=\"gb-container gb-container-79aa3c7e\"><div class=\"gb-inside-container\">\n<div class=\"icon-box\"><img loading=\"lazy\" decoding=\"async\" width=\"210\" height=\"140\" src=\"https:\/\/toolless.com\/wp-content\/uploads\/2020\/04\/Quick-Turn-Around.jpg\" class=\"iconbox-icon alignleft\" alt=\"Rapidit\u00e9 d&#039;ex\u00e9cution\" \/><div class=\"iconbox-text\"><h3>D\u00e9lai d'ex\u00e9cution rapide<\/h3>\n<p>Le processus de fabrication Toolless vous permet de cr\u00e9er des prototypes en quelques jours, et non en quelques semaines.<a href=\"https:\/\/toolless.com\/fr\/quick-turnaround.aspx\/\"><br \/>\nEn savoir plus<\/a><\/p>\n<\/div><\/div>\n<\/div><\/div><\/div>\n<\/div>\n\n<div class=\"gb-grid-wrapper gb-grid-wrapper-0901a44f\">\n<div class=\"gb-grid-column gb-grid-column-325242a9\"><div class=\"gb-container gb-container-325242a9\"><div class=\"gb-inside-container\">\n<div class=\"icon-box\"><img loading=\"lazy\" decoding=\"async\" width=\"210\" height=\"140\" src=\"https:\/\/toolless.com\/wp-content\/uploads\/2020\/04\/Creative-Design-Process.jpg\" class=\"iconbox-icon alignleft\" alt=\"Conception cr\u00e9ative\" \/><div class=\"iconbox-text\"><h3>Conception de produits sur mesure<\/h3>\n<p>Pour les besoins esth\u00e9tiques, Toolless a la capacit\u00e9 de r\u00e9aliser des bo\u00eetiers plastiques attrayants qui r\u00e9pondent \u00e0 vos sp\u00e9cifications. Toolless est le leader sur son march\u00e9 des bo\u00eetiers cosm\u00e9tiques personnalis\u00e9s, contrairement aux bo\u00eetiers \u201csur \u00e9tag\u00e8re\u201d qui n'offrent pas de fonctions de personnalisation.<a href=\"\/fr\/creatif\/\"><br \/>\nEn savoir plus sur la conception de produits sur mesure<\/a><\/p>\n<\/div><\/div>\n<\/div><\/div><\/div>\n\n<div class=\"gb-grid-column gb-grid-column-a233ca64\"><div class=\"gb-container gb-container-a233ca64\"><div class=\"gb-inside-container\">\n<div class=\"icon-box\"><img loading=\"lazy\" decoding=\"async\" width=\"210\" height=\"140\" src=\"https:\/\/toolless.com\/wp-content\/uploads\/2020\/04\/Production-Manufacturing.jpg\" class=\"iconbox-icon alignleft\" alt=\"Production manufacturi\u00e8re\" \/><div class=\"iconbox-text\"><h3>Production manufacturi\u00e8re<\/h3>\n<p>La technologie avanc\u00e9e Toolless est un processus d'usinage et de fabrication CNC qui utilise des techniques d'assemblage pour la fabrication de la production.<a href=\"\/fr\/processus-de-fabrication-denceintes-en-plastique\/\"><br \/>\nEn savoir plus sur les bo\u00eetiers en plastique personnalis\u00e9s<\/a><\/p>\n<\/div><\/div>\n<\/div><\/div><\/div>\n<\/div>\n\n<div class=\"gb-grid-wrapper gb-grid-wrapper-88e9c7df\">\n<div class=\"gb-grid-column gb-grid-column-060581aa\"><div class=\"gb-container gb-container-060581aa\"><div class=\"gb-inside-container\">\n<div class=\"icon-box\"><img loading=\"lazy\" decoding=\"async\" width=\"210\" height=\"140\" src=\"https:\/\/toolless.com\/wp-content\/uploads\/2020\/04\/Flexible-Design-Changes.jpg\" class=\"iconbox-icon alignleft\" alt=\"Conception flexible\" \/><div class=\"iconbox-text\"><h3>Conception flexible<\/h3>\n<p>Notre processus permet de modifier la conception des plastiques \u201c\u00e0 la vol\u00e9e\u201d. Toolless peut int\u00e9grer des modifications de conception \u00e0 n'importe quel stade de la production, \u00e0 un co\u00fbt tr\u00e8s limit\u00e9 par rapport \u00e0 la technologie du moulage par injection.<a href=\"\/fr\/flexible\/\"><br \/>\nEn savoir plus<\/a><\/p>\n<\/div><\/div>\n<\/div><\/div><\/div>\n\n<div class=\"gb-grid-column gb-grid-column-25689d12\"><div class=\"gb-container gb-container-25689d12\"><div class=\"gb-inside-container\">\n<div class=\"icon-box\"><img loading=\"lazy\" decoding=\"async\" width=\"210\" height=\"140\" src=\"https:\/\/toolless.com\/wp-content\/uploads\/2020\/04\/Project-Engineering.jpg\" class=\"iconbox-icon alignleft\" alt=\"Soutien \u00e0 l&#039;ing\u00e9nierie\" \/><div class=\"iconbox-text\"><h3>Soutien \u00e0 l'ing\u00e9nierie<\/h3>\n<p>Toolless est un fournisseur de bo\u00eetiers plastiques personnalis\u00e9s pour l'\u00e9lectronique. Nous disposons d'une \u00e9quipe d'ing\u00e9nieurs capables de faire de votre projet une r\u00e9alit\u00e9.<a href=\"\/fr\/processus-dingenierie-plastique\/\"><br \/>\nEn savoir plus<\/a><\/p>\n<\/div><\/div>\n<\/div><\/div><\/div>\n<\/div>\n<\/div><\/div>\n\n\n<div class=\"wp-block-gts-testimonials-slider-block testimonial-slider\"><div class=\"carousel slide\" data-ride=\"carousel\" id=\"testimonial80\"><ol class=\"carousel-indicators\"><li data-target=\"#testimonial80\" data-slide-to=\"0\" class=\"active\"><\/li><li data-target=\"#testimonial80\" data-slide-to=\"1\" class=\"\"><\/li><li data-target=\"#testimonial80\" data-slide-to=\"2\" class=\"\"><\/li><\/ol><div class=\"carousel-inner w-75 mx-auto\"><div class=\"carousel-item active\"><blockquote class=\"testimonial\"><p><span class=\"testimonial-index\" style=\"display:none\">0<\/span><\/p><p class=\"testimonial-text-container\"><i class=\"fa fa-quote-left pull-left\" aria-hidden=\"true\"><\/i><span class=\"testimonial-text\">\u201cJe voulais faire quelque chose que beaucoup de clients ne font pas. Je vous remercie d'avoir intensifi\u00e9 les livraisons au cours des derniers mois. C'est tr\u00e8s appr\u00e9ci\u00e9.\u201d<\/span><i class=\"fa fa-quote-right pull-right\" aria-hidden=\"true\"><\/i><\/p><div class=\"row\"><div class=\"testimonial-author-container mt-3 col-9\"><p class=\"testimonial-author-name\"><span class=\"testimonial-author\">\u2014 <span>Gary L.\n<\/span><\/span><\/p><\/div><\/div><\/blockquote><\/div><div class=\"carousel-item\"><blockquote class=\"testimonial\"><p><span class=\"testimonial-index\" style=\"display:none\">1<\/span><\/p><p class=\"testimonial-text-container\"><i class=\"fa fa-quote-left pull-left\" aria-hidden=\"true\"><\/i><span class=\"testimonial-text\">Jon et moi avons d\u00e9cid\u00e9 de vous t\u00e9moigner notre reconnaissance, \u00e0 vous et \u00e0 votre personnel. Vous avez saut\u00e9 et couru pour nous et cela a fait la diff\u00e9rence. <\/span><i class=\"fa fa-quote-right pull-right\" aria-hidden=\"true\"><\/i><\/p><div class=\"row\"><div class=\"testimonial-author-container mt-3 col-9\"><p class=\"testimonial-author-name\"><span class=\"testimonial-author\">\u2014 <span>Jay<\/span><\/span><\/p><\/div><\/div><\/blockquote><\/div><div class=\"carousel-item\"><blockquote class=\"testimonial\"><p><span class=\"testimonial-index\" style=\"display:none\">2<\/span><\/p><p class=\"testimonial-text-container\"><i class=\"fa fa-quote-left pull-left\" aria-hidden=\"true\"><\/i><span class=\"testimonial-text\">\u201cApr\u00e8s plusieurs commandes, Toolless est devenu notre fournisseur pr\u00e9f\u00e9r\u00e9. Bien que nous soyons situ\u00e9s en Australie, toutes les livraisons ont \u00e9t\u00e9 rapides et sans probl\u00e8me. \u201d<\/span><i class=\"fa fa-quote-right pull-right\" aria-hidden=\"true\"><\/i><\/p><div class=\"row\"><div class=\"testimonial-author-container mt-3 col-9\"><p class=\"testimonial-author-name\"><span class=\"testimonial-author\">\u2014 <span>Stevan P<\/span><\/span><\/p><\/div><\/div><\/blockquote><\/div><\/div><a class=\"carousel-control-prev\" href=\"#testimonial80\" role=\"button\" data-slide=\"prev\"><span class=\"carousel-control-prev-icon\" aria-hidden=\"true\"><i class=\"fa fa-chevron-left\"><\/i><\/span><span class=\"sr-only\">Pr\u00e9c\u00e9dent<\/span><\/a><a class=\"carousel-control-next\" href=\"#testimonial80\" role=\"button\" data-slide=\"next\"><span class=\"carousel-control-next-icon\" aria-hidden=\"true\"><i class=\"fa fa-chevron-right\"><\/i><\/span><span class=\"sr-only\">Suivant<\/span><\/a><\/div><\/div>\n\n\n<div class=\"gb-grid-wrapper gb-grid-wrapper-e89a2908\"><\/div>\n\n<div class=\"gb-grid-wrapper gb-grid-wrapper-ca04d829\"><\/div>\n\n<div class=\"gb-grid-wrapper gb-grid-wrapper-b4fb69f0\"><\/div>","protected":false},"excerpt":{"rendered":"<p>Bo\u00eetiers en plastique sur mesure par Toolless. Pas de moules, pas d'outillage, des prototypes et des d\u00e9lais d'ex\u00e9cution rapides !<\/p>","protected":false},"author":1,"featured_media":0,"parent":0,"menu_order":0,"comment_status":"closed","ping_status":"closed","template":"","meta":{"_acf_changed":false,"_seopress_robots_primary_cat":"0","_seopress_titles_title":"Custom Plastic Enclosures | Plastic Casing &amp; Housing by Toolless","_seopress_titles_desc":"Custom Plastic Enclosures made with no mold technology. Toolless can create Custom Plastic Housings and Enclosures with No Molds!","_seopress_robots_index":"","pgc_sgb_lightbox_settings":"","iawp_total_views":0,"footnotes":""},"page_categories":[],"class_list":{"0":"post-2","1":"page","2":"type-page","3":"status-publish","5":"infinite-scroll-item"},"acf":[],"_links":{"self":[{"href":"https:\/\/toolless.com\/fr\/wp-json\/wp\/v2\/pages\/2","targetHints":{"allow":["GET"]}}],"collection":[{"href":"https:\/\/toolless.com\/fr\/wp-json\/wp\/v2\/pages"}],"about":[{"href":"https:\/\/toolless.com\/fr\/wp-json\/wp\/v2\/types\/page"}],"author":[{"embeddable":true,"href":"https:\/\/toolless.com\/fr\/wp-json\/wp\/v2\/users\/1"}],"replies":[{"embeddable":true,"href":"https:\/\/toolless.com\/fr\/wp-json\/wp\/v2\/comments?post=2"}],"version-history":[{"count":107,"href":"https:\/\/toolless.com\/fr\/wp-json\/wp\/v2\/pages\/2\/revisions"}],"predecessor-version":[{"id":2157,"href":"https:\/\/toolless.com\/fr\/wp-json\/wp\/v2\/pages\/2\/revisions\/2157"}],"wp:attachment":[{"href":"https:\/\/toolless.com\/fr\/wp-json\/wp\/v2\/media?parent=2"}],"wp:term":[{"taxonomy":"page_categories","embeddable":true,"href":"https:\/\/toolless.com\/fr\/wp-json\/wp\/v2\/page_categories?post=2"}],"curies":[{"name":"wp","href":"https:\/\/api.w.org\/{rel}","templated":true}]}}