{"id":17,"date":"2020-04-17T21:12:32","date_gmt":"2020-04-17T21:12:32","guid":{"rendered":"http:\/\/toolless.ed-webdesigns.com\/?page_id=17"},"modified":"2025-01-23T17:52:20","modified_gmt":"2025-01-23T17:52:20","slug":"services-denveloppes-en-plastique","status":"publish","type":"page","link":"https:\/\/toolless.com\/fr\/plastic-enclosure-services\/","title":{"rendered":"Services"},"content":{"rendered":"<h3 class=\"wp-block-heading\">Prototypage abordable<\/h3>\n\n\n<div class=\"gb-grid-wrapper gb-grid-wrapper-14a19e85\">\n<div class=\"gb-grid-column gb-grid-column-96c41b35\"><div class=\"gb-container gb-container-96c41b35\"><div class=\"gb-inside-container\">\n\n<figure class=\"wp-block-image size-full is-resized\"><a href=\"\/fr\/coffrets-en-plastique-a-prix-abordable\/\"><img loading=\"lazy\" decoding=\"async\" width=\"210\" height=\"140\" src=\"https:\/\/toolless.com\/wp-content\/uploads\/2020\/04\/Affordable-Prototyping-1.jpg\" alt=\"\" class=\"wp-image-943\" style=\"width:374px;height:249px\"\/><\/a><\/figure>\n\n<\/div><\/div><\/div>\n\n<div class=\"gb-grid-column gb-grid-column-ac740968\"><div class=\"gb-container gb-container-ac740968\"><div class=\"gb-inside-container\">\n\n<p>Toolless Plastic Solutions propose des prix standard pour les bo\u00eetiers en plastique personnalis\u00e9s avec l'avantage du temps et de la qualit\u00e9. Pas besoin d'un nouveau moule ou d'un travail CNC co\u00fbteux ; nos ing\u00e9nieurs internes peuvent modifier votre pi\u00e8ce rapidement et \u00e0 moindre co\u00fbt.<\/p>\n\n\n<div class=\"gb-button-wrapper gb-button-wrapper-8b7d1889 bututon\">\n\n<a class=\"gb-button gb-button-e90b7fbd gb-button-text button\" href=\"\/fr\/coffrets-en-plastique-a-prix-abordable\/\">En savoir plus<\/a>\n\n<\/div>\n<\/div><\/div><\/div>\n<\/div>\n\n\n<h3 class=\"wp-block-heading\">Processus de fabrication<\/h3>\n\n\n<div class=\"gb-grid-wrapper gb-grid-wrapper-d78e8bed\">\n<div class=\"gb-grid-column gb-grid-column-eb789acf\"><div class=\"gb-container gb-container-eb789acf\"><div class=\"gb-inside-container\">\n\n<figure class=\"wp-block-image size-full is-resized\"><a href=\"\/fr\/processus-de-fabrication-denceintes-en-plastique\/\"><img loading=\"lazy\" decoding=\"async\" width=\"210\" height=\"140\" src=\"https:\/\/toolless.com\/wp-content\/uploads\/2020\/04\/Production-Manufacturing-1.jpg\" alt=\"\" class=\"wp-image-944\" style=\"width:374px;height:249px\"\/><\/a><\/figure>\n\n<\/div><\/div><\/div>\n\n<div class=\"gb-grid-column gb-grid-column-8bf16eb6\"><div class=\"gb-container gb-container-8bf16eb6\"><div class=\"gb-inside-container\">\n\n<p>La technologie Toolless est un proc\u00e9d\u00e9 d'usinage et de fabrication CNC qui utilise des techniques d'assemblage emprunt\u00e9es aux industries de la t\u00f4lerie et de l'\u00e9b\u00e9nisterie (bois).<\/p>\n\n\n<div class=\"gb-button-wrapper gb-button-wrapper-2c789cdc\">\n\n<a class=\"gb-button gb-button-6200f7e9 gb-button-text button\" href=\"\/fr\/processus-de-fabrication-denceintes-en-plastique\/\">En savoir plus<\/a>\n\n<\/div>\n<\/div><\/div><\/div>\n<\/div>\n\n\n<h3 class=\"wp-block-heading\">Modifications souples de la conception<\/h3>\n\n\n<div class=\"gb-grid-wrapper gb-grid-wrapper-0e1d8704\">\n<div class=\"gb-grid-column gb-grid-column-037b860b\"><div class=\"gb-container gb-container-037b860b\"><div class=\"gb-inside-container\">\n\n<figure class=\"wp-block-image size-large is-resized\"><a href=\"\/fr\/flexible\/\"><img loading=\"lazy\" decoding=\"async\" width=\"210\" height=\"140\" src=\"https:\/\/toolless.com\/wp-content\/uploads\/2020\/04\/Flexible-Design-Changes-1.jpg\" alt=\"\" class=\"wp-image-947\" style=\"width:374px;height:248px\"\/><\/a><\/figure>\n\n<\/div><\/div><\/div>\n\n<div class=\"gb-grid-column gb-grid-column-4b16adcb\"><div class=\"gb-container gb-container-4b16adcb\"><div class=\"gb-inside-container\">\n\n<p>Notre processus permet de modifier la conception \u201c\u00e0 la vol\u00e9e\u201d sans modifier les moules ou l'outillage. Il s'agit donc d'un syst\u00e8me v\u00e9ritablement flexible qui permet des changements rapides et des mises en \u0153uvre peu co\u00fbteuses.<\/p>\n\n\n<div class=\"gb-button-wrapper gb-button-wrapper-99cc13cd\">\n\n<a class=\"gb-button gb-button-b0cedfe8 gb-button-text button\" href=\"\/fr\/flexible\/\">En savoir plus<\/a>\n\n<\/div>\n<\/div><\/div><\/div>\n<\/div>\n\n\n<h3 class=\"wp-block-heading\">Processus de conception cr\u00e9ative<\/h3>\n\n\n<div class=\"gb-grid-wrapper gb-grid-wrapper-8b5d2b87\">\n<div class=\"gb-grid-column gb-grid-column-d568e94a\"><div class=\"gb-container gb-container-d568e94a\"><div class=\"gb-inside-container\">\n\n<figure class=\"wp-block-image size-large is-resized\"><a href=\"\/fr\/creatif\/\"><img loading=\"lazy\" decoding=\"async\" width=\"210\" height=\"140\" src=\"https:\/\/toolless.com\/wp-content\/uploads\/2020\/04\/Creative-Design-Process-1.jpg\" alt=\"\" class=\"wp-image-949\" style=\"width:374px;height:249px\"\/><\/a><\/figure>\n\n<\/div><\/div><\/div>\n\n<div class=\"gb-grid-column gb-grid-column-16521ea1\"><div class=\"gb-container gb-container-16521ea1\"><div class=\"gb-inside-container\">\n\n<p>Si l'esth\u00e9tique est une priorit\u00e9, Toolless fabriquera un bo\u00eetier plastique esth\u00e9tique qui r\u00e9pondra \u00e0 vos sp\u00e9cifications. Notre processus permet d'obtenir des lignes droites ou des formes courbes, avec la technologie n\u00e9cessaire pour faire passer votre projet de la planche \u00e0 dessin \u00e0 un produit complet.<\/p>\n\n\n<div class=\"gb-button-wrapper gb-button-wrapper-3a919618\">\n\n<a class=\"gb-button gb-button-dcb2d5c6 gb-button-text button\" href=\"\/fr\/creatif\/\">En savoir plus<\/a>\n\n<\/div>\n<\/div><\/div><\/div>\n<\/div>\n\n\n<h3 class=\"wp-block-heading\">Soutien \u00e0 l'ing\u00e9nierie<\/h3>\n\n\n<div class=\"gb-grid-wrapper gb-grid-wrapper-40c33777\">\n<div class=\"gb-grid-column gb-grid-column-c7680a3e\"><div class=\"gb-container gb-container-c7680a3e\"><div class=\"gb-inside-container\">\n\n<figure class=\"wp-block-image size-large is-resized\"><a href=\"\/fr\/processus-dingenierie-plastique\/\"><img loading=\"lazy\" decoding=\"async\" width=\"210\" height=\"140\" src=\"https:\/\/toolless.com\/wp-content\/uploads\/2020\/04\/Project-Engineering-1.jpg\" alt=\"\" class=\"wp-image-950\" style=\"width:374px;height:249px\"\/><\/a><\/figure>\n\n<\/div><\/div><\/div>\n\n<div class=\"gb-grid-column gb-grid-column-474b4a76\"><div class=\"gb-container gb-container-474b4a76\"><div class=\"gb-inside-container\">\n\n<p>En tant que fournisseur de bo\u00eetiers plastiques personnalis\u00e9s, nous mettons \u00e0 votre disposition une \u00e9quipe d'ing\u00e9nieurs capables de faire de votre projet une r\u00e9alit\u00e9. Toolless Plastic Solutions emploie des concepteurs et des ing\u00e9nieurs m\u00e9caniques exp\u00e9riment\u00e9s qui d\u00e9veloppent de nouvelles conceptions de bo\u00eetiers en plastique ou modifient celles qui existent d\u00e9j\u00e0.&nbsp;<\/p>\n\n\n<div class=\"gb-button-wrapper gb-button-wrapper-9913150d\">\n\n<a class=\"gb-button gb-button-842c0a3b gb-button-text button\" href=\"\/fr\/processus-dingenierie-plastique\/\">En savoir plus<\/a>\n\n<\/div>\n<\/div><\/div><\/div>\n<\/div>\n\n\n<h3 class=\"wp-block-heading\">Services de contr\u00f4le de la qualit\u00e9<\/h3>\n\n\n<div class=\"gb-grid-wrapper gb-grid-wrapper-89b749fc\">\n<div class=\"gb-grid-column gb-grid-column-f76caaac\"><div class=\"gb-container gb-container-f76caaac\"><div class=\"gb-inside-container\">\n\n<figure class=\"wp-block-image size-large is-resized\"><a href=\"\/fr\/haute-qualite\/\"><img loading=\"lazy\" decoding=\"async\" width=\"210\" height=\"140\" src=\"https:\/\/toolless.com\/wp-content\/uploads\/2020\/04\/Quality-Control-Services.jpg\" alt=\"\" class=\"wp-image-951\" style=\"width:374px;height:249px\"\/><\/a><\/figure>\n\n<\/div><\/div><\/div>\n\n<div class=\"gb-grid-column gb-grid-column-c03c8a62\"><div class=\"gb-container gb-container-c03c8a62\"><div class=\"gb-inside-container\">\n\n<p>L'exp\u00e9rience et le savoir-faire de Toolless vous permettront de cr\u00e9er le projet que vous souhaitez avec la meilleure qualit\u00e9 du march\u00e9. Avec plus de 14 ans d'exp\u00e9rience dans le domaine des bo\u00eetiers en plastique et des bo\u00eetiers complexes sur mesure, Toolless Plastic Solutions est le fournisseur id\u00e9al pour votre projet.<\/p>\n\n\n<div class=\"gb-button-wrapper gb-button-wrapper-21cb81de\">\n\n<a class=\"gb-button gb-button-b34f9e1e gb-button-text button\" href=\"\/fr\/haute-qualite\/\">En savoir plus<\/a>\n\n<\/div>\n<\/div><\/div><\/div>\n<\/div>\n\n\n<h3 class=\"wp-block-heading\">D\u00e9lai d'ex\u00e9cution rapide<\/h3>\n\n\n<div class=\"gb-grid-wrapper gb-grid-wrapper-3671b334\">\n<div class=\"gb-grid-column gb-grid-column-b1b671ae\"><div class=\"gb-container gb-container-b1b671ae\"><div class=\"gb-inside-container\">\n\n<figure class=\"wp-block-image size-large is-resized\"><a href=\"\/fr\/delai-de-livraison-rapide\/\"><img loading=\"lazy\" decoding=\"async\" width=\"210\" height=\"140\" src=\"https:\/\/toolless.com\/wp-content\/uploads\/2020\/04\/Quick-Turn-Around-1.jpg\" alt=\"\" class=\"wp-image-952\" style=\"width:374px;height:249px\"\/><\/a><\/figure>\n\n<\/div><\/div><\/div>\n\n<div class=\"gb-grid-column gb-grid-column-0ec451bc\"><div class=\"gb-container gb-container-0ec451bc\"><div class=\"gb-inside-container\">\n\n<p>De la conception \u00e0 la production en quelques semaines ! Le processus de fabrication plastique Toolless vous permet de cr\u00e9er des bo\u00eetiers plastiques personnalis\u00e9s en quelques semaines, et non en quelques mois. De plus, comme nous n'utilisons pas de moules ou d'outillage, les modifications de votre conception sont rapides et faciles.<\/p>\n\n\n<div class=\"gb-button-wrapper gb-button-wrapper-89ae086f\">\n\n<a class=\"gb-button gb-button-0779b54a gb-button-text button\" href=\"\/fr\/delai-de-livraison-rapide\/\">En savoir plus<\/a>\n\n<\/div>\n<\/div><\/div><\/div>\n<\/div>\n\n\n<h3 class=\"wp-block-heading\">S\u00e9lection des mat\u00e9riaux<\/h3>\n\n\n<div class=\"gb-grid-wrapper gb-grid-wrapper-4dfdaba9\">\n<div class=\"gb-grid-column gb-grid-column-340b69ec\"><div class=\"gb-container gb-container-340b69ec\"><div class=\"gb-inside-container\">\n\n<figure class=\"wp-block-image size-large is-resized\"><img loading=\"lazy\" decoding=\"async\" width=\"210\" height=\"140\" src=\"https:\/\/toolless.com\/wp-content\/uploads\/2020\/04\/Materials-Selection.jpg\" alt=\"\" class=\"wp-image-953\" style=\"width:374px;height:249px\"\/><\/figure>\n\n<\/div><\/div><\/div>\n\n<div class=\"gb-grid-column gb-grid-column-9fa86005\"><div class=\"gb-container gb-container-9fa86005\"><div class=\"gb-inside-container\">\n\n<p>L'un des \u00e9l\u00e9ments cl\u00e9s de notre processus est l'utilisation de feuilles de plastique pr\u00e9-color\u00e9es et textur\u00e9es. Comme le mat\u00e9riau est disponible dans une combinaison illimit\u00e9e de compositions chimiques, de couleurs, de calibres et de textures, nous pouvons proposer un mat\u00e9riau pour les applications les plus exigeantes.<\/p>\n\n\n<div class=\"gb-button-wrapper gb-button-wrapper-561aa372\">\n\n<a class=\"gb-button gb-button-74b6e3ba gb-button-text button\" href=\"\/fr\/materiaux\/\">En savoir plus<\/a>\n\n<\/div>\n<\/div><\/div><\/div>\n<\/div>\n\n\n<h3 class=\"wp-block-heading\">Programme de commandes globales<\/h3>\n\n\n<div class=\"gb-grid-wrapper gb-grid-wrapper-b0def60a\">\n<div class=\"gb-grid-column gb-grid-column-dbfeadb3\"><div class=\"gb-container gb-container-dbfeadb3\"><div class=\"gb-inside-container\">\n\n<figure class=\"wp-block-image size-large is-resized\"><a href=\"\/fr\/programme-de-commandes-globales\/\"><img loading=\"lazy\" decoding=\"async\" width=\"210\" height=\"140\" src=\"https:\/\/toolless.com\/wp-content\/uploads\/2020\/04\/Blanket-Order-Program.jpg\" alt=\"\" class=\"wp-image-954\" style=\"width:374px;height:249px\"\/><\/a><\/figure>\n\n<\/div><\/div><\/div>\n\n<div class=\"gb-grid-column gb-grid-column-4139f290\"><div class=\"gb-container gb-container-4139f290\"><div class=\"gb-inside-container\">\n\n<p>Chez Toolless Plastic Solutions, nous ne sommes pas seulement sp\u00e9cialis\u00e9s dans les prototypes et les petites s\u00e9ries, mais nous travaillons \u00e9galement avec de nombreuses entreprises pour leurs productions en volume. Notre flexibilit\u00e9 et notre expertise nous permettent de r\u00e9aliser des petites et moyennes s\u00e9ries sans prendre le risque financier d'avoir des stocks.&nbsp;<\/p>\n\n\n<div class=\"gb-button-wrapper gb-button-wrapper-24e244e1\">\n\n<a class=\"gb-button gb-button-5b26d7ab gb-button-text button\" href=\"\/fr\/programme-de-commandes-globales\/\">En savoir plus<\/a>\n\n<\/div>\n<\/div><\/div><\/div>\n<\/div>\n\n\n<h3 class=\"wp-block-heading\">Kickstarter\/Indiegogo<\/h3>\n\n\n<div class=\"gb-grid-wrapper gb-grid-wrapper-88e3e43d\">\n<div class=\"gb-grid-column gb-grid-column-858526f0\"><div class=\"gb-container gb-container-858526f0\"><div class=\"gb-inside-container\">\n\n<figure class=\"wp-block-image size-large is-resized\"><a href=\"\/fr\/campagne-kickstarter-boitiers\/\"><img loading=\"lazy\" decoding=\"async\" width=\"210\" height=\"140\" src=\"https:\/\/toolless.com\/wp-content\/uploads\/2020\/04\/Kickstarter.jpg\" alt=\"\" class=\"wp-image-955\" style=\"width:374px;height:249px\"\/><\/a><\/figure>\n\n<\/div><\/div><\/div>\n\n<div class=\"gb-grid-column gb-grid-column-93f99c82\"><div class=\"gb-container gb-container-93f99c82\"><div class=\"gb-inside-container\">\n\n<p>Notre processus n\u00e9cessite un investissement minimal car il n'y a pas de moule, pas d'outillage et pas de commande minimale.  Toolless permet de cr\u00e9er un prototype de qualit\u00e9 avec un budget serr\u00e9 avant d'avoir des investisseurs.<\/p>\n\n\n<div class=\"gb-button-wrapper gb-button-wrapper-fafb53a6\">\n\n<a class=\"gb-button gb-button-c4808ad8 gb-button-text button\" href=\"\/fr\/campagne-kickstarter-boitiers\/\">En savoir plus<\/a>\n\n<\/div>\n<\/div><\/div><\/div>\n<\/div>","protected":false},"excerpt":{"rendered":"<p>Affordable Prototyping Manufacturing Process Flexible Design Changes Creative Design Process Engineering Support Quality Control Services Quick Turnaround Materials Selection Blanket Order Program Kickstarter\/Indiegogo<\/p>","protected":false},"author":1,"featured_media":295,"parent":0,"menu_order":0,"comment_status":"closed","ping_status":"closed","template":"","meta":{"_acf_changed":false,"_seopress_robots_primary_cat":"","_seopress_titles_title":"Affordable Toolless Plastic Solutions: Custom Enclosures Fast","_seopress_titles_desc":"Plastic Enclosures & Custom Plastic Housings","_seopress_robots_index":"","pgc_sgb_lightbox_settings":"","iawp_total_views":0,"footnotes":""},"page_categories":[],"class_list":{"0":"post-17","1":"page","2":"type-page","3":"status-publish","4":"has-post-thumbnail","6":"infinite-scroll-item"},"acf":[],"_links":{"self":[{"href":"https:\/\/toolless.com\/fr\/wp-json\/wp\/v2\/pages\/17","targetHints":{"allow":["GET"]}}],"collection":[{"href":"https:\/\/toolless.com\/fr\/wp-json\/wp\/v2\/pages"}],"about":[{"href":"https:\/\/toolless.com\/fr\/wp-json\/wp\/v2\/types\/page"}],"author":[{"embeddable":true,"href":"https:\/\/toolless.com\/fr\/wp-json\/wp\/v2\/users\/1"}],"replies":[{"embeddable":true,"href":"https:\/\/toolless.com\/fr\/wp-json\/wp\/v2\/comments?post=17"}],"version-history":[{"count":7,"href":"https:\/\/toolless.com\/fr\/wp-json\/wp\/v2\/pages\/17\/revisions"}],"predecessor-version":[{"id":2953,"href":"https:\/\/toolless.com\/fr\/wp-json\/wp\/v2\/pages\/17\/revisions\/2953"}],"wp:featuredmedia":[{"embeddable":true,"href":"https:\/\/toolless.com\/fr\/wp-json\/wp\/v2\/media\/295"}],"wp:attachment":[{"href":"https:\/\/toolless.com\/fr\/wp-json\/wp\/v2\/media?parent=17"}],"wp:term":[{"taxonomy":"page_categories","embeddable":true,"href":"https:\/\/toolless.com\/fr\/wp-json\/wp\/v2\/page_categories?post=17"}],"curies":[{"name":"wp","href":"https:\/\/api.w.org\/{rel}","templated":true}]}}