{"id":1681,"date":"2021-08-17T22:53:22","date_gmt":"2021-08-17T22:53:22","guid":{"rendered":"https:\/\/toolless.com\/?page_id=1681"},"modified":"2025-01-23T17:47:21","modified_gmt":"2025-01-23T17:47:21","slug":"cache-lunette-en-plastique-personnalise","status":"publish","type":"page","link":"https:\/\/toolless.com\/fr\/custom-plastic-bezel-shroud\/","title":{"rendered":"Lunette et cache en plastique sur mesure"},"content":{"rendered":"<h3 class=\"wp-block-heading\">Fabricant d'enjoliveurs et de protections en plastique sur mesure<\/h3>\n\n\n\n<p>Toolless n'est pas seulement sp\u00e9cialis\u00e9 dans les bo\u00eetiers en plastique sur mesure, mais le processus permet \u00e9galement une grande flexibilit\u00e9 dans la fabrication de pi\u00e8ces pli\u00e9es. Les faces avant ou les \u00e9crans esth\u00e9tiques sont enti\u00e8rement int\u00e9gr\u00e9s \u00e0 notre technologie. Un renforcement permanent peut \u00eatre coll\u00e9 pour soutenir la zone de pliage, qui peut \u00e9galement inclure des languettes ins\u00e9r\u00e9es \u00e0 des fins de montage. Le marquage des pi\u00e8ces personnalis\u00e9es par impression num\u00e9rique fait \u00e9galement partie de notre technologie.<\/p>\n\n\n\n<div class=\"wp-block-image\"><figure class=\"alignleft size-full is-resized\"><img loading=\"lazy\" decoding=\"async\" src=\"https:\/\/toolless.com\/wp-content\/uploads\/2021\/08\/image-15.png\" alt=\"\" class=\"wp-image-1682\" width=\"322\" height=\"258\" srcset=\"https:\/\/toolless.com\/wp-content\/uploads\/2021\/08\/image-15.png 881w, https:\/\/toolless.com\/wp-content\/uploads\/2021\/08\/image-15-300x240.png 300w, https:\/\/toolless.com\/wp-content\/uploads\/2021\/08\/image-15-768x615.png 768w\" sizes=\"auto, (max-width: 322px) 100vw, 322px\" \/><\/figure><\/div>\n\n\n\n<figure class=\"wp-block-image size-large is-resized\"><img loading=\"lazy\" decoding=\"async\" src=\"https:\/\/toolless.com\/wp-content\/uploads\/2021\/08\/image-16-1024x616.png\" alt=\"\" class=\"wp-image-1683\" width=\"432\" height=\"259\" srcset=\"https:\/\/toolless.com\/wp-content\/uploads\/2021\/08\/image-16-1024x616.png 1024w, https:\/\/toolless.com\/wp-content\/uploads\/2021\/08\/image-16-300x180.png 300w, https:\/\/toolless.com\/wp-content\/uploads\/2021\/08\/image-16-768x462.png 768w, https:\/\/toolless.com\/wp-content\/uploads\/2021\/08\/image-16.png 1048w\" sizes=\"auto, (max-width: 432px) 100vw, 432px\" \/><\/figure>","protected":false},"excerpt":{"rendered":"<p>Custom Plastic Bezel and Shroud Manufacturer Not only Toolless specialized in custom plastic enclosures, but the process also allows a lot of flexibility to make folded parts. Cosmetically pleasing front bezels or displays are fully integrated to our technology. Permanent reinforcement can be bonded to support the bending area, which can also include inserted tabs &#8230; <\/p>\n<p class=\"read-more-container\"><a title=\"Custom Plastic Bezel &#038; Shroud\" class=\"read-more button\" href=\"https:\/\/toolless.com\/fr\/custom-plastic-bezel-shroud\/#more-1681\" aria-label=\"Plus sur Custom Plastic Bezel &#038; Shroud\">Lire plus<\/a><\/p>","protected":false},"author":1,"featured_media":994,"parent":0,"menu_order":0,"comment_status":"closed","ping_status":"closed","template":"","meta":{"_acf_changed":false,"_seopress_robots_primary_cat":"","_seopress_titles_title":"Custom Plastic Bezel and Shroud | Toolless Plastics","_seopress_titles_desc":"Custom Plastic Bezel and Shroud Standard by Toolless. Cosmetically pleasing front bezels or displays are fully integrated to our technology.","_seopress_robots_index":"","pgc_sgb_lightbox_settings":"","iawp_total_views":0,"footnotes":""},"page_categories":[],"class_list":{"0":"post-1681","1":"page","2":"type-page","3":"status-publish","4":"has-post-thumbnail","6":"infinite-scroll-item"},"acf":[],"_links":{"self":[{"href":"https:\/\/toolless.com\/fr\/wp-json\/wp\/v2\/pages\/1681","targetHints":{"allow":["GET"]}}],"collection":[{"href":"https:\/\/toolless.com\/fr\/wp-json\/wp\/v2\/pages"}],"about":[{"href":"https:\/\/toolless.com\/fr\/wp-json\/wp\/v2\/types\/page"}],"author":[{"embeddable":true,"href":"https:\/\/toolless.com\/fr\/wp-json\/wp\/v2\/users\/1"}],"replies":[{"embeddable":true,"href":"https:\/\/toolless.com\/fr\/wp-json\/wp\/v2\/comments?post=1681"}],"version-history":[{"count":1,"href":"https:\/\/toolless.com\/fr\/wp-json\/wp\/v2\/pages\/1681\/revisions"}],"predecessor-version":[{"id":1684,"href":"https:\/\/toolless.com\/fr\/wp-json\/wp\/v2\/pages\/1681\/revisions\/1684"}],"wp:featuredmedia":[{"embeddable":true,"href":"https:\/\/toolless.com\/fr\/wp-json\/wp\/v2\/media\/994"}],"wp:attachment":[{"href":"https:\/\/toolless.com\/fr\/wp-json\/wp\/v2\/media?parent=1681"}],"wp:term":[{"taxonomy":"page_categories","embeddable":true,"href":"https:\/\/toolless.com\/fr\/wp-json\/wp\/v2\/page_categories?post=1681"}],"curies":[{"name":"wp","href":"https:\/\/api.w.org\/{rel}","templated":true}]}}