{"id":1676,"date":"2021-08-17T22:51:12","date_gmt":"2021-08-17T22:51:12","guid":{"rendered":"https:\/\/toolless.com\/?page_id=1676"},"modified":"2025-01-23T17:48:01","modified_gmt":"2025-01-23T17:48:01","slug":"supports-en-plastique-sur-mesure","status":"publish","type":"page","link":"https:\/\/toolless.com\/fr\/custom-plastic-brackets\/","title":{"rendered":"Supports en plastique sur mesure"},"content":{"rendered":"<h3 class=\"wp-block-heading\">Fabricant de supports en plastique sur mesure<\/h3>\n\n\n\n<p>Qu'ils soient pli\u00e9s ou plats, les supports et les boucliers peuvent \u00eatre utiles pour les pi\u00e8ces internes, ou ils peuvent \u00e9galement \u00eatre utilis\u00e9s comme support pour une \u00e9tag\u00e8re. Les options sont illimit\u00e9es, Toolless peut usiner CNC n'importe quelle pi\u00e8ce ou plier le plastique pour cr\u00e9er votre propre support plastique personnalis\u00e9. Les inserts taraud\u00e9s ou les supports font \u00e9galement partie de notre processus et peuvent \u00eatre ajout\u00e9s \u00e0 vos pi\u00e8ces.<\/p>\n\n\n\n<div class=\"wp-block-image\"><figure class=\"alignleft size-full is-resized\"><img loading=\"lazy\" decoding=\"async\" src=\"https:\/\/toolless.com\/wp-content\/uploads\/2021\/08\/image-12.png\" alt=\"\" class=\"wp-image-1677\" width=\"251\" height=\"165\" srcset=\"https:\/\/toolless.com\/wp-content\/uploads\/2021\/08\/image-12.png 453w, https:\/\/toolless.com\/wp-content\/uploads\/2021\/08\/image-12-300x197.png 300w\" sizes=\"auto, (max-width: 251px) 100vw, 251px\" \/><\/figure><\/div>\n\n\n\n<div class=\"wp-block-image\"><figure class=\"alignleft size-full is-resized\"><img loading=\"lazy\" decoding=\"async\" src=\"https:\/\/toolless.com\/wp-content\/uploads\/2021\/08\/image-13.png\" alt=\"\" class=\"wp-image-1678\" width=\"268\" height=\"167\" srcset=\"https:\/\/toolless.com\/wp-content\/uploads\/2021\/08\/image-13.png 677w, https:\/\/toolless.com\/wp-content\/uploads\/2021\/08\/image-13-300x187.png 300w\" sizes=\"auto, (max-width: 268px) 100vw, 268px\" \/><\/figure><\/div>\n\n\n\n<figure class=\"wp-block-image size-full is-resized\"><img loading=\"lazy\" decoding=\"async\" src=\"https:\/\/toolless.com\/wp-content\/uploads\/2021\/08\/image-14.png\" alt=\"\" class=\"wp-image-1679\" width=\"329\" height=\"195\" srcset=\"https:\/\/toolless.com\/wp-content\/uploads\/2021\/08\/image-14.png 965w, https:\/\/toolless.com\/wp-content\/uploads\/2021\/08\/image-14-300x178.png 300w, https:\/\/toolless.com\/wp-content\/uploads\/2021\/08\/image-14-768x454.png 768w\" sizes=\"auto, (max-width: 329px) 100vw, 329px\" \/><\/figure>","protected":false},"excerpt":{"rendered":"<p>Custom Plastic Brackets Manufacturer Either bent of flat, brackets and shield can come handy for internal parts, or they can also be used as support for a shelf. Options are unlimited, Toolless can CNC Mill any parts or fold the plastic to create your own custom plastic bracket. Threaded inserts or standoffs are also part &#8230; <\/p>\n<p class=\"read-more-container\"><a title=\"Supports en plastique sur mesure\" class=\"read-more button\" href=\"https:\/\/toolless.com\/fr\/custom-plastic-brackets\/#more-1676\" aria-label=\"Plus sur Custom Plastic Brackets\">Lire plus<\/a><\/p>","protected":false},"author":1,"featured_media":994,"parent":0,"menu_order":0,"comment_status":"closed","ping_status":"closed","template":"","meta":{"_acf_changed":false,"_seopress_robots_primary_cat":"","_seopress_titles_title":"Custom Plastic Brackets | Toolless Plastics","_seopress_titles_desc":"Custom Plastic Brackets by Toolless. We NC Mill any parts or fold the plastic to create your own custom plastic bracket. Threaded inserts or standoffs are also part of our process and can be added to your parts.","_seopress_robots_index":"","pgc_sgb_lightbox_settings":"","iawp_total_views":0,"footnotes":""},"page_categories":[],"class_list":{"0":"post-1676","1":"page","2":"type-page","3":"status-publish","4":"has-post-thumbnail","6":"infinite-scroll-item"},"acf":[],"_links":{"self":[{"href":"https:\/\/toolless.com\/fr\/wp-json\/wp\/v2\/pages\/1676","targetHints":{"allow":["GET"]}}],"collection":[{"href":"https:\/\/toolless.com\/fr\/wp-json\/wp\/v2\/pages"}],"about":[{"href":"https:\/\/toolless.com\/fr\/wp-json\/wp\/v2\/types\/page"}],"author":[{"embeddable":true,"href":"https:\/\/toolless.com\/fr\/wp-json\/wp\/v2\/users\/1"}],"replies":[{"embeddable":true,"href":"https:\/\/toolless.com\/fr\/wp-json\/wp\/v2\/comments?post=1676"}],"version-history":[{"count":1,"href":"https:\/\/toolless.com\/fr\/wp-json\/wp\/v2\/pages\/1676\/revisions"}],"predecessor-version":[{"id":1680,"href":"https:\/\/toolless.com\/fr\/wp-json\/wp\/v2\/pages\/1676\/revisions\/1680"}],"wp:featuredmedia":[{"embeddable":true,"href":"https:\/\/toolless.com\/fr\/wp-json\/wp\/v2\/media\/994"}],"wp:attachment":[{"href":"https:\/\/toolless.com\/fr\/wp-json\/wp\/v2\/media?parent=1676"}],"wp:term":[{"taxonomy":"page_categories","embeddable":true,"href":"https:\/\/toolless.com\/fr\/wp-json\/wp\/v2\/page_categories?post=1676"}],"curies":[{"name":"wp","href":"https:\/\/api.w.org\/{rel}","templated":true}]}}