{"id":1651,"date":"2021-08-17T22:34:13","date_gmt":"2021-08-17T22:34:13","guid":{"rendered":"https:\/\/toolless.com\/?page_id=1651"},"modified":"2025-01-23T17:50:05","modified_gmt":"2025-01-23T17:50:05","slug":"bacs-en-plastique-personnalises","status":"publish","type":"page","link":"https:\/\/toolless.com\/fr\/custom-plastic-container-bins\/","title":{"rendered":"Conteneurs et bacs en plastique personnalis\u00e9s"},"content":{"rendered":"<h3 class=\"wp-block-heading\">Fabricant de conteneurs et de bacs en plastique sur mesure<\/h3>\n\n\n\n<p>Les conteneurs standard ne sont pas toujours disponibles dans la taille souhait\u00e9e. Chez Toolless, nous fabriquons vos conteneurs ou bacs sur mesure afin qu'ils puissent s'adapter \u00e0 tous les rayonnages. Nous pouvons \u00e9galement \u00e9tendre la conception pour faire un plateau personnalis\u00e9 par tiroir que vous pouvez avoir sur un rack.  Toolless a fabriqu\u00e9 de nombreuses it\u00e9rations diff\u00e9rentes de conteneurs tels que des bacs de condensation, des bacs d'\u00e9gouttage ou des bacs de stockage. Quel que soit l'usage ou le nom, Toolless est le partenaire id\u00e9al pour votre application.<\/p>\n\n\n\n<div class=\"wp-block-image\"><figure class=\"alignleft size-medium is-resized\"><img loading=\"lazy\" decoding=\"async\" src=\"https:\/\/toolless.com\/wp-content\/uploads\/2021\/08\/image-300x189.png\" alt=\"\" class=\"wp-image-1657\" width=\"300\" height=\"189\" srcset=\"https:\/\/toolless.com\/wp-content\/uploads\/2021\/08\/image-300x189.png 300w, https:\/\/toolless.com\/wp-content\/uploads\/2021\/08\/image-1024x647.png 1024w, https:\/\/toolless.com\/wp-content\/uploads\/2021\/08\/image-768x485.png 768w, https:\/\/toolless.com\/wp-content\/uploads\/2021\/08\/image.png 1083w\" sizes=\"auto, (max-width: 300px) 100vw, 300px\" \/><\/figure><\/div>\n\n\n\n<div class=\"wp-block-image\"><figure class=\"alignleft size-medium\"><img loading=\"lazy\" decoding=\"async\" width=\"300\" height=\"227\" src=\"https:\/\/toolless.com\/wp-content\/uploads\/2021\/08\/image-1-300x227.png\" alt=\"\" class=\"wp-image-1659\" srcset=\"https:\/\/toolless.com\/wp-content\/uploads\/2021\/08\/image-1-300x227.png 300w, https:\/\/toolless.com\/wp-content\/uploads\/2021\/08\/image-1-768x582.png 768w, https:\/\/toolless.com\/wp-content\/uploads\/2021\/08\/image-1.png 872w\" sizes=\"auto, (max-width: 300px) 100vw, 300px\" \/><\/figure><\/div>\n\n\n\n<div class=\"wp-block-image\"><figure class=\"alignright size-medium\"><img loading=\"lazy\" decoding=\"async\" width=\"300\" height=\"246\" src=\"https:\/\/toolless.com\/wp-content\/uploads\/2021\/08\/image-2-300x246.png\" alt=\"\" class=\"wp-image-1660\" srcset=\"https:\/\/toolless.com\/wp-content\/uploads\/2021\/08\/image-2-300x246.png 300w, https:\/\/toolless.com\/wp-content\/uploads\/2021\/08\/image-2-768x630.png 768w, https:\/\/toolless.com\/wp-content\/uploads\/2021\/08\/image-2.png 776w\" sizes=\"auto, (max-width: 300px) 100vw, 300px\" \/><\/figure><\/div>","protected":false},"excerpt":{"rendered":"<p>Custom Plastic Container &amp; Bins Enclosure Manufacturer Standard containers not always come in the size your need them to be. At Toolless, we custom make your containers or bins so that they can fit in any racks. We can also extend the design to make one custom trays per drawer you may have on a &#8230; <\/p>\n<p class=\"read-more-container\"><a title=\"Custom Plastic Container &#038; Bins\" class=\"read-more button\" href=\"https:\/\/toolless.com\/fr\/custom-plastic-container-bins\/#more-1651\" aria-label=\"Plus sur Custom Plastic Container &#038; Bins\">Lire plus<\/a><\/p>","protected":false},"author":1,"featured_media":994,"parent":0,"menu_order":0,"comment_status":"closed","ping_status":"closed","template":"","meta":{"_acf_changed":false,"_seopress_robots_primary_cat":"","_seopress_titles_title":"Custom Plastic Container & Bins | Toolless Plastics","_seopress_titles_desc":"Standard containers not always come in the size your need them to be. At Toolless, we custom make your containers or bins so that they can fit in any racks.","_seopress_robots_index":"","pgc_sgb_lightbox_settings":"","iawp_total_views":0,"footnotes":""},"page_categories":[],"class_list":{"0":"post-1651","1":"page","2":"type-page","3":"status-publish","4":"has-post-thumbnail","6":"infinite-scroll-item"},"acf":[],"_links":{"self":[{"href":"https:\/\/toolless.com\/fr\/wp-json\/wp\/v2\/pages\/1651","targetHints":{"allow":["GET"]}}],"collection":[{"href":"https:\/\/toolless.com\/fr\/wp-json\/wp\/v2\/pages"}],"about":[{"href":"https:\/\/toolless.com\/fr\/wp-json\/wp\/v2\/types\/page"}],"author":[{"embeddable":true,"href":"https:\/\/toolless.com\/fr\/wp-json\/wp\/v2\/users\/1"}],"replies":[{"embeddable":true,"href":"https:\/\/toolless.com\/fr\/wp-json\/wp\/v2\/comments?post=1651"}],"version-history":[{"count":2,"href":"https:\/\/toolless.com\/fr\/wp-json\/wp\/v2\/pages\/1651\/revisions"}],"predecessor-version":[{"id":1661,"href":"https:\/\/toolless.com\/fr\/wp-json\/wp\/v2\/pages\/1651\/revisions\/1661"}],"wp:featuredmedia":[{"embeddable":true,"href":"https:\/\/toolless.com\/fr\/wp-json\/wp\/v2\/media\/994"}],"wp:attachment":[{"href":"https:\/\/toolless.com\/fr\/wp-json\/wp\/v2\/media?parent=1651"}],"wp:term":[{"taxonomy":"page_categories","embeddable":true,"href":"https:\/\/toolless.com\/fr\/wp-json\/wp\/v2\/page_categories?post=1651"}],"curies":[{"name":"wp","href":"https:\/\/api.w.org\/{rel}","templated":true}]}}