{"id":1534,"date":"2021-05-28T21:15:36","date_gmt":"2021-05-28T21:15:36","guid":{"rendered":"http:\/\/toolless.venbit.net\/?page_id=1534"},"modified":"2021-05-28T21:15:38","modified_gmt":"2021-05-28T21:15:38","slug":"types-denceintes-et-leurs-composants","status":"publish","type":"page","link":"https:\/\/toolless.com\/fr\/types-of-enclosures-and-their-components\/","title":{"rendered":"Types d'enceintes et leurs composants"},"content":{"rendered":"<p><a href=\"https:\/\/toolless.com\/fr\/\">Solutions plastiques Toolless<\/a> con\u00e7oit, produit et fabrique des bo\u00eetiers en plastique, des coques en plastique et des enveloppes en plastique sur mesure, sans moule ni outillage. Toolless a ma\u00eetris\u00e9 l'art de concr\u00e9tiser les concepts de bo\u00eetiers en plastique. De la cr\u00e9ation du projet et \u00e0 la conception jusqu'\u00e0 la livraison du produit fini, nous collaborons avec nos clients pour offrir des produits de la meilleure qualit\u00e9. Les bo\u00eetiers personnalis\u00e9s sont construits \u00e0 l'aide de la technologie exclusive Toolless. Tout cela est r\u00e9alis\u00e9 sans les d\u00e9penses, les d\u00e9lais et l'inflexibilit\u00e9 des moules et de l'outillage. Notre processus de fabrication de bo\u00eetiers en plastique utilise une technique qui permet des modifications rapides, simples et rentables.<\/p>\n\n\n\n<h1 class=\"wp-block-heading\">Enceinte<\/h1>\n\n\n\n<p>Un bo\u00eetier en plastique personnalis\u00e9 est un objet en bo\u00eete fabriqu\u00e9 \u00e0 partir d'une vari\u00e9t\u00e9 de plastiques, de m\u00e9taux ou de tout mat\u00e9riau pouvant \u00eatre assembl\u00e9 pour former la forme d\u00e9sir\u00e9e. <a href=\"https:\/\/www.iqsdirectory.com\/articles\/electronic-enclosure\/nema-enclosure.html\">Les bo\u00eetiers NEMA sont utilis\u00e9s pour prot\u00e9ger les composants \u00e9lectriques<\/a> tandis que les bo\u00eetiers personnalis\u00e9s sont souvent utilis\u00e9s pour les appareils \u00e9lectroniques tels que les \u00e9quipements de test m\u00e9dical, les lecteurs de cartes dans n'importe quel magasin et m\u00eame les ordinateurs portables. Toolless Plastic Solutions se sp\u00e9cialise dans la conception et la fabrication de bo\u00eetiers en plastique personnalis\u00e9s. Le processus de fabrication sans outil nous permet de produire des conceptions solides de haute qualit\u00e9 et une excellente ing\u00e9nierie sans utiliser de moules ou d'outillage, ce qui est typique du moulage par injection. Les modifications des bo\u00eetiers sont plus simples, plus rapides et moins co\u00fbteuses lorsque les moules et les matrices ne sont pas impliqu\u00e9s.<\/p>\n\n\n\n<p>Toolless propose deux types de<a href=\"https:\/\/toolless.com\/fr\/boitiers-en-plastique-standard\/\"> Bo\u00eetiers en plastique standard<\/a>; Bo\u00eetier C et bo\u00eetier U. Le<a href=\"https:\/\/toolless.com\/fr\/c-box-enceinte-en-plastique\/\"> C Bo\u00eetier de la bo\u00eete<\/a> est une conception simple en deux pi\u00e8ces. Le bo\u00eetier est con\u00e7u pour \u00eatre une solution pr\u00eate \u00e0 l'emploi. Le<a href=\"https:\/\/toolless.com\/fr\/boitier-u\/\"> Bo\u00eetier en U<\/a> est un logement pr\u00eat \u00e0 l'emploi, plug-and-play. Ce classique en quatre pi\u00e8ces peut \u00eatre facilement adapt\u00e9 aux besoins.<\/p>\n\n\n\n<h2 class=\"wp-block-heading\">Bo\u00eetiers en plastique sur mesure<\/h2>\n\n\n\n<h3 class=\"wp-block-heading\">Bo\u00eetiers \u00e9lectroniques<\/h3>\n\n\n\n<p>Les bo\u00eetiers en plastique qui contiennent des composants \u00e9lectroniques sont appel\u00e9s<a href=\"https:\/\/toolless.com\/fr\/boitiers-electroniques\/\"> bo\u00eetiers \u00e9lectroniques<\/a> ou bo\u00eetiers \u00e9lectroniques. Les ordinateurs, les consoles de jeux et les appareils m\u00e9dicaux sont des utilisations courantes pour ces bo\u00eetiers. La fonction principale d'un bo\u00eetier en plastique est de garder l'\u00e9lectronique en s\u00e9curit\u00e9 et stable. Les bo\u00eetiers prot\u00e8gent \u00e9galement les composants \u00e9lectriques contre les dommages potentiels de la carte de circuit imprim\u00e9. Toolless peut \u00e9galement fournir des bo\u00eetiers de cartes de circuit imprim\u00e9 personnalis\u00e9s et des bo\u00eetiers de PCB.<\/p>\n\n\n\n<figure class=\"wp-block-image\"><img decoding=\"async\" src=\"https:\/\/lh6.googleusercontent.com\/_2T8nkeapBxloVYrKAZ_r14iHYjmClR0x7g1Nd_6LhHWuWvChsOp_CBjcDdvtf6LG_eMEBWUJUxWInPbeZQKy_dPttbcaxn5yn4TFW6sNjB8oeld0u8rQEaDuWVLaRg4fQHnE1w\" alt=\"\"\/><\/figure>\n\n\n\n<figure class=\"wp-block-image\"><img decoding=\"async\" src=\"https:\/\/lh5.googleusercontent.com\/VW-IoSqXggf_utAa6qIzUP2ZgMDx1f00_41F9qUCUkrz6AGXibkuP08-UtCMoY2oZaXX70Ep_3B0dCki5xCweZtGf-Q5LTws-BuK8MeNQ-ewrAXBMi1GM97bHYHCYSlhKcVXm_8\" alt=\"\"\/><\/figure>\n\n\n\n<figure class=\"wp-block-image\"><img decoding=\"async\" src=\"https:\/\/lh6.googleusercontent.com\/U3gdIA08OBtjab0SSeXXMYh9rX2A7QvJc0oGk_rSjGnBBicsN-XFZofJB2rW0Nc8xLiboW4tvsmOLg-4PFuhJLo9VoXVbk9_l9bjO7ADFcS5iTmZIJS5u6ToxIy0agf7S_3CY2A\" alt=\"\"\/><\/figure>\n\n\n\n<p>Bo\u00eetiers \u00e9lectroniques<\/p>\n\n\n\n<h3 class=\"wp-block-heading\">Enceintes m\u00e9dicales<\/h3>\n\n\n\n<p>Toolless Plastic Solutions est un choix parfait pour<a href=\"https:\/\/toolless.com\/fr\/boitiers-medicaux-en-plastique\/\"> bo\u00eetiers m\u00e9dicaux personnalis\u00e9s<\/a> et instruments de laboratoire. Dans le secteur m\u00e9dical, 20 ans d'exp\u00e9rience nous ont permis d'assister au d\u00e9veloppement de bo\u00eetiers m\u00e9dicaux en plastique sur mesure. Depuis 1994, Toolless a collabor\u00e9 avec diverses entreprises m\u00e9dicales sur une multitude de projets. Les blocs op\u00e9ratoires, les solutions pour les yeux secs, les simulateurs respiratoires, l'\u00e9quipement de diagnostic du sommeil, les appareils respiratoires et les ventilateurs CPAP en sont quelques exemples.<\/p>\n\n\n\n<figure class=\"wp-block-image\"><img decoding=\"async\" src=\"https:\/\/lh6.googleusercontent.com\/AiZTK19zF29UypM2VwFAJureNb8I8ExfsVqPbuP-m7X8s0CrdOPYqEzeslJa_mUFI8fbY1jc9TxllOslWH183aGTZwndWduXm7_ucFcG_IOJiIKoCIK9NxlqCnhiV8sR_jD0Wqw\" alt=\"\"\/><\/figure>\n\n\n\n<p>Dispositif d'\u00e9chantillonnage robotique<\/p>\n\n\n\n<figure class=\"wp-block-image\"><img decoding=\"async\" src=\"https:\/\/lh4.googleusercontent.com\/LoIENZ8ZFbyKnqA0T7lU-Q4BwZhT6tVOKU7FRFsFgbOJqbYEg6Oym8-kmT9pXAQ5SjjL-wRJ5itE-_S5FHNe4780kGBJk352pA-0_V8BEQJ4Uo0pRLVeV_AJ-Xeb9Qy8bYArrzA\" alt=\"\"\/><\/figure>\n\n\n\n<p>Dispositif m\u00e9dical personnalis\u00e9 pour EEG<\/p>\n\n\n\n<h3 class=\"wp-block-heading\">\u00c9tuis personnalis\u00e9s pour Raspberry Pi<\/h3>\n\n\n\n<p>Solutions en plastique sans outils<a href=\"https:\/\/toolless.com\/fr\/boitiers-personnalises-pour-raspberry-pi\/\"> bo\u00eetiers Raspberry Pi personnalis\u00e9s<\/a> sans moule, technologie sans outillage. Le nombre et la taille des trous, les ajouts de supports, les dimensions, les \u00e9crans en acrylique, les tubes lumineux \u00e0 LED et d'autres caract\u00e9ristiques sont personnalis\u00e9s selon les besoins des clients. Cette personnalisation permet aux clients de personnaliser le bo\u00eetier Raspberry Pi et m\u00eame d'ajouter des logos d'entreprise par impression num\u00e9rique.<\/p>\n\n\n\n<figure class=\"wp-block-image\"><img decoding=\"async\" src=\"https:\/\/lh3.googleusercontent.com\/MSggHISvTA2lMdmkGTS9xMGBh6I-tDEZQL7KSJZH0Sm1aL85o9kLNu636cg-wqhMa-4oaFt0mb2_y349X168G3Fx6W47O5kyvnka6B0Aoy9yBsBlRHUg4FSaJfDKcZ8MqLfO94Y\" alt=\"\"\/><\/figure>\n\n\n\n<p>Contr\u00f4leur de Gestion du Temps<\/p>\n\n\n\n<figure class=\"wp-block-image\"><img decoding=\"async\" src=\"https:\/\/lh3.googleusercontent.com\/q6hy6qN-6b8LmRLFhyA50J0DnE-rqjt39Wx47NIMKYwtv5d_r5z9I-lh9lThyV2b70aOi7i1q1RW5Al5xPAjDARKL2dag-shnqMcZgOeVlhyDhC9ehGpmHv72ad5KjcNqi5VbnQ\" alt=\"\"\/><\/figure>\n\n\n\n<p>Point de contr\u00f4le<\/p>\n\n\n\n<figure class=\"wp-block-image\"><img decoding=\"async\" src=\"https:\/\/lh5.googleusercontent.com\/sWodG66WFGrokW1DD2-_Zp8Soxi4QFdek8bO5FBF1kY1oyxBli5npX1V08boI3n2vGsYhbwvYa3hGyWI6Ycm0FYlQIUZuJ0oMNL-9gCQTr2RcgNNoGGTWOMNVtKPQ46MPGYC9_E\" alt=\"\"\/><\/figure>\n\n\n\n<p>Bo\u00eete de r\u00e9glage pour diab\u00e8te<\/p>\n\n\n\n<h3 class=\"wp-block-heading\">Bo\u00eetier en plastique ABS<\/h3>\n\n\n\n<p><a href=\"https:\/\/toolless.com\/fr\/boitiers-en-plastique-abs\/\">Bo\u00eetiers ABS<\/a> sont un excellent choix pour presque tous les types de bo\u00eetiers de projets plastiques. L'ABS, ou Acrylonitrile Butadi\u00e8ne Styr\u00e8ne, est un thermoplastique r\u00e9sistant qui offre d'excellentes performances \u00e0 faible co\u00fbt. L'ABS est un mat\u00e9riau parfait pour les applications int\u00e9rieures, telles que l'\u00e9lectronique de bureau. L'ABS \u00e0 usage g\u00e9n\u00e9ral sans outil repr\u00e9sente 80% de la production. Qu'il s'agisse d'un petit ou d'un grand bo\u00eetier pour composants \u00e9lectroniques, Toolless a le potentiel de produire des produits de haute qualit\u00e9 qui permettent aux inventions \u00e9lectroniques de devenir r\u00e9alit\u00e9.<\/p>\n\n\n\n<figure class=\"wp-block-image\"><img decoding=\"async\" src=\"https:\/\/lh4.googleusercontent.com\/XE8OiuoFNREL3LqtP8QvudmNSJyIkdtxS4G1_85Uk91b-6CfUSb8fJ4QOwP2x664yU8laknR8B0X97Zkm_IqdntfuTZijaChvll1ELt-oh06VgDgzHzYeflgM9hZlZ2J7-PG-uU\" alt=\"\"\/><\/figure>\n\n\n\n<p>Bo\u00eetiers en plastique ABS<\/p>\n\n\n\n<h3 class=\"wp-block-heading\">Bo\u00eetiers \u00e9lectroniques personnalis\u00e9s en acrylique<\/h3>\n\n\n\n<p>Toolless a int\u00e9gr\u00e9 avec succ\u00e8s des feuilles acryliques dans des bo\u00eetiers en plastique comprenant une fen\u00eatre d'observation ou un lecteur de code-barres. Pour obtenir une d\u00e9coupe nette et pr\u00e9cise, la proc\u00e9dure n\u00e9cessite g\u00e9n\u00e9ralement l'utilisation d'un laser. Cependant, chez Toolless, nous avons modifi\u00e9 une fonction CNC pour qu'elle ressemble \u00e0 une d\u00e9coupe laser. Cela nous permet de d\u00e9couper le plastique d\u00e9licatement sans le casser.<\/p>\n\n\n\n<p><a href=\"https:\/\/toolless.com\/fr\/boitiers-en-plastique-acrylique\/\">Enceintes en acrylique ou en plexiglas<\/a> conviennent parfaitement aux pr\u00e9sentoirs de pi\u00e8ces et aux unit\u00e9s de point de vente. Cependant, il est beaucoup plus durable et rentable que le verre. Il peut \u00eatre utilis\u00e9 dans des conditions o\u00f9 la conception permet de voir \u00e0 l'int\u00e9rieur d'un produit. Cela inclut les<a href=\"https:\/\/toolless.com\/fr\/coffrets-muraux-electronique-plastique\/\"> support mural<\/a>, Raspberry Pi, et<a href=\"https:\/\/toolless.com\/fr\/boitiers-en-plastique-portatifs\/\"> portatif<\/a> enclosures.<\/p>\n\n\n\n<figure class=\"wp-block-image\"><img decoding=\"async\" src=\"https:\/\/lh6.googleusercontent.com\/EbRSAwIocYhAllBN97i9XuUAFeWJYPgDz5P8LxXsRAzWmMq8P3VaaUx3j62KkrMJv9mRE-c49gXi9NqGnVDXSn_LynLTlkYedFzGW1zSneeEDCsKqCLay7k_RE_Zd0Od9Dv9APE\" alt=\"\"\/><\/figure>\n\n\n\n<figure class=\"wp-block-image\"><img decoding=\"async\" src=\"https:\/\/lh4.googleusercontent.com\/vIxy4Mwm1MVIEdCmSPg2Na8wI2SY2EtQif65C0r5FGwEYcf7dw7CwgMHH7vyxIJXlYvVjOLZUp-X_FNUo4Nnnx5LRn-1yUp8Ad3KdkNikYLN_Ef1llvSr4G3LXrLoSX0WK8tz6s\" alt=\"\"\/><\/figure>\n\n\n\n<p>Bo\u00eetiers en acrylique<\/p>","protected":false},"excerpt":{"rendered":"<p>Toolless Plastic Solutions designs, produces, and manufactures custom plastic enclosures, plastic casings, and plastic housings without a mold or a tool. Toolless has mastered the art of turning plastic housing concepts into practice. From project creation and design to delivery of the finished product, we collaborate with our customers to deliver the best quality product. &#8230; <\/p>\n<p class=\"read-more-container\"><a title=\"Types d&#039;enceintes et leurs composants\" class=\"read-more button\" href=\"https:\/\/toolless.com\/fr\/types-of-enclosures-and-their-components\/#more-1534\" aria-label=\"Plus sur Types of Enclosures and Their Components\">Lire plus<\/a><\/p>","protected":false},"author":1,"featured_media":993,"parent":0,"menu_order":0,"comment_status":"closed","ping_status":"closed","template":"","meta":{"_acf_changed":false,"_seopress_robots_primary_cat":"0","_seopress_titles_title":"Custom Plastic Enclosures by Toolless - No Mold, No Tool Needed","_seopress_titles_desc":"Expertly designed custom plastic enclosures with no molds or tooling. Fast, cost-effective solutions for electronics, medical devices, Raspberry Pi, and more.","_seopress_robots_index":"","pgc_sgb_lightbox_settings":"","iawp_total_views":0,"footnotes":""},"page_categories":[],"class_list":{"0":"post-1534","1":"page","2":"type-page","3":"status-publish","4":"has-post-thumbnail","6":"infinite-scroll-item"},"acf":[],"_links":{"self":[{"href":"https:\/\/toolless.com\/fr\/wp-json\/wp\/v2\/pages\/1534","targetHints":{"allow":["GET"]}}],"collection":[{"href":"https:\/\/toolless.com\/fr\/wp-json\/wp\/v2\/pages"}],"about":[{"href":"https:\/\/toolless.com\/fr\/wp-json\/wp\/v2\/types\/page"}],"author":[{"embeddable":true,"href":"https:\/\/toolless.com\/fr\/wp-json\/wp\/v2\/users\/1"}],"replies":[{"embeddable":true,"href":"https:\/\/toolless.com\/fr\/wp-json\/wp\/v2\/comments?post=1534"}],"version-history":[{"count":1,"href":"https:\/\/toolless.com\/fr\/wp-json\/wp\/v2\/pages\/1534\/revisions"}],"predecessor-version":[{"id":1535,"href":"https:\/\/toolless.com\/fr\/wp-json\/wp\/v2\/pages\/1534\/revisions\/1535"}],"wp:featuredmedia":[{"embeddable":true,"href":"https:\/\/toolless.com\/fr\/wp-json\/wp\/v2\/media\/993"}],"wp:attachment":[{"href":"https:\/\/toolless.com\/fr\/wp-json\/wp\/v2\/media?parent=1534"}],"wp:term":[{"taxonomy":"page_categories","embeddable":true,"href":"https:\/\/toolless.com\/fr\/wp-json\/wp\/v2\/page_categories?post=1534"}],"curies":[{"name":"wp","href":"https:\/\/api.w.org\/{rel}","templated":true}]}}