{"id":15,"date":"2020-04-17T21:12:05","date_gmt":"2020-04-17T21:12:05","guid":{"rendered":"http:\/\/toolless.ed-webdesigns.com\/?page_id=15"},"modified":"2025-01-23T19:08:52","modified_gmt":"2025-01-23T19:08:52","slug":"boitiers-en-plastique-sur-mesure","status":"publish","type":"page","link":"https:\/\/toolless.com\/fr\/custom-plastic-enclosures\/","title":{"rendered":"Bo\u00eetiers en plastique sur mesure"},"content":{"rendered":"<h1 class=\"wp-block-heading\">Qu'est-ce qu'une enceinte personnalis\u00e9e ?<\/h1>\n\n\n\n<figure class=\"wp-block-image alignright size-full is-resized\"><img loading=\"lazy\" decoding=\"async\" width=\"421\" height=\"500\" src=\"https:\/\/toolless.com\/wp-content\/uploads\/2020\/04\/8745-HORIBA.jpg\" alt=\"\" class=\"wp-image-492\" style=\"width:283px;height:336px\" srcset=\"https:\/\/toolless.com\/wp-content\/uploads\/2020\/04\/8745-HORIBA.jpg 421w, https:\/\/toolless.com\/wp-content\/uploads\/2020\/04\/8745-HORIBA-253x300.jpg 253w\" sizes=\"auto, (max-width: 421px) 100vw, 421px\" \/><\/figure>\n\n\n\n<div class=\"wp-block-group\"><div class=\"wp-block-group__inner-container is-layout-flow wp-block-group-is-layout-flow\">\n<p>Un bo\u00eetier plastique personnalis\u00e9 est un objet encastr\u00e9 qui peut \u00eatre fabriqu\u00e9 \u00e0 partir de diff\u00e9rents mat\u00e9riaux en plastique, en m\u00e9tal ou en fait de n'importe quel mat\u00e9riau qui peut \u00eatre fix\u00e9 ensemble pour obtenir la forme souhait\u00e9e. Les bo\u00eetiers personnalis\u00e9s sont g\u00e9n\u00e9ralement utilis\u00e9s pour les appareils \u00e9lectroniques tels que les \u00e9quipements de diagnostic m\u00e9dical, les lecteurs de cartes dans les magasins, et m\u00eame les ordinateurs portables utilis\u00e9s quotidiennement.<\/p>\n\n\n\n<p>Chez Toolless Plastic Solutions, nous sommes sp\u00e9cialis\u00e9s dans la conception et la fabrication de bo\u00eetiers en plastique sur mesure. Nous proposons des bo\u00eetiers en plastique personnalis\u00e9s de petite ou de grande taille, simples ou complexes, sans probl\u00e8me. Avec plus de 20 ans d'exp\u00e9rience dans l'industrie, vous pouvez compter sur nous pour vous fournir les meilleurs bo\u00eetiers en plastique qui r\u00e9pondent aux attentes, voire les d\u00e9passent.<\/p>\n<\/div><\/div>\n\n\n\n<hr class=\"wp-block-separator has-css-opacity\"\/>\n\n\n<div class=\"gb-grid-wrapper gb-grid-wrapper-76216661\">\n<div class=\"gb-grid-column gb-grid-column-eaad500c\"><div class=\"gb-container gb-container-eaad500c\"><div class=\"gb-inside-container\">\n\n<figure class=\"wp-block-image size-large is-resized\"><img loading=\"lazy\" decoding=\"async\" width=\"561\" height=\"344\" src=\"https:\/\/toolless.com\/wp-content\/uploads\/2020\/04\/Custom-Enclosures.jpg\" alt=\"\" class=\"wp-image-493\" style=\"width:377px;height:231px\" srcset=\"https:\/\/toolless.com\/wp-content\/uploads\/2020\/04\/Custom-Enclosures.jpg 561w, https:\/\/toolless.com\/wp-content\/uploads\/2020\/04\/Custom-Enclosures-300x184.jpg 300w\" sizes=\"auto, (max-width: 561px) 100vw, 561px\" \/><\/figure>\n\n<\/div><\/div><\/div>\n\n<div class=\"gb-grid-column gb-grid-column-073264c7\"><div class=\"gb-container gb-container-073264c7\"><div class=\"gb-inside-container\">\n<div class=\"gb-button-wrapper gb-button-wrapper-e7dbc48f\">\n\n<a class=\"gb-button gb-button-c4dd473d gb-button-text button\" href=\"https:\/\/toolless.com\/fr\/galerie-des-fermetures\/\">Voir le portefeuille<\/a>\n\n<\/div>\n<\/div><\/div><\/div>\n<\/div>\n\n\n<h1 class=\"wp-block-heading\">Avantages des bo\u00eetiers en plastique sur mesure<\/h1>\n\n\n\n<p>Les coffrets et bo\u00eetiers en plastique sur mesure sont des concepts cr\u00e9atifs qui ont un aspect incroyable et une finition propre et professionnelle. Ils peuvent \u00eatre construits selon n'importe quelle sp\u00e9cification ou taille et permettent de&nbsp;<a href=\"https:\/\/toolless.com\/fr\/printing.aspx\/\">impression num\u00e9rique<\/a>,&nbsp;<a href=\"https:\/\/toolless.com\/fr\/sp_multicolor-multicolor.aspx\/\">plusieurs couleurs<\/a>, et une souplesse de conception que l'on ne trouve pas dans un&nbsp;<a href=\"https:\/\/toolless.com\/fr\/standard-plastic-enclosures.aspx\/\">bo\u00eetier plastique standard<\/a>&nbsp;conception. Nos ing\u00e9nieurs internes travaillent avec vous pour r\u00e9aliser l'enceinte souhait\u00e9e, quelle que soit la complexit\u00e9 de la conception. Nous r\u00e9alisons des prototypes de pratiquement tous les bo\u00eetiers et coop\u00e9rons avec vous pour d\u00e9terminer l'ajustement et la finition corrects avec la plus haute qualit\u00e9.<\/p>\n\n\n\n<h1 class=\"wp-block-heading\">Le processus Toolless<\/h1>\n\n\n\n<p>Le&nbsp;<a href=\"https:\/\/toolless.com\/fr\/manufacturing-process.aspx\/\">Processus de fabrication sans outillage<\/a>&nbsp;nous permet de disposer d'une conception solide et de haute qualit\u00e9 et d'une ing\u00e9nierie exceptionnelle avec&nbsp;<strong>PAS DE MOLDS<\/strong>&nbsp;et&nbsp;<strong>PAS D'OUTIL<\/strong>&nbsp;couramment utilis\u00e9s avec le moulage par injection. En \u00e9liminant les moules et les matrices, les modifications des bo\u00eetiers sont plus faciles, plus rapides et plus abordables. Avec Toolless, nous fournissons des bo\u00eetiers en plastique qui ont l'apparence et la sensation d'avoir \u00e9t\u00e9 moul\u00e9s par injection, sans perte de fonction ou de complexit\u00e9, et ce \u00e0 un co\u00fbt bien moindre.<\/p>\n\n\n<div class=\"gb-button-wrapper gb-button-wrapper-8f9a03ab\">\n\n<a class=\"gb-button gb-button-ced8893f gb-button-text button\" href=\"https:\/\/toolless.com\/fr\/demande-de-devis\/\">Demande de devis<\/a>\n\n<\/div>\n\n<div class=\"gb-grid-wrapper gb-grid-wrapper-6a6bd81d\">\n<div class=\"gb-grid-column gb-grid-column-8a858e66\"><div class=\"gb-container gb-container-8a858e66\"><div class=\"gb-inside-container\">\n<div class=\"wp-block-image\">\n<figure class=\"aligncenter size-large\"><img loading=\"lazy\" decoding=\"async\" width=\"210\" height=\"140\" src=\"https:\/\/toolless.com\/wp-content\/uploads\/2020\/04\/Creative-Design-Process.jpg\" alt=\"\" class=\"wp-image-238\"\/><\/figure>\n<\/div>\n\n\n<h5 class=\"wp-block-heading has-text-align-center\"><a href=\"https:\/\/toolless.com\/fr\/creative.aspx\/\">Conception cr\u00e9ative<\/a><\/h5>\n\n\n\n<p>Chez Toolless, nous concevons et cr\u00e9ons des prototypes de bo\u00eetiers plastiques personnalis\u00e9s dans un d\u00e9lai de 3 \u00e0 21 jours ouvrables, qui s'adapteront parfaitement \u00e0 vos composants.<\/p>\n\n\n\n<p>Notre \u00e9quipe de conception travaille en \u00e9troite collaboration avec vous pour garantir la satisfaction du produit.<\/p>\n\n<\/div><\/div><\/div>\n\n<div class=\"gb-grid-column gb-grid-column-f71095d5\"><div class=\"gb-container gb-container-f71095d5\"><div class=\"gb-inside-container\">\n<div class=\"wp-block-image\">\n<figure class=\"aligncenter size-large\"><img loading=\"lazy\" decoding=\"async\" width=\"210\" height=\"140\" src=\"https:\/\/toolless.com\/wp-content\/uploads\/2020\/04\/Project-Engineering.jpg\" alt=\"\" class=\"wp-image-241\"\/><\/figure>\n<\/div>\n\n\n<h5 class=\"wp-block-heading has-text-align-center\"><a href=\"https:\/\/toolless.com\/fr\/plastic-engineering-process.aspx\/\">Ing\u00e9nierie exp\u00e9riment\u00e9e<\/a><\/h5>\n\n\n\n<p>Toolless Plastic Solutions emploie des concepteurs et des ing\u00e9nieurs m\u00e9caniques tr\u00e8s exp\u00e9riment\u00e9s qui peuvent d\u00e9velopper de nouveaux bo\u00eetiers sur mesure ou modifier des bo\u00eetiers existants.<\/p>\n\n\n\n<p>Laissez-nous vous aider \u00e0 concevoir l'enceinte parfaite pour votre entreprise.<\/p>\n\n<\/div><\/div><\/div>\n\n<div class=\"gb-grid-column gb-grid-column-0c44c684\"><div class=\"gb-container gb-container-0c44c684\"><div class=\"gb-inside-container\">\n<div class=\"wp-block-image\">\n<figure class=\"aligncenter size-large\"><img loading=\"lazy\" decoding=\"async\" width=\"210\" height=\"140\" src=\"https:\/\/toolless.com\/wp-content\/uploads\/2020\/04\/High-Quality.jpg\" alt=\"\" class=\"wp-image-494\"\/><\/figure>\n<\/div>\n\n\n<h5 class=\"wp-block-heading has-text-align-center\"><a href=\"https:\/\/toolless.com\/fr\/high-quality.aspx\/\">Fabrication de haute qualit\u00e9<\/a><\/h5>\n\n\n\n<p>Les ann\u00e9es d'exp\u00e9rience et de connaissances de Toolless permettent de produire des bo\u00eetiers en plastique personnalis\u00e9s de haute qualit\u00e9, capables de rivaliser avec les produits de votre march\u00e9.<\/p>\n\n\n\n<p>Qu'il s'agisse de peinture, d'impression num\u00e9rique ou de mat\u00e9riaux utilis\u00e9s, notre qualit\u00e9 de finition d\u00e9passe les attentes.<\/p>\n\n<\/div><\/div><\/div>\n<\/div>","protected":false},"excerpt":{"rendered":"<p>What is a custom enclosure? A custom plastic enclosure is a boxed in object that can be made with various plastic, metal, or really any material that can be fastened together to make the desired shape. Custom enclosures are generally used for electronic devices such as medical diagnostic equipment, card readers at any store, even &#8230; <\/p>\n<p class=\"read-more-container\"><a title=\"Bo\u00eetiers en plastique sur mesure\" class=\"read-more button\" href=\"https:\/\/toolless.com\/fr\/custom-plastic-enclosures\/#more-15\" aria-label=\"Plus sur Custom Plastic Enclosures\">Lire plus<\/a><\/p>","protected":false},"author":1,"featured_media":990,"parent":0,"menu_order":0,"comment_status":"closed","ping_status":"closed","template":"","meta":{"_acf_changed":false,"_seopress_robots_primary_cat":"","_seopress_titles_title":"Custom Plastic Enclosures | No Mold Technology by Toolless","_seopress_titles_desc":"Custom Plastic Enclosure using no molds technology - tailored to the demands of the customer for flexibility and quick turn around. Our no molds technology is unique and easy for building custom plastic enclosures!","_seopress_robots_index":"","pgc_sgb_lightbox_settings":"","iawp_total_views":0,"footnotes":""},"page_categories":[],"class_list":{"0":"post-15","1":"page","2":"type-page","3":"status-publish","4":"has-post-thumbnail","6":"infinite-scroll-item"},"acf":[],"_links":{"self":[{"href":"https:\/\/toolless.com\/fr\/wp-json\/wp\/v2\/pages\/15","targetHints":{"allow":["GET"]}}],"collection":[{"href":"https:\/\/toolless.com\/fr\/wp-json\/wp\/v2\/pages"}],"about":[{"href":"https:\/\/toolless.com\/fr\/wp-json\/wp\/v2\/types\/page"}],"author":[{"embeddable":true,"href":"https:\/\/toolless.com\/fr\/wp-json\/wp\/v2\/users\/1"}],"replies":[{"embeddable":true,"href":"https:\/\/toolless.com\/fr\/wp-json\/wp\/v2\/comments?post=15"}],"version-history":[{"count":10,"href":"https:\/\/toolless.com\/fr\/wp-json\/wp\/v2\/pages\/15\/revisions"}],"predecessor-version":[{"id":2988,"href":"https:\/\/toolless.com\/fr\/wp-json\/wp\/v2\/pages\/15\/revisions\/2988"}],"wp:featuredmedia":[{"embeddable":true,"href":"https:\/\/toolless.com\/fr\/wp-json\/wp\/v2\/media\/990"}],"wp:attachment":[{"href":"https:\/\/toolless.com\/fr\/wp-json\/wp\/v2\/media?parent=15"}],"wp:term":[{"taxonomy":"page_categories","embeddable":true,"href":"https:\/\/toolless.com\/fr\/wp-json\/wp\/v2\/page_categories?post=15"}],"curies":[{"name":"wp","href":"https:\/\/api.w.org\/{rel}","templated":true}]}}