{"id":1469,"date":"2021-05-29T02:05:12","date_gmt":"2021-05-29T02:05:12","guid":{"rendered":"http:\/\/toolless.venbit.net\/?page_id=1469"},"modified":"2025-01-23T17:54:20","modified_gmt":"2025-01-23T17:54:20","slug":"enceinte-de-conception-personnalisee","status":"publish","type":"page","link":"https:\/\/toolless.com\/fr\/custom-design-enclosure\/","title":{"rendered":"Processus de conception personnalis\u00e9e des bo\u00eetiers Toolless"},"content":{"rendered":"<h2 class=\"gb-headline gb-headline-874a777e gb-headline-text\">Services de conception pour votre projet d'enceinte personnalis\u00e9e<\/h2>\n\n\n\n<p>Avec Toolless Plastic Solutions, l'obtention de votre bo\u00eetier personnalis\u00e9 se fait en douceur et sans effort. Votre projet est entre de bonnes mains avec plus de 25 ans d'exp\u00e9rience de notre \u00e9quipe. Nous pouvons diviser le processus en 5 \u00e9tapes principales : Projet, devis, commande, production et arriv\u00e9e. Suivez les rouages de notre machine qui travaille ensemble pour vous fournir un bo\u00eetier sur mesure. <\/p>\n\n\n<div class=\"wp-block-image\">\n<figure class=\"aligncenter size-large\"><img loading=\"lazy\" decoding=\"async\" width=\"777\" height=\"1024\" src=\"https:\/\/toolless.com\/wp-content\/uploads\/2021\/05\/Mountain-Sales-Process-1-777x1024.jpg\" alt=\"\" class=\"wp-image-1521\" srcset=\"https:\/\/toolless.com\/wp-content\/uploads\/2021\/05\/Mountain-Sales-Process-1-777x1024.jpg 777w, https:\/\/toolless.com\/wp-content\/uploads\/2021\/05\/Mountain-Sales-Process-1-228x300.jpg 228w, https:\/\/toolless.com\/wp-content\/uploads\/2021\/05\/Mountain-Sales-Process-1-768x1012.jpg 768w, https:\/\/toolless.com\/wp-content\/uploads\/2021\/05\/Mountain-Sales-Process-1-scaled.jpg 1943w\" sizes=\"auto, (max-width: 777px) 100vw, 777px\" \/><\/figure>\n<\/div>\n\n\n<div class=\"wp-block-columns is-layout-flex wp-container-core-columns-is-layout-9d6595d7 wp-block-columns-is-layout-flex\">\n<div class=\"wp-block-column is-layout-flow wp-block-column-is-layout-flow\"><div class=\"wp-block-image\">\n<figure class=\"alignleft size-large\"><img loading=\"lazy\" decoding=\"async\" width=\"76\" height=\"76\" src=\"https:\/\/toolless.com\/wp-content\/uploads\/2021\/05\/image-7.png\" alt=\"\" class=\"wp-image-1483\"\/><\/figure>\n<\/div>\n\n\n<h3 class=\"gb-headline gb-headline-2e09001f gb-headline-text\"><strong>1<\/strong>. <strong>VOUS AVEZ UN PROJET :<\/strong><\/h3>\n\n\n\n<p>Lorsqu'il s'agit de cartes \u00e9lectroniques, nos clients ont de nombreux projets pour lesquels ils peuvent avoir besoin d'un bo\u00eetier. Les applications pour lesquelles nous travaillons sont nombreuses. Cependant, la plupart du temps, nous traitons des projets pr\u00e9liminaires. Nos clients peuvent avoir une id\u00e9e approximative de ce dont ils ont besoin. Ils ont certainement une bonne id\u00e9e de ce qu'il y a \u00e0 l'int\u00e9rieur du bo\u00eetier, mais ils ne savent pas comment fabriquer un bo\u00eetier en plastique autour de celui-ci. Gr\u00e2ce \u00e0 notre rapidit\u00e9 <a href=\"https:\/\/toolless.com\/fr\/demande-de-devis\/\" target=\"_blank\" rel=\"noreferrer noopener\">Formulaires d'appel d'offres<\/a>, Si vous disposez de dessins d\u00e9taill\u00e9s, il n'est pas n\u00e9cessaire d'entrer dans les d\u00e9tails concernant la taille, le nombre de trous, les supports ou l'impression. Toutefois, si vous disposez de dessins d\u00e9taill\u00e9s, vous pouvez utiliser le m\u00eame formulaire d'appel d'offres pour vous donner plus d'options de conception et vous aider dans le processus d'\u00e9tablissement de devis ci-dessous.<\/p>\n\n\n\n<p>Nous recevons beaucoup de demandes de la part d'inventeurs qui ont besoin d'un bo\u00eetier raspberry pi, juste pour abriter le Pi et montrer leur marque dessus. Nous recevons \u00e9galement des demandes pour des cartes simples, des cartes multiples, des panneaux d'\u00e9cran LCD, et plus encore. Nos capacit\u00e9s s'\u00e9tendent m\u00eame jusqu'\u00e0 la reconception de bo\u00eetiers pr\u00eats \u00e0 l'emploi. Cela permet d'adapter de nouvelles tailles aux clients qui utilisent des bo\u00eetiers standard depuis longtemps. Ils pensaient peut-\u00eatre que la seule fa\u00e7on de fabriquer un bo\u00eetier \u00e9tait d'acheter un bo\u00eetier standard ou d'opter pour le moulage par injection. Avec Toolless, ils disposent d'une solution efficace qui ne n\u00e9cessite pas de moule et leur offre le design personnalis\u00e9 qu'ils recherchent.&nbsp;<\/p>\n<\/div>\n<\/div>\n\n\n<div class=\"wp-block-image\">\n<figure class=\"alignleft\"><img loading=\"lazy\" decoding=\"async\" width=\"67\" height=\"67\" src=\"https:\/\/toolless.com\/wp-content\/uploads\/2021\/05\/image-4.png\" alt=\"\" class=\"wp-image-1474\"\/><\/figure>\n<\/div>\n\n\n<h3 class=\"gb-headline gb-headline-38f8ae0c gb-headline-text\"><strong>2.<\/strong> <strong>LE PROCESSUS D'\u00c9TABLISSEMENT DES DEVIS :<\/strong><\/h3>\n\n\n\n<p>Le voyage progresse en fonction de ce que le client peut fournir. Parfois, nos clients ont simplement un circuit imprim\u00e9 pour lequel ils ont besoin d'un bo\u00eetier. Des clients sont venus nous voir \u00e0 diff\u00e9rents stades de leur processus de r\u00e9flexion. Cela va d'une \u00e9bauche rapide sur une serviette de table \u00e0 un dessin dimensionn\u00e9 tr\u00e8s sophistiqu\u00e9.<\/p>\n\n\n\n<p>Le point commun de tous nos clients est qu'ils sont \u00e0 la recherche d'une enceinte de conception personnalis\u00e9e. Ils ne connaissent peut-\u00eatre pas notre processus et veulent souvent savoir combien cela co\u00fbte. Les prix peuvent varier en fonction des quantit\u00e9s, de la complexit\u00e9 du design personnalis\u00e9 et de la marque. Mais Toolless offre une solution \u00e9conomique pour vos bo\u00eetiers personnalis\u00e9s, sans quantit\u00e9 minimale de commande. En fait, nous pouvons simplement r\u00e9aliser un prototype, ce qui peut vous aider \u00e0 tester votre march\u00e9 et \u00e0 anticiper vos besoins futurs. Vous pouvez \u00e9galement produire 5 ou 10 unit\u00e9s seulement. N'oubliez pas que l'investissement initial est faible : pas de quantit\u00e9 minimale de commande et pas de co\u00fbt d'outillage.<\/p>\n\n\n<div class=\"wp-block-image\">\n<figure class=\"alignleft size-large is-resized\"><img loading=\"lazy\" decoding=\"async\" width=\"79\" height=\"79\" src=\"https:\/\/toolless.com\/wp-content\/uploads\/2021\/05\/image-5.png\" alt=\"Enceinte sur mesure\" class=\"wp-image-1475\" style=\"width:79px;height:79px\"\/><\/figure>\n<\/div>\n\n\n<h3 class=\"gb-headline gb-headline-145e548d gb-headline-text\"><strong><br>3. LE CLIENT PASSE LE BON DE COMMANDE :<\/strong><\/h3>\n\n\n\n<p>Une fois le devis re\u00e7u, le client peut d\u00e9cider de passer une commande. Nous essayons de faciliter ce processus pour nos clients. En fait, nous traitons avec un grand nombre d'acteurs diff\u00e9rents : responsables des achats, cha\u00eenes d'approvisionnement, propri\u00e9taires d'entreprises, voire une personne r\u00e9alisant son propre projet dans son garage. Une carte de cr\u00e9dit suffit pour d\u00e9clencher la construction d'un prototype, et nous pouvons \u00e9valuer les conditions de production.<\/p>\n\n\n\n<p>Une fois la commande pass\u00e9e, nous la saisissons dans notre syst\u00e8me ERP, v\u00e9rifions minutieusement les quantit\u00e9s et les prix et la remettons \u00e0 nos concepteurs pour ce que nous appelons la \u201cr\u00e9impression\u201d. Toutes ces op\u00e9rations sont contr\u00f4l\u00e9es conform\u00e9ment \u00e0 notre syst\u00e8me de gestion de la qualit\u00e9.<\/p>\n\n\n\n<p>La phase de prototypage n\u00e9cessite un certain nombre d'allers-retours entre nos clients et nos concepteurs. Il s'agit de notre proc\u00e9dure d'envoi d'un ensemble complet de mod\u00e8les 3D \u00e0 nos clients pour approbation. Il peut s'\u00e9couler quelques jours avant que vous ne receviez un mod\u00e8le 3D, mais sachez que nos concepteurs y travaillent.<\/p>\n\n\n\n<p>2 sc\u00e9narios de cas viennent avec les sorties d'une s\u00e9rie de production.<\/p>\n\n\n\n<ul class=\"wp-block-list\">\n<li>Validation avec modification : Dans ce cas, les concepteurs doivent approuver une modification avant de confier le voyageur de commerce \u00e0 l'atelier.<\/li>\n\n\n\n<li>Lancement sans modification : Le voyageur de commerce est simplement r\u00e9imprim\u00e9 en mettant en \u0153uvre la commande client en cons\u00e9quence.<\/li>\n<\/ul>\n\n\n<div class=\"wp-block-image\">\n<figure class=\"alignleft size-large\"><img loading=\"lazy\" decoding=\"async\" width=\"82\" height=\"82\" src=\"https:\/\/toolless.com\/wp-content\/uploads\/2021\/05\/image-6.png\" alt=\"Enceinte sur mesure\" class=\"wp-image-1478\"\/><\/figure>\n<\/div>\n\n\n<h3 class=\"gb-headline gb-headline-fc40f8a9 gb-headline-text\"><strong>4.<\/strong> <strong>LA PRODUCTION D'UN PROTOTYPE OU DE PLUSIEURS UNIT\u00c9S :<\/strong><\/h3>\n\n\n\n<p>Conform\u00e9ment \u00e0 ce qui suit <a href=\"https:\/\/toolless.com\/fr\/processus-de-fabrication-denceintes-en-plastique\/\" target=\"_blank\" rel=\"noreferrer noopener\">page<\/a>, Cependant, nous avons mis en place un processus en 10 \u00e9tapes pour r\u00e9pondre \u00e0 votre commande. Ce processus comprend le fraisage (machine CNC), le sciage (table de sciage), le facettage (chanfrein, arrondi), le cintrage, l'impression (imprimante num\u00e9rique), l'assemblage et l'exp\u00e9dition.<\/p>\n\n\n\n<h4 class=\"gb-headline gb-headline-ee426ab5 gb-headline-text\">Machines CNC<\/h4>\n\n\n\n<p>Nous disposons de 7 machines CNC que nous utilisons pour fraiser le plastique afin de lui donner sa premi\u00e8re forme. Le fraisage permet \u00e9galement de d\u00e9couper des trous, des trous d'injection, des fentes, des fentes d'a\u00e9ration et d'autres caract\u00e9ristiques propres au fraisage CNC. C'est la proc\u00e9dure la plus cruciale, et parfois la plus longue.<\/p>\n\n\n\n<h4 class=\"gb-headline gb-headline-5f95c1a9 gb-headline-text\">Tables de sciage<\/h4>\n\n\n\n<p>Nous disposons de trois tables de sciage. La scie est un proc\u00e9d\u00e9 Toolless unique. Nous avons remarqu\u00e9 que nous pouvions acc\u00e9l\u00e9rer la production en utilisant des lames de scie au lieu des fraises en bout de la CNC. Nous passons g\u00e9n\u00e9ralement de 10 mm\/s \u00e0 33 mm\/s, ce qui acc\u00e9l\u00e8re consid\u00e9rablement notre temps de production. Comme pour la CNC, les lames de scie sont de formes et d'\u00e9paisseurs diff\u00e9rentes, ce qui permet des fonctions multiples. <\/p>\n\n\n\n<h4 class=\"gb-headline gb-headline-82712f8f gb-headline-text\">Machines \u00e0 facettes<\/h4>\n\n\n\n<p>Nos machines \u00e0 deux facteurs utilisent une combinaison de fraisage et de sciage CNC. Il s'agit \u00e9galement d'un processus unique permettant d'acc\u00e9l\u00e9rer certains arrondis et chanfreins qui pourraient prendre du temps sur la CNC et qui nous obligent \u00e0 retourner la pi\u00e8ce. La qualit\u00e9 est \u00e9galement meilleure sur les machines \u00e0 facettes et il y a moins de d\u00e9calage que sur les machines \u00e0 commande num\u00e9rique.<\/p>\n\n\n\n<h4 class=\"gb-headline gb-headline-d3faf727 gb-headline-text\">Pliage<\/h4>\n\n\n\n<p>Pendant longtemps, nous avons utilis\u00e9 une vieille cintreuse provenant de France. R\u00e9cemment, nous nous sommes \u00e9quip\u00e9s de machines beaucoup plus puissantes et nous avons l'intention d'en acheter deux autres pour remplacer l'ancienne. Nous disposons actuellement de quatre cintreuses.<\/p>\n\n\n\n<h4 class=\"gb-headline gb-headline-19b93597 gb-headline-text\">Impression<\/h4>\n\n\n\n<p>Nous utilisons une imprimante UV europ\u00e9enne qui polym\u00e9rise l'encre sur le plastique. Rapide, efficace et sans effort. Le grand lit de l'imprimante permet d'imprimer plusieurs pi\u00e8ces \u00e0 la fois.<\/p>\n\n\n\n<h4 class=\"gb-headline gb-headline-94ff8f26 gb-headline-text\">Assembl\u00e9e<\/h4>\n\n\n\n<p>Parfois appel\u00e9 <em>collage<\/em>, L'assemblage est notre principal processus, qui doit \u00eatre contr\u00f4l\u00e9 et suivre des proc\u00e9dures strictes afin d'obtenir un produit de qualit\u00e9. L'assemblage est notre principal processus, qui doit \u00eatre contr\u00f4l\u00e9 et suivre des proc\u00e9dures strictes pour obtenir un produit de qualit\u00e9. C'est ici que le puzzle prend forme. Toutes les pi\u00e8ces sont stock\u00e9es dans une zone sp\u00e9cifique et c'est l\u00e0 que nous construisons le puzzle. Nous commen\u00e7ons par une unit\u00e9 de configuration qui est approuv\u00e9e par notre \u00e9quipe de conception. Nous avons la capacit\u00e9 de fabriquer une large gamme de bo\u00eetiers, de 5 \u00e0 des milliers.<\/p>\n\n\n\n<h4 class=\"gb-headline gb-headline-a70d7ef8 gb-headline-text\">Exp\u00e9dition \/ Inspection<\/h4>\n\n\n\n<p>Conform\u00e9ment \u00e0 notre syst\u00e8me de gestion de la qualit\u00e9, ce secteur est l'un des plus importants. En suivant \u00e9galement des proc\u00e9dures sp\u00e9cifiques d'emballage et d'inspection, nous pouvons exp\u00e9dier jusqu'\u00e0 1000 unit\u00e9s par jour.<\/p>\n\n\n<div class=\"wp-block-image\">\n<figure class=\"alignleft size-large\"><img loading=\"lazy\" decoding=\"async\" width=\"96\" height=\"96\" src=\"https:\/\/toolless.com\/wp-content\/uploads\/2020\/12\/image-2.png\" alt=\"Enceinte sur mesure\" class=\"wp-image-1317\"\/><\/figure>\n<\/div>\n\n\n<h3 class=\"gb-headline gb-headline-fd9df563 gb-headline-text\"><strong>5. D\u00c9LAI D'EX\u00c9CUTION\/ PI\u00c8CES \u00c0 QUAI<\/strong><\/h3>\n\n\n\n<p>Une ligne directrice g\u00e9n\u00e9rale pour l'exp\u00e9dition de l'ETA est la suivante :<\/p>\n\n\n\n<ul class=\"wp-block-list\">\n<li>Prototype : Entre 5 jours et 3 semaines en fonction de la complexit\u00e9 et de la disponibilit\u00e9 des concepteurs.<\/li>\n\n\n\n<li>D\u00e9lai de production : entre 3 et 6 semaines en fonction de la capacit\u00e9 de chargement au moment de la commande.<\/li>\n<\/ul>\n\n\n\n<p>Il s'agit l\u00e0 d'une simple indication. En r\u00e9alit\u00e9, nous pouvons r\u00e9aliser un prototype en moins de 5 jours, surtout s'il s'agit d'un salon professionnel. Toolless est une entreprise avec laquelle il est facile de travailler. Nos d\u00e9lais de livraison sont les v\u00f4tres et nous essayons d'\u00eatre flexibles et de nous arranger pour respecter vos d\u00e9lais.<\/p>\n\n\n\n<h2 class=\"gb-headline gb-headline-cddad9d5 gb-headline-text\">TOOLLESS, TOUJOURS AVEC UNE LONGUEUR D'AVANCE.<br><\/h2>\n\n\n\n<p class=\"has-text-align-center\" style=\"font-size:11px\">Suivez-nous sur <a href=\"https:\/\/twitter.com\/toollesss\">Twitter<\/a><\/p>","protected":false},"excerpt":{"rendered":"<p>Design Services for your Custom Design Enclosure Project With Toolless Plastic Solutions, getting your custom design enclosure is smooth and effortless. Your project is in good hands with over 25 years of experience from our team. We can divide the process into 5 main steps: Project, Quoting, Ordering, Production, and Arrival. Follow the cogs of &#8230; <\/p>\n<p class=\"read-more-container\"><a title=\"Processus de conception personnalis\u00e9e des bo\u00eetiers Toolless\" class=\"read-more button\" href=\"https:\/\/toolless.com\/fr\/custom-design-enclosure\/#more-1469\" aria-label=\"Plus sur Toolless Custom Design Enclosure Process\">Lire plus<\/a><\/p>","protected":false},"author":4,"featured_media":0,"parent":0,"menu_order":0,"comment_status":"closed","ping_status":"closed","template":"","meta":{"_acf_changed":false,"_seopress_robots_primary_cat":"","_seopress_titles_title":"Custom Design Enclosure Process at Toolless Plastic Solutions","_seopress_titles_desc":"Toolless Plastic Solutions is able to provide you with a custom design enclosure to meet your needs. Contact us today! 425-493-1123","_seopress_robots_index":"","pgc_sgb_lightbox_settings":"","iawp_total_views":0,"footnotes":""},"page_categories":[],"class_list":{"0":"post-1469","1":"page","2":"type-page","3":"status-publish","5":"infinite-scroll-item"},"acf":[],"_links":{"self":[{"href":"https:\/\/toolless.com\/fr\/wp-json\/wp\/v2\/pages\/1469","targetHints":{"allow":["GET"]}}],"collection":[{"href":"https:\/\/toolless.com\/fr\/wp-json\/wp\/v2\/pages"}],"about":[{"href":"https:\/\/toolless.com\/fr\/wp-json\/wp\/v2\/types\/page"}],"author":[{"embeddable":true,"href":"https:\/\/toolless.com\/fr\/wp-json\/wp\/v2\/users\/4"}],"replies":[{"embeddable":true,"href":"https:\/\/toolless.com\/fr\/wp-json\/wp\/v2\/comments?post=1469"}],"version-history":[{"count":24,"href":"https:\/\/toolless.com\/fr\/wp-json\/wp\/v2\/pages\/1469\/revisions"}],"predecessor-version":[{"id":2956,"href":"https:\/\/toolless.com\/fr\/wp-json\/wp\/v2\/pages\/1469\/revisions\/2956"}],"wp:attachment":[{"href":"https:\/\/toolless.com\/fr\/wp-json\/wp\/v2\/media?parent=1469"}],"wp:term":[{"taxonomy":"page_categories","embeddable":true,"href":"https:\/\/toolless.com\/fr\/wp-json\/wp\/v2\/page_categories?post=1469"}],"curies":[{"name":"wp","href":"https:\/\/api.w.org\/{rel}","templated":true}]}}