{"id":13,"date":"2020-04-17T21:11:40","date_gmt":"2020-04-17T21:11:40","guid":{"rendered":"http:\/\/toolless.ed-webdesigns.com\/?page_id=13"},"modified":"2025-01-23T17:50:33","modified_gmt":"2025-01-23T17:50:33","slug":"boitiers-en-plastique-standard","status":"publish","type":"page","link":"https:\/\/toolless.com\/fr\/standard-plastic-enclosures\/","title":{"rendered":"Bo\u00eetiers en plastique standard"},"content":{"rendered":"<div class=\"wp-block-group\"><div class=\"wp-block-group__inner-container is-layout-flow wp-block-group-is-layout-flow\">\n<p>Chez Toolless Plastic Solutions, nous sommes sp\u00e9cialis\u00e9s dans la fabrication et la conception de bo\u00eetiers en plastique standard et sur mesure.<\/p>\n\n\n\n<p>Nous cr\u00e9ons diff\u00e9rents types de bo\u00eetiers en plastique, des plus petits et des plus simples aux plus grands et aux plus complexes. Avec plus de 14 ans d'exp\u00e9rience dans la fabrication selon le proc\u00e9d\u00e9 Toolless, nous avons les connaissances et l'exp\u00e9rience n\u00e9cessaires pour fournir des bo\u00eetiers en plastique standard qui r\u00e9pondent aux attentes des clients et les d\u00e9passent.<\/p>\n\n\n\n<p>Afin de r\u00e9pondre aux budgets et aux contraintes de temps de nos clients, Toolless a cr\u00e9\u00e9 une gamme de designs \u201cajustables\u201d pr\u00e9existants pour les bo\u00eetiers plastiques standards.<\/p>\n\n\n\n<p>Ces bo\u00eetiers en plastique standard ont un d\u00e9lai de livraison court, sont rentables et ajustables en taille avec des d\u00e9coupes ou d'autres caract\u00e9ristiques (bossages, fen\u00eatres acryliques, inserts, etc...). Ils sont \u00e9galement faciles \u00e0 assembler gr\u00e2ce \u00e0 un syst\u00e8me d'encliquetage unique.<\/p>\n\n\n\n<h2 class=\"wp-block-heading has-text-align-center\">2 Types de bo\u00eetiers plastiques standard<\/h2>\n<\/div><\/div>\n\n\n<div class=\"gb-grid-wrapper gb-grid-wrapper-6162a29c\">\n<div class=\"gb-grid-column gb-grid-column-cbfdc9fd\"><div class=\"gb-container gb-container-cbfdc9fd\"><div class=\"gb-inside-container\">\n<div class=\"product-boxes\"><p><img decoding=\"async\" alt=\"\" src=\"https:\/\/toolless.com\/wp-content\/uploads\/2020\/04\/Raspberry-Pi-Custom-Enclosure-1-Exploded-vsm-700-N.jpg\" border=\"0\"><\/p><h2>BO\u00ceTIER DE LA BO\u00ceTE C<\/h2><ul>\n<li>Pas de co\u00fbt d'outillage<\/li>\n<li>Construction en 2 pi\u00e8ces<\/li>\n<li>Bo\u00eetier le plus \u00e9conomique<\/li>\n<li>Polyvalence des mat\u00e9riaux et des options d'impression<\/li>\n<li>Montage du circuit imprim\u00e9 par bossages ou rainures<\/li>\n<li>Assemblage par embo\u00eetement<\/li>\n<li>Peut \u00eatre coll\u00e9 au solvant<\/li>\n<li>Adaptation rapide \u00e0 la production<\/li>\n<li><a class=\"button\" href=\"\/fr\/c-box-enceinte-en-plastique\/\">En savoir plus<\/a><\/li>\n<\/ul>\n<\/div>\n\n\n<p><strong>Le bo\u00eetier C Box<\/strong>&nbsp;est une conception simple en 2 pi\u00e8ces. Il s'agit d'un bo\u00eetier pr\u00eat \u00e0 l'emploi pour votre application. C'est la solution id\u00e9ale pour les clients qui ont besoin d'un bo\u00eetier rapide et facile \u00e0 assembler \u00e0 un prix abordable.<\/p>\n\n\n\n<p>Envoyez-nous votre dessin ou votre fichier CAO et nous cr\u00e9erons rapidement un dessin de bo\u00eetier C et un devis pour vos besoins.&nbsp;<\/p>\n\n<\/div><\/div><\/div>\n\n<div class=\"gb-grid-column gb-grid-column-0b3dc14f\"><div class=\"gb-container gb-container-0b3dc14f\"><div class=\"gb-inside-container\">\n<div class=\"product-boxes\"><p><img decoding=\"async\" alt=\"\" src=\"https:\/\/toolless.com\/wp-content\/uploads\/2020\/05\/2D-Design.jpg\" border=\"0\"><\/p><h2>Bo\u00eetier en U<\/h2><ul>\n<li>Pas de co\u00fbt d'outillage<\/li>\n<li>Construction en 4 pi\u00e8ces<\/li>\n<li>Des composants con\u00e7us pour minimiser les co\u00fbts<\/li>\n<li>Assemblage par embo\u00eetement<\/li>\n<li>Coll\u00e9 au solvant<\/li>\n<li>Circuit imprim\u00e9 mont\u00e9 par l'interm\u00e9diaire de bossages<\/li>\n<li>En option Montage par rainures<\/li>\n<li>Adaptation rapide \u00e0 la production<\/li>\n<li><a class=\"button\" href=\"\/fr\/boitier-u\/\">En savoir plus<\/a><\/li>\n<\/ul>\n<\/div>\n\n\n<p><strong>Le bo\u00eetier U Box<\/strong>&nbsp;est un bo\u00eetier pr\u00eat \u00e0 l'emploi pour votre application. Ce mod\u00e8le classique \u00e0 4 pi\u00e8ces peut \u00eatre facilement adapt\u00e9 \u00e0 vos besoins.<\/p>\n\n\n\n<p>Avec vos sp\u00e9cifications \u00e9lectroniques et la configuration des ports, nous pouvons rapidement pr\u00e9parer votre conception et votre devis. Pour commencer, cliquez sur le bouton de demande de devis ci-dessous.<\/p>\n\n<\/div><\/div><\/div>\n<\/div>\n\n<div class=\"gb-button-wrapper gb-button-wrapper-bea5d151\">\n\n<a class=\"gb-button gb-button-816ab9d5 gb-button-text button\" href=\"\/fr\/demande-de-devis\/\">Demande de devis<\/a>\n\n<\/div>\n\n<div class=\"gb-grid-wrapper gb-grid-wrapper-f93a99fb\">\n<div class=\"gb-grid-column gb-grid-column-988e6a19\"><div class=\"gb-container gb-container-988e6a19\"><div class=\"gb-inside-container\">\n\n<h3 class=\"wp-block-heading has-text-align-center\"><a href=\"\/fr\/boitiers-en-plastique-acrylique\/\">Bo\u00eetiers en plastique acrylique<\/a><\/h3>\n\n\n<div class=\"wp-block-image\">\n<figure class=\"aligncenter size-large is-resized\"><img loading=\"lazy\" decoding=\"async\" width=\"200\" height=\"146\" src=\"https:\/\/toolless.com\/wp-content\/uploads\/2020\/04\/Acrylic-1.png\" alt=\"\" class=\"wp-image-210\" style=\"width:122px;height:89px\"\/><\/figure>\n<\/div>\n\n\n<hr class=\"wp-block-separator has-text-color has-css-opacity has-background is-style-wide\" style=\"background-color:#ffffff;color:#ffffff\"\/>\n\n\n\n<p>Qu'il s'agisse de vitrines d'exposition, de conceptions pour les salons professionnels ou simplement d'un bo\u00eetier transparent, chez Toolless, nos bo\u00eetiers en plastique acrylique sont in\u00e9gal\u00e9s.<\/p>\n\n\n\n<p>Nous fabriquons un bo\u00eetier en acrylique qui est l\u00e9ger pour le portefeuille, mais lourd pour la pr\u00e9sentation.<\/p>\n\n<\/div><\/div><\/div>\n\n<div class=\"gb-grid-column gb-grid-column-94fa13cc\"><div class=\"gb-container gb-container-94fa13cc\"><div class=\"gb-inside-container\">\n\n<h3 class=\"wp-block-heading has-text-align-center\"><a href=\"\/fr\/boitiers-electroniques\/\">Bo\u00eetiers \u00e9lectroniques<\/a><\/h3>\n\n\n<div class=\"wp-block-image\">\n<figure class=\"aligncenter size-large is-resized\"><a href=\"https:\/\/toolless.com\/fr\/electronic-enclosures.aspx\/\"><img loading=\"lazy\" decoding=\"async\" width=\"200\" height=\"129\" src=\"https:\/\/toolless.com\/wp-content\/uploads\/2020\/04\/EC10-7.png\" alt=\"\" class=\"wp-image-211\" style=\"width:137px;height:89px\"\/><\/a><\/figure>\n<\/div>\n\n\n<hr class=\"wp-block-separator has-text-color has-css-opacity has-background is-style-wide\" style=\"background-color:#ffffff;color:#ffffff\"\/>\n\n\n\n<p>Quels que soient vos appareils \u00e9lectroniques, la mani\u00e8re dont vous voulez les monter ou le type de bo\u00eetier en plastique que vous souhaitez, Toolless a ce qu'il vous faut.<\/p>\n\n\n\n<p>Des supports de circuits imprim\u00e9s aux ports, nous faisons de votre conception une r\u00e9alit\u00e9 en travaillant en \u00e9troite collaboration avec vous sur un bo\u00eetier en plastique qui abrite parfaitement votre \u00e9lectronique.<\/p>\n\n<\/div><\/div><\/div>\n\n<div class=\"gb-grid-column gb-grid-column-9b8cb1b9\"><div class=\"gb-container gb-container-9b8cb1b9\"><div class=\"gb-inside-container\">\n\n<h3 class=\"wp-block-heading\"><a href=\"\/fr\/boitiers-en-plastique-abs\/\">Bo\u00eetiers en plastique ABS<\/a><\/h3>\n\n\n<div class=\"wp-block-image\">\n<figure class=\"aligncenter size-large is-resized\"><a href=\"https:\/\/toolless.com\/fr\/abs-plastic-enclosures.aspx\/\"><img loading=\"lazy\" decoding=\"async\" width=\"200\" height=\"127\" src=\"https:\/\/toolless.com\/wp-content\/uploads\/2020\/04\/EC10-8.png\" alt=\"\" class=\"wp-image-212\" style=\"width:142px;height:90px\"\/><\/a><\/figure>\n<\/div>\n\n\n<hr class=\"wp-block-separator has-text-color has-css-opacity has-background is-style-wide\" style=\"background-color:#ffffff;color:#ffffff\"\/>\n\n\n\n<p>L'ABS est un mat\u00e9riau id\u00e9al pour les bo\u00eetiers en plastique. Il est durable, l\u00e9ger, abordable et facile \u00e0 travailler. Nous sommes sp\u00e9cialis\u00e9s dans l'obtention de mat\u00e9riaux ABS qui r\u00e9pondent aux besoins de nos clients et qui s'int\u00e8grent \u00e0 leur design.<\/p>\n\n\n\n<p>Quelle que soit la couleur ou la finition, nous trouverons un plastique ABS pour votre projet.<\/p>\n\n<\/div><\/div><\/div>\n<\/div>\n\n\n<p>Veuillez consulter le reste de notre site pour&nbsp;<a href=\"\/fr\/galerie-des-fermetures\/\">regardez les enceintes en plastique que nous avons cr\u00e9\u00e9es au fil des ans<\/a>&nbsp;pour en savoir plus sur le processus de fabrication Toolless.<\/p>","protected":false},"excerpt":{"rendered":"<p>Chez Toolless Plastic Solutions, nous sommes sp\u00e9cialis\u00e9s dans la fabrication et la conception de bo\u00eetiers en plastique standard et sur mesure. Nous cr\u00e9ons diff\u00e9rents types de bo\u00eetiers en plastique, des plus petits et simples aux plus grands et complexes. Avec plus de 14 ans de fabrication selon le proc\u00e9d\u00e9 Toolless, nous avons les connaissances et l'exp\u00e9rience n\u00e9cessaires pour fournir des bo\u00eetiers en plastique standard qui ... <\/p>\n<p class=\"read-more-container\"><a title=\"Bo\u00eetiers en plastique standard\" class=\"read-more button\" href=\"https:\/\/toolless.com\/fr\/standard-plastic-enclosures\/#more-13\" aria-label=\"Plus sur Standard Plastic Enclosures\">Lire plus<\/a><\/p>","protected":false},"author":1,"featured_media":140,"parent":0,"menu_order":0,"comment_status":"closed","ping_status":"closed","template":"","meta":{"_acf_changed":false,"_seopress_robots_primary_cat":"","_seopress_titles_title":"Affordable Custom & Standard Plastic Enclosures | Toolless","_seopress_titles_desc":"Discover cost-effective, adjustable standard plastic enclosures with quick lead times. Perfect for any project with snap-together assembly. Request a quote now!","_seopress_robots_index":"","pgc_sgb_lightbox_settings":"","iawp_total_views":0,"footnotes":""},"page_categories":[3],"class_list":{"0":"post-13","1":"page","2":"type-page","3":"status-publish","4":"has-post-thumbnail","6":"page_categories-standard-enclosures","7":"infinite-scroll-item"},"acf":[],"_links":{"self":[{"href":"https:\/\/toolless.com\/fr\/wp-json\/wp\/v2\/pages\/13","targetHints":{"allow":["GET"]}}],"collection":[{"href":"https:\/\/toolless.com\/fr\/wp-json\/wp\/v2\/pages"}],"about":[{"href":"https:\/\/toolless.com\/fr\/wp-json\/wp\/v2\/types\/page"}],"author":[{"embeddable":true,"href":"https:\/\/toolless.com\/fr\/wp-json\/wp\/v2\/users\/1"}],"replies":[{"embeddable":true,"href":"https:\/\/toolless.com\/fr\/wp-json\/wp\/v2\/comments?post=13"}],"version-history":[{"count":20,"href":"https:\/\/toolless.com\/fr\/wp-json\/wp\/v2\/pages\/13\/revisions"}],"predecessor-version":[{"id":2950,"href":"https:\/\/toolless.com\/fr\/wp-json\/wp\/v2\/pages\/13\/revisions\/2950"}],"wp:featuredmedia":[{"embeddable":true,"href":"https:\/\/toolless.com\/fr\/wp-json\/wp\/v2\/media\/140"}],"wp:attachment":[{"href":"https:\/\/toolless.com\/fr\/wp-json\/wp\/v2\/media?parent=13"}],"wp:term":[{"taxonomy":"page_categories","embeddable":true,"href":"https:\/\/toolless.com\/fr\/wp-json\/wp\/v2\/page_categories?post=13"}],"curies":[{"name":"wp","href":"https:\/\/api.w.org\/{rel}","templated":true}]}}