{"id":1020,"date":"2020-04-29T21:45:30","date_gmt":"2020-04-29T21:45:30","guid":{"rendered":"http:\/\/toolless.ed-webdesigns.com\/?page_id=1020"},"modified":"2020-05-01T18:04:17","modified_gmt":"2020-05-01T18:04:17","slug":"tolerances-et-repetabilite","status":"publish","type":"page","link":"https:\/\/toolless.com\/fr\/plastic-enclosure-manufacturing-process\/tolerances-and-repeatability\/","title":{"rendered":"Tol\u00e9rances et r\u00e9p\u00e9tabilit\u00e9"},"content":{"rendered":"<p><strong>Tol\u00e9rances d'usinage<\/strong>&nbsp;<\/p>\n\n\n\n<p>-Toutes les pi\u00e8ces sont con\u00e7ues comme des mod\u00e8les plats&nbsp;<\/p>\n\n\n\n<p>Nous essayons de n'usiner qu'un seul c\u00f4t\u00e9 - l'usinage du c\u00f4t\u00e9 oppos\u00e9 double la main-d'\u0153uvre n\u00e9cessaire par pi\u00e8ce.   -Les languettes et les rainures peuvent \u00eatre ajout\u00e9es \u00e0 l'aide d'une scie ou d'une d\u00e9fonceuse de table.   -Gabarit ; d\u00e9composer la pi\u00e8ce, la d\u00e9poser dans le gabarit pour l'usinage du c\u00f4t\u00e9 oppos\u00e9.<\/p>\n\n\n\n<p>&nbsp;-+\/- tol\u00e9rance de +\/- 0,2 mm pour le gabarit - tol\u00e9rance de +\/- 0,4 mm entre les caract\u00e9ristiques du verso et celles du recto&nbsp;<\/p>\n\n\n\n<p>-Concept de coupe unique - Rapide et facile&nbsp;&nbsp;&nbsp;<\/p>\n\n\n\n<p> -2 mm, simple cannelure, fraises en carbure utilis\u00e9es 95% du moment&nbsp;&nbsp; <br>-Egalement des fraises de 3 mm et 6 mm&nbsp;&nbsp; <br>-D\u00e9fonceuses CNC tr\u00e8s rapides <br>- optimis\u00e9 pour la vitesse, compromis pour la rigidit\u00e9 et la pr\u00e9cision&nbsp;&nbsp; <br>-Ne pr\u00e9tendez pas \u00eatre un centre d'usinage !&nbsp;&nbsp; <br>-Une personne fait fonctionner jusqu'\u00e0 10 machines ; pas de changement d'outil, pas de remise \u00e0 z\u00e9ro des fraises.&nbsp;&nbsp;<br> -Produit moyen compos\u00e9 de 8 pi\u00e8ces et de 2 \u00e9paisseurs&nbsp;&nbsp; <br>-Changement de feuille et pr\u00e9paration de la nouvelle pi\u00e8ce en 30 secondes&nbsp;&nbsp; <br>-Changement de feuille et mise en place d'un nouveau projet en 45 secondes<\/p>\n\n\n\n<p>&nbsp;-Languette : 1,8 mm de large x 1 mm de profondeur Rainure : 2 mm de large x 1,2 mm de profondeur<\/p>\n\n\n\n<p>-Ne pas mod\u00e9liser\/CAD\/concevoir en cas de collage au solvant par Tool-Less&nbsp;<\/p>\n\n\n\n<p>-Tol\u00e9rance :  +\/- 0,2 mm (0,008\u201d)&nbsp;<\/p>\n\n\n\n<p>-Csk ajout\u00e9 en postop\u00e9ration ou usin\u00e9 \u00e0 la fraiseuse CNC.&nbsp;<\/p>\n\n\n\n<p>-Les pi\u00e8ces ne sont pas d\u00e9mont\u00e9es tant que le processus d'usinage n'est pas termin\u00e9 - aucune manipulation de pi\u00e8ces individuelles n'est effectu\u00e9e avant que cela ne soit absolument n\u00e9cessaire.&nbsp;<\/p>\n\n\n\n<p>-Le solin est con\u00e7u pour fournir des points de fixation rigides pendant l'usinage et est facilement d\u00e9montable apr\u00e8s l'op\u00e9ration.<\/p>","protected":false},"excerpt":{"rendered":"<p>Machining Tolerances&nbsp; \u2022All parts are designed as flat patterns&nbsp; \u2022We try to machine only one side \u2013 opposite side machining doubles labor required per piece.&nbsp;&nbsp; \u2013Tongues &amp; grooves may be added with a saw or table router.&nbsp;&nbsp; \u2013Template; break out part, drop into template for opposite side machining &nbsp;\u2022+\/- .2 mm tolerance for template&nbsp;\u2022+\/- .4 &#8230; <\/p>\n<p class=\"read-more-container\"><a title=\"Tol\u00e9rances et r\u00e9p\u00e9tabilit\u00e9\" class=\"read-more button\" href=\"https:\/\/toolless.com\/fr\/plastic-enclosure-manufacturing-process\/tolerances-and-repeatability\/#more-1020\" aria-label=\"Plus sur Tolerances and Repeatability\">Lire plus<\/a><\/p>","protected":false},"author":1,"featured_media":997,"parent":58,"menu_order":0,"comment_status":"closed","ping_status":"closed","template":"","meta":{"_acf_changed":false,"_seopress_robots_primary_cat":"0","_seopress_titles_title":"Precision Machining Tolerances for Efficient Flat Patterns","_seopress_titles_desc":"Machining Tolerances. All parts designed as flat patterns. Try to machine only one side opposite side machining doubles labor per piece. Tongues","_seopress_robots_index":"","pgc_sgb_lightbox_settings":"","iawp_total_views":0,"footnotes":""},"page_categories":[],"class_list":{"0":"post-1020","1":"page","2":"type-page","3":"status-publish","4":"has-post-thumbnail","6":"infinite-scroll-item"},"acf":[],"_links":{"self":[{"href":"https:\/\/toolless.com\/fr\/wp-json\/wp\/v2\/pages\/1020","targetHints":{"allow":["GET"]}}],"collection":[{"href":"https:\/\/toolless.com\/fr\/wp-json\/wp\/v2\/pages"}],"about":[{"href":"https:\/\/toolless.com\/fr\/wp-json\/wp\/v2\/types\/page"}],"author":[{"embeddable":true,"href":"https:\/\/toolless.com\/fr\/wp-json\/wp\/v2\/users\/1"}],"replies":[{"embeddable":true,"href":"https:\/\/toolless.com\/fr\/wp-json\/wp\/v2\/comments?post=1020"}],"version-history":[{"count":2,"href":"https:\/\/toolless.com\/fr\/wp-json\/wp\/v2\/pages\/1020\/revisions"}],"predecessor-version":[{"id":1022,"href":"https:\/\/toolless.com\/fr\/wp-json\/wp\/v2\/pages\/1020\/revisions\/1022"}],"up":[{"embeddable":true,"href":"https:\/\/toolless.com\/fr\/wp-json\/wp\/v2\/pages\/58"}],"wp:featuredmedia":[{"embeddable":true,"href":"https:\/\/toolless.com\/fr\/wp-json\/wp\/v2\/media\/997"}],"wp:attachment":[{"href":"https:\/\/toolless.com\/fr\/wp-json\/wp\/v2\/media?parent=1020"}],"wp:term":[{"taxonomy":"page_categories","embeddable":true,"href":"https:\/\/toolless.com\/fr\/wp-json\/wp\/v2\/page_categories?post=1020"}],"curies":[{"name":"wp","href":"https:\/\/api.w.org\/{rel}","templated":true}]}}