{"id":1018,"date":"2020-04-29T21:42:11","date_gmt":"2020-04-29T21:42:11","guid":{"rendered":"http:\/\/toolless.ed-webdesigns.com\/?page_id=1018"},"modified":"2020-05-01T18:03:53","modified_gmt":"2020-05-01T18:03:53","slug":"matrice-technologique","status":"publish","type":"page","link":"https:\/\/toolless.com\/fr\/plastic-enclosure-manufacturing-process\/technology-matrix\/","title":{"rendered":"Matrice technologique"},"content":{"rendered":"<p>Toolless Plastic Solutions peut \u00eatre compar\u00e9e en termes de technologies \u00e0 d'autres industries telles que le moulage par injection ou le formage sous pression. La matrice technologique montre la force de Toolless :<\/p>\n\n\n\n<figure class=\"wp-block-table is-style-stripes\"><table><thead><tr><th><\/th><th>Toolless<\/th><th>Moulage par injection<\/th><th>formation sous pression<\/th><\/tr><\/thead><tbody><tr><td>NRE<\/td><td>Rapide<\/td><td>Lenteur<\/td><td>Lenteur<\/td><\/tr><tr><td>Autoriser la modification<\/td><td>Oui<\/td><td>Non<\/td><td>Non<\/td><\/tr><tr><td>Outillage<\/td><td>Non<\/td><td>Oui<\/td><td>Oui<\/td><\/tr><tr><td>Moulage<\/td><td>Non<\/td><td>Oui<\/td><td>Oui<\/td><\/tr><tr><td>Courbe<\/td><td>Oui<\/td><td>Oui<\/td><td>Oui<\/td><\/tr><tr><td>Pliage<\/td><td>Oui<\/td><td>Inconnu<\/td><td>Non<\/td><\/tr><tr><td>S\u00e9rigraphies<\/td><td>Oui<\/td><td>Inconnu<\/td><td>Inconnu<\/td><\/tr><tr><td>Qualit\u00e9<\/td><td>Haut<\/td><td>Haut<\/td><td>Moyen<\/td><\/tr><tr><td>CNC<\/td><td>Oui<\/td><td>Non<\/td><td>Non<\/td><\/tr><tr><td>Retournement<\/td><td>Rapide<\/td><td>Lenteur<\/td><td>Lenteur<\/td><\/tr><tr><td>Mod\u00e8les 3D<\/td><td>Oui<\/td><td>Inconnu<\/td><td>Inconnu<\/td><\/tr><tr><td>Peindre<\/td><td>Oui<\/td><td>Inconnu<\/td><td>Inconnu<\/td><\/tr><tr><td>Capacit\u00e9 d'assemblage<\/td><td>0 \u00e0 1000 pi\u00e8ces<\/td><td>0 \u00e0 1000 pi\u00e8ces<\/td><td>Plus de 1000<\/td><\/tr><\/tbody><\/table><\/figure>","protected":false},"excerpt":{"rendered":"<p>Toolless Plastic Solutions can be compare in term of technologies to others industry such as injection molding or pressure forming. The technology matrix show the strength of Toolless: Toolless Injection molding pressure forming NRE Fast Slow Slow Allow Modification Yes No No Tooling No Yes Yes Molding No Yes Yes Curve Yes Yes Yes Bending &#8230; <\/p>\n<p class=\"read-more-container\"><a title=\"Matrice technologique\" class=\"read-more button\" href=\"https:\/\/toolless.com\/fr\/plastic-enclosure-manufacturing-process\/technology-matrix\/#more-1018\" aria-label=\"Plus sur Technology Matrix\">Lire plus<\/a><\/p>","protected":false},"author":1,"featured_media":992,"parent":58,"menu_order":0,"comment_status":"closed","ping_status":"closed","template":"","meta":{"_acf_changed":false,"_seopress_robots_primary_cat":"0","_seopress_titles_title":"Comparing Toolless Solutions to Injection Molding &amp; More","_seopress_titles_desc":"Toolless Plastic Solutions can be compare in term of technologies to others industry such as injection molding or pressure forming. The technology","_seopress_robots_index":"","pgc_sgb_lightbox_settings":"","iawp_total_views":0,"footnotes":""},"page_categories":[],"class_list":{"0":"post-1018","1":"page","2":"type-page","3":"status-publish","4":"has-post-thumbnail","6":"infinite-scroll-item"},"acf":[],"_links":{"self":[{"href":"https:\/\/toolless.com\/fr\/wp-json\/wp\/v2\/pages\/1018","targetHints":{"allow":["GET"]}}],"collection":[{"href":"https:\/\/toolless.com\/fr\/wp-json\/wp\/v2\/pages"}],"about":[{"href":"https:\/\/toolless.com\/fr\/wp-json\/wp\/v2\/types\/page"}],"author":[{"embeddable":true,"href":"https:\/\/toolless.com\/fr\/wp-json\/wp\/v2\/users\/1"}],"replies":[{"embeddable":true,"href":"https:\/\/toolless.com\/fr\/wp-json\/wp\/v2\/comments?post=1018"}],"version-history":[{"count":4,"href":"https:\/\/toolless.com\/fr\/wp-json\/wp\/v2\/pages\/1018\/revisions"}],"predecessor-version":[{"id":1031,"href":"https:\/\/toolless.com\/fr\/wp-json\/wp\/v2\/pages\/1018\/revisions\/1031"}],"up":[{"embeddable":true,"href":"https:\/\/toolless.com\/fr\/wp-json\/wp\/v2\/pages\/58"}],"wp:featuredmedia":[{"embeddable":true,"href":"https:\/\/toolless.com\/fr\/wp-json\/wp\/v2\/media\/992"}],"wp:attachment":[{"href":"https:\/\/toolless.com\/fr\/wp-json\/wp\/v2\/media?parent=1018"}],"wp:term":[{"taxonomy":"page_categories","embeddable":true,"href":"https:\/\/toolless.com\/fr\/wp-json\/wp\/v2\/page_categories?post=1018"}],"curies":[{"name":"wp","href":"https:\/\/api.w.org\/{rel}","templated":true}]}}