{"id":1016,"date":"2020-04-29T21:40:12","date_gmt":"2020-04-29T21:40:12","guid":{"rendered":"http:\/\/toolless.ed-webdesigns.com\/?page_id=1016"},"modified":"2020-05-01T18:03:27","modified_gmt":"2020-05-01T18:03:27","slug":"sans-outillage-vs-moulage-par-injection-formage-sous-vide","status":"publish","type":"page","link":"https:\/\/toolless.com\/fr\/plastic-enclosure-manufacturing-process\/toolless-vs-injection-molding-vacuum-forming\/","title":{"rendered":"Toolless vs Injection Molding\/Vacuum Forming"},"content":{"rendered":"<p>Tout d'abord, Toolless ne n\u00e9cessite pas l'achat d'outils, de moules ou de gabarits pour fabriquer votre bo\u00eetier plastique personnalis\u00e9, il est donc tr\u00e8s difficile de comparer ces deux technologies.<\/p>\n\n\n\n<p>La question est plut\u00f4t de savoir quelles sont vos pr\u00e9visions pour votre enceinte sur une p\u00e9riode de 3 \u00e0 5 ans. Pensez-vous produire moins d'une centaine, des centaines, des milliers ou des centaines de milliers d'unit\u00e9s ? La plupart de nos clients ne savent pas vraiment quel sera leur volume et c'est l\u00e0 que Toolless les aide dans leur d\u00e9marche. Nous pouvons concevoir et fabriquer des bo\u00eetiers en plastique depuis le prototypage jusqu'\u00e0 des milliers d'unit\u00e9s en fonction de la complexit\u00e9, sans co\u00fbts de moules.<\/p>\n\n\n\n<h4 class=\"wp-block-heading\">Ing\u00e9nierie :&nbsp;<\/h4>\n\n\n\n<p>Notre \u00e9quipe d'ing\u00e9nieurs est form\u00e9e au processus et vous guidera \u00e0 travers la technologie gr\u00e2ce \u00e0 son exp\u00e9rience et \u00e0 ses connaissances en mati\u00e8re d'usinage, d'assemblage et d'expertise en conception.   L'achat d'un prototype comprend un ensemble complet de dessins en 3D qui vous sont soumis pour approbation avant la fabrication du prototype.  Les dessins vous fournissent un exemple visuel de l'enceinte \u00e0 analyser avant la production pour \u00e9viter les erreurs.  La conception, telle qu'elle est pr\u00e9sent\u00e9e, vous appartient et ne peut \u00eatre vendue telle quelle \u00e0 d'autres clients.<\/p>\n\n\n\n<h4 class=\"wp-block-heading\">Co\u00fbt du prototype : &nbsp;<\/h4>\n\n\n\n<p>Nos bo\u00eetiers en plastique sont enti\u00e8rement fabriqu\u00e9s sur mesure, sans moule ni outillage. Cependant, les technologies ne sont pas vraiment comparables en termes de processus ou de prix. Si nous devions tenter de les comparer, un bo\u00eetier sans outillage d'environ 8\u201d x 5\u201d x 2\u201d co\u00fbterait environ $500.00.  Un bo\u00eetier moul\u00e9 de m\u00eames dimensions et sp\u00e9cifications co\u00fbterait plusieurs milliers de dollars en raison des d\u00e9penses li\u00e9es \u00e0 l'achat du moule et de l'outillage n\u00e9cessaires.<\/p>\n\n\n\n<h4 class=\"wp-block-heading\">D\u00e9lai d'ex\u00e9cution : &nbsp;<\/h4>\n\n\n\n<p>Chez Toolless, le d\u00e9lai d'ex\u00e9cution typique varie de 5 jours \u00e0 3 semaines en fonction de la complexit\u00e9 du bo\u00eetier.   Le moulage par injection n\u00e9cessite un d\u00e9lai minimum de 8 semaines pour cr\u00e9er et normaliser le moule en fonction de la taille du bo\u00eetier.<\/p>\n\n\n\n<h4 class=\"wp-block-heading\">R\u00e9p\u00e9tabilit\u00e9 \/ Production \/ Production de masse :<\/h4>\n\n\n\n<p>Chez Toolless, nous disposons d'un programme de commandes globales pour des quantit\u00e9s allant de 100 \u00e0 des milliers d'unit\u00e9s, ce qui vous permet d'obtenir des prix de volume sans risquer de maintenir des stocks. Le moulage par injection et le formage sous vide offrent des possibilit\u00e9s de production de masse pour des milliers d'unit\u00e9s, mais deviennent tr\u00e8s co\u00fbteux et difficiles pour des commandes inf\u00e9rieures \u00e0 mille unit\u00e9s. Le syst\u00e8me de commande globale n'est pas vraiment adapt\u00e9 \u00e0 la technologie du moulage et du formage sous vide pour des quantit\u00e9s de production comprises entre 100 et 1 000 unit\u00e9s.<\/p>\n\n\n\n<p><strong>Voir notre page ici pour les commandes de couvertures :&nbsp;&nbsp;<\/strong><a href=\"https:\/\/toolless.com\/fr\/blanket-order-program.aspx\/\"><strong>https:\/\/toolless.com\/blanket-order-program.aspx<\/strong><\/a><\/p>\n\n\n\n<h4 class=\"wp-block-heading\">Modifications de la conception :<\/h4>\n\n\n\n<p>La plupart de nos clients doivent proc\u00e9der \u00e0 des mises \u00e0 niveau de leur conception au moins une fois au cours de la dur\u00e9e de vie d'un produit.   Ils sont tr\u00e8s reconnaissants de nous avoir trouv\u00e9s car, pour nous, il suffit de reprogrammer l'unit\u00e9 dans notre logiciel de CAO.<\/p>\n\n\n\n<p>Avec le moulage par injection ou le formage sous vide, si des modifications sont apport\u00e9es, le moule et l'outillage peuvent tr\u00e8s bien devenir obsol\u00e8tes, ce qui entra\u00eene le risque et le co\u00fbt d'un nouveau moule ou d'un nouvel outillage.  Toolless propose des modifications \u00e0 la vol\u00e9e. C'est l'une des principales raisons du succ\u00e8s de notre processus. En fonction de la complexit\u00e9 du changement ou des modifications, il se peut qu'il n'y ait pas de frais suppl\u00e9mentaires pour le changement.  S'il y a des frais pour les modifications, ils sont g\u00e9n\u00e9ralement minimes et n'ont rien \u00e0 voir avec les d\u00e9penses li\u00e9es au r\u00e9outillage ou \u00e0 l'achat d'un nouveau moule.  Tous nos clients doivent proc\u00e9der \u00e0 des am\u00e9liorations de conception au moins une fois au cours de la dur\u00e9e de vie d'un produit.<\/p>","protected":false},"excerpt":{"rendered":"<p>First of all, Toolless does not require buying any tools, molds, or jigs in order to make your custom plastic enclosure, so it\u2019s very difficult to compare those 2 technologies. The question is more, what is your projection for your enclosure over a 3 to 5 year period of time. Do you think you will &#8230; <\/p>\n<p class=\"read-more-container\"><a title=\"Toolless vs Injection Molding\/Vacuum Forming\" class=\"read-more button\" href=\"https:\/\/toolless.com\/fr\/plastic-enclosure-manufacturing-process\/toolless-vs-injection-molding-vacuum-forming\/#more-1016\" aria-label=\"Plus sur Toolless vs Injection Molding\/Vacuum Forming\">Lire plus<\/a><\/p>","protected":false},"author":1,"featured_media":992,"parent":58,"menu_order":0,"comment_status":"closed","ping_status":"closed","template":"","meta":{"_acf_changed":false,"_seopress_robots_primary_cat":"0","_seopress_titles_title":"Custom Plastic Enclosures: No Tools, Molds, or Jigs Needed","_seopress_titles_desc":"Toolless designs custom plastic enclosures from prototypes to thousands of units without expensive molds. Ideal for unpredictable volumes and quick modifications.","_seopress_robots_index":"","pgc_sgb_lightbox_settings":"","iawp_total_views":0,"footnotes":""},"page_categories":[],"class_list":{"0":"post-1016","1":"page","2":"type-page","3":"status-publish","4":"has-post-thumbnail","6":"infinite-scroll-item"},"acf":[],"_links":{"self":[{"href":"https:\/\/toolless.com\/fr\/wp-json\/wp\/v2\/pages\/1016","targetHints":{"allow":["GET"]}}],"collection":[{"href":"https:\/\/toolless.com\/fr\/wp-json\/wp\/v2\/pages"}],"about":[{"href":"https:\/\/toolless.com\/fr\/wp-json\/wp\/v2\/types\/page"}],"author":[{"embeddable":true,"href":"https:\/\/toolless.com\/fr\/wp-json\/wp\/v2\/users\/1"}],"replies":[{"embeddable":true,"href":"https:\/\/toolless.com\/fr\/wp-json\/wp\/v2\/comments?post=1016"}],"version-history":[{"count":1,"href":"https:\/\/toolless.com\/fr\/wp-json\/wp\/v2\/pages\/1016\/revisions"}],"predecessor-version":[{"id":1017,"href":"https:\/\/toolless.com\/fr\/wp-json\/wp\/v2\/pages\/1016\/revisions\/1017"}],"up":[{"embeddable":true,"href":"https:\/\/toolless.com\/fr\/wp-json\/wp\/v2\/pages\/58"}],"wp:featuredmedia":[{"embeddable":true,"href":"https:\/\/toolless.com\/fr\/wp-json\/wp\/v2\/media\/992"}],"wp:attachment":[{"href":"https:\/\/toolless.com\/fr\/wp-json\/wp\/v2\/media?parent=1016"}],"wp:term":[{"taxonomy":"page_categories","embeddable":true,"href":"https:\/\/toolless.com\/fr\/wp-json\/wp\/v2\/page_categories?post=1016"}],"curies":[{"name":"wp","href":"https:\/\/api.w.org\/{rel}","templated":true}]}}