{"id":1012,"date":"2020-04-29T21:37:33","date_gmt":"2020-04-29T21:37:33","guid":{"rendered":"http:\/\/toolless.ed-webdesigns.com\/?page_id=1012"},"modified":"2020-05-01T18:02:31","modified_gmt":"2020-05-01T18:02:31","slug":"boitier-en-plastique-caracteristiques-fonctionnelles","status":"publish","type":"page","link":"https:\/\/toolless.com\/fr\/plastic-enclosure-manufacturing-process\/plastic-enclosure-functional-features\/","title":{"rendered":"Bo\u00eetier en plastique Caract\u00e9ristiques fonctionnelles"},"content":{"rendered":"<h3 class=\"wp-block-heading\">Bosses et inserts :<\/h3>\n\n\n\n<p>- Autotaraudage ou insert en laiton - En dessous de 2-3 insertions, utiliser l'autotaraudage - 4 mm minimum pour la profondeur de l'autotaraudage - Essayer de garder une longueur inf\u00e9rieure \u00e0 9 mm - Sinon, utiliser des languettes lat\u00e9rales - Cadres - Combiner les bossages pour \u00e9conomiser $$ - Inserts en laiton \u00e0 travers la paroi OK - 4-40 hauteur est .093\u201d - 6-32 court est .125\u201d- Les goujons ont tendance \u00e0 tomber avant la fixation - Les empilages hexagonaux m\u00e2le\/femelle n\u00e9cessitent des inserts en laiton - Peuvent \u00e9galement utiliser des \u00e9crous Rivnuts.&nbsp;<\/p>\n\n\n\n<h3 class=\"wp-block-heading\">Portes d'acc\u00e8s :<\/h3>\n\n\n\n<p>- Slide-in, no fasteners - Requiert un cadre ou une contre-d\u00e9pouille - Difficile d'obtenir un bon encliquetage - Sinon, utiliser une fixation avec un insert en laiton et un cadre&nbsp;<\/p>\n\n\n\n<h3 class=\"wp-block-heading\">Poches et renfoncements :<\/h3>\n\n\n\n<p>- Usin\u00e9 ou traversant avec insertion par l'arri\u00e8re - L'insertion est le meilleur moyen d'\u00e9liminer les marques de machine, elle est moins co\u00fbteuse pour les poches de plus de 9 pouces carr\u00e9s environ - A des fins esth\u00e9tiques - Etiquettes, plaques signal\u00e9tiques, d\u00e9calcomanies et recouvrements - Utiliser un mat\u00e9riau plus \u00e9pais (.015\u201d) pour masquer les marques de machine - Pour les claviers - Peut n\u00e9cessiter un raidisseur ; il peut \u00eatre moins co\u00fbteux d'ins\u00e9rer - 0,010\u201d d'espace libre par c\u00f4t\u00e9 - Pour les pieds en caoutchouc - Antid\u00e9rapants, les pieds ne glisseront pas sur le plastique au fil du temps.&nbsp;<\/p>\n\n\n\n<h3 class=\"wp-block-heading\">Refroidissement - Ventilateurs et \u00e9vents :<\/h3>\n\n\n\n<p>- Ventilateurs - Montage \u00e0 l'aide de trous traversants ou de bossages - Tarauds ou inserts en laiton - Mod\u00e8le d'\u00e9vent ouvert, \u00e0 maintenir aussi ouvert que possible pour r\u00e9duire la contre-pression - Faire correspondre la surface de l'entr\u00e9e et de la sortie - R\u00e8gle empirique : l'air frais est souffl\u00e9 sur le moteur du ventilateur.&nbsp;<\/p>\n\n\n\n<h3 class=\"wp-block-heading\">Fen\u00eatres :<\/h3>\n\n\n\n<p>- G\u00e9n\u00e9ralement en acrylique, coll\u00e9 au solvant dans le renfoncement par l'arri\u00e8re - Approche de la lunette OK pour le polycarbonate (class\u00e9 FR) - Adh\u00e9sion acrylique\/HIPS satisfaisante Adh\u00e9sion acrylique\/ABS mod\u00e9r\u00e9e - Le polycarbonate n'adh\u00e8re pas au solvant - Les fen\u00eatres peuvent \u00eatre affleurantes \u00e0 l'avant ou encastr\u00e9es avec un chanfrein.&nbsp;<\/p>\n\n\n\n<h3 class=\"wp-block-heading\">Cosm\u00e9tiques et d\u00e9coration :<\/h3>\n\n\n\n<p>- D\u00e9coration - S\u00e9rigraphie - Peinture - peut remplir les joints de mani\u00e8re irr\u00e9guli\u00e8re - D\u00e9calcomanies, plaques signal\u00e9tiques - Insertions bicolores - M\u00eame installation que pour les fen\u00eatres&nbsp;<\/p>\n\n\n\n<h3 class=\"wp-block-heading\">Charni\u00e8res et poign\u00e9es :<\/h3>\n\n\n\n<p>- Quincaillerie standard g\u00e9n\u00e9ralement la plus \u00e9conomique- Clips de ceinture- Clips DIN- Poign\u00e9es- Loquets- Charni\u00e8res en acrylique (coll\u00e9es au solvant en place - optimis\u00e9es pour le processus Tool-Less)- Charni\u00e8res en m\u00e9tal- Serrures \u00e0 cl\u00e9<\/p>","protected":false},"excerpt":{"rendered":"<p>Bosses and Inserts: \u2022 Self tap or brass insert&nbsp;\u2013 Less than 2-3 insertions use self tap&nbsp;\u2013 4 mm minimum for self tap depth\u2022 Try to keep shorter than 9mm&nbsp;\u2013 Otherwise use sidewall tabs&nbsp;\u2013 Frames\u2022 Combine bosses to save $$\u2022 Through-wall brass inserts OK&nbsp;\u2013&nbsp;4-40 height is .093\u201d&nbsp;\u2013 6-32 short is .125\u201d\u2022 Studs tend to fall out &#8230; <\/p>\n<p class=\"read-more-container\"><a title=\"Bo\u00eetier en plastique Caract\u00e9ristiques fonctionnelles\" class=\"read-more button\" href=\"https:\/\/toolless.com\/fr\/plastic-enclosure-manufacturing-process\/plastic-enclosure-functional-features\/#more-1012\" aria-label=\"Plus sur Plastic Enclosure Functional Features\">Lire plus<\/a><\/p>","protected":false},"author":1,"featured_media":386,"parent":58,"menu_order":0,"comment_status":"closed","ping_status":"closed","template":"","meta":{"_acf_changed":false,"_seopress_robots_primary_cat":"0","_seopress_titles_title":"Optimize Brass Inserts in Frames and Handles Efficiently","_seopress_titles_desc":"Bosses and Inserts: Self tap or brass insert. Less than 2-3 insertions use self tap. 4 mm minimum for self tap depth. Try to keep shorter than 9mm.","_seopress_robots_index":"","pgc_sgb_lightbox_settings":"","iawp_total_views":0,"footnotes":""},"page_categories":[],"class_list":{"0":"post-1012","1":"page","2":"type-page","3":"status-publish","4":"has-post-thumbnail","6":"infinite-scroll-item"},"acf":[],"_links":{"self":[{"href":"https:\/\/toolless.com\/fr\/wp-json\/wp\/v2\/pages\/1012","targetHints":{"allow":["GET"]}}],"collection":[{"href":"https:\/\/toolless.com\/fr\/wp-json\/wp\/v2\/pages"}],"about":[{"href":"https:\/\/toolless.com\/fr\/wp-json\/wp\/v2\/types\/page"}],"author":[{"embeddable":true,"href":"https:\/\/toolless.com\/fr\/wp-json\/wp\/v2\/users\/1"}],"replies":[{"embeddable":true,"href":"https:\/\/toolless.com\/fr\/wp-json\/wp\/v2\/comments?post=1012"}],"version-history":[{"count":1,"href":"https:\/\/toolless.com\/fr\/wp-json\/wp\/v2\/pages\/1012\/revisions"}],"predecessor-version":[{"id":1013,"href":"https:\/\/toolless.com\/fr\/wp-json\/wp\/v2\/pages\/1012\/revisions\/1013"}],"up":[{"embeddable":true,"href":"https:\/\/toolless.com\/fr\/wp-json\/wp\/v2\/pages\/58"}],"wp:featuredmedia":[{"embeddable":true,"href":"https:\/\/toolless.com\/fr\/wp-json\/wp\/v2\/media\/386"}],"wp:attachment":[{"href":"https:\/\/toolless.com\/fr\/wp-json\/wp\/v2\/media?parent=1012"}],"wp:term":[{"taxonomy":"page_categories","embeddable":true,"href":"https:\/\/toolless.com\/fr\/wp-json\/wp\/v2\/page_categories?post=1012"}],"curies":[{"name":"wp","href":"https:\/\/api.w.org\/{rel}","templated":true}]}}