{"id":1010,"date":"2020-04-29T21:36:23","date_gmt":"2020-04-29T21:36:23","guid":{"rendered":"http:\/\/toolless.ed-webdesigns.com\/?page_id=1010"},"modified":"2020-05-01T18:02:10","modified_gmt":"2020-05-01T18:02:10","slug":"details-de-conception","status":"publish","type":"page","link":"https:\/\/toolless.com\/fr\/plastic-enclosure-manufacturing-process\/designs-details\/","title":{"rendered":"Conceptions et d\u00e9tails de bo\u00eetiers en plastique"},"content":{"rendered":"<p>Chez Toolless Plastic Solutions, tous nos produits d'enceintes en plastique respectent un processus de conception rigoureux pour garantir qu'ils sont \u00e0 la hauteur de nos normes de qualit\u00e9 \u00e9lev\u00e9es. Nous travaillons en \u00e9troite collaboration avec vous sur la conception de votre enceinte en plastique et sur la mise en \u0153uvre de tout \u00e9l\u00e9ment interne qui sera plac\u00e9 dans l'enceinte. Tous les boutons, ports, \u00e9crans ou interrupteurs sont con\u00e7us en tenant compte du client et de l'utilisateur, nous sommes donc convaincus que l'enceinte est facile \u00e0 utiliser et qu'elle r\u00e9pond \u00e0 vos exigences. Vous trouverez ci-dessous nos tol\u00e9rances d'usinage et de conception, veuillez&nbsp;<a href=\"\/fr\/nous-contacter\/\">nous contacter<\/a>&nbsp;avec toutes questions ou&nbsp;<a href=\"\/fr\/demande-de-devis\/\">Demander un devis<\/a>&nbsp;aujourd'hui.<\/p>\n\n\n\n<h4 class=\"wp-block-heading\">Usinage :<\/h4>\n\n\n\n<p>Tous les bo\u00eetiers en plastique sont con\u00e7us comme des mod\u00e8les plats - Nous essayons d'usiner un seul c\u00f4t\u00e9 - l'usinage du c\u00f4t\u00e9 oppos\u00e9 double le travail par pi\u00e8ce - Les languettes et les rainures peuvent \u00eatre ajout\u00e9es \u00e0 l'aide d'une scie ou d'une d\u00e9fonceuse de table pour faciliter l'assemblage - \u201cshablone\u201d = \u201cgabarit\u201d ; d\u00e9composer la pi\u00e8ce, la d\u00e9poser dans le gabarit pour l'usinage du c\u00f4t\u00e9 oppos\u00e9 - tol\u00e9rance de +\/- 0,2 mm pour le gabarit - +\/- 4 mm des caract\u00e9ristiques du c\u00f4t\u00e9 oppos\u00e9 \u00e0 celles du c\u00f4t\u00e9 avant - \u201cUne seule fraise\u201d pour cr\u00e9er des bo\u00eetiers en plastique lisses et simplesTol\u00e9rance de 4 mm entre les caract\u00e9ristiques de la face arri\u00e8re et celles de la face avant - Concept de \u201dfraise unique\" pour cr\u00e9er des bo\u00eetiers en plastique simples et lisses - Fraises en carbure de 2 mm \u00e0 simple cannelure utilis\u00e9es 95% du temps - Nous utilisons des fraises de 3 mm et 6 mm - D\u00e9fonceuses CNC tr\u00e8s rapides - optimis\u00e9es pour la vitesse sans compromettre la rigidit\u00e9 ou la pr\u00e9cision - Nous ne pr\u00e9tendons pas \u00eatre un centre d'usinage, les bo\u00eetiers en plastique sont notre principale pr\u00e9occupation !-1 personne utilise plusieurs machines ; pas de changement d'outils, pas de r\u00e9initialisation des fraises - Produit moyen compos\u00e9 de 8 pi\u00e8ces et de 2 \u00e9paisseurs - Changement de feuille et mise en place d'une nouvelle pi\u00e8ce en 30 secondes - Changement de feuille et mise en place d'un nouveau projet en 45 secondes - Languette : 1,8 mm de large x 1 mm de profondeur Rainure : 2 mm de large x 1,2 mm de profondeur - Concevoir le mod\u00e8le\/CAD pour \u00eatre coll\u00e9 au solvant par Tool-Less afin de faciliter l'assemblage - Tol\u00e9rance :  +\/- 0,2 mm (0,008\") -CSK ajout\u00e9 en postop\u00e9ration ou usin\u00e9 par CNC-Pi\u00e8ces intactes jusqu'\u00e0 ce que le processus d'usinage soit termin\u00e9 - pas de manipulation des pi\u00e8ces individuelles jusqu'\u00e0 ce que cela soit absolument n\u00e9cessaire-Les solins sont con\u00e7us pour fournir des points de maintien rigides pendant l'usinage et sont facilement d\u00e9montables apr\u00e8s.<\/p>\n\n\n\n<h4 class=\"wp-block-heading\">D\u00e9tails des bords :<\/h4>\n\n\n\n<p>- Touret\/fraiseuse de table r\u00e9glable Vernier, avec guides\n- Rayons, chanfreins, languettes et rainures\n- Rayons standard de 1 mm, 2 mm et 3 mm, non standards de 3\/16\u201d et 1\/4\u201d\n- Rayon de 2 mm maximum sur pi\u00e8ce de 3 mm d'\u00e9paisseur (doit avoir un plat pour roulement)\n- Chanfreins jusqu'\u00e0 6 mm \u2013 g\u00e9n\u00e9ralement avec roulement, guide OK\n- Chanfrein de 0,5 mm sur le bord de la languette pour cr\u00e9er une jointure esth\u00e9tique et masquer la d\u00e9flexion thermique au niveau du pli<\/p>\n\n\n\n<h4 class=\"wp-block-heading\">Pliage:<\/h4>\n\n\n\n<p>\u2022 Courbure maximale de 40\u201d\n\u2022 115\u00b0 vers le haut, courbure standard maximale<\/p>\n\n\n\n<p>\u202245\u00b0 vers le bas, pliage arri\u00e8re maximal<\/p>\n\n\n\n<p>\u2022Rayon de pliage int\u00e9rieur carr\u00e9 pour pliage \u00e0 90\u00b0<\/p>\n\n\n\n<p>Le rayon de courbure ext\u00e9rieur est de 1 pouce d'\u00e9paisseur de mat\u00e9riau<\/p>\n\n\n\n<p>\u2022Les longs rayons de cintrage dans des mat\u00e9riaux \u00e9pais (6 mm) ont tendance \u00e0 se d\u00e9former<\/p>\n\n\n\n<p>\u2022 Plus \u00e9pais (6 mm) n\u00e9cessitent un chauffage plus long, commencent \u00e0 se d\u00e9former sur les bords \u2013 un chanfrein de 0,5 mm le masque<\/p>\n\n\n\n<p>\u2022 L'utilisation strat\u00e9gique cr\u00e9e des sections structurelles contre des parties individuelles<\/p>\n\n\n\n<p>\u2022Toutes les mesures aux murs int\u00e9rieurs<\/p>\n\n\n\n<p>\u2022 Bissectrice de coupe visible pour pli inf\u00e9rieur \u00e0 90\u00b0 (utiliser des \u201ccapuchons\u201d ou des plaques d'extr\u00e9mit\u00e9)<\/p>\n\n\n\n<p>\u2022Les pliages peuvent aider \u00e0 l'assemblage, une \u201c troisi\u00e8me main \u201d<\/p>\n\n\n\n<p>\u2022Pliages \u00e0 froid \u2013 Tendent \u00e0 cr\u00e9er un sous-pli dans les pliages CNC adjacents \u2013 Peuvent \u201cfaire exploser\u201d la paroi de la rainure si la charge est trop importante \u2013 Devraient avoir un rayon minimum de 6 \u00e0 7 pouces, sauf s'ils sont moins larges que 1 pouce \u2013 Devraient \u00eatre soulag\u00e9s par des entailles ou des rainures au dos<\/p>\n\n\n\n<h4 class=\"wp-block-heading\">Assemblage :<\/h4>\n\n\n\n<p>\u2013 Ajustement net avec toutes les tol\u00e9rances \u00e0 l'extr\u00eame, jeu nominal de 0,2 mm \u2013 Conception pour tenir ensemble sans \u201ctroisi\u00e8me main\u201d \u2013 Les joints permettent d'\u00e9liminer la mesure, le serrage ou le bridage lors de l'assemblage \u2013 Flexions \u00e0 froid : \u2022 Fix\u00e9es aux deux extr\u00e9mit\u00e9s (id\u00e9alement) \u2022 S'aplatissent si la largeur est sup\u00e9rieure \u00e0 5-7 cm \u2022 \u201dSe d\u00e9forment comme une bo\u00eete d'huile\u201d si longues (50-75 cm) et fines (mat\u00e9riau de 3 mm-4 mm) \u2022 Difficiles \u00e0 maintenir lors de l'assemblage \u2013 n\u00e9cessitent un temps d'assemblage suppl\u00e9mentaire \u2013 Essayez de ne pas concevoir de joints coll\u00e9s en tension \u2013 La caract\u00e9ristique en \u201cos de chien\u201d est une autre \u201dtroisi\u00e8me main\u201d \u2013 Caract\u00e9ristiques \u00e0 cl\u00e9 pour un assemblage \u201canti-erreur\u201d \u2022 Bossages de 6-32 et 8-32 de diam\u00e8tres diff\u00e9rents \u2022 Bossages ins\u00e9r\u00e9s et bossages taraudables de diam\u00e8tres diff\u00e9rents \u2022 Les onglets, nervures et parois ont un onglet unidirectionnel \u2013 Languette et rainure \u2022 emp\u00eache le solvant de ruin\u00e9 la texture, les fen\u00eatres, etc. \u2022 Localise les caract\u00e9ristiques et les interfaces<\/p>","protected":false},"excerpt":{"rendered":"<p>At Toolless Plastic Solutions all of our plastic enclosure products adhere to a strict design process to ensure they live up to our high quality standards. We work closely with you on your plastic enclosure design and implementation of any internal that will be placed within the enclosure. All buttons, ports, displays, or switches are &#8230; <\/p>\n<p class=\"read-more-container\"><a title=\"Conceptions et d\u00e9tails de bo\u00eetiers en plastique\" class=\"read-more button\" href=\"https:\/\/toolless.com\/fr\/plastic-enclosure-manufacturing-process\/designs-details\/#more-1010\" aria-label=\"Plus sur Plastic Enclosure Designs and Details\">Lire plus<\/a><\/p>","protected":false},"author":1,"featured_media":386,"parent":58,"menu_order":0,"comment_status":"closed","ping_status":"closed","template":"","meta":{"_acf_changed":false,"_seopress_robots_primary_cat":"0","_seopress_titles_title":"High-Quality Custom Plastic Enclosures | Toolless Solutions","_seopress_titles_desc":"High-quality custom plastic enclosures designed with precision. Contact Toolless Plastic Solutions to request a quote or learn more!","_seopress_robots_index":"","pgc_sgb_lightbox_settings":"","iawp_total_views":0,"footnotes":""},"page_categories":[],"class_list":{"0":"post-1010","1":"page","2":"type-page","3":"status-publish","4":"has-post-thumbnail","6":"infinite-scroll-item"},"acf":[],"_links":{"self":[{"href":"https:\/\/toolless.com\/fr\/wp-json\/wp\/v2\/pages\/1010","targetHints":{"allow":["GET"]}}],"collection":[{"href":"https:\/\/toolless.com\/fr\/wp-json\/wp\/v2\/pages"}],"about":[{"href":"https:\/\/toolless.com\/fr\/wp-json\/wp\/v2\/types\/page"}],"author":[{"embeddable":true,"href":"https:\/\/toolless.com\/fr\/wp-json\/wp\/v2\/users\/1"}],"replies":[{"embeddable":true,"href":"https:\/\/toolless.com\/fr\/wp-json\/wp\/v2\/comments?post=1010"}],"version-history":[{"count":2,"href":"https:\/\/toolless.com\/fr\/wp-json\/wp\/v2\/pages\/1010\/revisions"}],"predecessor-version":[{"id":1040,"href":"https:\/\/toolless.com\/fr\/wp-json\/wp\/v2\/pages\/1010\/revisions\/1040"}],"up":[{"embeddable":true,"href":"https:\/\/toolless.com\/fr\/wp-json\/wp\/v2\/pages\/58"}],"wp:featuredmedia":[{"embeddable":true,"href":"https:\/\/toolless.com\/fr\/wp-json\/wp\/v2\/media\/386"}],"wp:attachment":[{"href":"https:\/\/toolless.com\/fr\/wp-json\/wp\/v2\/media?parent=1010"}],"wp:term":[{"taxonomy":"page_categories","embeddable":true,"href":"https:\/\/toolless.com\/fr\/wp-json\/wp\/v2\/page_categories?post=1010"}],"curies":[{"name":"wp","href":"https:\/\/api.w.org\/{rel}","templated":true}]}}