{"id":100,"date":"2020-04-17T22:55:20","date_gmt":"2020-04-17T22:55:20","guid":{"rendered":"http:\/\/toolless.ed-webdesigns.com\/?page_id=100"},"modified":"2025-01-23T18:08:27","modified_gmt":"2025-01-23T18:08:27","slug":"histoire-de-pei-sans-outils","status":"publish","type":"page","link":"https:\/\/toolless.com\/fr\/toolless-pei-history\/","title":{"rendered":"Histoire de Toolless-PEI"},"content":{"rendered":"<h3 class=\"wp-block-heading\">PEI a \u00e9t\u00e9 achet\u00e9 par Toolless Plastic Solutions.<\/h3>\n\n\n\n<p>Nous continuerons \u00e0 fournir la haute qualit\u00e9 de service et de produit que PEI fabrique depuis 1993.&nbsp;<strong>Pour en savoir plus sur PEI \u2013 Sans outils&nbsp;<a target=\"_blank\" href=\"https:\/\/toolless.com\/fr\/Userfiles\/2012\/PEI-has-been-purchased-by-Toolless-Plastic-Solutions.pdf\/\" rel=\"noreferrer noopener\">Parcourir notre PDF.<\/a><\/strong><\/p>\n\n\n\n<p>Vous pouvez \u00e9galement nous contacter pour toute question ou remplir notre&nbsp;<a href=\"https:\/\/toolless.com\/fr\/request-for-quote.aspx\/\">Demande de devis<\/a>&nbsp;page pour faire fabriquer votre bo\u00eetier en plastique d\u00e8s aujourd'hui.<\/p>","protected":false},"excerpt":{"rendered":"<p>PEI has been purchased by Toolless Plastic Solutions. We will continue to provide the high quality of service and product that PEI has manufactured since 1993.&nbsp;To find out more about PEI &#8211; Toolless&nbsp;browse our PDF. You can also contact us with any questions or fill out or&nbsp;Request A Quote&nbsp;page to get your plastic enclosure manufactured &#8230; <\/p>\n<p class=\"read-more-container\"><a title=\"Histoire de Toolless-PEI\" class=\"read-more button\" href=\"https:\/\/toolless.com\/fr\/toolless-pei-history\/#more-100\" aria-label=\"Plus sur Toolless-PEI History\">Lire plus<\/a><\/p>","protected":false},"author":1,"featured_media":295,"parent":0,"menu_order":0,"comment_status":"closed","ping_status":"closed","template":"","meta":{"_acf_changed":false,"_seopress_robots_primary_cat":"","_seopress_titles_title":"PEI Joins Toolless: Quality Plastic Enclosures Since 1993","_seopress_titles_desc":"PEI has been purchased by Toolless Plastic Solutions. We will continue to provide the high quality of service and product that PEI has manufactured","_seopress_robots_index":"","pgc_sgb_lightbox_settings":"","iawp_total_views":0,"footnotes":""},"page_categories":[],"class_list":{"0":"post-100","1":"page","2":"type-page","3":"status-publish","4":"has-post-thumbnail","6":"infinite-scroll-item"},"acf":[],"_links":{"self":[{"href":"https:\/\/toolless.com\/fr\/wp-json\/wp\/v2\/pages\/100","targetHints":{"allow":["GET"]}}],"collection":[{"href":"https:\/\/toolless.com\/fr\/wp-json\/wp\/v2\/pages"}],"about":[{"href":"https:\/\/toolless.com\/fr\/wp-json\/wp\/v2\/types\/page"}],"author":[{"embeddable":true,"href":"https:\/\/toolless.com\/fr\/wp-json\/wp\/v2\/users\/1"}],"replies":[{"embeddable":true,"href":"https:\/\/toolless.com\/fr\/wp-json\/wp\/v2\/comments?post=100"}],"version-history":[{"count":2,"href":"https:\/\/toolless.com\/fr\/wp-json\/wp\/v2\/pages\/100\/revisions"}],"predecessor-version":[{"id":446,"href":"https:\/\/toolless.com\/fr\/wp-json\/wp\/v2\/pages\/100\/revisions\/446"}],"wp:featuredmedia":[{"embeddable":true,"href":"https:\/\/toolless.com\/fr\/wp-json\/wp\/v2\/media\/295"}],"wp:attachment":[{"href":"https:\/\/toolless.com\/fr\/wp-json\/wp\/v2\/media?parent=100"}],"wp:term":[{"taxonomy":"page_categories","embeddable":true,"href":"https:\/\/toolless.com\/fr\/wp-json\/wp\/v2\/page_categories?post=100"}],"curies":[{"name":"wp","href":"https:\/\/api.w.org\/{rel}","templated":true}]}}