{"id":98,"date":"2020-04-17T22:55:00","date_gmt":"2020-04-17T22:55:00","guid":{"rendered":"http:\/\/toolless.ed-webdesigns.com\/?page_id=98"},"modified":"2025-01-23T18:08:24","modified_gmt":"2025-01-23T18:08:24","slug":"sin-herramientas-internacional","status":"publish","type":"page","link":"https:\/\/toolless.com\/es\/toolless-international\/","title":{"rendered":"Toolless International"},"content":{"rendered":"<h3 class=\"wp-block-heading\">Servimos con orgullo a Canad\u00e1<\/h3>\n\n\n\n<p>Los esfuerzos continuos de Toolless por servir nos han ayudado a obtener m\u00e1s clientes en el extranjero. Nuestro equipo de SEO est\u00e1 abriendo una cantidad considerable de nuevas oportunidades en Canad\u00e1, lo que convierte a Canad\u00e1 en nuestro primer socio \u201cfuera del pa\u00eds\u201d. Los miembros franc\u00f3fonos de nuestro equipo brindan una comunicaci\u00f3n efectiva que nos permite ampliar nuestra base de clientes en Canad\u00e1. Ahora atendemos con orgullo a m\u00e1s de 50 clientes en Canad\u00e1.<\/p>\n\n\n\n<h3 class=\"wp-block-heading\">Servimos orgullosamente a Australia<\/h3>\n\n\n\n<p>Con Toolless Plastic Solutions, la distancia no es un problema. Hemos negociado precios especiales de env\u00edo global, abriendo nuevas oportunidades de mercado y permiti\u00e9ndonos servir a nivel mundial. Espec\u00edficamente, estamos teniendo un gran \u00e9xito al atender al continente de Ocean\u00eda, incluida Australia. Actualmente, tenemos m\u00e1s de 20 clientes en Australia, lo que resulta en env\u00edos semanales. Nuestros esfuerzos de marketing est\u00e1n dando sus frutos a medida que continuamos creciendo en la Isla Canguro.&nbsp;<\/p>\n\n\n\n<p>Nuestros clientes australianos han compartido:<\/p>\n\n\n\n<p><em>\u201cHalytech se puso en contacto con Toolless Plastic Solutions hace dos a\u00f1os, cuando busc\u00e1bamos un proveedor alternativo de carcasas para nuestros productos. Tras varios pedidos, Toolless se ha convertido en nuestro proveedor preferido. Aunque estamos ubicados en Australia, todas las entregas han sido r\u00e1pidas y sin complicaciones. Toolless ha sabido organizarlo todo, incluidas las tarifas de transporte a\u00e9reo, muy competitivas, gracias a su colaboraci\u00f3n con FedEx.<\/em><\/p>\n\n\n\n<p><em>El excelente nivel general del servicio ha quedado patente en sus respuestas a nuestras solicitudes de peque\u00f1os cambios de dise\u00f1o y ajustes en la producci\u00f3n. Estos se llevaron a cabo con rapidez y profesionalismo.<\/em><\/p>\n\n\n\n<p><em>Aunque Toolless Plastic Solutions est\u00e9 f\u00edsicamente ubicada al otro lado del mundo, su rendimiento hace que se sientan muy \u201clocales\u201d para nosotros.<\/em><\/p>\n\n\n\n<p><em>Stevan Palos<\/em><br><em>Director<\/em><br><em>Halytech Pty Ltd\u201d<\/em><\/p>","protected":false},"excerpt":{"rendered":"<p>We Proudly Serve Canada Toolless\u2019s continuous efforts to serve has aided us in obtaining more customers abroad.&nbsp; Our SEO team is opening a considerable amount of new opportunities in Canada, making Canada our first \u201cout of country\u201d partner.&nbsp; The French speaking members on our team provide effective communication which enables us to broaden our customer &#8230; <\/p>\n<p class=\"read-more-container\"><a title=\"Toolless International\" class=\"read-more button\" href=\"https:\/\/toolless.com\/es\/toolless-international\/#more-98\" aria-label=\"More on Toolless International\">Leer m\u00e1s<\/a><\/p>","protected":false},"author":1,"featured_media":295,"parent":0,"menu_order":0,"comment_status":"closed","ping_status":"closed","template":"","meta":{"_acf_changed":false,"_seopress_robots_primary_cat":"","_seopress_titles_title":"Toolless Expands: Proudly Serving Canada & Australia","_seopress_titles_desc":"Plastic Enclosures & Custom Plastic Housings","_seopress_robots_index":"","pgc_sgb_lightbox_settings":"","iawp_total_views":0,"footnotes":""},"page_categories":[],"class_list":{"0":"post-98","1":"page","2":"type-page","3":"status-publish","4":"has-post-thumbnail","6":"infinite-scroll-item"},"acf":[],"_links":{"self":[{"href":"https:\/\/toolless.com\/es\/wp-json\/wp\/v2\/pages\/98","targetHints":{"allow":["GET"]}}],"collection":[{"href":"https:\/\/toolless.com\/es\/wp-json\/wp\/v2\/pages"}],"about":[{"href":"https:\/\/toolless.com\/es\/wp-json\/wp\/v2\/types\/page"}],"author":[{"embeddable":true,"href":"https:\/\/toolless.com\/es\/wp-json\/wp\/v2\/users\/1"}],"replies":[{"embeddable":true,"href":"https:\/\/toolless.com\/es\/wp-json\/wp\/v2\/comments?post=98"}],"version-history":[{"count":2,"href":"https:\/\/toolless.com\/es\/wp-json\/wp\/v2\/pages\/98\/revisions"}],"predecessor-version":[{"id":445,"href":"https:\/\/toolless.com\/es\/wp-json\/wp\/v2\/pages\/98\/revisions\/445"}],"wp:featuredmedia":[{"embeddable":true,"href":"https:\/\/toolless.com\/es\/wp-json\/wp\/v2\/media\/295"}],"wp:attachment":[{"href":"https:\/\/toolless.com\/es\/wp-json\/wp\/v2\/media?parent=98"}],"wp:term":[{"taxonomy":"page_categories","embeddable":true,"href":"https:\/\/toolless.com\/es\/wp-json\/wp\/v2\/page_categories?post=98"}],"curies":[{"name":"wp","href":"https:\/\/api.w.org\/{rel}","templated":true}]}}