{"id":88,"date":"2020-04-17T22:53:57","date_gmt":"2020-04-17T22:53:57","guid":{"rendered":"http:\/\/toolless.ed-webdesigns.com\/?page_id=88"},"modified":"2025-01-23T18:08:04","modified_gmt":"2025-01-23T18:08:04","slug":"preguntas-frecuentes","status":"publish","type":"page","link":"https:\/\/toolless.com\/es\/f-a-q\/","title":{"rendered":"Preguntas frecuentes"},"content":{"rendered":"<h3 class=\"wp-block-heading\">\u00bfEs este un proceso de prototipo?<\/h3>\n\n\n\n<p>Podr\u00eda ser, aunque hay algunos inconvenientes, no el menor de los cuales es que nuestro modelo de negocio y la fijaci\u00f3n de precios de ingenier\u00eda\/prototipos se basa en la producci\u00f3n repetida (la producci\u00f3n de bajo volumen est\u00e1 bien) y su prototipo debe simular su proceso de producci\u00f3n o no aprender\u00e1 nada sobre sus problemas de fabricaci\u00f3n.<\/p>\n\n\n\n<h3 class=\"wp-block-heading\">Pero \u00bfpuedo usarlo para prototipar mi producto de todos modos?<\/h3>\n\n\n\n<p>S\u00ed, puedes. Por lo general, podemos simular la funci\u00f3n de tu producto, pero la forma y el ajuste no ser\u00e1n los mismos que los de tu tecnolog\u00eda de fabricaci\u00f3n en producci\u00f3n; por lo tanto, es posible que no encuentres valor en usar el proceso sin herramientas para prototipado si tu proceso de producci\u00f3n es diferente.<\/p>\n\n\n\n<h3 class=\"wp-block-heading\">\u00bfEs este un proceso provisional antes de pasar al moldeo por inyecci\u00f3n?<\/h3>\n\n\n\n<p>S\u00ed, se puede usar para ese prop\u00f3sito si puede vivir con las diferencias identificadas anteriormente. Es especialmente apropiado si el dise\u00f1o no es estable y necesita retroalimentaci\u00f3n del mercado o del cliente y m\u00faltiples iteraciones de dise\u00f1o antes de la producci\u00f3n. Producimos regularmente 500 unidades, hacemos cambios, fabricamos 500 m\u00e1s, hacemos m\u00e1s cambios y fabricamos otras 500 antes de que nuestro cliente libere el utillaje.<\/p>\n\n\n\n<h3 class=\"wp-block-heading\">\u00bfQu\u00e9 tan duraderos son los productos sin herramientas?<\/h3>\n\n\n\n<p>Podemos dise\u00f1ar un producto bastante duradero, aunque probablemente no tanto como un producto equivalente moldeado por inyecci\u00f3n. El peso del producto y tus requisitos de ca\u00edda (si el producto debe sobrevivir sin da\u00f1os, sin fallos catastr\u00f3ficos, o simplemente sin crear un peligro) afectan nuestra direcci\u00f3n de dise\u00f1o y viabilidad. Usamos materiales m\u00e1s gruesos, a\u00f1adimos refuerzos en las esquinas y costillas de refuerzo para crear un producto m\u00e1s duradero.<\/p>\n\n\n\n<h3 class=\"wp-block-heading\">\u00bfPuedo tenerlo en mi color?<\/h3>\n\n\n\n<p>S\u00ed, puedes, existen requisitos de compra m\u00ednima para colores personalizados, pero podemos igualar cualquier color.<\/p>\n\n\n\n<h3 class=\"wp-block-heading\">\u00bfPuedes ocultar las l\u00edneas de uni\u00f3n?<\/h3>\n\n\n\n<p>No sin causar problemas mayores, as\u00ed que no lo hacemos. Usamos las l\u00edneas de uni\u00f3n como un elemento est\u00e9tico y podemos controlar d\u00f3nde caen en la pieza para mantener la mejor est\u00e9tica, optimizar la limpieza, etc. Nuestro Dise\u00f1ador Industrial de personal es muy bueno utilizando estas caracter\u00edsticas para su beneficio.<\/p>\n\n\n\n<h3 class=\"wp-block-heading\">\u00bfPuedes doblar los 4 lados como si fuera una l\u00e1mina de metal?<\/h3>\n\n\n\n<p>No, nuestro doblador t\u00e9rmico CNC no tiene \u201cdedos\u201d intercambiables o removibles como una plegadora, y colocamos nuestros cortes para doblar (ranuras en V) usando una sierra de mesa, as\u00ed que tenemos que hacer la ranura y doblar hasta el final. Estamos pensando en modificar las herramientas que tenemos para agregar esta capacidad en el futuro.<\/p>\n\n\n\n<h3 class=\"wp-block-heading\">\u00bfQu\u00e9 cantidad puede producir Toolless?<\/h3>\n\n\n\n<p>Nuestro proceso es ideal para cantidades entre 100 y 5000 unidades, dependiendo de su aplicaci\u00f3n. Podemos producir f\u00e1cilmente una o dos unidades, pero entonces debemos cobrar por los costos de configuraci\u00f3n.<\/p>\n\n\n\n<h3 class=\"wp-block-heading\">\u00bfPuedes usar materiales especiales?<\/h3>\n\n\n\n<p>En general, si el material se puede termoformar, podemos trabajar con \u00e9l, pero los mejores materiales son ABS, Estireno y Policarbonato. Ver&nbsp;<a href=\"https:\/\/toolless.com\/es\/materials.aspx\/\">p\u00e1gina de materiales<\/a>&nbsp;para m\u00e1s informaci\u00f3n. Podemos incorporar f\u00e1cilmente otros componentes a tu carcasa \u2013 por ejemplo, una pieza de chapa met\u00e1lica para mayor resistencia, o una pieza de madera para la apariencia.<\/p>\n\n\n\n<h3 class=\"wp-block-heading\">\u00bfPuedes hacer curvas complejas?<\/h3>\n\n\n\n<p>Toolless ha invertido tiempo de investigaci\u00f3n para crear una m\u00e1quina \u201crodante\u201d que hace que tu recinto sea \u00fanico. La \u00fanica limitaci\u00f3n es que solo podemos crear superficies compuestas en una direcci\u00f3n.<\/p>\n\n\n\n<h3 class=\"wp-block-heading\">\u00bfQu\u00e9 tan f\u00e1cil es hacer cambios?<\/h3>\n\n\n\n<p>En general, los cambios son muy f\u00e1ciles de hacer, ya que implican programaci\u00f3n en la computadora, no el cambio de herramientas y moldes f\u00edsicos. Como resultado, el costo de los cambios suele ser menor en comparaci\u00f3n con otros procesos. A menudo podemos incorporar cambios \u201csobre la marcha\u201d, especialmente si son sencillos.<\/p>\n\n\n\n<h3 class=\"wp-block-heading\">\u00bfQu\u00e9 tan fuertes son las piezas?<\/h3>\n\n\n\n<p>Tan resistentes como las piezas moldeadas por inyecci\u00f3n, fabricadas con materiales similares. Nuestros productos pueden soportar las pruebas de ca\u00edda habituales y tienen una integridad mec\u00e1nica similar a las piezas moldeadas por inyecci\u00f3n. Ocasionalmente agregaremos refuerzos adicionales en las \u00e1reas de uni\u00f3n de pegamento para permitir que una carcasa cumpla con una prueba mec\u00e1nica espec\u00edfica.<\/p>","protected":false},"excerpt":{"rendered":"<p>Is this a prototype process? It could be, although there are some issues, not the least of which is that our business model and engineering\/proto pricing is based on repeat production (low volume production is fine) and your prototype should simulate your production process or you learn nothing about your manufacturing issues. But can I &#8230; <\/p>\n<p class=\"read-more-container\"><a title=\"Preguntas frecuentes\" class=\"read-more button\" href=\"https:\/\/toolless.com\/es\/f-a-q\/#more-88\" aria-label=\"More on Frequently Asked Questions\">Leer m\u00e1s<\/a><\/p>","protected":false},"author":1,"featured_media":389,"parent":0,"menu_order":0,"comment_status":"closed","ping_status":"closed","template":"","meta":{"_acf_changed":false,"_seopress_robots_primary_cat":"","_seopress_titles_title":"Prototyping Your Product with Tool-Less: Key Considerations","_seopress_titles_desc":"Is this a prototype process? It could be, although there are some issues, not the least of which is that our business model and engineering\/proto","_seopress_robots_index":"","pgc_sgb_lightbox_settings":"","iawp_total_views":0,"footnotes":""},"page_categories":[],"class_list":{"0":"post-88","1":"page","2":"type-page","3":"status-publish","4":"has-post-thumbnail","6":"infinite-scroll-item"},"acf":[],"_links":{"self":[{"href":"https:\/\/toolless.com\/es\/wp-json\/wp\/v2\/pages\/88","targetHints":{"allow":["GET"]}}],"collection":[{"href":"https:\/\/toolless.com\/es\/wp-json\/wp\/v2\/pages"}],"about":[{"href":"https:\/\/toolless.com\/es\/wp-json\/wp\/v2\/types\/page"}],"author":[{"embeddable":true,"href":"https:\/\/toolless.com\/es\/wp-json\/wp\/v2\/users\/1"}],"replies":[{"embeddable":true,"href":"https:\/\/toolless.com\/es\/wp-json\/wp\/v2\/comments?post=88"}],"version-history":[{"count":2,"href":"https:\/\/toolless.com\/es\/wp-json\/wp\/v2\/pages\/88\/revisions"}],"predecessor-version":[{"id":390,"href":"https:\/\/toolless.com\/es\/wp-json\/wp\/v2\/pages\/88\/revisions\/390"}],"wp:featuredmedia":[{"embeddable":true,"href":"https:\/\/toolless.com\/es\/wp-json\/wp\/v2\/media\/389"}],"wp:attachment":[{"href":"https:\/\/toolless.com\/es\/wp-json\/wp\/v2\/media?parent=88"}],"wp:term":[{"taxonomy":"page_categories","embeddable":true,"href":"https:\/\/toolless.com\/es\/wp-json\/wp\/v2\/page_categories?post=88"}],"curies":[{"name":"wp","href":"https:\/\/api.w.org\/{rel}","templated":true}]}}