{"id":86,"date":"2020-04-17T22:53:36","date_gmt":"2020-04-17T22:53:36","guid":{"rendered":"http:\/\/toolless.ed-webdesigns.com\/?page_id=86"},"modified":"2025-01-23T18:08:08","modified_gmt":"2025-01-23T18:08:08","slug":"nuestras-instalaciones","status":"publish","type":"page","link":"https:\/\/toolless.com\/es\/our-facility\/","title":{"rendered":"Nuestra Planta de Fabricaci\u00f3n"},"content":{"rendered":"<figure class=\"wp-block-video\"><video height=\"720\" style=\"aspect-ratio: 1280 \/ 720;\" width=\"1280\" autoplay controls loop muted src=\"https:\/\/toolless.com\/wp-content\/uploads\/2023\/07\/2023_07_07_12_50_31.mov\" playsinline><\/video><\/figure>\n\n\n\n<h2 class=\"gb-headline gb-headline-d6870c80 gb-headline-text\">Carcasas pl\u00e1sticas personalizadas sin herramientas<\/h2>\n\n\n\n<p>La instalaci\u00f3n de Toolless Plastic Solutions se encuentra en Everett, Washington. Es una instalaci\u00f3n de 13,000 pies cuadrados que alberga personal de manufactura, soporte al cliente, ingenier\u00eda de software y administraci\u00f3n. Nuestra instalaci\u00f3n est\u00e1 equipada con una variedad de maquinaria y equipo, que incluye:<\/p>\n\n\n\n<ul class=\"wp-block-list\">\n<li>7 fresadoras CNC<\/li>\n\n\n\n<li>Sierras<\/li>\n\n\n\n<li>Dobladora<\/li>\n\n\n\n<li>Ensamblaje de m\u00e1quinas<\/li>\n\n\n\n<li>Impresoras digitales<\/li>\n<\/ul>\n\n\n\n<p>Nuestras instalaciones tambi\u00e9n cuentan con un laboratorio de control de calidad donde todos los productos son inspeccionados antes de ser enviados a los clientes.<\/p>\n\n\n\n<p>La instalaci\u00f3n de Toolless Plastic Solutions cuenta con un equipo de profesionales experimentados y cualificados que se comprometen a ofrecer productos de alta calidad y un excelente servicio al cliente. La instalaci\u00f3n cuenta con la certificaci\u00f3n ISO 9001:2015, lo que garantiza que los procesos y procedimientos de la empresa cumplen los m\u00e1s altos est\u00e1ndares de calidad.<\/p>\n\n\n\n<p>Estas son algunas de las caracter\u00edsticas de las instalaciones de Toolless Plastic Solutions:<\/p>\n\n\n\n<ul class=\"wp-block-list\">\n<li>13,000 pies cuadrados de espacio de fabricaci\u00f3n<\/li>\n\n\n\n<li>Variedad de maquinaria y equipo<\/li>\n\n\n\n<li>Laboratorio de control de calidad<\/li>\n\n\n\n<li>Certificado ISO 9001:2015<\/li>\n\n\n\n<li>Personal con experiencia y habilidad<\/li>\n\n\n\n<li>Compromiso con la calidad y el servicio al cliente<\/li>\n<\/ul>\n\n\n\n<p>Si est\u00e1 buscando un gabinete de pl\u00e1stico a medida, Toolless Plastic Solutions puede ayudar. Estamos equipados con la maquinaria y el equipo m\u00e1s recientes, y nuestro personal tiene experiencia y habilidades en la fabricaci\u00f3n de gabinetes de pl\u00e1stico. Comun\u00edquese hoy con Toolless Plastic Solutions para obtener m\u00e1s informaci\u00f3n sobre sus servicios y solicitar un presupuesto para su proyecto. <a href=\"https:\/\/toolless.com\/es\/\">carcasa pl\u00e1stica personalizada<\/a>.<\/p>\n\n\n\n<figure class=\"wp-block-gallery has-nested-images columns-default is-cropped wp-block-gallery-1 is-layout-flex wp-block-gallery-is-layout-flex\">\n<figure class=\"wp-block-image size-large\"><img loading=\"lazy\" decoding=\"async\" width=\"960\" height=\"720\" data-id=\"2058\" src=\"https:\/\/toolless.com\/wp-content\/uploads\/2023\/07\/IMG_2819.jpg\" alt=\"\" class=\"wp-image-2058\" srcset=\"https:\/\/toolless.com\/wp-content\/uploads\/2023\/07\/IMG_2819.jpg 960w, https:\/\/toolless.com\/wp-content\/uploads\/2023\/07\/IMG_2819-300x225.jpg 300w, https:\/\/toolless.com\/wp-content\/uploads\/2023\/07\/IMG_2819-768x576.jpg 768w\" sizes=\"auto, (max-width: 960px) 100vw, 960px\" \/><\/figure>\n\n\n\n<figure class=\"wp-block-image size-large\"><img loading=\"lazy\" decoding=\"async\" width=\"960\" height=\"720\" data-id=\"2059\" src=\"https:\/\/toolless.com\/wp-content\/uploads\/2023\/07\/IMG_2820.jpg\" alt=\"\" class=\"wp-image-2059\" srcset=\"https:\/\/toolless.com\/wp-content\/uploads\/2023\/07\/IMG_2820.jpg 960w, https:\/\/toolless.com\/wp-content\/uploads\/2023\/07\/IMG_2820-300x225.jpg 300w, https:\/\/toolless.com\/wp-content\/uploads\/2023\/07\/IMG_2820-768x576.jpg 768w\" sizes=\"auto, (max-width: 960px) 100vw, 960px\" \/><\/figure>\n\n\n\n<figure class=\"wp-block-image size-large\"><img loading=\"lazy\" decoding=\"async\" width=\"960\" height=\"720\" data-id=\"2060\" src=\"https:\/\/toolless.com\/wp-content\/uploads\/2023\/07\/IMG_2821.jpg\" alt=\"\" class=\"wp-image-2060\" srcset=\"https:\/\/toolless.com\/wp-content\/uploads\/2023\/07\/IMG_2821.jpg 960w, https:\/\/toolless.com\/wp-content\/uploads\/2023\/07\/IMG_2821-300x225.jpg 300w, https:\/\/toolless.com\/wp-content\/uploads\/2023\/07\/IMG_2821-768x576.jpg 768w\" sizes=\"auto, (max-width: 960px) 100vw, 960px\" \/><\/figure>\n<\/figure>","protected":false},"excerpt":{"rendered":"<p>Custom Plastic Enclosures by Toolless Toolless Plastic Solutions&#8217; facility is located in Everett, Washington. It is a 13,000-square-foot facility that houses manufacturing, customer support, software engineering, and administrative personnel. Our facility is equipped with a variety of machinery and equipment, including: Our facility is also equipped with a quality control lab where all products are &#8230; <\/p>\n<p class=\"read-more-container\"><a title=\"Nuestra Planta de Fabricaci\u00f3n\" class=\"read-more button\" href=\"https:\/\/toolless.com\/es\/our-facility\/#more-86\" aria-label=\"More on Our Manufacturing Facility\">Leer m\u00e1s<\/a><\/p>","protected":false},"author":1,"featured_media":834,"parent":0,"menu_order":0,"comment_status":"closed","ping_status":"closed","template":"","meta":{"_acf_changed":false,"_seopress_robots_primary_cat":"","_seopress_titles_title":"Our Facility | Custom Plastic Enclosure | Toolless","_seopress_titles_desc":"Toolless Plastic Solutions Inc. is located in 2202 100th ST SW, Everett WA 98204. We currently have 17 employees who are","_seopress_robots_index":"","pgc_sgb_lightbox_settings":"","iawp_total_views":0,"footnotes":""},"page_categories":[],"class_list":{"0":"post-86","1":"page","2":"type-page","3":"status-publish","4":"has-post-thumbnail","6":"infinite-scroll-item"},"acf":[],"_links":{"self":[{"href":"https:\/\/toolless.com\/es\/wp-json\/wp\/v2\/pages\/86","targetHints":{"allow":["GET"]}}],"collection":[{"href":"https:\/\/toolless.com\/es\/wp-json\/wp\/v2\/pages"}],"about":[{"href":"https:\/\/toolless.com\/es\/wp-json\/wp\/v2\/types\/page"}],"author":[{"embeddable":true,"href":"https:\/\/toolless.com\/es\/wp-json\/wp\/v2\/users\/1"}],"replies":[{"embeddable":true,"href":"https:\/\/toolless.com\/es\/wp-json\/wp\/v2\/comments?post=86"}],"version-history":[{"count":8,"href":"https:\/\/toolless.com\/es\/wp-json\/wp\/v2\/pages\/86\/revisions"}],"predecessor-version":[{"id":2184,"href":"https:\/\/toolless.com\/es\/wp-json\/wp\/v2\/pages\/86\/revisions\/2184"}],"wp:featuredmedia":[{"embeddable":true,"href":"https:\/\/toolless.com\/es\/wp-json\/wp\/v2\/media\/834"}],"wp:attachment":[{"href":"https:\/\/toolless.com\/es\/wp-json\/wp\/v2\/media?parent=86"}],"wp:term":[{"taxonomy":"page_categories","embeddable":true,"href":"https:\/\/toolless.com\/es\/wp-json\/wp\/v2\/page_categories?post=86"}],"curies":[{"name":"wp","href":"https:\/\/api.w.org\/{rel}","templated":true}]}}