{"id":84,"date":"2020-04-17T22:53:15","date_gmt":"2020-04-17T22:53:15","guid":{"rendered":"http:\/\/toolless.ed-webdesigns.com\/?page_id=84"},"modified":"2025-01-23T18:07:59","modified_gmt":"2025-01-23T18:07:59","slug":"sobre-sin-herramientas","status":"publish","type":"page","link":"https:\/\/toolless.com\/es\/about-toolless\/","title":{"rendered":"Acerca de la empresa"},"content":{"rendered":"<h3 class=\"wp-block-heading\">Nuestra misi\u00f3n<\/h3>\n\n\n\n<p>Nuestra misi\u00f3n es ofrecer a nuestros clientes el mejor servicio al cliente, materiales de la m\u00e1s alta calidad y la entrega m\u00e1s r\u00e1pida de carcasas de pl\u00e1stico personalizadas. Creemos que Toolless Plastic Solutions Inc. puede convertirse en el proveedor l\u00edder de carcasas de pl\u00e1stico. Nuestra esperanza es convertir a \u201cToolless\u201d en el nombre m\u00e1s destacado del mercado de las cajas a medida. Adem\u00e1s, queremos aumentar continuamente nuestro valor; influir de manera positiva en la vida de nuestros empleados para que alcancen sus metas, contribuir regularmente a nuestra comunidad en general y ofrecer a nuestros clientes las mejores cajas de pl\u00e1stico fabricadas aqu\u00ed mismo, en los Estados Unidos.<\/p>\n\n\n\n<h3 class=\"wp-block-heading\">Historia<\/h3>\n\n\n\n<p>En 1985, un ingeniero franc\u00e9s, Jean-Claude Antoine, necesitaba peque\u00f1as cantidades de diversas carcasas de pl\u00e1stico para la iluminaci\u00f3n esc\u00e9nica. As\u00ed que, a lo largo de los a\u00f1os siguientes \u2014inspir\u00e1ndose en las industrias de la chapa met\u00e1lica y la ebanister\u00eda\u2014, desarroll\u00f3 un proceso. Este proceso consist\u00eda en mecanizar y doblar l\u00e1minas de pl\u00e1stico para fabricar cajas y carcasas de pl\u00e1stico. M\u00e1s adelante, con la introducci\u00f3n de la tecnolog\u00eda CNC, el proceso se automatiz\u00f3 y se hizo m\u00e1s eficiente.<\/p>\n\n\n\n<p>LTP, la empresa francesa fundada por el Sr. Antoine, es hoy en d\u00eda el mayor fabricante mundial de cajas de pl\u00e1stico \u201csin herramientas\u201d. Como ocurre con cualquier nueva tecnolog\u00eda, LTP dio lugar a varias empresas derivadas formadas por antiguos licenciatarios, distribuidores, empleados, etc. Por ello, en la actualidad hay un gran n\u00famero de empresas en Europa que utilizan esta tecnolog\u00eda. Fue precisamente de una de estas empresas \u2014una empresa alemana llamada TTK Kunstoff Technologie\u2014 de donde surgi\u00f3 Toolless Plastic Technologies, LLC.<\/p>\n\n\n\n<p>Fundada en 1998 por Jim Fowler, Toolless Plastic Technologies, LLC adquiri\u00f3 una licencia y maquinaria de TTK Kunstoff Technologie. Sin embargo, la licencia de la tecnolog\u00eda expir\u00f3 en 2001. M\u00e1s tarde, en 2006, LTP adquiri\u00f3 una participaci\u00f3n mayoritaria en Toolless Plastic Technologies, LLC. Mientras tanto, cambiaron el nombre de la empresa a Toolless Plastic Solutions, Inc. y actualizaron todo el equipo y los sistemas operativos. En general, esto permiti\u00f3 la introducci\u00f3n de nuevas capacidades que permiten el conformado de curvas m\u00e1s complejas y formas \u00fanicas.<\/p>\n\n\n\n<p>Toolless Plastic Solutions es una planta de fabricaci\u00f3n de pl\u00e1sticos de 1.200 metros cuadrados. Se encuentra a 32 kil\u00f3metros al norte de Seattle, en el estado de Washington. Atendemos a clientes de Estados Unidos, Canad\u00e1, Sudam\u00e9rica, Sud\u00e1frica y Australia.<\/p>\n\n\n\n<h3 class=\"wp-block-heading\">Convicciones fundamentales<\/h3>\n\n\n\n<p>Creemos firmemente que podemos ofrecer un producto \u00fanico y de alta calidad, acompa\u00f1ado de un servicio excepcional, sin dejar de generar ganancias. Del mismo modo, las ganancias nos permiten crecer, y el crecimiento genera oportunidades tanto para nuestros clientes como para nuestros empleados. El crecimiento exige que nos superemos, aprendamos, cambiemos y ampliemos nuestra visi\u00f3n y nuestras capacidades. El crecimiento se produce cuando respondemos a las necesidades de nuestros clientes y superamos sus expectativas. Las ganancias son lo que nos permite incorporar nuevas capacidades, nuevos servicios y nuevos procesos de fabricaci\u00f3n de carcasas pl\u00e1sticas.<\/p>\n\n\n\n<h3 class=\"wp-block-heading\">Acerca de Toolless hoy <\/h3>\n\n\n\n<p>En definitiva, Toolless se enorgullece de su capacidad para retener a sus empleados, ya que la mayor\u00eda lleva m\u00e1s de 10 a\u00f1os con nosotros. Adem\u00e1s, tanto los empleados como la direcci\u00f3n han trabajado arduamente durante los \u00faltimos a\u00f1os para obtener la certificaci\u00f3n ISO 9001:2015. Este ha sido un gran logro que ha requerido mucho tiempo y esfuerzo. Es solo un paso m\u00e1s hacia el cumplimiento de nuestra misi\u00f3n. <\/p>\n\n\n\n<p><a href=\"https:\/\/toolless.com\/es\/plastico-sin-herramientas-certificado-iso-9011\/\">Consulte nuestro folleto en PDF<\/a> | <a href=\"https:\/\/toolless.com\/es\/plastico-sin-herramientas-certificado-iso-9011\/\">Ver informaci\u00f3n sobre nuestra certificaci\u00f3n ISO 9001:2015<\/a><\/p>\n\n\n\n<hr class=\"wp-block-separator is-style-wide\"\/>\n\n\n\n<figure class=\"wp-block-embed is-type-video is-provider-youtube wp-block-embed-youtube wp-embed-aspect-16-9 wp-has-aspect-ratio\"><div class=\"wp-block-embed__wrapper\">\n<iframe loading=\"lazy\" title=\"Presentaci\u00f3n de soluciones pl\u00e1sticas sin herramientas\" width=\"1200\" height=\"675\" src=\"https:\/\/www.youtube.com\/embed\/9U4Y21EvZuM?feature=oembed\" frameborder=\"0\" allow=\"accelerometer; autoplay; clipboard-write; encrypted-media; gyroscope; picture-in-picture\" allowfullscreen><\/iframe>\n<\/div><\/figure>\n\n\n\n<div class=\"wp-block-image\"><figure class=\"aligncenter size-large is-resized\"><img loading=\"lazy\" decoding=\"async\" src=\"https:\/\/toolless.com\/wp-content\/uploads\/2020\/04\/tp-logo.png\" alt=\"Acerca de Toolless\" width=\"216\" height=\"43\"\/><\/figure><\/div>\n\n\n\n<div class=\"wp-block-image\"><figure class=\"aligncenter size-large is-resized\"><a href=\"https:\/\/www.electronicase-us.com\/\" target=\"_blank\" rel=\"noopener\"><img loading=\"lazy\" decoding=\"async\" src=\"https:\/\/toolless.com\/wp-content\/uploads\/2020\/10\/ElectroniCase.jpg\" alt=\"\" class=\"wp-image-1280\" width=\"224\" height=\"33\" srcset=\"https:\/\/toolless.com\/wp-content\/uploads\/2020\/10\/ElectroniCase.jpg 308w, https:\/\/toolless.com\/wp-content\/uploads\/2020\/10\/ElectroniCase-300x45.jpg 300w\" sizes=\"auto, (max-width: 224px) 100vw, 224px\" \/><\/a><\/figure><\/div>","protected":false},"excerpt":{"rendered":"<p>Our Mission Our Mission is to provide the best customer service, highest quality materials, and fastest delivery of custom plastic enclosures to our customers. We believe that Toolless Plastic Solutions Inc. can become the dominant provider of plastic enclosures. Our hope is to make \u201cToolless\u201d the preeminent name in the custom enclosure market. Furthermore, to &#8230; <\/p>\n<p class=\"read-more-container\"><a title=\"Acerca de la empresa\" class=\"read-more button\" href=\"https:\/\/toolless.com\/es\/about-toolless\/#more-84\" aria-label=\"More on About The Company\">Leer m\u00e1s<\/a><\/p>","protected":false},"author":1,"featured_media":383,"parent":0,"menu_order":0,"comment_status":"closed","ping_status":"closed","template":"","meta":{"_acf_changed":false,"_seopress_robots_primary_cat":"","_seopress_titles_title":"About Toolless Plastic Enclosures | Custom Plastic Enclosure Manufacturer","_seopress_titles_desc":"Our Mission is to provide the best customer service, the highest quality, and the fastest delivery to our customers.","_seopress_robots_index":"","pgc_sgb_lightbox_settings":"","iawp_total_views":0,"footnotes":""},"page_categories":[],"class_list":{"0":"post-84","1":"page","2":"type-page","3":"status-publish","4":"has-post-thumbnail","6":"infinite-scroll-item"},"acf":[],"_links":{"self":[{"href":"https:\/\/toolless.com\/es\/wp-json\/wp\/v2\/pages\/84","targetHints":{"allow":["GET"]}}],"collection":[{"href":"https:\/\/toolless.com\/es\/wp-json\/wp\/v2\/pages"}],"about":[{"href":"https:\/\/toolless.com\/es\/wp-json\/wp\/v2\/types\/page"}],"author":[{"embeddable":true,"href":"https:\/\/toolless.com\/es\/wp-json\/wp\/v2\/users\/1"}],"replies":[{"embeddable":true,"href":"https:\/\/toolless.com\/es\/wp-json\/wp\/v2\/comments?post=84"}],"version-history":[{"count":6,"href":"https:\/\/toolless.com\/es\/wp-json\/wp\/v2\/pages\/84\/revisions"}],"predecessor-version":[{"id":1577,"href":"https:\/\/toolless.com\/es\/wp-json\/wp\/v2\/pages\/84\/revisions\/1577"}],"wp:featuredmedia":[{"embeddable":true,"href":"https:\/\/toolless.com\/es\/wp-json\/wp\/v2\/media\/383"}],"wp:attachment":[{"href":"https:\/\/toolless.com\/es\/wp-json\/wp\/v2\/media?parent=84"}],"wp:term":[{"taxonomy":"page_categories","embeddable":true,"href":"https:\/\/toolless.com\/es\/wp-json\/wp\/v2\/page_categories?post=84"}],"curies":[{"name":"wp","href":"https:\/\/api.w.org\/{rel}","templated":true}]}}