{"id":82,"date":"2020-04-17T22:52:46","date_gmt":"2020-04-17T22:52:46","guid":{"rendered":"http:\/\/toolless.ed-webdesigns.com\/?page_id=82"},"modified":"2025-01-23T18:01:27","modified_gmt":"2025-01-23T18:01:27","slug":"galeria-de-diseno","status":"publish","type":"page","link":"https:\/\/toolless.com\/es\/design-gallery\/","title":{"rendered":"Galer\u00eda de dise\u00f1o 3D"},"content":{"rendered":"<p>Echa un vistazo a nuestra galer\u00eda de dise\u00f1os en 3D. Gracias al uso de SolidWorks, podemos crear tus carcasas de pl\u00e1stico en 3D, lo que te permite realizar cambios de forma r\u00e1pida y sencilla. Con este software avanzado, contamos con la flexibilidad necesaria para mejorar continuamente el dise\u00f1o. Esto nos ayuda a pasar del modelo 3D directamente a tu producto f\u00edsico. El dise\u00f1o en 3D realmente ayuda al cliente \u2014y a nosotros\u2014 a estar en sinton\u00eda en lo que respecta al dise\u00f1o de una carcasa o caja. Nuestro objetivo es asegurarnos de que los clientes est\u00e9n satisfechos con su producto final. El dibujo en 3D nos ayuda a alcanzar ese objetivo porque el cliente se hace una idea de lo que puede esperar de nosotros. Esto es especialmente importante cuando un cliente se dirige a nosotros con bocetos dibujados a mano. A veces, un cliente tiene un modelo impreso en 3D que desea transformar en un producto fabricado con el m\u00e9todo Toolless. <\/p>\n\n\n\n<p>En la galer\u00eda de dise\u00f1os encontrar\u00e1s algunos ejemplos de los trabajos que hemos realizado para nuestros clientes. Echa un vistazo a la galer\u00eda de dise\u00f1os para hacerte una idea de nuestras capacidades y de lo que podemos ofrecerte. <\/p>\n\n\n<div id=\"thumbnail-gallery\">\n  <div id=\"panel\">\n\t<img decoding=\"async\" id=\"largeImage\" src=\"https:\/\/toolless.com\/wp-content\/uploads\/2020\/04\/001-1.jpg\" alt=\"\" \/>\n  <\/div>\n  <div id=\"thumbs\">\n        \t\t<img decoding=\"async\" src=\"https:\/\/toolless.com\/wp-content\/uploads\/2020\/04\/001-1.jpg\" alt=\"Galer\u00eda de dise\u00f1o\" \/>\n\t\t\t\t<img decoding=\"async\" src=\"https:\/\/toolless.com\/wp-content\/uploads\/2020\/04\/002-1.jpg\" alt=\"\" \/>\n\t\t\t\t<img decoding=\"async\" src=\"https:\/\/toolless.com\/wp-content\/uploads\/2020\/04\/003.jpg\" alt=\"\" \/>\n\t\t\t\t<img decoding=\"async\" src=\"https:\/\/toolless.com\/wp-content\/uploads\/2020\/04\/004.jpg\" alt=\"\" \/>\n\t\t\t\t<img decoding=\"async\" src=\"https:\/\/toolless.com\/wp-content\/uploads\/2020\/04\/005.jpg\" alt=\"\" \/>\n\t\t\t\t<img decoding=\"async\" src=\"https:\/\/toolless.com\/wp-content\/uploads\/2020\/04\/006.jpg\" alt=\"\" \/>\n\t\t\t\t<img decoding=\"async\" src=\"https:\/\/toolless.com\/wp-content\/uploads\/2020\/04\/007.jpg\" alt=\"\" \/>\n\t\t\t\t<img decoding=\"async\" src=\"https:\/\/toolless.com\/wp-content\/uploads\/2020\/04\/008-1.jpg\" alt=\"\" \/>\n\t\t\t\t<img decoding=\"async\" src=\"https:\/\/toolless.com\/wp-content\/uploads\/2020\/04\/009-1.jpg\" alt=\"\" \/>\n\t\t\t\t<img decoding=\"async\" src=\"https:\/\/toolless.com\/wp-content\/uploads\/2020\/04\/010-1.jpg\" alt=\"\" \/>\n\t\t\t\t<img decoding=\"async\" src=\"https:\/\/toolless.com\/wp-content\/uploads\/2020\/04\/011-1.jpg\" alt=\"\" \/>\n\t\t\t\t<img decoding=\"async\" src=\"https:\/\/toolless.com\/wp-content\/uploads\/2020\/04\/012-1.jpg\" alt=\"\" \/>\n\t\t\t\t<img decoding=\"async\" src=\"https:\/\/toolless.com\/wp-content\/uploads\/2020\/04\/013-1.jpg\" alt=\"\" \/>\n\t\t\t\t<img decoding=\"async\" src=\"https:\/\/toolless.com\/wp-content\/uploads\/2020\/04\/014.jpg\" alt=\"\" \/>\n\t\t\t\t<img decoding=\"async\" src=\"https:\/\/toolless.com\/wp-content\/uploads\/2020\/04\/015-1.jpg\" alt=\"\" \/>\n\t\t\t\t<img decoding=\"async\" src=\"https:\/\/toolless.com\/wp-content\/uploads\/2020\/04\/016-1.jpg\" alt=\"\" \/>\n\t\t\t\t<img decoding=\"async\" src=\"https:\/\/toolless.com\/wp-content\/uploads\/2020\/04\/017.jpg\" alt=\"\" \/>\n\t\t\t\t<img decoding=\"async\" src=\"https:\/\/toolless.com\/wp-content\/uploads\/2020\/04\/018-1.jpg\" alt=\"Galer\u00eda de dise\u00f1o\" \/>\n\t\t\t\t<img decoding=\"async\" src=\"https:\/\/toolless.com\/wp-content\/uploads\/2020\/04\/019-2.jpg\" alt=\"\" \/>\n\t\t\t\t<img decoding=\"async\" src=\"https:\/\/toolless.com\/wp-content\/uploads\/2020\/04\/020.jpg\" alt=\"\" \/>\n\t\t\t\t<img decoding=\"async\" src=\"https:\/\/toolless.com\/wp-content\/uploads\/2020\/04\/021.jpg\" alt=\"\" \/>\n\t\t  <\/div>\n<\/div>\n\n<script>\njQuery(document).ready(function($){\n$('#thumbs img').click(function(){\n    $('#largeImage').attr('src',$(this).attr('src').replace('thumb','large'));\n    $('#description').html($(this).attr('alt'));\n});\n})\n\n<\/script>\n\n\n<h2 class=\"gb-headline gb-headline-5f3cf64c gb-headline-text\">Citas<\/h2>\n\n\n\n<p>Si tienes un modelo 3D, un boceto hecho a mano o incluso solo una idea general de lo que podr\u00edas necesitar y te gustar\u00eda crear una carcasa a medida, por favor&nbsp;<a href=\"\/es\/solicitud-de-presupuesto\/\">Solicitar un presupuesto<\/a>&nbsp;hoy mismo. Nuestro equipo de ventas es experto en atender a los clientes y determinar si somos la opci\u00f3n adecuada para usted. Cuentan con amplios conocimientos sobre nuestros pl\u00e1sticos, incluyendo colores, espesores y tipos. Adem\u00e1s, aportan al sector muchos a\u00f1os de experiencia. Nuestros dise\u00f1adores CAD tambi\u00e9n ofrecen una excelente experiencia. Trabajan con dedicaci\u00f3n, integrando SolidWorks con nuestro sistema ERP. Esto ayuda a garantizar que lo que le muestran sea factible con nuestro m\u00e9todo sin herramientas. <\/p>\n\n\n\n<p>Si desea conocer m\u00e1s sobre nuestros servicios, no dude en consultar nuestro&nbsp;<a href=\"\/es\/cajas-de-plastico-estandar\/\">est\u00e1ndar<\/a>&nbsp;o&nbsp;<a href=\"\/es\/cajas-de-plastico-a-medida\/\">cajas a medida<\/a>&nbsp;p\u00e1ginas tambi\u00e9n.<\/p>","protected":false},"excerpt":{"rendered":"<p>Take a look at our 3D Design Gallery. By using Solidworks we can create your plastic enclosures in full 3D allowing you to make changes quickly and easily. With this advanced software, we have the flexibility to continually improve the design. This helps to go from 3D model directly to your physical product. The 3D &#8230; <\/p>\n<p class=\"read-more-container\"><a title=\"Galer\u00eda de dise\u00f1o 3D\" class=\"read-more button\" href=\"https:\/\/toolless.com\/es\/design-gallery\/#more-82\" aria-label=\"More on 3D Design Gallery\">Leer m\u00e1s<\/a><\/p>","protected":false},"author":1,"featured_media":990,"parent":0,"menu_order":0,"comment_status":"closed","ping_status":"closed","template":"","meta":{"_acf_changed":false,"_seopress_robots_primary_cat":"","_seopress_titles_title":"3D Customer Design Gallery - Toolless Plastic Solutions","_seopress_titles_desc":"Design Gallery of Toolless Plastic Solutions Custom Enclosures & Custom Plastic Housings. No Mold! No Tool! Take a look at our hard work.","_seopress_robots_index":"","pgc_sgb_lightbox_settings":"","iawp_total_views":0,"footnotes":""},"page_categories":[],"class_list":{"0":"post-82","1":"page","2":"type-page","3":"status-publish","4":"has-post-thumbnail","6":"infinite-scroll-item"},"acf":[],"_links":{"self":[{"href":"https:\/\/toolless.com\/es\/wp-json\/wp\/v2\/pages\/82","targetHints":{"allow":["GET"]}}],"collection":[{"href":"https:\/\/toolless.com\/es\/wp-json\/wp\/v2\/pages"}],"about":[{"href":"https:\/\/toolless.com\/es\/wp-json\/wp\/v2\/types\/page"}],"author":[{"embeddable":true,"href":"https:\/\/toolless.com\/es\/wp-json\/wp\/v2\/users\/1"}],"replies":[{"embeddable":true,"href":"https:\/\/toolless.com\/es\/wp-json\/wp\/v2\/comments?post=82"}],"version-history":[{"count":13,"href":"https:\/\/toolless.com\/es\/wp-json\/wp\/v2\/pages\/82\/revisions"}],"predecessor-version":[{"id":3108,"href":"https:\/\/toolless.com\/es\/wp-json\/wp\/v2\/pages\/82\/revisions\/3108"}],"wp:featuredmedia":[{"embeddable":true,"href":"https:\/\/toolless.com\/es\/wp-json\/wp\/v2\/media\/990"}],"wp:attachment":[{"href":"https:\/\/toolless.com\/es\/wp-json\/wp\/v2\/media?parent=82"}],"wp:term":[{"taxonomy":"page_categories","embeddable":true,"href":"https:\/\/toolless.com\/es\/wp-json\/wp\/v2\/page_categories?post=82"}],"curies":[{"name":"wp","href":"https:\/\/api.w.org\/{rel}","templated":true}]}}