{"id":779,"date":"2020-04-29T00:14:16","date_gmt":"2020-04-29T00:14:16","guid":{"rendered":"http:\/\/toolless.ed-webdesigns.com\/?page_id=779"},"modified":"2021-06-15T18:30:35","modified_gmt":"2021-06-15T18:30:35","slug":"caja-protectora-para-amplificador-medico","status":"publish","type":"page","link":"https:\/\/toolless.com\/es\/case-studies\/amplifier-medical-enclosure\/","title":{"rendered":"Amplificador (carcasa m\u00e9dica)"},"content":{"rendered":"<h2 class=\"wp-block-heading\">Nombre del proyecto<\/h2>\n\n\n\n<p>Amplificador<\/p>\n\n\n\n<h2 class=\"wp-block-heading\">Cliente<\/h2>\n\n\n\n<p>Una empresa m\u00e9dica que desarrolla un dispositivo destinado a pacientes con lesiones cerebrales.<\/p>\n\n\n\n<h2 class=\"wp-block-heading\">Necesidades del cliente<\/h2>\n\n\n\n<p>Este cliente necesita proteger un componente de alto costo. Encontr\u00f3 a Toolless mediante una b\u00fasqueda en Google y se interes\u00f3 en saber c\u00f3mo podr\u00edamos ayudarle. Hab\u00eda tomado una captura de pantalla de nuestra p\u00e1gina web de una de nuestras cajas est\u00e1ndar y hab\u00eda a\u00f1adido algunas \u00e1reas en blanco para indicar el tipo de aberturas que necesitar\u00eda que se le incorporaran.<\/p>\n\n\n\n<p class=\"has-text-align-center\">Caja U con orificios en la parte delantera y paneles reales<\/p>\n\n\n\n<div class=\"wp-block-image\"><figure class=\"aligncenter size-large\"><img loading=\"lazy\" decoding=\"async\" width=\"444\" height=\"324\" src=\"https:\/\/toolless.com\/wp-content\/uploads\/2020\/04\/medical-1.jpg\" alt=\"\" class=\"wp-image-810\" srcset=\"https:\/\/toolless.com\/wp-content\/uploads\/2020\/04\/medical-1.jpg 444w, https:\/\/toolless.com\/wp-content\/uploads\/2020\/04\/medical-1-300x219.jpg 300w\" sizes=\"auto, (max-width: 444px) 100vw, 444px\" \/><\/figure><\/div>\n\n\n\n<p>El cliente proporcion\u00f3 un par de requisitos iniciales. El componente se sujeta mediante un poste circular roscado que sobresale por la parte delantera. Tambi\u00e9n ser\u00eda necesario un rebaje para un componente en la parte delantera, y necesitaba un espacio libre de al menos 1 pulgada en la parte trasera. Adem\u00e1s, proporcion\u00f3 la ficha t\u00e9cnica de un alivio de tensi\u00f3n para la parte trasera de la caja.<\/p>\n\n\n\n<h3 class=\"wp-block-heading\">Amplificador: dise\u00f1o de carcasa de pl\u00e1stico para uso m\u00e9dico<\/h3>\n\n\n\n<p>El ingeniero de dise\u00f1o model\u00f3 r\u00e1pidamente esta carcasa, pero resultaba dif\u00edcil determinar el tama\u00f1o total de la misma, as\u00ed como la ubicaci\u00f3n y el tama\u00f1o de los recortes, a partir de la informaci\u00f3n inicial proporcionada. No hab\u00eda planos t\u00e9cnicos ni hojas de datos con cotas que proporcionaran las dimensiones necesarias. El cliente envi\u00f3 el componente a Toolless; a partir de ah\u00ed, el dise\u00f1ador model\u00f3 el componente y, a continuaci\u00f3n, model\u00f3 la carcasa a su alrededor. Todas las dimensiones necesarias se tomaron manualmente al recibir los componentes. Este es el resultado:<\/p>\n\n\n\n<div class=\"wp-block-image\"><figure class=\"aligncenter size-large\"><img loading=\"lazy\" decoding=\"async\" width=\"388\" height=\"272\" src=\"https:\/\/toolless.com\/wp-content\/uploads\/2020\/04\/Medical-2.jpg\" alt=\"\" class=\"wp-image-811\" srcset=\"https:\/\/toolless.com\/wp-content\/uploads\/2020\/04\/Medical-2.jpg 388w, https:\/\/toolless.com\/wp-content\/uploads\/2020\/04\/Medical-2-300x210.jpg 300w\" sizes=\"auto, (max-width: 388px) 100vw, 388px\" \/><\/figure><\/div>\n\n\n\n<p>Aspectos importantes \/ geometr\u00eda: las dimensiones generales y la ubicaci\u00f3n de dos salientes a los que el cliente necesitaba acceder.<\/p>\n\n\n\n<p>El dise\u00f1ador se\u00f1al\u00f3 que el componente encajar\u00eda perfectamente entre las dos paredes laterales y quedar\u00eda fijado en posici\u00f3n horizontal una vez que se le a\u00f1adiera una tuerca al elemento roscado. Sin embargo, tambi\u00e9n era necesario contar con alg\u00fan elemento que mantuviera el componente firmemente en posici\u00f3n horizontal. Tras consultarlo con el cliente, a\u00f1adimos unos soportes adicionales (que se ven a continuaci\u00f3n) a la parte superior de la caja.<\/p>\n\n\n\n<div class=\"wp-block-image\"><figure class=\"aligncenter size-large\"><img loading=\"lazy\" decoding=\"async\" width=\"323\" height=\"195\" src=\"https:\/\/toolless.com\/wp-content\/uploads\/2020\/04\/Medical-3.jpg\" alt=\"\" class=\"wp-image-812\" srcset=\"https:\/\/toolless.com\/wp-content\/uploads\/2020\/04\/Medical-3.jpg 323w, https:\/\/toolless.com\/wp-content\/uploads\/2020\/04\/Medical-3-300x181.jpg 300w\" sizes=\"auto, (max-width: 323px) 100vw, 323px\" \/><\/figure><\/div>\n\n\n\n<p>Utilizamos el dise\u00f1o en \u201cL\u201d para reforzar los soportes, evitar que se doblen y garantizar un buen contacto con el componente interno.<\/p>\n\n\n\n<p>Posteriormente, el cliente a\u00f1adi\u00f3 dos requisitos m\u00e1s. Quer\u00eda que fuera un poco m\u00e1s dif\u00edcil abrir la carcasa y tambi\u00e9n quer\u00eda que el usuario pudiera leer la informaci\u00f3n de la FCC en el componente instalado. &nbsp;<\/p>\n\n\n\n<div class=\"wp-block-image\"><figure class=\"aligncenter size-large\"><img loading=\"lazy\" decoding=\"async\" width=\"306\" height=\"214\" src=\"https:\/\/toolless.com\/wp-content\/uploads\/2020\/04\/Medical-4.jpg\" alt=\"\" class=\"wp-image-813\" srcset=\"https:\/\/toolless.com\/wp-content\/uploads\/2020\/04\/Medical-4.jpg 306w, https:\/\/toolless.com\/wp-content\/uploads\/2020\/04\/Medical-4-300x210.jpg 300w\" sizes=\"auto, (max-width: 306px) 100vw, 306px\" \/><\/figure><\/div>\n\n\n\n<p>Primero a\u00f1adimos dos leng\u00fcetas y buscamos tornillos de seguridad adecuados, y luego colocamos una ventana de acr\u00edlico en la parte inferior para que se pudiera ver la informaci\u00f3n de la FCC. \u00a0<br><br>Fabricamos la carcasa en ABS negro de 3 mm de grosor tras la aprobaci\u00f3n del dise\u00f1o final.<\/p>\n\n\n\n<h3 class=\"wp-block-heading\">Opiniones de los clientes sobre el amplificador<\/h3>\n\n\n\n<p>El cliente recibi\u00f3 el primer prototipo. Qued\u00f3 satisfecho con el ajuste del componente y con el dise\u00f1o general de la carcasa. Para satisfacer las necesidades espec\u00edficas del usuario final (mayor robustez y un aspecto m\u00e1s m\u00e9dico), se cambi\u00f3 el material de la carcasa a Boltaron gris claro de 1\/8\u201d. Este material tiene menos textura y es un poco m\u00e1s grueso que el material original. \u00a0<br><br>Aunque solo aumentamos el grosor del material en unos 0,2 mm, fue una buena idea fabricar un segundo prototipo; sumar 0,2 mm aqu\u00ed y all\u00e1 puede, al final, dar como resultado una carcasa m\u00e1s resistente.<\/p>\n\n\n\n<p>Este caso pr\u00e1ctico es un buen ejemplo de la capacidad de Toolless para modificar un dise\u00f1o r\u00e1pidamente y cumplir con los plazos del cliente, sin afectar la calidad general de una carcasa. A veces se necesitan un par de prototipos antes de que una unidad est\u00e9 lista para la producci\u00f3n. Los cambios como los mencionados anteriormente se realizan sin esfuerzo y, en ocasiones, son gratuitos para el cliente. &nbsp; &nbsp;<\/p>\n\n\n<div class=\"gb-grid-wrapper gb-grid-wrapper-7b582542\">\n<div class=\"gb-grid-column gb-grid-column-91935b37\"><div class=\"gb-container gb-container-91935b37\"><div class=\"gb-inside-container\">\n\n<figure class=\"wp-block-image size-large\"><img loading=\"lazy\" decoding=\"async\" width=\"600\" height=\"800\" src=\"https:\/\/toolless.com\/wp-content\/uploads\/2020\/04\/IMG_1300.jpg\" alt=\"Amplificador\" class=\"wp-image-814\" srcset=\"https:\/\/toolless.com\/wp-content\/uploads\/2020\/04\/IMG_1300.jpg 600w, https:\/\/toolless.com\/wp-content\/uploads\/2020\/04\/IMG_1300-225x300.jpg 225w\" sizes=\"auto, (max-width: 600px) 100vw, 600px\" \/><\/figure>\n\n<\/div><\/div><\/div>\n\n<div class=\"gb-grid-column gb-grid-column-cc3b73a9\"><div class=\"gb-container gb-container-cc3b73a9\"><div class=\"gb-inside-container\">\n\n<figure class=\"wp-block-image size-large\"><img loading=\"lazy\" decoding=\"async\" width=\"768\" height=\"1024\" src=\"https:\/\/toolless.com\/wp-content\/uploads\/2020\/04\/IMG_1301-768x1024.jpg\" alt=\"Amplificador\" class=\"wp-image-815\" srcset=\"https:\/\/toolless.com\/wp-content\/uploads\/2020\/04\/IMG_1301-768x1024.jpg 768w, https:\/\/toolless.com\/wp-content\/uploads\/2020\/04\/IMG_1301-225x300.jpg 225w, https:\/\/toolless.com\/wp-content\/uploads\/2020\/04\/IMG_1301.jpg 960w\" sizes=\"auto, (max-width: 768px) 100vw, 768px\" \/><\/figure>\n\n<\/div><\/div><\/div>\n\n<div class=\"gb-grid-column gb-grid-column-18f6f396\"><div class=\"gb-container gb-container-18f6f396\"><div class=\"gb-inside-container\">\n\n<figure class=\"wp-block-image size-large\"><img loading=\"lazy\" decoding=\"async\" width=\"600\" height=\"800\" src=\"https:\/\/toolless.com\/wp-content\/uploads\/2020\/04\/IMG_1302.jpg\" alt=\"Amplificador\" class=\"wp-image-816\" srcset=\"https:\/\/toolless.com\/wp-content\/uploads\/2020\/04\/IMG_1302.jpg 600w, https:\/\/toolless.com\/wp-content\/uploads\/2020\/04\/IMG_1302-225x300.jpg 225w\" sizes=\"auto, (max-width: 600px) 100vw, 600px\" \/><\/figure>\n\n<\/div><\/div><\/div>\n<\/div>","protected":false},"excerpt":{"rendered":"<p>Project Name Amplifier Customer A medical company working on a device used for a patient with brain injury. Customer Needs This customer needs protection for an expensive component.\u00a0 He found Toolless through a Google search and became interested in seeing what we could do to help.\u00a0 He had grabbed a screen shot from our website &#8230; <\/p>\n<p class=\"read-more-container\"><a title=\"Amplificador (carcasa m\u00e9dica)\" class=\"read-more button\" href=\"https:\/\/toolless.com\/es\/case-studies\/amplifier-medical-enclosure\/#more-779\" aria-label=\"More on Amplifier (Medical Enclosure)\">Leer m\u00e1s<\/a><\/p>","protected":false},"author":1,"featured_media":386,"parent":76,"menu_order":0,"comment_status":"closed","ping_status":"closed","template":"","meta":{"_acf_changed":false,"_seopress_robots_primary_cat":"0","_seopress_titles_title":"Amplifier (Medical Enclosure) Case Study - Toolless Plastic Solutions","_seopress_titles_desc":"A case study of an amplifier box created at Toolless Plastic Solutions. Containing plastic enclosures &amp; custom plastic housings","_seopress_robots_index":"","pgc_sgb_lightbox_settings":"","iawp_total_views":0,"footnotes":""},"page_categories":[],"class_list":{"0":"post-779","1":"page","2":"type-page","3":"status-publish","4":"has-post-thumbnail","6":"infinite-scroll-item"},"acf":[],"_links":{"self":[{"href":"https:\/\/toolless.com\/es\/wp-json\/wp\/v2\/pages\/779","targetHints":{"allow":["GET"]}}],"collection":[{"href":"https:\/\/toolless.com\/es\/wp-json\/wp\/v2\/pages"}],"about":[{"href":"https:\/\/toolless.com\/es\/wp-json\/wp\/v2\/types\/page"}],"author":[{"embeddable":true,"href":"https:\/\/toolless.com\/es\/wp-json\/wp\/v2\/users\/1"}],"replies":[{"embeddable":true,"href":"https:\/\/toolless.com\/es\/wp-json\/wp\/v2\/comments?post=779"}],"version-history":[{"count":3,"href":"https:\/\/toolless.com\/es\/wp-json\/wp\/v2\/pages\/779\/revisions"}],"predecessor-version":[{"id":1594,"href":"https:\/\/toolless.com\/es\/wp-json\/wp\/v2\/pages\/779\/revisions\/1594"}],"up":[{"embeddable":true,"href":"https:\/\/toolless.com\/es\/wp-json\/wp\/v2\/pages\/76"}],"wp:featuredmedia":[{"embeddable":true,"href":"https:\/\/toolless.com\/es\/wp-json\/wp\/v2\/media\/386"}],"wp:attachment":[{"href":"https:\/\/toolless.com\/es\/wp-json\/wp\/v2\/media?parent=779"}],"wp:term":[{"taxonomy":"page_categories","embeddable":true,"href":"https:\/\/toolless.com\/es\/wp-json\/wp\/v2\/page_categories?post=779"}],"curies":[{"name":"wp","href":"https:\/\/api.w.org\/{rel}","templated":true}]}}